{"id":8885,"date":"2024-04-07T19:57:55","date_gmt":"2024-04-07T22:57:55","guid":{"rendered":"http:\/\/dexotic.com\/?post_type=product&#038;p=8885"},"modified":"2026-01-21T03:04:14","modified_gmt":"2026-01-21T06:04:14","slug":"pena-night-tour","status":"publish","type":"product","link":"https:\/\/dexotic.com\/en\/tours-in-argentina\/pena-night-tour\/","title":{"rendered":"Pe\u00f1a Night Tour: Folkloric and Gastronomic Tour"},"content":{"rendered":"<p><a href=\"http:\/\/dexotic.com\/wp-content\/uploads\/2024\/04\/tour-de-penas-1.jpg\"><img decoding=\"async\" class=\"size-medium wp-image-8906 alignleft\" src=\"http:\/\/dexotic.com\/wp-content\/uploads\/2024\/04\/tour-de-penas-1-300x200.jpg\" alt=\"Tour de pe\u00f1as en Salta\" width=\"300\" height=\"200\" srcset=\"https:\/\/dexotic.com\/wp-content\/uploads\/2024\/04\/tour-de-penas-1-300x200.jpg 300w, https:\/\/dexotic.com\/wp-content\/uploads\/2024\/04\/tour-de-penas-1-768x512.jpg 768w, https:\/\/dexotic.com\/wp-content\/uploads\/2024\/04\/tour-de-penas-1-135x90.jpg 135w, https:\/\/dexotic.com\/wp-content\/uploads\/2024\/04\/tour-de-penas-1-531x354.jpg 531w, https:\/\/dexotic.com\/wp-content\/uploads\/2024\/04\/tour-de-penas-1-600x400.jpg 600w, https:\/\/dexotic.com\/wp-content\/uploads\/2024\/04\/tour-de-penas-1-180x120.jpg 180w, https:\/\/dexotic.com\/wp-content\/uploads\/2024\/04\/tour-de-penas-1.jpg 800w\" sizes=\"(max-width: 300px) 100vw, 300px\" \/><\/a>A &#8220;pe\u00f1a&#8221; is a traditional establishment, typically found in South American countries like Argentina, where <strong>folk music and dances are performed live<\/strong>.<\/p>\n<p>It&#8217;s a place where locals and tourists alike gather to enjoy the cultural richness of the region, often accompanied by food and drinks.<\/p>\n<p>Pe\u00f1as showcase the vibrant music, <strong>dance, and traditions of the area, offering an immersive experience into the local culture<\/strong>.<\/p>\n<p>Join our nightly outings with <strong>small groups of up to 10 people<\/strong> to explore the &#8220;pe\u00f1as&#8221; of Salta and embark on a magical night visiting 5 &#8220;pe\u00f1as&#8221; in the city.<\/p>\n<p>You&#8217;ll experience the exclusive history of the famous Boliche Balderrama, learn to dance folkloric dances, participate in singing and dancing shows, enjoy dinner of your choice, and end the night with <strong>an authentic guitar session with the local people<\/strong>.<\/p>\n<p>Dinner will take place at the fourth &#8220;pe\u00f1a&#8221; (Panader\u00eda del Chu\u00f1a), offering quick, varied, and exquisite cuisine. Here, passengers can dine freely with peace of mind, as <strong>show rights are covered by our company<\/strong>.<\/p>\n<h2>Details of the Salta Pe\u00f1a Night Tour<\/h2>\n<table class=\"table table-bordered tours-tabs__table\" style=\"height: 903px; width: 57.6636%;\" width=\"862\">\n<tbody>\n<tr style=\"height: 48px;\">\n<td style=\"height: 48px;\"><strong>DEPARTURE\/RETURN LOCATION<\/strong><\/td>\n<td style=\"height: 48px;\">Central meeting point located at the corner of Caseros Street and Peatonal Florida (<a href=\"https:\/\/maps.app.goo.gl\/RR2CJUn5HN8DtUJj7\" target=\"_blank\" rel=\"noopener\">see map<\/a>)<\/td>\n<\/tr>\n<tr style=\"height: 24px;\">\n<td style=\"height: 24px;\"><strong>TIMES<\/strong><\/td>\n<td style=\"height: 24px;\">Departure at 8:00 PM. Maximum waiting time of 10 minutes.<br \/>\nReturn at 2:00 AM.<\/td>\n<\/tr>\n<tr style=\"height: 48px;\">\n<td style=\"height: 48px;\"><strong>AVAILABILITY<\/strong><\/td>\n<td style=\"height: 48px;\">Wednesday to Sunday (election days until 12:00 AM). Not available on Christmas Eve and New Year&#8217;s Eve.<\/td>\n<\/tr>\n<tr style=\"height: 24px;\">\n<td style=\"height: 24px;\"><strong>LANGUAGE<\/strong><\/td>\n<td style=\"height: 24px;\">This tour is only available with a Spanish-speaking guide.<\/td>\n<\/tr>\n<tr style=\"height: 48px;\">\n<td style=\"height: 48px;\"><strong>PE\u00d1AS VISITED<\/strong><\/td>\n<td style=\"height: 48px;\">Boliche Balderrama, La Vieja Estaci\u00f3n, Pe\u00f1a El Antigal, Pe\u00f1a La Mega Panader\u00eda del Chu\u00f1a, La Casona del Molino, or Casa Grande.<\/td>\n<\/tr>\n<tr style=\"height: 48px;\">\n<td style=\"height: 48px;\"><strong>RECOMMENDED ATTIRE<\/strong><\/td>\n<td style=\"height: 48px;\">We recommend comfortable, casual clothing. It&#8217;s always a good idea to bring a jacket just in case during Salta&#8217;s nights. <a href=\"https:\/\/dexotic.com\/el-clima-en-salta-y-norte-argentino\/\">How&#8217;s the weather up north?<\/a><\/td>\n<\/tr>\n<tr style=\"height: 144px;\">\n<td style=\"height: 144px;\"><strong>NOTES<\/strong><\/td>\n<td style=\"height: 144px;\">At the end of the activity, passengers will be dropped off at their accommodation if it&#8217;s located within a radius of no more than 15 blocks from Plaza 9 de Julio. Otherwise, an additional charge will apply. The tour is not canceled due to rain.<\/td>\n<\/tr>\n<tr style=\"height: 365px;\">\n<td style=\"height: 327px;\"><strong>INCLUDED<\/strong><\/td>\n<td style=\"height: 327px;\">\n<table class=\"table table-bordered\" style=\"height: 62px;\" width=\"300\">\n<tbody>\n<tr>\n<td><i class=\"fa fa-check icon-tick icon-tick--on\"><\/i>All transfers;<\/td>\n<td><i class=\"fa fa-check icon-tick icon-tick--on\"><\/i>Guide;<\/td>\n<\/tr>\n<tr>\n<td><i class=\"fa fa-check icon-tick icon-tick--on\"><\/i>Insurance;<\/td>\n<td><i class=\"fa fa-check icon-tick icon-tick--on\"><\/i>&#8220;Pe\u00f1as&#8221; passport;<\/td>\n<\/tr>\n<tr>\n<td><i class=\"fa fa-check icon-tick icon-tick--on\"><\/i>2 empanadas;<\/td>\n<td><i class=\"fa fa-check icon-tick icon-tick--on\"><\/i>1 glass of wine, soda, or water;<\/td>\n<\/tr>\n<tr>\n<td><i class=\"fa fa-check icon-tick icon-tick--on\"><\/i>Folklore workshop;<\/td>\n<td><i class=\"fa fa-check icon-tick icon-tick--on\"><\/i>Show rights;<\/td>\n<\/tr>\n<tr>\n<td><i class=\"fa fa-check icon-tick icon-tick--on\"><\/i>&#8220;Coqueo&#8221; technique (optional);<\/td>\n<td><i class=\"fa fa-check icon-tick icon-tick--on\"><\/i>Digital photographs.<\/td>\n<\/tr>\n<\/tbody>\n<\/table>\n<\/td>\n<\/tr>\n<tr style=\"height: 192px;\">\n<td style=\"height: 192px;\"><strong>NOT INCLUDED<\/strong><\/td>\n<td style=\"height: 192px;\">\n<table class=\"table table-bordered\" style=\"height: 62px;\" width=\"300\">\n<tbody>\n<tr>\n<td><i class=\"fa fa-times icon-tick icon-tick--off\"><\/i>Meals and drinks;<\/td>\n<\/tr>\n<tr>\n<td><i class=\"fa fa-times icon-tick icon-tick--off\"><\/i>Hotel pickup. There is a central meeting point;<\/td>\n<\/tr>\n<tr>\n<td><i class=\"fa fa-times icon-tick icon-tick--off\"><\/i>Tips;<\/td>\n<\/tr>\n<tr>\n<td><i class=\"fa fa-times icon-tick icon-tick--off\"><\/i>Extra transfers outside the itinerary.<\/td>\n<\/tr>\n<\/tbody>\n<\/table>\n<\/td>\n<\/tr>\n<\/tbody>\n<\/table>\n<p>&nbsp;<\/p>\n","protected":false},"excerpt":{"rendered":"<p>Night tour visiting the main &#8220;pe\u00f1as&#8221; of Salta. An experience that is authentic, unique, and entirely local. Different activities are prepared at each &#8220;pe\u00f1a.&#8221; You will be the protagonist of the bohemian night in Salta.<\/p>\n","protected":false},"featured_media":10107,"comment_status":"open","ping_status":"closed","template":"","meta":{"_joinchat":{"message_text":"This nightly tour of Salta's pe\u00f1as is available from Wednesday to Sunday.\n\nWould you like to make a reservation?"}},"product_brand":[],"product_cat":[377],"product_tag":[],"class_list":{"0":"post-8885","1":"product","2":"type-product","3":"status-publish","4":"has-post-thumbnail","6":"product_cat-salta-en","7":"pa_edad-all-ages","8":"pa_requerimiento-fisico-low","9":"tour_category-northwest-argentina","10":"tour_category-tours-from-salta","12":"first","13":"instock","14":"virtual","15":"purchasable","16":"product-type-tour"},"yoast_head":"<!-- This site is optimized with the Yoast SEO Premium plugin v27.1 (Yoast SEO v27.1.1) - https:\/\/yoast.com\/product\/yoast-seo-premium-wordpress\/ -->\n<title>Pe\u00f1a Night Tour<\/title>\n<meta name=\"description\" content=\"Night tour visiting Salta&#039;s pe\u00f1as. An experience that is authentic, unique, and completely local. You will be the protagonist of Salta&#039;s bohemian night.\" \/>\n<meta name=\"robots\" content=\"index, follow, max-snippet:-1, max-image-preview:large, max-video-preview:-1\" \/>\n<link rel=\"canonical\" href=\"https:\/\/dexotic.com\/en\/tours-in-argentina\/pena-night-tour\/\" \/>\n<meta property=\"og:locale\" content=\"en_US\" \/>\n<meta property=\"og:type\" content=\"article\" \/>\n<meta property=\"og:title\" content=\"Pe\u00f1a Night Tour: Folkloric and Gastronomic Tour\" \/>\n<meta property=\"og:description\" content=\"Night tour visiting Salta&#039;s pe\u00f1as. An experience that is authentic, unique, and completely local. You will be the protagonist of Salta&#039;s bohemian night.\" \/>\n<meta property=\"og:url\" content=\"https:\/\/dexotic.com\/en\/tours-in-argentina\/pena-night-tour\/\" \/>\n<meta property=\"og:site_name\" content=\"Dexotic\" \/>\n<meta property=\"article:publisher\" content=\"https:\/\/www.facebook.com\/excursiones.noa\/\" \/>\n<meta property=\"article:modified_time\" content=\"2026-01-21T06:04:14+00:00\" \/>\n<meta property=\"og:image\" content=\"https:\/\/dexotic.com\/wp-content\/uploads\/2024\/04\/tour-de-penas-galeria.jpg\" \/>\n\t<meta property=\"og:image:width\" content=\"800\" \/>\n\t<meta property=\"og:image:height\" content=\"533\" \/>\n\t<meta property=\"og:image:type\" content=\"image\/jpeg\" \/>\n<meta name=\"twitter:card\" content=\"summary_large_image\" \/>\n<meta name=\"twitter:site\" content=\"@dexotic_ok\" \/>\n<meta name=\"twitter:label1\" content=\"Est. reading time\" \/>\n\t<meta name=\"twitter:data1\" content=\"5 minutes\" \/>\n<script type=\"application\/ld+json\" class=\"yoast-schema-graph\">{\"@context\":\"https:\/\/schema.org\",\"@graph\":[{\"@type\":[\"WebPage\",\"ItemPage\"],\"@id\":\"https:\/\/dexotic.com\/en\/tours-in-argentina\/pena-night-tour\/\",\"url\":\"https:\/\/dexotic.com\/en\/tours-in-argentina\/pena-night-tour\/\",\"name\":\"Pe\u00f1a Night Tour\",\"isPartOf\":{\"@id\":\"https:\/\/dexotic.com\/en\/#website\"},\"primaryImageOfPage\":{\"@id\":\"https:\/\/dexotic.com\/en\/tours-in-argentina\/pena-night-tour\/#primaryimage\"},\"image\":{\"@id\":\"https:\/\/dexotic.com\/en\/tours-in-argentina\/pena-night-tour\/#primaryimage\"},\"thumbnailUrl\":\"https:\/\/dexotic.com\/wp-content\/uploads\/2024\/04\/tour-de-penas-galeria.jpg\",\"datePublished\":\"2024-04-07T22:57:55+00:00\",\"dateModified\":\"2026-01-21T06:04:14+00:00\",\"description\":\"Night tour visiting Salta's pe\u00f1as. An experience that is authentic, unique, and completely local. You will be the protagonist of Salta's bohemian night.\",\"breadcrumb\":{\"@id\":\"https:\/\/dexotic.com\/en\/tours-in-argentina\/pena-night-tour\/#breadcrumb\"},\"inLanguage\":\"en-US\",\"potentialAction\":[{\"@type\":\"ReadAction\",\"target\":[\"https:\/\/dexotic.com\/en\/tours-in-argentina\/pena-night-tour\/\"]}]},{\"@type\":\"ImageObject\",\"inLanguage\":\"en-US\",\"@id\":\"https:\/\/dexotic.com\/en\/tours-in-argentina\/pena-night-tour\/#primaryimage\",\"url\":\"https:\/\/dexotic.com\/wp-content\/uploads\/2024\/04\/tour-de-penas-galeria.jpg\",\"contentUrl\":\"https:\/\/dexotic.com\/wp-content\/uploads\/2024\/04\/tour-de-penas-galeria.jpg\",\"width\":800,\"height\":533,\"caption\":\"Tour de pe\u00f1as en Salta\"},{\"@type\":\"BreadcrumbList\",\"@id\":\"https:\/\/dexotic.com\/en\/tours-in-argentina\/pena-night-tour\/#breadcrumb\",\"itemListElement\":[{\"@type\":\"ListItem\",\"position\":1,\"name\":\"Portada\",\"item\":\"https:\/\/dexotic.com\/en\/\"},{\"@type\":\"ListItem\",\"position\":2,\"name\":\"Shop\",\"item\":\"https:\/\/dexotic.com\/en\/shop\/\"},{\"@type\":\"ListItem\",\"position\":3,\"name\":\"Pe\u00f1a Night Tour: Folkloric and Gastronomic Tour\"}]},{\"@type\":\"WebSite\",\"@id\":\"https:\/\/dexotic.com\/en\/#website\",\"url\":\"https:\/\/dexotic.com\/en\/\",\"name\":\"Dexotic\",\"description\":\"Excursiones en Salta, Jujuy y Patagonia Argentina\",\"potentialAction\":[{\"@type\":\"SearchAction\",\"target\":{\"@type\":\"EntryPoint\",\"urlTemplate\":\"https:\/\/dexotic.com\/en\/?s={search_term_string}\"},\"query-input\":{\"@type\":\"PropertyValueSpecification\",\"valueRequired\":true,\"valueName\":\"search_term_string\"}}],\"inLanguage\":\"en-US\"}]}<\/script>\n<!-- \/ Yoast SEO Premium plugin. -->","yoast_head_json":{"title":"Pe\u00f1a Night Tour","description":"Night tour visiting Salta's pe\u00f1as. An experience that is authentic, unique, and completely local. You will be the protagonist of Salta's bohemian night.","robots":{"index":"index","follow":"follow","max-snippet":"max-snippet:-1","max-image-preview":"max-image-preview:large","max-video-preview":"max-video-preview:-1"},"canonical":"https:\/\/dexotic.com\/en\/tours-in-argentina\/pena-night-tour\/","og_locale":"en_US","og_type":"article","og_title":"Pe\u00f1a Night Tour: Folkloric and Gastronomic Tour","og_description":"Night tour visiting Salta's pe\u00f1as. An experience that is authentic, unique, and completely local. You will be the protagonist of Salta's bohemian night.","og_url":"https:\/\/dexotic.com\/en\/tours-in-argentina\/pena-night-tour\/","og_site_name":"Dexotic","article_publisher":"https:\/\/www.facebook.com\/excursiones.noa\/","article_modified_time":"2026-01-21T06:04:14+00:00","og_image":[{"width":800,"height":533,"url":"https:\/\/dexotic.com\/wp-content\/uploads\/2024\/04\/tour-de-penas-galeria.jpg","type":"image\/jpeg"}],"twitter_card":"summary_large_image","twitter_site":"@dexotic_ok","twitter_misc":{"Est. reading time":"5 minutes"},"schema":{"@context":"https:\/\/schema.org","@graph":[{"@type":["WebPage","ItemPage"],"@id":"https:\/\/dexotic.com\/en\/tours-in-argentina\/pena-night-tour\/","url":"https:\/\/dexotic.com\/en\/tours-in-argentina\/pena-night-tour\/","name":"Pe\u00f1a Night Tour","isPartOf":{"@id":"https:\/\/dexotic.com\/en\/#website"},"primaryImageOfPage":{"@id":"https:\/\/dexotic.com\/en\/tours-in-argentina\/pena-night-tour\/#primaryimage"},"image":{"@id":"https:\/\/dexotic.com\/en\/tours-in-argentina\/pena-night-tour\/#primaryimage"},"thumbnailUrl":"https:\/\/dexotic.com\/wp-content\/uploads\/2024\/04\/tour-de-penas-galeria.jpg","datePublished":"2024-04-07T22:57:55+00:00","dateModified":"2026-01-21T06:04:14+00:00","description":"Night tour visiting Salta's pe\u00f1as. An experience that is authentic, unique, and completely local. You will be the protagonist of Salta's bohemian night.","breadcrumb":{"@id":"https:\/\/dexotic.com\/en\/tours-in-argentina\/pena-night-tour\/#breadcrumb"},"inLanguage":"en-US","potentialAction":[{"@type":"ReadAction","target":["https:\/\/dexotic.com\/en\/tours-in-argentina\/pena-night-tour\/"]}]},{"@type":"ImageObject","inLanguage":"en-US","@id":"https:\/\/dexotic.com\/en\/tours-in-argentina\/pena-night-tour\/#primaryimage","url":"https:\/\/dexotic.com\/wp-content\/uploads\/2024\/04\/tour-de-penas-galeria.jpg","contentUrl":"https:\/\/dexotic.com\/wp-content\/uploads\/2024\/04\/tour-de-penas-galeria.jpg","width":800,"height":533,"caption":"Tour de pe\u00f1as en Salta"},{"@type":"BreadcrumbList","@id":"https:\/\/dexotic.com\/en\/tours-in-argentina\/pena-night-tour\/#breadcrumb","itemListElement":[{"@type":"ListItem","position":1,"name":"Portada","item":"https:\/\/dexotic.com\/en\/"},{"@type":"ListItem","position":2,"name":"Shop","item":"https:\/\/dexotic.com\/en\/shop\/"},{"@type":"ListItem","position":3,"name":"Pe\u00f1a Night Tour: Folkloric and Gastronomic Tour"}]},{"@type":"WebSite","@id":"https:\/\/dexotic.com\/en\/#website","url":"https:\/\/dexotic.com\/en\/","name":"Dexotic","description":"Excursiones en Salta, Jujuy y Patagonia Argentina","potentialAction":[{"@type":"SearchAction","target":{"@type":"EntryPoint","urlTemplate":"https:\/\/dexotic.com\/en\/?s={search_term_string}"},"query-input":{"@type":"PropertyValueSpecification","valueRequired":true,"valueName":"search_term_string"}}],"inLanguage":"en-US"}]}},"_links":{"self":[{"href":"https:\/\/dexotic.com\/en\/wp-json\/wp\/v2\/product\/8885","targetHints":{"allow":["GET"]}}],"collection":[{"href":"https:\/\/dexotic.com\/en\/wp-json\/wp\/v2\/product"}],"about":[{"href":"https:\/\/dexotic.com\/en\/wp-json\/wp\/v2\/types\/product"}],"replies":[{"embeddable":true,"href":"https:\/\/dexotic.com\/en\/wp-json\/wp\/v2\/comments?post=8885"}],"wp:featuredmedia":[{"embeddable":true,"href":"https:\/\/dexotic.com\/en\/wp-json\/wp\/v2\/media\/10107"}],"wp:attachment":[{"href":"https:\/\/dexotic.com\/en\/wp-json\/wp\/v2\/media?parent=8885"}],"wp:term":[{"taxonomy":"product_brand","embeddable":true,"href":"https:\/\/dexotic.com\/en\/wp-json\/wp\/v2\/product_brand?post=8885"},{"taxonomy":"product_cat","embeddable":true,"href":"https:\/\/dexotic.com\/en\/wp-json\/wp\/v2\/product_cat?post=8885"},{"taxonomy":"product_tag","embeddable":true,"href":"https:\/\/dexotic.com\/en\/wp-json\/wp\/v2\/product_tag?post=8885"}],"curies":[{"name":"wp","href":"https:\/\/api.w.org\/{rel}","templated":true}]}}