{"id":7044,"date":"2022-11-07T19:15:07","date_gmt":"2022-11-07T22:15:07","guid":{"rendered":"http:\/\/dexotic.com\/?post_type=product&#038;p=7044"},"modified":"2026-03-23T22:47:37","modified_gmt":"2026-03-24T01:47:37","slug":"paquete-el-calafate-clasico","status":"publish","type":"product","link":"https:\/\/dexotic.com\/en\/tours-in-argentina\/paquete-el-calafate-clasico\/","title":{"rendered":"Paquete El Calafate Cl\u00e1sico"},"content":{"rendered":"<p>Paquete cl\u00e1sico terrestre en El Calafate con <strong>3 noches de alojamiento<\/strong>, traslados del aeropuerto y excursi\u00f3n al Glaciar Perito Moreno.<\/p>\n<table class=\"table table-bordered tours-tabs__table\" style=\"height: 233px;width: 87.3848%\" width=\"862\">\n<tbody>\n<tr>\n<td style=\"width: 32.627%\"><strong>LUGAR DE INICIO<\/strong><\/td>\n<td style=\"width: 66.5647%\">Hoteles c\u00e9ntricos de El Calafate<\/td>\n<\/tr>\n<tr>\n<td style=\"width: 32.627%\"><strong>INCLUIDO<\/strong><\/td>\n<td style=\"width: 66.5647%\"><i class=\"fa fa-check icon-tick icon-tick--on\"><\/i>Transfer IN Aeropuerto &#8211; Hotel;<br \/>\n<i class=\"fa fa-check icon-tick icon-tick--on\"><\/i>3 noches de alojamiento con desayuno (consultar por opciones);<br \/>\n<i class=\"fa fa-check icon-tick icon-tick--on\"><\/i>Excursi\u00f3n al <a href=\"https:\/\/dexotic.com\/en\/tours-in-argentina\/calafate-glaciar-perito-moreno\/\">Glaciar Perito Moreno<\/a>;<br \/>\n<i class=\"fa fa-check icon-tick icon-tick--on\"><\/i>Seguros;<br \/>\n<i class=\"fa fa-check icon-tick icon-tick--on\"><\/i>Transfer OUT Hotel &#8211; Aeropuerto.<\/td>\n<\/tr>\n<tr>\n<td style=\"width: 32.627%\"><b>NO INCLUIDO<\/b><\/td>\n<td style=\"width: 66.5647%\"><i class=\"fa fa-times icon-tick icon-tick--off\"><\/i>Comidas y bebidas fuera del desayuno;<br \/>\n<i class=\"fa fa-times icon-tick icon-tick--off\"><\/i>Opcional <a href=\"https:\/\/dexotic.com\/en\/tours-in-argentina\/calafate-glaciar-perito-moreno-safari-nautico\/\">Safari N\u00e1utico<\/a>.<\/td>\n<\/tr>\n<\/tbody>\n<\/table>\n<h1><a href=\"http:\/\/dexotic.com\/wp-content\/uploads\/2022\/11\/paquete-elcalafate-clasico.png\"><img decoding=\"async\" class=\"aligncenter wp-image-7114 size-large\" src=\"http:\/\/dexotic.com\/wp-content\/uploads\/2022\/11\/paquete-elcalafate-clasico-1024x1024.png\" alt=\"Paquete cl\u00e1sico en el Calafate\" width=\"748\" height=\"748\" srcset=\"https:\/\/dexotic.com\/wp-content\/uploads\/2022\/11\/paquete-elcalafate-clasico-1024x1024.png 1024w, https:\/\/dexotic.com\/wp-content\/uploads\/2022\/11\/paquete-elcalafate-clasico-300x300.png 300w, https:\/\/dexotic.com\/wp-content\/uploads\/2022\/11\/paquete-elcalafate-clasico-150x150.png 150w, https:\/\/dexotic.com\/wp-content\/uploads\/2022\/11\/paquete-elcalafate-clasico-768x768.png 768w, https:\/\/dexotic.com\/wp-content\/uploads\/2022\/11\/paquete-elcalafate-clasico-600x600.png 600w, https:\/\/dexotic.com\/wp-content\/uploads\/2022\/11\/paquete-elcalafate-clasico-90x90.png 90w, https:\/\/dexotic.com\/wp-content\/uploads\/2022\/11\/paquete-elcalafate-clasico.png 1080w\" sizes=\"(max-width: 748px) 100vw, 748px\" \/><\/a><\/h1>\n<p>&nbsp;<\/p>\n<p>&nbsp;<\/p>\n","protected":false},"excerpt":{"rendered":"<p>Paquete cl\u00e1sico terrestre en El Calafate con <strong>3 noches de alojamiento<\/strong>, traslados del aeropuerto y excursi\u00f3n al Glaciar Perito Moreno.<\/p>\n","protected":false},"featured_media":7089,"comment_status":"open","ping_status":"closed","template":"","meta":{"_joinchat":null},"product_brand":[],"product_cat":[207],"product_tag":[],"class_list":{"0":"post-7044","1":"product","2":"type-product","3":"status-publish","4":"has-post-thumbnail","6":"product_cat-sin-categorizar","7":"pa_duracion-4-dias-3-noches","8":"pa_edad-todas-las-edades","9":"pa_requerimiento-fisico-bajo","10":"pa_salidas-todo-el-ano","11":"tour_category-paquetes-patagonia","12":"tour_category-patagonia","14":"first","15":"instock","16":"shipping-taxable","17":"purchasable","18":"product-type-tour","19":"has-default-attributes"},"yoast_head":"<!-- This site is optimized with the Yoast SEO Premium plugin v27.1 (Yoast SEO v27.1.1) - https:\/\/yoast.com\/product\/yoast-seo-premium-wordpress\/ -->\n<title>Paquete El Calafate Cl\u00e1sico - Dexotic<\/title>\n<meta name=\"description\" content=\"Paquete cl\u00e1sico terrestre en El Calafate con 3 noches de alojamiento, traslados del aeropuerto y excursi\u00f3n al Glaciar Perito Moreno.\" \/>\n<meta name=\"robots\" content=\"index, follow, max-snippet:-1, max-image-preview:large, max-video-preview:-1\" \/>\n<link rel=\"canonical\" href=\"https:\/\/dexotic.com\/en\/tours-in-argentina\/paquete-el-calafate-clasico\/\" \/>\n<meta property=\"og:locale\" content=\"en_US\" \/>\n<meta property=\"og:type\" content=\"article\" \/>\n<meta property=\"og:title\" content=\"Paquete El Calafate Cl\u00e1sico\" \/>\n<meta property=\"og:description\" content=\"Paquete cl\u00e1sico terrestre en El Calafate con 3 noches de alojamiento, traslados del aeropuerto y excursi\u00f3n al Glaciar Perito Moreno.\" \/>\n<meta property=\"og:url\" content=\"https:\/\/dexotic.com\/en\/tours-in-argentina\/paquete-el-calafate-clasico\/\" \/>\n<meta property=\"og:site_name\" content=\"Dexotic\" \/>\n<meta property=\"article:publisher\" content=\"https:\/\/www.facebook.com\/excursiones.noa\/\" \/>\n<meta property=\"article:modified_time\" content=\"2026-03-24T01:47:37+00:00\" \/>\n<meta property=\"og:image\" content=\"https:\/\/dexotic.com\/wp-content\/uploads\/2018\/06\/paquete-calafate-clasico.png\" \/>\n\t<meta property=\"og:image:width\" content=\"1140\" \/>\n\t<meta property=\"og:image:height\" content=\"760\" \/>\n\t<meta property=\"og:image:type\" content=\"image\/png\" \/>\n<meta name=\"twitter:card\" content=\"summary_large_image\" \/>\n<meta name=\"twitter:site\" content=\"@dexotic_ok\" \/>\n<meta name=\"twitter:label1\" content=\"Est. reading time\" \/>\n\t<meta name=\"twitter:data1\" content=\"2 minutes\" \/>\n<script type=\"application\/ld+json\" class=\"yoast-schema-graph\">{\"@context\":\"https:\/\/schema.org\",\"@graph\":[{\"@type\":[\"WebPage\",\"ItemPage\"],\"@id\":\"https:\/\/dexotic.com\/en\/tours-in-argentina\/paquete-el-calafate-clasico\/\",\"url\":\"https:\/\/dexotic.com\/en\/tours-in-argentina\/paquete-el-calafate-clasico\/\",\"name\":\"Paquete El Calafate Cl\u00e1sico - Dexotic\",\"isPartOf\":{\"@id\":\"https:\/\/dexotic.com\/en\/#website\"},\"primaryImageOfPage\":{\"@id\":\"https:\/\/dexotic.com\/en\/tours-in-argentina\/paquete-el-calafate-clasico\/#primaryimage\"},\"image\":{\"@id\":\"https:\/\/dexotic.com\/en\/tours-in-argentina\/paquete-el-calafate-clasico\/#primaryimage\"},\"thumbnailUrl\":\"https:\/\/dexotic.com\/wp-content\/uploads\/2018\/06\/paquete-calafate-clasico.png\",\"datePublished\":\"2022-11-07T22:15:07+00:00\",\"dateModified\":\"2026-03-24T01:47:37+00:00\",\"description\":\"Paquete cl\u00e1sico terrestre en El Calafate con 3 noches de alojamiento, traslados del aeropuerto y excursi\u00f3n al Glaciar Perito Moreno.\",\"breadcrumb\":{\"@id\":\"https:\/\/dexotic.com\/en\/tours-in-argentina\/paquete-el-calafate-clasico\/#breadcrumb\"},\"inLanguage\":\"en-US\",\"potentialAction\":[{\"@type\":\"ReadAction\",\"target\":[\"https:\/\/dexotic.com\/en\/tours-in-argentina\/paquete-el-calafate-clasico\/\"]}]},{\"@type\":\"ImageObject\",\"inLanguage\":\"en-US\",\"@id\":\"https:\/\/dexotic.com\/en\/tours-in-argentina\/paquete-el-calafate-clasico\/#primaryimage\",\"url\":\"https:\/\/dexotic.com\/wp-content\/uploads\/2018\/06\/paquete-calafate-clasico.png\",\"contentUrl\":\"https:\/\/dexotic.com\/wp-content\/uploads\/2018\/06\/paquete-calafate-clasico.png\",\"width\":1140,\"height\":760,\"caption\":\"Paquete cl\u00e1sico en El Calafate\"},{\"@type\":\"BreadcrumbList\",\"@id\":\"https:\/\/dexotic.com\/en\/tours-in-argentina\/paquete-el-calafate-clasico\/#breadcrumb\",\"itemListElement\":[{\"@type\":\"ListItem\",\"position\":1,\"name\":\"Portada\",\"item\":\"https:\/\/dexotic.com\/en\/\"},{\"@type\":\"ListItem\",\"position\":2,\"name\":\"Shop\",\"item\":\"https:\/\/dexotic.com\/en\/shop\/\"},{\"@type\":\"ListItem\",\"position\":3,\"name\":\"Paquete El Calafate Cl\u00e1sico\"}]},{\"@type\":\"WebSite\",\"@id\":\"https:\/\/dexotic.com\/en\/#website\",\"url\":\"https:\/\/dexotic.com\/en\/\",\"name\":\"Dexotic\",\"description\":\"Excursiones en Salta, Jujuy y Patagonia Argentina\",\"potentialAction\":[{\"@type\":\"SearchAction\",\"target\":{\"@type\":\"EntryPoint\",\"urlTemplate\":\"https:\/\/dexotic.com\/en\/?s={search_term_string}\"},\"query-input\":{\"@type\":\"PropertyValueSpecification\",\"valueRequired\":true,\"valueName\":\"search_term_string\"}}],\"inLanguage\":\"en-US\"}]}<\/script>\n<!-- \/ Yoast SEO Premium plugin. -->","yoast_head_json":{"title":"Paquete El Calafate Cl\u00e1sico - Dexotic","description":"Paquete cl\u00e1sico terrestre en El Calafate con 3 noches de alojamiento, traslados del aeropuerto y excursi\u00f3n al Glaciar Perito Moreno.","robots":{"index":"index","follow":"follow","max-snippet":"max-snippet:-1","max-image-preview":"max-image-preview:large","max-video-preview":"max-video-preview:-1"},"canonical":"https:\/\/dexotic.com\/en\/tours-in-argentina\/paquete-el-calafate-clasico\/","og_locale":"en_US","og_type":"article","og_title":"Paquete El Calafate Cl\u00e1sico","og_description":"Paquete cl\u00e1sico terrestre en El Calafate con 3 noches de alojamiento, traslados del aeropuerto y excursi\u00f3n al Glaciar Perito Moreno.","og_url":"https:\/\/dexotic.com\/en\/tours-in-argentina\/paquete-el-calafate-clasico\/","og_site_name":"Dexotic","article_publisher":"https:\/\/www.facebook.com\/excursiones.noa\/","article_modified_time":"2026-03-24T01:47:37+00:00","og_image":[{"width":1140,"height":760,"url":"https:\/\/dexotic.com\/wp-content\/uploads\/2018\/06\/paquete-calafate-clasico.png","type":"image\/png"}],"twitter_card":"summary_large_image","twitter_site":"@dexotic_ok","twitter_misc":{"Est. reading time":"2 minutes"},"schema":{"@context":"https:\/\/schema.org","@graph":[{"@type":["WebPage","ItemPage"],"@id":"https:\/\/dexotic.com\/en\/tours-in-argentina\/paquete-el-calafate-clasico\/","url":"https:\/\/dexotic.com\/en\/tours-in-argentina\/paquete-el-calafate-clasico\/","name":"Paquete El Calafate Cl\u00e1sico - Dexotic","isPartOf":{"@id":"https:\/\/dexotic.com\/en\/#website"},"primaryImageOfPage":{"@id":"https:\/\/dexotic.com\/en\/tours-in-argentina\/paquete-el-calafate-clasico\/#primaryimage"},"image":{"@id":"https:\/\/dexotic.com\/en\/tours-in-argentina\/paquete-el-calafate-clasico\/#primaryimage"},"thumbnailUrl":"https:\/\/dexotic.com\/wp-content\/uploads\/2018\/06\/paquete-calafate-clasico.png","datePublished":"2022-11-07T22:15:07+00:00","dateModified":"2026-03-24T01:47:37+00:00","description":"Paquete cl\u00e1sico terrestre en El Calafate con 3 noches de alojamiento, traslados del aeropuerto y excursi\u00f3n al Glaciar Perito Moreno.","breadcrumb":{"@id":"https:\/\/dexotic.com\/en\/tours-in-argentina\/paquete-el-calafate-clasico\/#breadcrumb"},"inLanguage":"en-US","potentialAction":[{"@type":"ReadAction","target":["https:\/\/dexotic.com\/en\/tours-in-argentina\/paquete-el-calafate-clasico\/"]}]},{"@type":"ImageObject","inLanguage":"en-US","@id":"https:\/\/dexotic.com\/en\/tours-in-argentina\/paquete-el-calafate-clasico\/#primaryimage","url":"https:\/\/dexotic.com\/wp-content\/uploads\/2018\/06\/paquete-calafate-clasico.png","contentUrl":"https:\/\/dexotic.com\/wp-content\/uploads\/2018\/06\/paquete-calafate-clasico.png","width":1140,"height":760,"caption":"Paquete cl\u00e1sico en El Calafate"},{"@type":"BreadcrumbList","@id":"https:\/\/dexotic.com\/en\/tours-in-argentina\/paquete-el-calafate-clasico\/#breadcrumb","itemListElement":[{"@type":"ListItem","position":1,"name":"Portada","item":"https:\/\/dexotic.com\/en\/"},{"@type":"ListItem","position":2,"name":"Shop","item":"https:\/\/dexotic.com\/en\/shop\/"},{"@type":"ListItem","position":3,"name":"Paquete El Calafate Cl\u00e1sico"}]},{"@type":"WebSite","@id":"https:\/\/dexotic.com\/en\/#website","url":"https:\/\/dexotic.com\/en\/","name":"Dexotic","description":"Excursiones en Salta, Jujuy y Patagonia Argentina","potentialAction":[{"@type":"SearchAction","target":{"@type":"EntryPoint","urlTemplate":"https:\/\/dexotic.com\/en\/?s={search_term_string}"},"query-input":{"@type":"PropertyValueSpecification","valueRequired":true,"valueName":"search_term_string"}}],"inLanguage":"en-US"}]}},"_links":{"self":[{"href":"https:\/\/dexotic.com\/en\/wp-json\/wp\/v2\/product\/7044","targetHints":{"allow":["GET"]}}],"collection":[{"href":"https:\/\/dexotic.com\/en\/wp-json\/wp\/v2\/product"}],"about":[{"href":"https:\/\/dexotic.com\/en\/wp-json\/wp\/v2\/types\/product"}],"replies":[{"embeddable":true,"href":"https:\/\/dexotic.com\/en\/wp-json\/wp\/v2\/comments?post=7044"}],"wp:featuredmedia":[{"embeddable":true,"href":"https:\/\/dexotic.com\/en\/wp-json\/wp\/v2\/media\/7089"}],"wp:attachment":[{"href":"https:\/\/dexotic.com\/en\/wp-json\/wp\/v2\/media?parent=7044"}],"wp:term":[{"taxonomy":"product_brand","embeddable":true,"href":"https:\/\/dexotic.com\/en\/wp-json\/wp\/v2\/product_brand?post=7044"},{"taxonomy":"product_cat","embeddable":true,"href":"https:\/\/dexotic.com\/en\/wp-json\/wp\/v2\/product_cat?post=7044"},{"taxonomy":"product_tag","embeddable":true,"href":"https:\/\/dexotic.com\/en\/wp-json\/wp\/v2\/product_tag?post=7044"}],"curies":[{"name":"wp","href":"https:\/\/api.w.org\/{rel}","templated":true}]}}