{"id":5773,"date":"2022-01-26T14:19:30","date_gmt":"2022-01-26T17:19:30","guid":{"rendered":"http:\/\/dexotic.com\/?post_type=product&#038;p=5773"},"modified":"2026-03-23T22:46:20","modified_gmt":"2026-03-24T01:46:20","slug":"transfer-out-aeropuerto-bariloche","status":"publish","type":"product","link":"https:\/\/dexotic.com\/en\/tours-in-argentina\/transfer-out-aeropuerto-bariloche\/","title":{"rendered":"Transfer OUT Aeropuerto Bariloche"},"content":{"rendered":"<p>Servicio de <strong>traslado compartido desde alojamientos c\u00e9ntricos el aeropuerto de Bariloche<\/strong>.<\/p>\n<p>El aeropuerto internacional Teniente Luis Candelaria <strong>se encuentra 13 km al este de la Ciudad de San Carlos de Bariloche<\/strong>.<\/p>\n<p>Se lo considerada la puerta de acceso a la regi\u00f3n de los lagos andinos patag\u00f3nicos.<\/p>\n<p>Est\u00e1 ubicado al margen sudeste del Lago Nahuel Huapi, cerca de la frontera de la Argentina con Chile.<\/p>\n<dl><\/dl>\n<table class=\"table table-bordered tours-tabs__table\" style=\"height: 364px;width: 87.3848%\" width=\"862\">\n<tbody>\n<tr style=\"height: 24px\">\n<td style=\"width: 32.627%;height: 24px\"><strong>LUGAR DE INICIO<\/strong><\/td>\n<td style=\"width: 66.5647%;height: 24px\">Alojamientos c\u00e9ntricos;<\/td>\n<\/tr>\n<tr style=\"height: 24px\">\n<td style=\"width: 32.627%;height: 24px\"><strong>LUGAR DE DESTINO<\/strong><\/td>\n<td style=\"width: 66.5647%;height: 24px\">Aeropuerto de Bariloche;<\/td>\n<\/tr>\n<tr style=\"height: 24px\">\n<td style=\"width: 32.627%;height: 24px\"><strong>HORARIOS<\/strong><\/td>\n<td style=\"width: 66.5647%;height: 24px\">Vuelos diurnos entre 8 y 18 horas (otro horario consultar).<br \/>\nInformar n\u00famero de vuelo en la reserva;<\/td>\n<\/tr>\n<tr style=\"height: 206px\">\n<td style=\"width: 32.627%;height: 206px\"><strong>INCLUIDO<\/strong><\/td>\n<td style=\"width: 66.5647%;height: 206px\">\n<table class=\"table table-bordered\" style=\"height: 62px;width: 57.5649%\" width=\"300\">\n<tbody>\n<tr>\n<td style=\"width: 53.4464%\"><i class=\"fa fa-check icon-tick icon-tick--on\"><\/i>Traslado en minibus<\/td>\n<td style=\"width: 54.0249%\"><i class=\"fa fa-check icon-tick icon-tick--on\"><\/i>Asistente de arribo con cartel con su nombre<\/td>\n<\/tr>\n<tr>\n<td style=\"width: 53.4464%\"><i class=\"fa fa-check icon-tick icon-tick--on\"><\/i>Seguros de transporte<\/td>\n<td style=\"width: 54.0249%\"><i class=\"fa fa-check icon-tick icon-tick--on\"><\/i>Dropoff en alojamiento c\u00e9ntrico<\/td>\n<\/tr>\n<\/tbody>\n<\/table>\n<\/td>\n<\/tr>\n<\/tbody>\n<\/table>\n<p>Tambi\u00e9n contamos con el <a href=\"https:\/\/dexotic.com\/en\/tours-in-argentina\/transfer-in-aeropuerto-bariloche\/\">traslado desde el aeropuerto al centro de la ciudad de Bariloche<\/a>.<\/p>\n<p><span style=\"font-weight: 400\">Para solicitar este servicio,\u00a0 por favor informar fecha y hora, n\u00fameros de vuelo, c\u00f3digo de reserva y hotel en el que se alojar\u00e1. Adem\u00e1s todos los datos del pasajero<\/span><\/p>\n","protected":false},"excerpt":{"rendered":"<p>Servicio de traslado desde su alojamiento hasta el aeropuerto de Bariloche.<\/p>\n","protected":false},"featured_media":5771,"comment_status":"open","ping_status":"closed","template":"","meta":{"_joinchat":null},"product_brand":[],"product_cat":[207],"product_tag":[],"class_list":{"0":"post-5773","1":"product","2":"type-product","3":"status-publish","4":"has-post-thumbnail","6":"product_cat-sin-categorizar","7":"pa_duracion-20-mins","8":"pa_salidas-todo-el-ano","9":"tour_category-excursiones-desde-bariloche","10":"tour_category-patagonia","12":"first","13":"instock","14":"shipping-taxable","15":"purchasable","16":"product-type-tour","17":"has-default-attributes"},"yoast_head":"<!-- This site is optimized with the Yoast SEO Premium plugin v27.1 (Yoast SEO v27.1.1) - https:\/\/yoast.com\/product\/yoast-seo-premium-wordpress\/ -->\n<title>Transfer OUT Aeropuerto Bariloche - Dexotic<\/title>\n<meta name=\"description\" content=\"Servicio de traslado compartido desde alojamientos c\u00e9ntricos el aeropuerto de Bariloche.\" \/>\n<meta name=\"robots\" content=\"index, follow, max-snippet:-1, max-image-preview:large, max-video-preview:-1\" \/>\n<link rel=\"canonical\" href=\"https:\/\/dexotic.com\/en\/tours-in-argentina\/transfer-out-aeropuerto-bariloche\/\" \/>\n<meta property=\"og:locale\" content=\"en_US\" \/>\n<meta property=\"og:type\" content=\"article\" \/>\n<meta property=\"og:title\" content=\"Transfer OUT Aeropuerto Bariloche\" \/>\n<meta property=\"og:description\" content=\"Servicio de traslado compartido desde alojamientos c\u00e9ntricos el aeropuerto de Bariloche.\" \/>\n<meta property=\"og:url\" content=\"https:\/\/dexotic.com\/en\/tours-in-argentina\/transfer-out-aeropuerto-bariloche\/\" \/>\n<meta property=\"og:site_name\" content=\"Dexotic\" \/>\n<meta property=\"article:publisher\" content=\"https:\/\/www.facebook.com\/excursiones.noa\/\" \/>\n<meta property=\"article:modified_time\" content=\"2026-03-24T01:46:20+00:00\" \/>\n<meta property=\"og:image\" content=\"https:\/\/dexotic.com\/wp-content\/uploads\/2022\/01\/aeropuerto-bariloche1.jpg\" \/>\n\t<meta property=\"og:image:width\" content=\"800\" \/>\n\t<meta property=\"og:image:height\" content=\"533\" \/>\n\t<meta property=\"og:image:type\" content=\"image\/jpeg\" \/>\n<meta name=\"twitter:card\" content=\"summary_large_image\" \/>\n<meta name=\"twitter:site\" content=\"@dexotic_ok\" \/>\n<meta name=\"twitter:label1\" content=\"Est. reading time\" \/>\n\t<meta name=\"twitter:data1\" content=\"2 minutes\" \/>\n<script type=\"application\/ld+json\" class=\"yoast-schema-graph\">{\"@context\":\"https:\/\/schema.org\",\"@graph\":[{\"@type\":[\"WebPage\",\"ItemPage\"],\"@id\":\"https:\/\/dexotic.com\/en\/tours-in-argentina\/transfer-out-aeropuerto-bariloche\/\",\"url\":\"https:\/\/dexotic.com\/en\/tours-in-argentina\/transfer-out-aeropuerto-bariloche\/\",\"name\":\"Transfer OUT Aeropuerto Bariloche - Dexotic\",\"isPartOf\":{\"@id\":\"https:\/\/dexotic.com\/en\/#website\"},\"primaryImageOfPage\":{\"@id\":\"https:\/\/dexotic.com\/en\/tours-in-argentina\/transfer-out-aeropuerto-bariloche\/#primaryimage\"},\"image\":{\"@id\":\"https:\/\/dexotic.com\/en\/tours-in-argentina\/transfer-out-aeropuerto-bariloche\/#primaryimage\"},\"thumbnailUrl\":\"https:\/\/dexotic.com\/wp-content\/uploads\/2022\/01\/aeropuerto-bariloche1.jpg\",\"datePublished\":\"2022-01-26T17:19:30+00:00\",\"dateModified\":\"2026-03-24T01:46:20+00:00\",\"description\":\"Servicio de traslado compartido desde alojamientos c\u00e9ntricos el aeropuerto de Bariloche.\",\"breadcrumb\":{\"@id\":\"https:\/\/dexotic.com\/en\/tours-in-argentina\/transfer-out-aeropuerto-bariloche\/#breadcrumb\"},\"inLanguage\":\"en-US\",\"potentialAction\":[{\"@type\":\"ReadAction\",\"target\":[\"https:\/\/dexotic.com\/en\/tours-in-argentina\/transfer-out-aeropuerto-bariloche\/\"]}]},{\"@type\":\"ImageObject\",\"inLanguage\":\"en-US\",\"@id\":\"https:\/\/dexotic.com\/en\/tours-in-argentina\/transfer-out-aeropuerto-bariloche\/#primaryimage\",\"url\":\"https:\/\/dexotic.com\/wp-content\/uploads\/2022\/01\/aeropuerto-bariloche1.jpg\",\"contentUrl\":\"https:\/\/dexotic.com\/wp-content\/uploads\/2022\/01\/aeropuerto-bariloche1.jpg\",\"width\":800,\"height\":533,\"caption\":\"Aeropuerto de Bariloche\"},{\"@type\":\"BreadcrumbList\",\"@id\":\"https:\/\/dexotic.com\/en\/tours-in-argentina\/transfer-out-aeropuerto-bariloche\/#breadcrumb\",\"itemListElement\":[{\"@type\":\"ListItem\",\"position\":1,\"name\":\"Portada\",\"item\":\"https:\/\/dexotic.com\/en\/\"},{\"@type\":\"ListItem\",\"position\":2,\"name\":\"Shop\",\"item\":\"https:\/\/dexotic.com\/en\/shop\/\"},{\"@type\":\"ListItem\",\"position\":3,\"name\":\"Transfer OUT Aeropuerto Bariloche\"}]},{\"@type\":\"WebSite\",\"@id\":\"https:\/\/dexotic.com\/en\/#website\",\"url\":\"https:\/\/dexotic.com\/en\/\",\"name\":\"Dexotic\",\"description\":\"Excursiones en Salta, Jujuy y Patagonia Argentina\",\"potentialAction\":[{\"@type\":\"SearchAction\",\"target\":{\"@type\":\"EntryPoint\",\"urlTemplate\":\"https:\/\/dexotic.com\/en\/?s={search_term_string}\"},\"query-input\":{\"@type\":\"PropertyValueSpecification\",\"valueRequired\":true,\"valueName\":\"search_term_string\"}}],\"inLanguage\":\"en-US\"}]}<\/script>\n<!-- \/ Yoast SEO Premium plugin. -->","yoast_head_json":{"title":"Transfer OUT Aeropuerto Bariloche - Dexotic","description":"Servicio de traslado compartido desde alojamientos c\u00e9ntricos el aeropuerto de Bariloche.","robots":{"index":"index","follow":"follow","max-snippet":"max-snippet:-1","max-image-preview":"max-image-preview:large","max-video-preview":"max-video-preview:-1"},"canonical":"https:\/\/dexotic.com\/en\/tours-in-argentina\/transfer-out-aeropuerto-bariloche\/","og_locale":"en_US","og_type":"article","og_title":"Transfer OUT Aeropuerto Bariloche","og_description":"Servicio de traslado compartido desde alojamientos c\u00e9ntricos el aeropuerto de Bariloche.","og_url":"https:\/\/dexotic.com\/en\/tours-in-argentina\/transfer-out-aeropuerto-bariloche\/","og_site_name":"Dexotic","article_publisher":"https:\/\/www.facebook.com\/excursiones.noa\/","article_modified_time":"2026-03-24T01:46:20+00:00","og_image":[{"width":800,"height":533,"url":"https:\/\/dexotic.com\/wp-content\/uploads\/2022\/01\/aeropuerto-bariloche1.jpg","type":"image\/jpeg"}],"twitter_card":"summary_large_image","twitter_site":"@dexotic_ok","twitter_misc":{"Est. reading time":"2 minutes"},"schema":{"@context":"https:\/\/schema.org","@graph":[{"@type":["WebPage","ItemPage"],"@id":"https:\/\/dexotic.com\/en\/tours-in-argentina\/transfer-out-aeropuerto-bariloche\/","url":"https:\/\/dexotic.com\/en\/tours-in-argentina\/transfer-out-aeropuerto-bariloche\/","name":"Transfer OUT Aeropuerto Bariloche - Dexotic","isPartOf":{"@id":"https:\/\/dexotic.com\/en\/#website"},"primaryImageOfPage":{"@id":"https:\/\/dexotic.com\/en\/tours-in-argentina\/transfer-out-aeropuerto-bariloche\/#primaryimage"},"image":{"@id":"https:\/\/dexotic.com\/en\/tours-in-argentina\/transfer-out-aeropuerto-bariloche\/#primaryimage"},"thumbnailUrl":"https:\/\/dexotic.com\/wp-content\/uploads\/2022\/01\/aeropuerto-bariloche1.jpg","datePublished":"2022-01-26T17:19:30+00:00","dateModified":"2026-03-24T01:46:20+00:00","description":"Servicio de traslado compartido desde alojamientos c\u00e9ntricos el aeropuerto de Bariloche.","breadcrumb":{"@id":"https:\/\/dexotic.com\/en\/tours-in-argentina\/transfer-out-aeropuerto-bariloche\/#breadcrumb"},"inLanguage":"en-US","potentialAction":[{"@type":"ReadAction","target":["https:\/\/dexotic.com\/en\/tours-in-argentina\/transfer-out-aeropuerto-bariloche\/"]}]},{"@type":"ImageObject","inLanguage":"en-US","@id":"https:\/\/dexotic.com\/en\/tours-in-argentina\/transfer-out-aeropuerto-bariloche\/#primaryimage","url":"https:\/\/dexotic.com\/wp-content\/uploads\/2022\/01\/aeropuerto-bariloche1.jpg","contentUrl":"https:\/\/dexotic.com\/wp-content\/uploads\/2022\/01\/aeropuerto-bariloche1.jpg","width":800,"height":533,"caption":"Aeropuerto de Bariloche"},{"@type":"BreadcrumbList","@id":"https:\/\/dexotic.com\/en\/tours-in-argentina\/transfer-out-aeropuerto-bariloche\/#breadcrumb","itemListElement":[{"@type":"ListItem","position":1,"name":"Portada","item":"https:\/\/dexotic.com\/en\/"},{"@type":"ListItem","position":2,"name":"Shop","item":"https:\/\/dexotic.com\/en\/shop\/"},{"@type":"ListItem","position":3,"name":"Transfer OUT Aeropuerto Bariloche"}]},{"@type":"WebSite","@id":"https:\/\/dexotic.com\/en\/#website","url":"https:\/\/dexotic.com\/en\/","name":"Dexotic","description":"Excursiones en Salta, Jujuy y Patagonia Argentina","potentialAction":[{"@type":"SearchAction","target":{"@type":"EntryPoint","urlTemplate":"https:\/\/dexotic.com\/en\/?s={search_term_string}"},"query-input":{"@type":"PropertyValueSpecification","valueRequired":true,"valueName":"search_term_string"}}],"inLanguage":"en-US"}]}},"_links":{"self":[{"href":"https:\/\/dexotic.com\/en\/wp-json\/wp\/v2\/product\/5773","targetHints":{"allow":["GET"]}}],"collection":[{"href":"https:\/\/dexotic.com\/en\/wp-json\/wp\/v2\/product"}],"about":[{"href":"https:\/\/dexotic.com\/en\/wp-json\/wp\/v2\/types\/product"}],"replies":[{"embeddable":true,"href":"https:\/\/dexotic.com\/en\/wp-json\/wp\/v2\/comments?post=5773"}],"wp:featuredmedia":[{"embeddable":true,"href":"https:\/\/dexotic.com\/en\/wp-json\/wp\/v2\/media\/5771"}],"wp:attachment":[{"href":"https:\/\/dexotic.com\/en\/wp-json\/wp\/v2\/media?parent=5773"}],"wp:term":[{"taxonomy":"product_brand","embeddable":true,"href":"https:\/\/dexotic.com\/en\/wp-json\/wp\/v2\/product_brand?post=5773"},{"taxonomy":"product_cat","embeddable":true,"href":"https:\/\/dexotic.com\/en\/wp-json\/wp\/v2\/product_cat?post=5773"},{"taxonomy":"product_tag","embeddable":true,"href":"https:\/\/dexotic.com\/en\/wp-json\/wp\/v2\/product_tag?post=5773"}],"curies":[{"name":"wp","href":"https:\/\/api.w.org\/{rel}","templated":true}]}}