{"id":5530,"date":"2022-01-21T13:10:31","date_gmt":"2022-01-21T16:10:31","guid":{"rendered":"http:\/\/dexotic.com\/?post_type=product&#038;p=5530"},"modified":"2026-03-23T22:46:33","modified_gmt":"2026-03-24T01:46:33","slug":"transfer-out-aeropuerto-el-calafate","status":"publish","type":"product","link":"https:\/\/dexotic.com\/en\/tours-in-argentina\/transfer-out-aeropuerto-el-calafate\/","title":{"rendered":"Transfer OUT Aeropuerto El Calafate"},"content":{"rendered":"<p>Servicio de <strong>traslado compartido desde alojamientos de El Calafate al aeropuerto<\/strong>.<\/p>\n<p>El Aeropuerto Internacional de El Calafate &#8220;Comandante Armando Tola&#8221;, es un aeropuerto que sirve a la ciudad de El Calafate, en la provincia de Santa Cruz, Argentina.<\/p>\n<p>El aeropuerto est\u00e1 ubicado a 23 km del centro de la ciudad, en direcci\u00f3n hacia el este por la RP 11.\u200b\u200b\u200b<\/p>\n<table class=\"table table-bordered tours-tabs__table\" style=\"height: 364px;width: 87.3848%\" width=\"862\">\n<tbody>\n<tr style=\"height: 24px\">\n<td style=\"width: 32.627%;height: 24px\"><strong>LUGAR DE INICIO<\/strong><\/td>\n<td style=\"width: 66.5647%;height: 24px\">Alojamientos c\u00e9ntricos;<\/td>\n<\/tr>\n<tr style=\"height: 24px\">\n<td style=\"width: 32.627%;height: 24px\"><strong>LUGAR DE DESTINO<\/strong><\/td>\n<td style=\"width: 66.5647%;height: 24px\">Aeropuerto de El Calafate;<\/td>\n<\/tr>\n<tr style=\"height: 24px\">\n<td style=\"width: 32.627%;height: 24px\"><strong>HORARIOS<\/strong><\/td>\n<td style=\"width: 66.5647%;height: 24px\">Informar n\u00famero de vuelo en la reserva;<\/td>\n<\/tr>\n<tr style=\"height: 206px\">\n<td style=\"width: 32.627%;height: 206px\"><strong>INCLUIDO<\/strong><\/td>\n<td style=\"width: 66.5647%;height: 206px\">\n<table class=\"table table-bordered\" style=\"height: 62px;width: 57.5649%\" width=\"300\">\n<tbody>\n<tr>\n<td style=\"width: 53.4464%\"><i class=\"fa fa-check icon-tick icon-tick--on\"><\/i>Traslado en minibus<\/td>\n<td style=\"width: 54.0249%\"><i class=\"fa fa-check icon-tick icon-tick--on\"><\/i>Asistente de arribo con cartel con su nombre<\/td>\n<\/tr>\n<tr>\n<td style=\"width: 53.4464%\"><i class=\"fa fa-check icon-tick icon-tick--on\"><\/i>Seguros de transporte<\/td>\n<td style=\"width: 54.0249%\"><i class=\"fa fa-check icon-tick icon-tick--on\"><\/i>Dropoff en alojamiento c\u00e9ntrico<\/td>\n<\/tr>\n<\/tbody>\n<\/table>\n<\/td>\n<\/tr>\n<\/tbody>\n<\/table>\n<p>Tambien contamos con el servicio de <a href=\"https:\/\/dexotic.com\/en\/tours-in-argentina\/transfer-in-aeropuerto-calafate\/\">traslado desde el aeropuerto de El Calafate hasta alojamientos c\u00e9ntricos<\/a>.<\/p>\n<p><span style=\"font-weight: 400\">Para solicitar este servicio,\u00a0 por favor informar fecha y hora, n\u00fameros de vuelo, c\u00f3digo de reserva y hotel en el que se alojar\u00e1. Adem\u00e1s todos los datos del pasajero<\/span><\/p>\n","protected":false},"excerpt":{"rendered":"<p>Servicio de traslado desde alojamientos de El Calafate hacia el Aeropuerto.<\/p>\n","protected":false},"featured_media":5528,"comment_status":"open","ping_status":"closed","template":"","meta":{"_joinchat":null},"product_brand":[],"product_cat":[207],"product_tag":[],"class_list":{"0":"post-5530","1":"product","2":"type-product","3":"status-publish","4":"has-post-thumbnail","6":"product_cat-sin-categorizar","7":"pa_duracion-30-minutos","8":"pa_salidas-todo-el-ano","9":"tour_category-excursiones-desde-el-calafate","10":"tour_category-patagonia","12":"first","13":"instock","14":"shipping-taxable","15":"purchasable","16":"product-type-tour","17":"has-default-attributes"},"yoast_head":"<!-- This site is optimized with the Yoast SEO Premium plugin v27.1 (Yoast SEO v27.1.1) - https:\/\/yoast.com\/product\/yoast-seo-premium-wordpress\/ -->\n<title>Transfer OUT Aeropuerto El Calafate - Dexotic<\/title>\n<meta name=\"description\" content=\"Servicio de traslado desde alojamientos de El Calafate hacia el Aeropuerto.\" \/>\n<meta name=\"robots\" content=\"index, follow, max-snippet:-1, max-image-preview:large, max-video-preview:-1\" \/>\n<link rel=\"canonical\" href=\"https:\/\/dexotic.com\/en\/tours-in-argentina\/transfer-out-aeropuerto-el-calafate\/\" \/>\n<meta property=\"og:locale\" content=\"en_US\" \/>\n<meta property=\"og:type\" content=\"article\" \/>\n<meta property=\"og:title\" content=\"Transfer OUT Aeropuerto El Calafate\" \/>\n<meta property=\"og:description\" content=\"Servicio de traslado desde alojamientos de El Calafate hacia el Aeropuerto.\" \/>\n<meta property=\"og:url\" content=\"https:\/\/dexotic.com\/en\/tours-in-argentina\/transfer-out-aeropuerto-el-calafate\/\" \/>\n<meta property=\"og:site_name\" content=\"Dexotic\" \/>\n<meta property=\"article:publisher\" content=\"https:\/\/www.facebook.com\/excursiones.noa\/\" \/>\n<meta property=\"article:modified_time\" content=\"2026-03-24T01:46:33+00:00\" \/>\n<meta property=\"og:image\" content=\"https:\/\/dexotic.com\/wp-content\/uploads\/2022\/01\/trf-out-calafate.jpg\" \/>\n\t<meta property=\"og:image:width\" content=\"800\" \/>\n\t<meta property=\"og:image:height\" content=\"533\" \/>\n\t<meta property=\"og:image:type\" content=\"image\/jpeg\" \/>\n<meta name=\"twitter:card\" content=\"summary_large_image\" \/>\n<meta name=\"twitter:site\" content=\"@dexotic_ok\" \/>\n<meta name=\"twitter:label1\" content=\"Est. reading time\" \/>\n\t<meta name=\"twitter:data1\" content=\"2 minutes\" \/>\n<script type=\"application\/ld+json\" class=\"yoast-schema-graph\">{\"@context\":\"https:\/\/schema.org\",\"@graph\":[{\"@type\":[\"WebPage\",\"ItemPage\"],\"@id\":\"https:\/\/dexotic.com\/en\/tours-in-argentina\/transfer-out-aeropuerto-el-calafate\/\",\"url\":\"https:\/\/dexotic.com\/en\/tours-in-argentina\/transfer-out-aeropuerto-el-calafate\/\",\"name\":\"Transfer OUT Aeropuerto El Calafate - Dexotic\",\"isPartOf\":{\"@id\":\"https:\/\/dexotic.com\/en\/#website\"},\"primaryImageOfPage\":{\"@id\":\"https:\/\/dexotic.com\/en\/tours-in-argentina\/transfer-out-aeropuerto-el-calafate\/#primaryimage\"},\"image\":{\"@id\":\"https:\/\/dexotic.com\/en\/tours-in-argentina\/transfer-out-aeropuerto-el-calafate\/#primaryimage\"},\"thumbnailUrl\":\"https:\/\/dexotic.com\/wp-content\/uploads\/2022\/01\/trf-out-calafate.jpg\",\"datePublished\":\"2022-01-21T16:10:31+00:00\",\"dateModified\":\"2026-03-24T01:46:33+00:00\",\"description\":\"Servicio de traslado desde alojamientos de El Calafate hacia el Aeropuerto.\",\"breadcrumb\":{\"@id\":\"https:\/\/dexotic.com\/en\/tours-in-argentina\/transfer-out-aeropuerto-el-calafate\/#breadcrumb\"},\"inLanguage\":\"en-US\",\"potentialAction\":[{\"@type\":\"ReadAction\",\"target\":[\"https:\/\/dexotic.com\/en\/tours-in-argentina\/transfer-out-aeropuerto-el-calafate\/\"]}]},{\"@type\":\"ImageObject\",\"inLanguage\":\"en-US\",\"@id\":\"https:\/\/dexotic.com\/en\/tours-in-argentina\/transfer-out-aeropuerto-el-calafate\/#primaryimage\",\"url\":\"https:\/\/dexotic.com\/wp-content\/uploads\/2022\/01\/trf-out-calafate.jpg\",\"contentUrl\":\"https:\/\/dexotic.com\/wp-content\/uploads\/2022\/01\/trf-out-calafate.jpg\",\"width\":800,\"height\":533,\"caption\":\"Transfer OUT Aeropuerto El Calafate\"},{\"@type\":\"BreadcrumbList\",\"@id\":\"https:\/\/dexotic.com\/en\/tours-in-argentina\/transfer-out-aeropuerto-el-calafate\/#breadcrumb\",\"itemListElement\":[{\"@type\":\"ListItem\",\"position\":1,\"name\":\"Portada\",\"item\":\"https:\/\/dexotic.com\/en\/\"},{\"@type\":\"ListItem\",\"position\":2,\"name\":\"Shop\",\"item\":\"https:\/\/dexotic.com\/en\/shop\/\"},{\"@type\":\"ListItem\",\"position\":3,\"name\":\"Transfer OUT Aeropuerto El Calafate\"}]},{\"@type\":\"WebSite\",\"@id\":\"https:\/\/dexotic.com\/en\/#website\",\"url\":\"https:\/\/dexotic.com\/en\/\",\"name\":\"Dexotic\",\"description\":\"Excursiones en Salta, Jujuy y Patagonia Argentina\",\"potentialAction\":[{\"@type\":\"SearchAction\",\"target\":{\"@type\":\"EntryPoint\",\"urlTemplate\":\"https:\/\/dexotic.com\/en\/?s={search_term_string}\"},\"query-input\":{\"@type\":\"PropertyValueSpecification\",\"valueRequired\":true,\"valueName\":\"search_term_string\"}}],\"inLanguage\":\"en-US\"}]}<\/script>\n<!-- \/ Yoast SEO Premium plugin. -->","yoast_head_json":{"title":"Transfer OUT Aeropuerto El Calafate - Dexotic","description":"Servicio de traslado desde alojamientos de El Calafate hacia el Aeropuerto.","robots":{"index":"index","follow":"follow","max-snippet":"max-snippet:-1","max-image-preview":"max-image-preview:large","max-video-preview":"max-video-preview:-1"},"canonical":"https:\/\/dexotic.com\/en\/tours-in-argentina\/transfer-out-aeropuerto-el-calafate\/","og_locale":"en_US","og_type":"article","og_title":"Transfer OUT Aeropuerto El Calafate","og_description":"Servicio de traslado desde alojamientos de El Calafate hacia el Aeropuerto.","og_url":"https:\/\/dexotic.com\/en\/tours-in-argentina\/transfer-out-aeropuerto-el-calafate\/","og_site_name":"Dexotic","article_publisher":"https:\/\/www.facebook.com\/excursiones.noa\/","article_modified_time":"2026-03-24T01:46:33+00:00","og_image":[{"width":800,"height":533,"url":"https:\/\/dexotic.com\/wp-content\/uploads\/2022\/01\/trf-out-calafate.jpg","type":"image\/jpeg"}],"twitter_card":"summary_large_image","twitter_site":"@dexotic_ok","twitter_misc":{"Est. reading time":"2 minutes"},"schema":{"@context":"https:\/\/schema.org","@graph":[{"@type":["WebPage","ItemPage"],"@id":"https:\/\/dexotic.com\/en\/tours-in-argentina\/transfer-out-aeropuerto-el-calafate\/","url":"https:\/\/dexotic.com\/en\/tours-in-argentina\/transfer-out-aeropuerto-el-calafate\/","name":"Transfer OUT Aeropuerto El Calafate - Dexotic","isPartOf":{"@id":"https:\/\/dexotic.com\/en\/#website"},"primaryImageOfPage":{"@id":"https:\/\/dexotic.com\/en\/tours-in-argentina\/transfer-out-aeropuerto-el-calafate\/#primaryimage"},"image":{"@id":"https:\/\/dexotic.com\/en\/tours-in-argentina\/transfer-out-aeropuerto-el-calafate\/#primaryimage"},"thumbnailUrl":"https:\/\/dexotic.com\/wp-content\/uploads\/2022\/01\/trf-out-calafate.jpg","datePublished":"2022-01-21T16:10:31+00:00","dateModified":"2026-03-24T01:46:33+00:00","description":"Servicio de traslado desde alojamientos de El Calafate hacia el Aeropuerto.","breadcrumb":{"@id":"https:\/\/dexotic.com\/en\/tours-in-argentina\/transfer-out-aeropuerto-el-calafate\/#breadcrumb"},"inLanguage":"en-US","potentialAction":[{"@type":"ReadAction","target":["https:\/\/dexotic.com\/en\/tours-in-argentina\/transfer-out-aeropuerto-el-calafate\/"]}]},{"@type":"ImageObject","inLanguage":"en-US","@id":"https:\/\/dexotic.com\/en\/tours-in-argentina\/transfer-out-aeropuerto-el-calafate\/#primaryimage","url":"https:\/\/dexotic.com\/wp-content\/uploads\/2022\/01\/trf-out-calafate.jpg","contentUrl":"https:\/\/dexotic.com\/wp-content\/uploads\/2022\/01\/trf-out-calafate.jpg","width":800,"height":533,"caption":"Transfer OUT Aeropuerto El Calafate"},{"@type":"BreadcrumbList","@id":"https:\/\/dexotic.com\/en\/tours-in-argentina\/transfer-out-aeropuerto-el-calafate\/#breadcrumb","itemListElement":[{"@type":"ListItem","position":1,"name":"Portada","item":"https:\/\/dexotic.com\/en\/"},{"@type":"ListItem","position":2,"name":"Shop","item":"https:\/\/dexotic.com\/en\/shop\/"},{"@type":"ListItem","position":3,"name":"Transfer OUT Aeropuerto El Calafate"}]},{"@type":"WebSite","@id":"https:\/\/dexotic.com\/en\/#website","url":"https:\/\/dexotic.com\/en\/","name":"Dexotic","description":"Excursiones en Salta, Jujuy y Patagonia Argentina","potentialAction":[{"@type":"SearchAction","target":{"@type":"EntryPoint","urlTemplate":"https:\/\/dexotic.com\/en\/?s={search_term_string}"},"query-input":{"@type":"PropertyValueSpecification","valueRequired":true,"valueName":"search_term_string"}}],"inLanguage":"en-US"}]}},"_links":{"self":[{"href":"https:\/\/dexotic.com\/en\/wp-json\/wp\/v2\/product\/5530","targetHints":{"allow":["GET"]}}],"collection":[{"href":"https:\/\/dexotic.com\/en\/wp-json\/wp\/v2\/product"}],"about":[{"href":"https:\/\/dexotic.com\/en\/wp-json\/wp\/v2\/types\/product"}],"replies":[{"embeddable":true,"href":"https:\/\/dexotic.com\/en\/wp-json\/wp\/v2\/comments?post=5530"}],"wp:featuredmedia":[{"embeddable":true,"href":"https:\/\/dexotic.com\/en\/wp-json\/wp\/v2\/media\/5528"}],"wp:attachment":[{"href":"https:\/\/dexotic.com\/en\/wp-json\/wp\/v2\/media?parent=5530"}],"wp:term":[{"taxonomy":"product_brand","embeddable":true,"href":"https:\/\/dexotic.com\/en\/wp-json\/wp\/v2\/product_brand?post=5530"},{"taxonomy":"product_cat","embeddable":true,"href":"https:\/\/dexotic.com\/en\/wp-json\/wp\/v2\/product_cat?post=5530"},{"taxonomy":"product_tag","embeddable":true,"href":"https:\/\/dexotic.com\/en\/wp-json\/wp\/v2\/product_tag?post=5530"}],"curies":[{"name":"wp","href":"https:\/\/api.w.org\/{rel}","templated":true}]}}