{"id":5045,"date":"2022-01-25T16:59:29","date_gmt":"2022-01-25T19:59:29","guid":{"rendered":"http:\/\/dexotic.com\/?post_type=product&#038;p=5045"},"modified":"2026-03-23T22:47:15","modified_gmt":"2026-03-24T01:47:15","slug":"bariloche-isla-victoria-y-bosque-de-arrayanes","status":"publish","type":"product","link":"https:\/\/dexotic.com\/en\/tours-in-argentina\/bariloche-isla-victoria-y-bosque-de-arrayanes\/","title":{"rendered":"Isla Victoria y Bosque de Arrayanes"},"content":{"rendered":"<p>A 25 km de Bariloche se encuentra <strong>Puerto Pa\u00f1uelo<\/strong>, desde donde parten las embarcaciones que navegan las cristalinas aguas del <strong>lago Nahuel Huapi<\/strong> hasta la milenaria <strong>Isla Victoria<\/strong> y el <strong>famoso bosque de Arrayanes<\/strong>.<\/p>\n<p>Desde aqu\u00ed, tambi\u00e9n salen las embarcaciones que navegan hacia <a href=\"https:\/\/dexotic.com\/en\/tours-in-argentina\/bariloche-puerto-blest-y-cascada-los-cantaros\/\">Puerto Blest y Cascada Los C\u00e1ntaros<\/a>.<br \/>\n<img decoding=\"async\" class=\"size-medium wp-image-5723 alignright\" src=\"http:\/\/dexotic.com\/wp-content\/uploads\/2022\/01\/isla-victoria-bosque-arrayanes4-300x200.jpg\" alt=\"Isla Victoria y Bosque de Arrayanes\" width=\"300\" height=\"200\" srcset=\"https:\/\/dexotic.com\/wp-content\/uploads\/2022\/01\/isla-victoria-bosque-arrayanes4-300x200.jpg 300w, https:\/\/dexotic.com\/wp-content\/uploads\/2022\/01\/isla-victoria-bosque-arrayanes4-768x512.jpg 768w, https:\/\/dexotic.com\/wp-content\/uploads\/2022\/01\/isla-victoria-bosque-arrayanes4-531x354.jpg 531w, https:\/\/dexotic.com\/wp-content\/uploads\/2022\/01\/isla-victoria-bosque-arrayanes4-600x400.jpg 600w, https:\/\/dexotic.com\/wp-content\/uploads\/2022\/01\/isla-victoria-bosque-arrayanes4-180x120.jpg 180w, https:\/\/dexotic.com\/wp-content\/uploads\/2022\/01\/isla-victoria-bosque-arrayanes4-135x90.jpg 135w, https:\/\/dexotic.com\/wp-content\/uploads\/2022\/01\/isla-victoria-bosque-arrayanes4.jpg 800w\" sizes=\"(max-width: 300px) 100vw, 300px\" \/><\/p>\n<p>Durante la navegaci\u00f3n de aproximadamente 1 hora no podr\u00e1s dejar de admirar el intenso color del agua, la vegetaci\u00f3n que se refleja en el lago, y como tel\u00f3n de fondo, las monta\u00f1as de nieves eternas, que reclaman siempre la atenci\u00f3n de las miradas.<\/p>\n<p>El\u00a0<strong style=\"font-style: inherit\">Parque Nacional Los Arrayanes<\/strong>\u00a0fue creado en 1971, abarca toda la\u00a0<strong style=\"font-style: inherit\">Pen\u00ednsula de Quetrihu\u00e9<\/strong> con una superficie de 1.840 hect\u00e1reas.<\/p>\n<p>El objetivo de su creaci\u00f3n fue la de preservar este bosque, permitiendo su visita y disfrute con un riguroso control, a fin de prevenir y evitar su alteraci\u00f3n o destrucci\u00f3n.<\/p>\n<p><strong>El parque alberga una de las \u00fanicas comunidades boscosas de Array\u00e1n o Quetri<\/strong> (de ah\u00ed el nombre ind\u00edgena de la Pen\u00ednsula de Quetrihu\u00e9, que significa \u201clugar donde hay Quetris\u201d).<\/p>\n<p>Este \u00e1rbol, pariente del Eucalipto Australiano, suele crecer a orillas del agua, en terrenos muy h\u00famedos.<\/p>\n<p>En cuanto a la fauna, se destaca la preservaci\u00f3n de mam\u00edferos amenazados como el Pud\u00fa y el Huill\u00edn, entre otros.<\/p>\n<table class=\"table table-bordered tours-tabs__table\" style=\"height: 233px;width: 87.3848%\" width=\"862\">\n<tbody>\n<tr>\n<td style=\"width: 32.627%\"><strong>LUGAR DE SALIDA Y REGRESO<\/strong><\/td>\n<td style=\"width: 66.5647%\"><span style=\"font-weight: 400\">Puerto Pa\u00f1uelos (25 kms de la ciudad)<\/span><\/td>\n<\/tr>\n<tr>\n<td style=\"width: 32.627%\"><strong>HORARIO DE SALIDA<\/strong><\/td>\n<td style=\"width: 66.5647%\"><strong>10:15 hs.<\/strong> (presentaci\u00f3n en Puerto Pa\u00f1uelos 1 hora antes o si contratan con traslado desde la ciudad, <span style=\"font-weight: 400\">la salida es a las 08:30 hs. desde el centro<\/span>).<br \/>\n<strong>14:00 hs.<\/strong> (presentaci\u00f3n en Puerto Pa\u00f1uelos 1 hora antes o si contratan con traslado desde la ciudad, <span style=\"font-weight: 400\">la salida es a las 12:30 hs. desde el centro<\/span>).<\/td>\n<\/tr>\n<tr>\n<td style=\"width: 32.627%\"><strong>HORARIO DE REGRESO<\/strong><\/td>\n<td style=\"width: 66.5647%\"><span style=\"font-weight: 400\">17.15 hs. y 19:00 hs.<\/span><\/td>\n<\/tr>\n<tr>\n<td style=\"width: 32.627%\"><b>VESTIMENTA RECOMENDADA<\/b><\/td>\n<td style=\"width: 66.5647%\"><span style=\"font-weight: 400\">Abrigo. Zapatos o zapatillas impermeables con buena tracci\u00f3n. Sombrero o gorro. Anteojos de sol. Protector solar<\/span><\/td>\n<\/tr>\n<tr>\n<td style=\"width: 32.627%\"><strong>INCLUIDO<\/strong><\/td>\n<td style=\"width: 66.5647%\">\n<table class=\"table table-bordered\" style=\"height: 62px\" width=\"300\">\n<tbody>\n<tr>\n<td><i class=\"fa fa-check icon-tick icon-tick--on\"><\/i>Seguros<\/td>\n<td><i class=\"fa fa-check icon-tick icon-tick--on\"><\/i>Gu\u00eda<\/td>\n<\/tr>\n<\/tbody>\n<\/table>\n<\/td>\n<\/tr>\n<tr>\n<td style=\"width: 32.627%\"><b>NO INCLUIDO<\/b><\/td>\n<td style=\"width: 66.5647%\">\n<table class=\"table table-bordered\" style=\"height: 62px\" width=\"300\">\n<tbody>\n<tr>\n<td><i class=\"fa fa-times icon-tick icon-tick--off\"><\/i>Comidas y bebidas<\/td>\n<\/tr>\n<tr>\n<td><i class=\"fa fa-times icon-tick icon-tick--off\"><\/i>Ticket de ingreso al parque nacional <span style=\"font-weight: 400\">(Menores de 16 a\u00f1os y jubilados Argentinos exentos del pago del P.N.)<\/span><\/td>\n<\/tr>\n<tr>\n<td><span style=\"font-weight: 400\"><i class=\"fa fa-times icon-tick icon-tick--off\"><\/i>Traslado a puerto. Para quienes no tengan movilidad propia, aconsejamos reservar el servicio CON TRASLADO, ya que el puerto queda a 25 km de la ciudad. Desde puntos fijos (consultar ubicaciones)<\/span><\/td>\n<\/tr>\n<tr>\n<td><span style=\"font-weight: 400\"><i class=\"fa fa-times icon-tick icon-tick--off\"><\/i>Tasa de embarque.<\/span><span style=\"font-weight: 400\"><br \/>\n<\/span><\/td>\n<\/tr>\n<\/tbody>\n<\/table>\n<\/td>\n<\/tr>\n<\/tbody>\n<\/table>\n<p>&nbsp;<\/p>\n","protected":false},"excerpt":{"rendered":"<p>Navegaci\u00f3n por las cristalinas aguas del <strong>lago Nahuel Huapi<\/strong> hasta la milenaria <strong>Isla Victoria<\/strong> y el <strong>famoso bosque de Arrayanes<\/strong>.<\/p>\n","protected":false},"featured_media":5725,"comment_status":"open","ping_status":"closed","template":"","meta":{"_joinchat":null},"product_brand":[],"product_cat":[207],"product_tag":[],"class_list":{"0":"post-5045","1":"product","2":"type-product","3":"status-publish","4":"has-post-thumbnail","6":"product_cat-sin-categorizar","7":"pa_duracion-6-hs","8":"pa_edad-todas-las-edades","9":"pa_requerimiento-fisico-bajo","10":"pa_salidas-todo-el-ano","11":"tour_category-excursiones-desde-bariloche","12":"tour_category-patagonia","14":"first","15":"instock","16":"shipping-taxable","17":"purchasable","18":"product-type-tour","19":"has-default-attributes"},"yoast_head":"<!-- This site is optimized with the Yoast SEO Premium plugin v27.1 (Yoast SEO v27.1.1) - https:\/\/yoast.com\/product\/yoast-seo-premium-wordpress\/ -->\n<title>Isla Victoria y Bosque de Arrayanes - Dexotic<\/title>\n<meta name=\"description\" content=\"Navegaci\u00f3n por las cristalinas aguas del lago Nahuel Huapi hasta la milenaria Isla Victoria y el famoso bosque de Arrayanes.\" \/>\n<meta name=\"robots\" content=\"index, follow, max-snippet:-1, max-image-preview:large, max-video-preview:-1\" \/>\n<link rel=\"canonical\" href=\"https:\/\/dexotic.com\/en\/tours-in-argentina\/bariloche-isla-victoria-y-bosque-de-arrayanes\/\" \/>\n<meta property=\"og:locale\" content=\"en_US\" \/>\n<meta property=\"og:type\" content=\"article\" \/>\n<meta property=\"og:title\" content=\"Isla Victoria y Bosque de Arrayanes\" \/>\n<meta property=\"og:description\" content=\"Navegaci\u00f3n por las cristalinas aguas del lago Nahuel Huapi hasta la milenaria Isla Victoria y el famoso bosque de Arrayanes.\" \/>\n<meta property=\"og:url\" content=\"https:\/\/dexotic.com\/en\/tours-in-argentina\/bariloche-isla-victoria-y-bosque-de-arrayanes\/\" \/>\n<meta property=\"og:site_name\" content=\"Dexotic\" \/>\n<meta property=\"article:publisher\" content=\"https:\/\/www.facebook.com\/excursiones.noa\/\" \/>\n<meta property=\"article:modified_time\" content=\"2026-03-24T01:47:15+00:00\" \/>\n<meta property=\"og:image\" content=\"https:\/\/dexotic.com\/wp-content\/uploads\/2022\/01\/isla-victoria-bosque-arrayanes6.jpg\" \/>\n\t<meta property=\"og:image:width\" content=\"800\" \/>\n\t<meta property=\"og:image:height\" content=\"533\" \/>\n\t<meta property=\"og:image:type\" content=\"image\/jpeg\" \/>\n<meta name=\"twitter:card\" content=\"summary_large_image\" \/>\n<meta name=\"twitter:site\" content=\"@dexotic_ok\" \/>\n<meta name=\"twitter:label1\" content=\"Est. reading time\" \/>\n\t<meta name=\"twitter:data1\" content=\"4 minutes\" \/>\n<script type=\"application\/ld+json\" class=\"yoast-schema-graph\">{\"@context\":\"https:\/\/schema.org\",\"@graph\":[{\"@type\":[\"WebPage\",\"ItemPage\"],\"@id\":\"https:\/\/dexotic.com\/en\/tours-in-argentina\/bariloche-isla-victoria-y-bosque-de-arrayanes\/\",\"url\":\"https:\/\/dexotic.com\/en\/tours-in-argentina\/bariloche-isla-victoria-y-bosque-de-arrayanes\/\",\"name\":\"Isla Victoria y Bosque de Arrayanes - Dexotic\",\"isPartOf\":{\"@id\":\"https:\/\/dexotic.com\/en\/#website\"},\"primaryImageOfPage\":{\"@id\":\"https:\/\/dexotic.com\/en\/tours-in-argentina\/bariloche-isla-victoria-y-bosque-de-arrayanes\/#primaryimage\"},\"image\":{\"@id\":\"https:\/\/dexotic.com\/en\/tours-in-argentina\/bariloche-isla-victoria-y-bosque-de-arrayanes\/#primaryimage\"},\"thumbnailUrl\":\"https:\/\/dexotic.com\/wp-content\/uploads\/2022\/01\/isla-victoria-bosque-arrayanes5.jpg\",\"datePublished\":\"2022-01-25T19:59:29+00:00\",\"dateModified\":\"2026-03-24T01:47:15+00:00\",\"description\":\"Navegaci\u00f3n por las cristalinas aguas del lago Nahuel Huapi hasta la milenaria Isla Victoria y el famoso bosque de Arrayanes.\",\"breadcrumb\":{\"@id\":\"https:\/\/dexotic.com\/en\/tours-in-argentina\/bariloche-isla-victoria-y-bosque-de-arrayanes\/#breadcrumb\"},\"inLanguage\":\"en-US\",\"potentialAction\":[{\"@type\":\"ReadAction\",\"target\":[\"https:\/\/dexotic.com\/en\/tours-in-argentina\/bariloche-isla-victoria-y-bosque-de-arrayanes\/\"]}]},{\"@type\":\"ImageObject\",\"inLanguage\":\"en-US\",\"@id\":\"https:\/\/dexotic.com\/en\/tours-in-argentina\/bariloche-isla-victoria-y-bosque-de-arrayanes\/#primaryimage\",\"url\":\"https:\/\/dexotic.com\/wp-content\/uploads\/2022\/01\/isla-victoria-bosque-arrayanes5.jpg\",\"contentUrl\":\"https:\/\/dexotic.com\/wp-content\/uploads\/2022\/01\/isla-victoria-bosque-arrayanes5.jpg\",\"width\":800,\"height\":533,\"caption\":\"Isla Victoria y Bosque de Arrayanes\"},{\"@type\":\"BreadcrumbList\",\"@id\":\"https:\/\/dexotic.com\/en\/tours-in-argentina\/bariloche-isla-victoria-y-bosque-de-arrayanes\/#breadcrumb\",\"itemListElement\":[{\"@type\":\"ListItem\",\"position\":1,\"name\":\"Portada\",\"item\":\"https:\/\/dexotic.com\/en\/\"},{\"@type\":\"ListItem\",\"position\":2,\"name\":\"Shop\",\"item\":\"https:\/\/dexotic.com\/en\/shop\/\"},{\"@type\":\"ListItem\",\"position\":3,\"name\":\"Isla Victoria y Bosque de Arrayanes\"}]},{\"@type\":\"WebSite\",\"@id\":\"https:\/\/dexotic.com\/en\/#website\",\"url\":\"https:\/\/dexotic.com\/en\/\",\"name\":\"Dexotic\",\"description\":\"Excursiones en Salta, Jujuy y Patagonia Argentina\",\"potentialAction\":[{\"@type\":\"SearchAction\",\"target\":{\"@type\":\"EntryPoint\",\"urlTemplate\":\"https:\/\/dexotic.com\/en\/?s={search_term_string}\"},\"query-input\":{\"@type\":\"PropertyValueSpecification\",\"valueRequired\":true,\"valueName\":\"search_term_string\"}}],\"inLanguage\":\"en-US\"}]}<\/script>\n<!-- \/ Yoast SEO Premium plugin. -->","yoast_head_json":{"title":"Isla Victoria y Bosque de Arrayanes - Dexotic","description":"Navegaci\u00f3n por las cristalinas aguas del lago Nahuel Huapi hasta la milenaria Isla Victoria y el famoso bosque de Arrayanes.","robots":{"index":"index","follow":"follow","max-snippet":"max-snippet:-1","max-image-preview":"max-image-preview:large","max-video-preview":"max-video-preview:-1"},"canonical":"https:\/\/dexotic.com\/en\/tours-in-argentina\/bariloche-isla-victoria-y-bosque-de-arrayanes\/","og_locale":"en_US","og_type":"article","og_title":"Isla Victoria y Bosque de Arrayanes","og_description":"Navegaci\u00f3n por las cristalinas aguas del lago Nahuel Huapi hasta la milenaria Isla Victoria y el famoso bosque de Arrayanes.","og_url":"https:\/\/dexotic.com\/en\/tours-in-argentina\/bariloche-isla-victoria-y-bosque-de-arrayanes\/","og_site_name":"Dexotic","article_publisher":"https:\/\/www.facebook.com\/excursiones.noa\/","article_modified_time":"2026-03-24T01:47:15+00:00","og_image":[{"width":800,"height":533,"url":"https:\/\/dexotic.com\/wp-content\/uploads\/2022\/01\/isla-victoria-bosque-arrayanes6.jpg","type":"image\/jpeg"}],"twitter_card":"summary_large_image","twitter_site":"@dexotic_ok","twitter_misc":{"Est. reading time":"4 minutes"},"schema":{"@context":"https:\/\/schema.org","@graph":[{"@type":["WebPage","ItemPage"],"@id":"https:\/\/dexotic.com\/en\/tours-in-argentina\/bariloche-isla-victoria-y-bosque-de-arrayanes\/","url":"https:\/\/dexotic.com\/en\/tours-in-argentina\/bariloche-isla-victoria-y-bosque-de-arrayanes\/","name":"Isla Victoria y Bosque de Arrayanes - Dexotic","isPartOf":{"@id":"https:\/\/dexotic.com\/en\/#website"},"primaryImageOfPage":{"@id":"https:\/\/dexotic.com\/en\/tours-in-argentina\/bariloche-isla-victoria-y-bosque-de-arrayanes\/#primaryimage"},"image":{"@id":"https:\/\/dexotic.com\/en\/tours-in-argentina\/bariloche-isla-victoria-y-bosque-de-arrayanes\/#primaryimage"},"thumbnailUrl":"https:\/\/dexotic.com\/wp-content\/uploads\/2022\/01\/isla-victoria-bosque-arrayanes5.jpg","datePublished":"2022-01-25T19:59:29+00:00","dateModified":"2026-03-24T01:47:15+00:00","description":"Navegaci\u00f3n por las cristalinas aguas del lago Nahuel Huapi hasta la milenaria Isla Victoria y el famoso bosque de Arrayanes.","breadcrumb":{"@id":"https:\/\/dexotic.com\/en\/tours-in-argentina\/bariloche-isla-victoria-y-bosque-de-arrayanes\/#breadcrumb"},"inLanguage":"en-US","potentialAction":[{"@type":"ReadAction","target":["https:\/\/dexotic.com\/en\/tours-in-argentina\/bariloche-isla-victoria-y-bosque-de-arrayanes\/"]}]},{"@type":"ImageObject","inLanguage":"en-US","@id":"https:\/\/dexotic.com\/en\/tours-in-argentina\/bariloche-isla-victoria-y-bosque-de-arrayanes\/#primaryimage","url":"https:\/\/dexotic.com\/wp-content\/uploads\/2022\/01\/isla-victoria-bosque-arrayanes5.jpg","contentUrl":"https:\/\/dexotic.com\/wp-content\/uploads\/2022\/01\/isla-victoria-bosque-arrayanes5.jpg","width":800,"height":533,"caption":"Isla Victoria y Bosque de Arrayanes"},{"@type":"BreadcrumbList","@id":"https:\/\/dexotic.com\/en\/tours-in-argentina\/bariloche-isla-victoria-y-bosque-de-arrayanes\/#breadcrumb","itemListElement":[{"@type":"ListItem","position":1,"name":"Portada","item":"https:\/\/dexotic.com\/en\/"},{"@type":"ListItem","position":2,"name":"Shop","item":"https:\/\/dexotic.com\/en\/shop\/"},{"@type":"ListItem","position":3,"name":"Isla Victoria y Bosque de Arrayanes"}]},{"@type":"WebSite","@id":"https:\/\/dexotic.com\/en\/#website","url":"https:\/\/dexotic.com\/en\/","name":"Dexotic","description":"Excursiones en Salta, Jujuy y Patagonia Argentina","potentialAction":[{"@type":"SearchAction","target":{"@type":"EntryPoint","urlTemplate":"https:\/\/dexotic.com\/en\/?s={search_term_string}"},"query-input":{"@type":"PropertyValueSpecification","valueRequired":true,"valueName":"search_term_string"}}],"inLanguage":"en-US"}]}},"_links":{"self":[{"href":"https:\/\/dexotic.com\/en\/wp-json\/wp\/v2\/product\/5045","targetHints":{"allow":["GET"]}}],"collection":[{"href":"https:\/\/dexotic.com\/en\/wp-json\/wp\/v2\/product"}],"about":[{"href":"https:\/\/dexotic.com\/en\/wp-json\/wp\/v2\/types\/product"}],"replies":[{"embeddable":true,"href":"https:\/\/dexotic.com\/en\/wp-json\/wp\/v2\/comments?post=5045"}],"wp:featuredmedia":[{"embeddable":true,"href":"https:\/\/dexotic.com\/en\/wp-json\/wp\/v2\/media\/5725"}],"wp:attachment":[{"href":"https:\/\/dexotic.com\/en\/wp-json\/wp\/v2\/media?parent=5045"}],"wp:term":[{"taxonomy":"product_brand","embeddable":true,"href":"https:\/\/dexotic.com\/en\/wp-json\/wp\/v2\/product_brand?post=5045"},{"taxonomy":"product_cat","embeddable":true,"href":"https:\/\/dexotic.com\/en\/wp-json\/wp\/v2\/product_cat?post=5045"},{"taxonomy":"product_tag","embeddable":true,"href":"https:\/\/dexotic.com\/en\/wp-json\/wp\/v2\/product_tag?post=5045"}],"curies":[{"name":"wp","href":"https:\/\/api.w.org\/{rel}","templated":true}]}}