{"id":5044,"date":"2022-01-22T23:50:07","date_gmt":"2022-01-23T02:50:07","guid":{"rendered":"http:\/\/dexotic.com\/?post_type=product&#038;p=5044"},"modified":"2026-03-23T22:48:27","modified_gmt":"2026-03-24T01:48:27","slug":"bariloche-el-bolson","status":"publish","type":"product","link":"https:\/\/dexotic.com\/en\/tours-in-argentina\/bariloche-el-bolson\/","title":{"rendered":"El Bols\u00f3n"},"content":{"rendered":"<p>Ubicada a orillas del <strong>r\u00edo Quemquemtreu<\/strong> y al pie del <strong>cerro Piltriquitr\u00f3n<\/strong>, <strong>El Bols\u00f3n es el centro urbano m\u00e1s importante de la Comarca Andina del Paralelo 42<\/strong>.<\/p>\n<p>Durante el trayecto el camino bordea los Lagos Guti\u00e9rrez, Mascardi, etc. y cruza los R\u00edos Villegas, Foyel y Quemquentreu.<a href=\"http:\/\/dexotic.com\/wp-content\/uploads\/2022\/01\/el-bolson-06.jpg\"><img decoding=\"async\" class=\"size-medium wp-image-5598 alignright\" src=\"http:\/\/dexotic.com\/wp-content\/uploads\/2022\/01\/el-bolson-06-300x200.jpg\" alt=\"El Bols\u00f3n\" width=\"300\" height=\"200\" srcset=\"https:\/\/dexotic.com\/wp-content\/uploads\/2022\/01\/el-bolson-06-300x200.jpg 300w, https:\/\/dexotic.com\/wp-content\/uploads\/2022\/01\/el-bolson-06-768x512.jpg 768w, https:\/\/dexotic.com\/wp-content\/uploads\/2022\/01\/el-bolson-06-531x354.jpg 531w, https:\/\/dexotic.com\/wp-content\/uploads\/2022\/01\/el-bolson-06-600x400.jpg 600w, https:\/\/dexotic.com\/wp-content\/uploads\/2022\/01\/el-bolson-06-180x120.jpg 180w, https:\/\/dexotic.com\/wp-content\/uploads\/2022\/01\/el-bolson-06-135x90.jpg 135w, https:\/\/dexotic.com\/wp-content\/uploads\/2022\/01\/el-bolson-06.jpg 800w\" sizes=\"(max-width: 300px) 100vw, 300px\" \/><\/a><\/p>\n<p>El perfecto paisaje que la rodea se complementa con chacras destinadas a la plantaci\u00f3n de fruta fina y l\u00fapulo, producci\u00f3n de dulces caseros, f\u00e1bricas de cerveza de originales sabores, criaderos de truchas y la <strong>feria artesanal<\/strong>, famosa por la calidad de los productos que all\u00ed se ofrecen a la venta.<\/p>\n<p>La misma re\u00fane una cantidad enorme de productores locales y se realiza en la <strong>Plaza Pagano<\/strong>, plaza principal de la ciudad.<\/p>\n<p>Aqu\u00ed se podr\u00e1n adquirir frutas finas de la regi\u00f3n, dulces, artesan\u00edas en plata y alpaca, as\u00ed como tambi\u00e9n los famosos quesos y la cerveza artesanal, entre otros.<\/p>\n<p>Aproximadamente 16.30 horas emprenderemos el regreso a la <a href=\"https:\/\/dexotic.com\/en\/tours-in-argentina\/bariloche-circuito-chico\/\">ciudad de Bariloche<\/a>.<\/p>\n<table class=\"table table-bordered tours-tabs__table\" style=\"height: 233px;width: 87.3848%\" width=\"862\">\n<tbody>\n<tr>\n<td style=\"width: 32.627%\"><strong>LUGAR DE SALIDA Y REGRESO<\/strong><\/td>\n<td style=\"width: 66.5647%\"><span style=\"font-weight: 400\">Hoteles del radio c\u00e9ntrico <\/span><span style=\"font-weight: 400\">o localizados por Av. Bustillo hasta el KM 2<\/span><span style=\"font-weight: 400\"> (consultar otra ubicaci\u00f3n)<\/span><\/td>\n<\/tr>\n<tr>\n<td style=\"width: 32.627%\"><strong>HORARIO DE SALIDA<\/strong><\/td>\n<td style=\"width: 66.5647%\">A partir de las 8:30 am.<\/td>\n<\/tr>\n<tr>\n<td style=\"width: 32.627%\"><strong>HORARIO DE REGRESO<\/strong><\/td>\n<td style=\"width: 66.5647%\">A partir de las 18:00 hs..<\/td>\n<\/tr>\n<tr>\n<td style=\"width: 32.627%\"><b>VESTIMENTA RECOMENDADA<\/b><\/td>\n<td style=\"width: 66.5647%\"><span style=\"font-weight: 400\">Abrigo. Zapatos o zapatillas impermeables con buena tracci\u00f3n. Sombrero o gorro. Anteojos de sol. Protector solar<\/span><\/td>\n<\/tr>\n<tr>\n<td style=\"width: 32.627%\"><strong>INCLUIDO<\/strong><\/td>\n<td style=\"width: 66.5647%\">\n<table class=\"table table-bordered\" style=\"height: 62px\" width=\"300\">\n<tbody>\n<tr>\n<td><i class=\"fa fa-check icon-tick icon-tick--on\"><\/i>Traslados<\/td>\n<td><i class=\"fa fa-check icon-tick icon-tick--on\"><\/i>Gu\u00eda biling\u00fce<\/td>\n<\/tr>\n<tr>\n<td><i class=\"fa fa-check icon-tick icon-tick--on\"><\/i>Seguros<\/td>\n<td><i class=\"fa fa-check icon-tick icon-tick--on\"><\/i>B\u00fasqueda por alojamiento c\u00e9ntrico<\/td>\n<\/tr>\n<\/tbody>\n<\/table>\n<\/td>\n<\/tr>\n<tr>\n<td style=\"width: 32.627%\"><b>NO INCLUIDO<\/b><\/td>\n<td style=\"width: 66.5647%\">\n<table class=\"table table-bordered\" style=\"height: 62px\" width=\"300\">\n<tbody>\n<tr>\n<td><i class=\"fa fa-times icon-tick icon-tick--off\"><\/i>Comidas y bebidas<\/td>\n<\/tr>\n<tr>\n<td><i class=\"fa fa-times icon-tick icon-tick--off\"><\/i>Ticket de ingreso al parque nacional<\/td>\n<\/tr>\n<\/tbody>\n<\/table>\n<\/td>\n<\/tr>\n<\/tbody>\n<\/table>\n<p>&nbsp;<\/p>\n","protected":false},"excerpt":{"rendered":"<p>El Bols\u00f3n es una localidad argentina situada en la provincia de R\u00edo Negro, en el norte de la Patagonia.<\/p>\n","protected":false},"featured_media":5596,"comment_status":"open","ping_status":"closed","template":"","meta":{"_joinchat":{"message_text":"El Bols\u00f3n es una hermosa localidad que se llega desde Bariloche.\nEscribinos por cualquier consulta que tengas! Estamos para asesorarte!"}},"product_brand":[],"product_cat":[207],"product_tag":[],"class_list":{"0":"post-5044","1":"product","2":"type-product","3":"status-publish","4":"has-post-thumbnail","6":"product_cat-sin-categorizar","7":"pa_duracion-10-hs","8":"pa_edad-todas-las-edades","9":"pa_requerimiento-fisico-bajo","10":"pa_salidas-jueves-y-sabados","11":"pa_salidas-todo-el-ano","12":"tour_category-excursiones-desde-bariloche","13":"tour_category-patagonia","15":"first","16":"instock","17":"shipping-taxable","18":"purchasable","19":"product-type-tour","20":"has-default-attributes"},"yoast_head":"<!-- This site is optimized with the Yoast SEO Premium plugin v27.1 (Yoast SEO v27.1.1) - https:\/\/yoast.com\/product\/yoast-seo-premium-wordpress\/ -->\n<title>El Bols\u00f3n desde Bariloche - Salidas Jueves y S\u00e1bados - Dexotic<\/title>\n<meta name=\"description\" content=\"El Bols\u00f3n es el centro urbano m\u00e1s importante de la Comarca Andina del Paralelo 42.\" \/>\n<meta name=\"robots\" content=\"index, follow, max-snippet:-1, max-image-preview:large, max-video-preview:-1\" \/>\n<link rel=\"canonical\" href=\"https:\/\/dexotic.com\/en\/tours-in-argentina\/bariloche-el-bolson\/\" \/>\n<meta property=\"og:locale\" content=\"en_US\" \/>\n<meta property=\"og:type\" content=\"article\" \/>\n<meta property=\"og:title\" content=\"El Bols\u00f3n\" \/>\n<meta property=\"og:description\" content=\"El Bols\u00f3n es el centro urbano m\u00e1s importante de la Comarca Andina del Paralelo 42.\" \/>\n<meta property=\"og:url\" content=\"https:\/\/dexotic.com\/en\/tours-in-argentina\/bariloche-el-bolson\/\" \/>\n<meta property=\"og:site_name\" content=\"Dexotic\" \/>\n<meta property=\"article:publisher\" content=\"https:\/\/www.facebook.com\/excursiones.noa\/\" \/>\n<meta property=\"article:modified_time\" content=\"2026-03-24T01:48:27+00:00\" \/>\n<meta property=\"og:image\" content=\"https:\/\/dexotic.com\/wp-content\/uploads\/2022\/01\/el-bolson-05.jpg\" \/>\n\t<meta property=\"og:image:width\" content=\"800\" \/>\n\t<meta property=\"og:image:height\" content=\"533\" \/>\n\t<meta property=\"og:image:type\" content=\"image\/jpeg\" \/>\n<meta name=\"twitter:card\" content=\"summary_large_image\" \/>\n<meta name=\"twitter:site\" content=\"@dexotic_ok\" \/>\n<meta name=\"twitter:label1\" content=\"Est. reading time\" \/>\n\t<meta name=\"twitter:data1\" content=\"3 minutes\" \/>\n<script type=\"application\/ld+json\" class=\"yoast-schema-graph\">{\"@context\":\"https:\/\/schema.org\",\"@graph\":[{\"@type\":[\"WebPage\",\"ItemPage\"],\"@id\":\"https:\/\/dexotic.com\/en\/tours-in-argentina\/bariloche-el-bolson\/\",\"url\":\"https:\/\/dexotic.com\/en\/tours-in-argentina\/bariloche-el-bolson\/\",\"name\":\"El Bols\u00f3n desde Bariloche - Salidas Jueves y S\u00e1bados - Dexotic\",\"isPartOf\":{\"@id\":\"https:\/\/dexotic.com\/en\/#website\"},\"primaryImageOfPage\":{\"@id\":\"https:\/\/dexotic.com\/en\/tours-in-argentina\/bariloche-el-bolson\/#primaryimage\"},\"image\":{\"@id\":\"https:\/\/dexotic.com\/en\/tours-in-argentina\/bariloche-el-bolson\/#primaryimage\"},\"thumbnailUrl\":\"https:\/\/dexotic.com\/wp-content\/uploads\/2022\/01\/el-bolson-05.jpg\",\"datePublished\":\"2022-01-23T02:50:07+00:00\",\"dateModified\":\"2026-03-24T01:48:27+00:00\",\"description\":\"El Bols\u00f3n es el centro urbano m\u00e1s importante de la Comarca Andina del Paralelo 42.\",\"breadcrumb\":{\"@id\":\"https:\/\/dexotic.com\/en\/tours-in-argentina\/bariloche-el-bolson\/#breadcrumb\"},\"inLanguage\":\"en-US\",\"potentialAction\":[{\"@type\":\"ReadAction\",\"target\":[\"https:\/\/dexotic.com\/en\/tours-in-argentina\/bariloche-el-bolson\/\"]}]},{\"@type\":\"ImageObject\",\"inLanguage\":\"en-US\",\"@id\":\"https:\/\/dexotic.com\/en\/tours-in-argentina\/bariloche-el-bolson\/#primaryimage\",\"url\":\"https:\/\/dexotic.com\/wp-content\/uploads\/2022\/01\/el-bolson-05.jpg\",\"contentUrl\":\"https:\/\/dexotic.com\/wp-content\/uploads\/2022\/01\/el-bolson-05.jpg\",\"width\":800,\"height\":533,\"caption\":\"El Bols\u00f3n\"},{\"@type\":\"BreadcrumbList\",\"@id\":\"https:\/\/dexotic.com\/en\/tours-in-argentina\/bariloche-el-bolson\/#breadcrumb\",\"itemListElement\":[{\"@type\":\"ListItem\",\"position\":1,\"name\":\"Portada\",\"item\":\"https:\/\/dexotic.com\/en\/\"},{\"@type\":\"ListItem\",\"position\":2,\"name\":\"Shop\",\"item\":\"https:\/\/dexotic.com\/en\/shop\/\"},{\"@type\":\"ListItem\",\"position\":3,\"name\":\"El Bols\u00f3n\"}]},{\"@type\":\"WebSite\",\"@id\":\"https:\/\/dexotic.com\/en\/#website\",\"url\":\"https:\/\/dexotic.com\/en\/\",\"name\":\"Dexotic\",\"description\":\"Excursiones en Salta, Jujuy y Patagonia Argentina\",\"potentialAction\":[{\"@type\":\"SearchAction\",\"target\":{\"@type\":\"EntryPoint\",\"urlTemplate\":\"https:\/\/dexotic.com\/en\/?s={search_term_string}\"},\"query-input\":{\"@type\":\"PropertyValueSpecification\",\"valueRequired\":true,\"valueName\":\"search_term_string\"}}],\"inLanguage\":\"en-US\"}]}<\/script>\n<!-- \/ Yoast SEO Premium plugin. -->","yoast_head_json":{"title":"El Bols\u00f3n desde Bariloche - Salidas Jueves y S\u00e1bados - Dexotic","description":"El Bols\u00f3n es el centro urbano m\u00e1s importante de la Comarca Andina del Paralelo 42.","robots":{"index":"index","follow":"follow","max-snippet":"max-snippet:-1","max-image-preview":"max-image-preview:large","max-video-preview":"max-video-preview:-1"},"canonical":"https:\/\/dexotic.com\/en\/tours-in-argentina\/bariloche-el-bolson\/","og_locale":"en_US","og_type":"article","og_title":"El Bols\u00f3n","og_description":"El Bols\u00f3n es el centro urbano m\u00e1s importante de la Comarca Andina del Paralelo 42.","og_url":"https:\/\/dexotic.com\/en\/tours-in-argentina\/bariloche-el-bolson\/","og_site_name":"Dexotic","article_publisher":"https:\/\/www.facebook.com\/excursiones.noa\/","article_modified_time":"2026-03-24T01:48:27+00:00","og_image":[{"width":800,"height":533,"url":"https:\/\/dexotic.com\/wp-content\/uploads\/2022\/01\/el-bolson-05.jpg","type":"image\/jpeg"}],"twitter_card":"summary_large_image","twitter_site":"@dexotic_ok","twitter_misc":{"Est. reading time":"3 minutes"},"schema":{"@context":"https:\/\/schema.org","@graph":[{"@type":["WebPage","ItemPage"],"@id":"https:\/\/dexotic.com\/en\/tours-in-argentina\/bariloche-el-bolson\/","url":"https:\/\/dexotic.com\/en\/tours-in-argentina\/bariloche-el-bolson\/","name":"El Bols\u00f3n desde Bariloche - Salidas Jueves y S\u00e1bados - Dexotic","isPartOf":{"@id":"https:\/\/dexotic.com\/en\/#website"},"primaryImageOfPage":{"@id":"https:\/\/dexotic.com\/en\/tours-in-argentina\/bariloche-el-bolson\/#primaryimage"},"image":{"@id":"https:\/\/dexotic.com\/en\/tours-in-argentina\/bariloche-el-bolson\/#primaryimage"},"thumbnailUrl":"https:\/\/dexotic.com\/wp-content\/uploads\/2022\/01\/el-bolson-05.jpg","datePublished":"2022-01-23T02:50:07+00:00","dateModified":"2026-03-24T01:48:27+00:00","description":"El Bols\u00f3n es el centro urbano m\u00e1s importante de la Comarca Andina del Paralelo 42.","breadcrumb":{"@id":"https:\/\/dexotic.com\/en\/tours-in-argentina\/bariloche-el-bolson\/#breadcrumb"},"inLanguage":"en-US","potentialAction":[{"@type":"ReadAction","target":["https:\/\/dexotic.com\/en\/tours-in-argentina\/bariloche-el-bolson\/"]}]},{"@type":"ImageObject","inLanguage":"en-US","@id":"https:\/\/dexotic.com\/en\/tours-in-argentina\/bariloche-el-bolson\/#primaryimage","url":"https:\/\/dexotic.com\/wp-content\/uploads\/2022\/01\/el-bolson-05.jpg","contentUrl":"https:\/\/dexotic.com\/wp-content\/uploads\/2022\/01\/el-bolson-05.jpg","width":800,"height":533,"caption":"El Bols\u00f3n"},{"@type":"BreadcrumbList","@id":"https:\/\/dexotic.com\/en\/tours-in-argentina\/bariloche-el-bolson\/#breadcrumb","itemListElement":[{"@type":"ListItem","position":1,"name":"Portada","item":"https:\/\/dexotic.com\/en\/"},{"@type":"ListItem","position":2,"name":"Shop","item":"https:\/\/dexotic.com\/en\/shop\/"},{"@type":"ListItem","position":3,"name":"El Bols\u00f3n"}]},{"@type":"WebSite","@id":"https:\/\/dexotic.com\/en\/#website","url":"https:\/\/dexotic.com\/en\/","name":"Dexotic","description":"Excursiones en Salta, Jujuy y Patagonia Argentina","potentialAction":[{"@type":"SearchAction","target":{"@type":"EntryPoint","urlTemplate":"https:\/\/dexotic.com\/en\/?s={search_term_string}"},"query-input":{"@type":"PropertyValueSpecification","valueRequired":true,"valueName":"search_term_string"}}],"inLanguage":"en-US"}]}},"_links":{"self":[{"href":"https:\/\/dexotic.com\/en\/wp-json\/wp\/v2\/product\/5044","targetHints":{"allow":["GET"]}}],"collection":[{"href":"https:\/\/dexotic.com\/en\/wp-json\/wp\/v2\/product"}],"about":[{"href":"https:\/\/dexotic.com\/en\/wp-json\/wp\/v2\/types\/product"}],"replies":[{"embeddable":true,"href":"https:\/\/dexotic.com\/en\/wp-json\/wp\/v2\/comments?post=5044"}],"wp:featuredmedia":[{"embeddable":true,"href":"https:\/\/dexotic.com\/en\/wp-json\/wp\/v2\/media\/5596"}],"wp:attachment":[{"href":"https:\/\/dexotic.com\/en\/wp-json\/wp\/v2\/media?parent=5044"}],"wp:term":[{"taxonomy":"product_brand","embeddable":true,"href":"https:\/\/dexotic.com\/en\/wp-json\/wp\/v2\/product_brand?post=5044"},{"taxonomy":"product_cat","embeddable":true,"href":"https:\/\/dexotic.com\/en\/wp-json\/wp\/v2\/product_cat?post=5044"},{"taxonomy":"product_tag","embeddable":true,"href":"https:\/\/dexotic.com\/en\/wp-json\/wp\/v2\/product_tag?post=5044"}],"curies":[{"name":"wp","href":"https:\/\/api.w.org\/{rel}","templated":true}]}}