{"id":5043,"date":"2022-01-23T19:13:15","date_gmt":"2022-01-23T22:13:15","guid":{"rendered":"http:\/\/dexotic.com\/?post_type=product&#038;p=5043"},"modified":"2026-03-23T22:46:56","modified_gmt":"2026-03-24T01:46:56","slug":"bariloche-cerro-tronador-y-ventisquero-negro","status":"publish","type":"product","link":"https:\/\/dexotic.com\/en\/tours-in-argentina\/bariloche-cerro-tronador-y-ventisquero-negro\/","title":{"rendered":"Cerro Tronador y Ventisquero Negro"},"content":{"rendered":"<p>Disfrutaremos de la incre\u00edble experiencia de encontrarnos en el coraz\u00f3n de la m\u00edtica <strong>Cordillera de los Andes<\/strong>, donde el <strong>cerro Tronador<\/strong> estar\u00e1 esper\u00e1ndonos.<a href=\"http:\/\/dexotic.com\/wp-content\/uploads\/2022\/01\/bariloche-cerro-tronador-3.jpg\"><img decoding=\"async\" class=\"size-medium wp-image-5621 alignright\" src=\"http:\/\/dexotic.com\/wp-content\/uploads\/2022\/01\/bariloche-cerro-tronador-3-300x200.jpg\" alt=\"Cerro Tronador\" width=\"300\" height=\"200\" srcset=\"https:\/\/dexotic.com\/wp-content\/uploads\/2022\/01\/bariloche-cerro-tronador-3-300x200.jpg 300w, https:\/\/dexotic.com\/wp-content\/uploads\/2022\/01\/bariloche-cerro-tronador-3-768x512.jpg 768w, https:\/\/dexotic.com\/wp-content\/uploads\/2022\/01\/bariloche-cerro-tronador-3-531x354.jpg 531w, https:\/\/dexotic.com\/wp-content\/uploads\/2022\/01\/bariloche-cerro-tronador-3-600x400.jpg 600w, https:\/\/dexotic.com\/wp-content\/uploads\/2022\/01\/bariloche-cerro-tronador-3-180x120.jpg 180w, https:\/\/dexotic.com\/wp-content\/uploads\/2022\/01\/bariloche-cerro-tronador-3-135x90.jpg 135w, https:\/\/dexotic.com\/wp-content\/uploads\/2022\/01\/bariloche-cerro-tronador-3.jpg 800w\" sizes=\"(max-width: 300px) 100vw, 300px\" \/><\/a><\/p>\n<p>La monta\u00f1a m\u00e1s alta del <strong>Parque Nacional Nahuel Huapi<\/strong>, de 3478 metros, despliega a sus pies una impresionante lengua glaciaria cubierta por cenizas volc\u00e1nicas, lo que da al hielo su particular color negro.<\/p>\n<p>Recorriendo las m\u00e1rgenes de los <strong>lagos Guti\u00e9rrez y Mascardi<\/strong> y atravesando el puente del r\u00edo Manso se llega a <strong>Pampa Linda<\/strong>, parada obligada para el almuerzo (opcional, no incluido).<\/p>\n<p>Cascadas y vertientes son el deleite de quienes hasta aqu\u00ed llegan.<\/p>\n<p>Hacia el final del camino arribamos al pie del cerro m\u00e1s alto del Parque Nacional, caracterizado por el sonido producido por el rompimiento y desprendimiento de los glaciares alojados en sus cumbres.<\/p>\n<p>Desde este punto se aprecia el <strong>Glaciar R\u00edo Manso<\/strong>, com\u00fanmente llamado <strong>&#8220;Ventisquero Negro&#8221;<\/strong> llegando as\u00ed al final del recorrido para luego emprender el regreso hacia <a href=\"https:\/\/dexotic.com\/en\/cat\/tours-from-bariloche\/\">Bariloche<\/a>.<\/p>\n<table class=\"table table-bordered tours-tabs__table\" style=\"height: 233px;width: 87.3848%\" width=\"862\">\n<tbody>\n<tr>\n<td style=\"width: 32.627%\"><strong>LUGAR DE SALIDA Y REGRESO<\/strong><\/td>\n<td style=\"width: 66.5647%\"><span style=\"font-weight: 400\">Hoteles dentro del radio c\u00e9ntrico <\/span><span style=\"font-weight: 400\">o localizados por Av. Bustillo hasta el KM 2<\/span><span style=\"font-weight: 400\"> (consultar otra ubicaci\u00f3n)<\/span><\/td>\n<\/tr>\n<tr>\n<td style=\"width: 32.627%\"><strong>HORARIO DE SALIDA<\/strong><\/td>\n<td style=\"width: 66.5647%\">A partir de las 9:00 hs.<\/td>\n<\/tr>\n<tr>\n<td style=\"width: 32.627%\"><strong>HORARIO DE REGRESO<\/strong><\/td>\n<td style=\"width: 66.5647%\">A partir de las 18:30 hs.<\/td>\n<\/tr>\n<tr>\n<td style=\"width: 32.627%\"><b>VESTIMENTA RECOMENDADA<\/b><\/td>\n<td style=\"width: 66.5647%\"><span style=\"font-weight: 400\">Abrigo. Zapatos o zapatillas impermeables con buena tracci\u00f3n. Sombrero o gorro. Anteojos de sol. Protector solar<\/span><\/td>\n<\/tr>\n<tr>\n<td style=\"width: 32.627%\"><strong>INCLUIDO<\/strong><\/td>\n<td style=\"width: 66.5647%\">\n<table class=\"table table-bordered\" style=\"height: 62px\" width=\"300\">\n<tbody>\n<tr>\n<td><i class=\"fa fa-check icon-tick icon-tick--on\"><\/i>Traslados<\/td>\n<td><i class=\"fa fa-check icon-tick icon-tick--on\"><\/i>Gu\u00eda<\/td>\n<\/tr>\n<tr>\n<td><i class=\"fa fa-check icon-tick icon-tick--on\"><\/i>Seguros<\/td>\n<td><i class=\"fa fa-check icon-tick icon-tick--on\"><\/i>B\u00fasqueda por alojamientos c\u00e9ntricos<\/td>\n<\/tr>\n<\/tbody>\n<\/table>\n<\/td>\n<\/tr>\n<tr>\n<td style=\"width: 32.627%\"><b>NO INCLUIDO<\/b><\/td>\n<td style=\"width: 66.5647%\">\n<table class=\"table table-bordered\" style=\"height: 62px\" width=\"300\">\n<tbody>\n<tr>\n<td><i class=\"fa fa-times icon-tick icon-tick--off\"><\/i>Comidas y bebidas<\/td>\n<\/tr>\n<tr>\n<td><i class=\"fa fa-times icon-tick icon-tick--off\"><\/i>Ticket de ingreso al parque nacional Nahuel Huapi<\/td>\n<\/tr>\n<tr>\n<td><i class=\"fa fa-times icon-tick icon-tick--off\"><\/i>Tasas: impuesto de parques nacionales. Deber\u00e1s pagar aproximadamente $ 350 por persona<\/td>\n<\/tr>\n<\/tbody>\n<\/table>\n<\/td>\n<\/tr>\n<\/tbody>\n<\/table>\n<p>&nbsp;<\/p>\n","protected":false},"excerpt":{"rendered":"<p>Conoc\u00e9 el \u00fanico Cerro en Bariloche que permanece blanco durante todo el a\u00f1o debido a los glaciares que posee en su cumbre.<\/p>\n","protected":false},"featured_media":5623,"comment_status":"open","ping_status":"closed","template":"","meta":{"_joinchat":null},"product_brand":[],"product_cat":[207],"product_tag":[],"class_list":{"0":"post-5043","1":"product","2":"type-product","3":"status-publish","4":"has-post-thumbnail","6":"product_cat-sin-categorizar","7":"pa_duracion-10-hs","8":"pa_edad-todas-las-edades","9":"pa_requerimiento-fisico-bajo","10":"pa_salidas-todo-el-ano","11":"tour_category-excursiones-desde-bariloche","12":"tour_category-patagonia","14":"first","15":"instock","16":"shipping-taxable","17":"purchasable","18":"product-type-tour","19":"has-default-attributes"},"yoast_head":"<!-- This site is optimized with the Yoast SEO Premium plugin v27.1 (Yoast SEO v27.1.1) - https:\/\/yoast.com\/product\/yoast-seo-premium-wordpress\/ -->\n<title>Cerro Tronador y Ventisquero Negro - Dexotic<\/title>\n<meta name=\"robots\" content=\"index, follow, max-snippet:-1, max-image-preview:large, max-video-preview:-1\" \/>\n<link rel=\"canonical\" href=\"https:\/\/dexotic.com\/en\/tours-in-argentina\/bariloche-cerro-tronador-y-ventisquero-negro\/\" \/>\n<meta property=\"og:locale\" content=\"en_US\" \/>\n<meta property=\"og:type\" content=\"article\" \/>\n<meta property=\"og:title\" content=\"Cerro Tronador y Ventisquero Negro\" \/>\n<meta property=\"og:description\" content=\"Conoc\u00e9 el \u00fanico Cerro en Bariloche que permanece blanco durante todo el a\u00f1o debido a los glaciares que posee en su cumbre.\" \/>\n<meta property=\"og:url\" content=\"https:\/\/dexotic.com\/en\/tours-in-argentina\/bariloche-cerro-tronador-y-ventisquero-negro\/\" \/>\n<meta property=\"og:site_name\" content=\"Dexotic\" \/>\n<meta property=\"article:publisher\" content=\"https:\/\/www.facebook.com\/excursiones.noa\/\" \/>\n<meta property=\"article:modified_time\" content=\"2026-03-24T01:46:56+00:00\" \/>\n<meta property=\"og:image\" content=\"https:\/\/dexotic.com\/wp-content\/uploads\/2022\/01\/bariloche-cerro-tronador2.jpg\" \/>\n\t<meta property=\"og:image:width\" content=\"800\" \/>\n\t<meta property=\"og:image:height\" content=\"533\" \/>\n\t<meta property=\"og:image:type\" content=\"image\/jpeg\" \/>\n<meta name=\"twitter:card\" content=\"summary_large_image\" \/>\n<meta name=\"twitter:site\" content=\"@dexotic_ok\" \/>\n<meta name=\"twitter:label1\" content=\"Est. reading time\" \/>\n\t<meta name=\"twitter:data1\" content=\"4 minutes\" \/>\n<script type=\"application\/ld+json\" class=\"yoast-schema-graph\">{\"@context\":\"https:\/\/schema.org\",\"@graph\":[{\"@type\":[\"WebPage\",\"ItemPage\"],\"@id\":\"https:\/\/dexotic.com\/en\/tours-in-argentina\/bariloche-cerro-tronador-y-ventisquero-negro\/\",\"url\":\"https:\/\/dexotic.com\/en\/tours-in-argentina\/bariloche-cerro-tronador-y-ventisquero-negro\/\",\"name\":\"Cerro Tronador y Ventisquero Negro - Dexotic\",\"isPartOf\":{\"@id\":\"https:\/\/dexotic.com\/en\/#website\"},\"primaryImageOfPage\":{\"@id\":\"https:\/\/dexotic.com\/en\/tours-in-argentina\/bariloche-cerro-tronador-y-ventisquero-negro\/#primaryimage\"},\"image\":{\"@id\":\"https:\/\/dexotic.com\/en\/tours-in-argentina\/bariloche-cerro-tronador-y-ventisquero-negro\/#primaryimage\"},\"thumbnailUrl\":\"https:\/\/dexotic.com\/wp-content\/uploads\/2022\/01\/bariloche-cerro-tronador-1.jpg\",\"datePublished\":\"2022-01-23T22:13:15+00:00\",\"dateModified\":\"2026-03-24T01:46:56+00:00\",\"breadcrumb\":{\"@id\":\"https:\/\/dexotic.com\/en\/tours-in-argentina\/bariloche-cerro-tronador-y-ventisquero-negro\/#breadcrumb\"},\"inLanguage\":\"en-US\",\"potentialAction\":[{\"@type\":\"ReadAction\",\"target\":[\"https:\/\/dexotic.com\/en\/tours-in-argentina\/bariloche-cerro-tronador-y-ventisquero-negro\/\"]}]},{\"@type\":\"ImageObject\",\"inLanguage\":\"en-US\",\"@id\":\"https:\/\/dexotic.com\/en\/tours-in-argentina\/bariloche-cerro-tronador-y-ventisquero-negro\/#primaryimage\",\"url\":\"https:\/\/dexotic.com\/wp-content\/uploads\/2022\/01\/bariloche-cerro-tronador-1.jpg\",\"contentUrl\":\"https:\/\/dexotic.com\/wp-content\/uploads\/2022\/01\/bariloche-cerro-tronador-1.jpg\",\"width\":800,\"height\":533,\"caption\":\"Cerro Tronador\"},{\"@type\":\"BreadcrumbList\",\"@id\":\"https:\/\/dexotic.com\/en\/tours-in-argentina\/bariloche-cerro-tronador-y-ventisquero-negro\/#breadcrumb\",\"itemListElement\":[{\"@type\":\"ListItem\",\"position\":1,\"name\":\"Portada\",\"item\":\"https:\/\/dexotic.com\/en\/\"},{\"@type\":\"ListItem\",\"position\":2,\"name\":\"Shop\",\"item\":\"https:\/\/dexotic.com\/en\/shop\/\"},{\"@type\":\"ListItem\",\"position\":3,\"name\":\"Cerro Tronador y Ventisquero Negro\"}]},{\"@type\":\"WebSite\",\"@id\":\"https:\/\/dexotic.com\/en\/#website\",\"url\":\"https:\/\/dexotic.com\/en\/\",\"name\":\"Dexotic\",\"description\":\"Excursiones en Salta, Jujuy y Patagonia Argentina\",\"potentialAction\":[{\"@type\":\"SearchAction\",\"target\":{\"@type\":\"EntryPoint\",\"urlTemplate\":\"https:\/\/dexotic.com\/en\/?s={search_term_string}\"},\"query-input\":{\"@type\":\"PropertyValueSpecification\",\"valueRequired\":true,\"valueName\":\"search_term_string\"}}],\"inLanguage\":\"en-US\"}]}<\/script>\n<!-- \/ Yoast SEO Premium plugin. -->","yoast_head_json":{"title":"Cerro Tronador y Ventisquero Negro - Dexotic","robots":{"index":"index","follow":"follow","max-snippet":"max-snippet:-1","max-image-preview":"max-image-preview:large","max-video-preview":"max-video-preview:-1"},"canonical":"https:\/\/dexotic.com\/en\/tours-in-argentina\/bariloche-cerro-tronador-y-ventisquero-negro\/","og_locale":"en_US","og_type":"article","og_title":"Cerro Tronador y Ventisquero Negro","og_description":"Conoc\u00e9 el \u00fanico Cerro en Bariloche que permanece blanco durante todo el a\u00f1o debido a los glaciares que posee en su cumbre.","og_url":"https:\/\/dexotic.com\/en\/tours-in-argentina\/bariloche-cerro-tronador-y-ventisquero-negro\/","og_site_name":"Dexotic","article_publisher":"https:\/\/www.facebook.com\/excursiones.noa\/","article_modified_time":"2026-03-24T01:46:56+00:00","og_image":[{"width":800,"height":533,"url":"https:\/\/dexotic.com\/wp-content\/uploads\/2022\/01\/bariloche-cerro-tronador2.jpg","type":"image\/jpeg"}],"twitter_card":"summary_large_image","twitter_site":"@dexotic_ok","twitter_misc":{"Est. reading time":"4 minutes"},"schema":{"@context":"https:\/\/schema.org","@graph":[{"@type":["WebPage","ItemPage"],"@id":"https:\/\/dexotic.com\/en\/tours-in-argentina\/bariloche-cerro-tronador-y-ventisquero-negro\/","url":"https:\/\/dexotic.com\/en\/tours-in-argentina\/bariloche-cerro-tronador-y-ventisquero-negro\/","name":"Cerro Tronador y Ventisquero Negro - Dexotic","isPartOf":{"@id":"https:\/\/dexotic.com\/en\/#website"},"primaryImageOfPage":{"@id":"https:\/\/dexotic.com\/en\/tours-in-argentina\/bariloche-cerro-tronador-y-ventisquero-negro\/#primaryimage"},"image":{"@id":"https:\/\/dexotic.com\/en\/tours-in-argentina\/bariloche-cerro-tronador-y-ventisquero-negro\/#primaryimage"},"thumbnailUrl":"https:\/\/dexotic.com\/wp-content\/uploads\/2022\/01\/bariloche-cerro-tronador-1.jpg","datePublished":"2022-01-23T22:13:15+00:00","dateModified":"2026-03-24T01:46:56+00:00","breadcrumb":{"@id":"https:\/\/dexotic.com\/en\/tours-in-argentina\/bariloche-cerro-tronador-y-ventisquero-negro\/#breadcrumb"},"inLanguage":"en-US","potentialAction":[{"@type":"ReadAction","target":["https:\/\/dexotic.com\/en\/tours-in-argentina\/bariloche-cerro-tronador-y-ventisquero-negro\/"]}]},{"@type":"ImageObject","inLanguage":"en-US","@id":"https:\/\/dexotic.com\/en\/tours-in-argentina\/bariloche-cerro-tronador-y-ventisquero-negro\/#primaryimage","url":"https:\/\/dexotic.com\/wp-content\/uploads\/2022\/01\/bariloche-cerro-tronador-1.jpg","contentUrl":"https:\/\/dexotic.com\/wp-content\/uploads\/2022\/01\/bariloche-cerro-tronador-1.jpg","width":800,"height":533,"caption":"Cerro Tronador"},{"@type":"BreadcrumbList","@id":"https:\/\/dexotic.com\/en\/tours-in-argentina\/bariloche-cerro-tronador-y-ventisquero-negro\/#breadcrumb","itemListElement":[{"@type":"ListItem","position":1,"name":"Portada","item":"https:\/\/dexotic.com\/en\/"},{"@type":"ListItem","position":2,"name":"Shop","item":"https:\/\/dexotic.com\/en\/shop\/"},{"@type":"ListItem","position":3,"name":"Cerro Tronador y Ventisquero Negro"}]},{"@type":"WebSite","@id":"https:\/\/dexotic.com\/en\/#website","url":"https:\/\/dexotic.com\/en\/","name":"Dexotic","description":"Excursiones en Salta, Jujuy y Patagonia Argentina","potentialAction":[{"@type":"SearchAction","target":{"@type":"EntryPoint","urlTemplate":"https:\/\/dexotic.com\/en\/?s={search_term_string}"},"query-input":{"@type":"PropertyValueSpecification","valueRequired":true,"valueName":"search_term_string"}}],"inLanguage":"en-US"}]}},"_links":{"self":[{"href":"https:\/\/dexotic.com\/en\/wp-json\/wp\/v2\/product\/5043","targetHints":{"allow":["GET"]}}],"collection":[{"href":"https:\/\/dexotic.com\/en\/wp-json\/wp\/v2\/product"}],"about":[{"href":"https:\/\/dexotic.com\/en\/wp-json\/wp\/v2\/types\/product"}],"replies":[{"embeddable":true,"href":"https:\/\/dexotic.com\/en\/wp-json\/wp\/v2\/comments?post=5043"}],"wp:featuredmedia":[{"embeddable":true,"href":"https:\/\/dexotic.com\/en\/wp-json\/wp\/v2\/media\/5623"}],"wp:attachment":[{"href":"https:\/\/dexotic.com\/en\/wp-json\/wp\/v2\/media?parent=5043"}],"wp:term":[{"taxonomy":"product_brand","embeddable":true,"href":"https:\/\/dexotic.com\/en\/wp-json\/wp\/v2\/product_brand?post=5043"},{"taxonomy":"product_cat","embeddable":true,"href":"https:\/\/dexotic.com\/en\/wp-json\/wp\/v2\/product_cat?post=5043"},{"taxonomy":"product_tag","embeddable":true,"href":"https:\/\/dexotic.com\/en\/wp-json\/wp\/v2\/product_tag?post=5043"}],"curies":[{"name":"wp","href":"https:\/\/api.w.org\/{rel}","templated":true}]}}