{"id":5042,"date":"2022-01-25T19:11:49","date_gmt":"2022-01-25T22:11:49","guid":{"rendered":"http:\/\/dexotic.com\/?post_type=product&#038;p=5042"},"modified":"2026-03-23T22:45:43","modified_gmt":"2026-03-24T01:45:43","slug":"bariloche-san-martin-de-los-andes-por-7-lagos","status":"publish","type":"product","link":"https:\/\/dexotic.com\/en\/tours-in-argentina\/bariloche-san-martin-de-los-andes-por-7-lagos\/","title":{"rendered":"San Mart\u00edn de los Andes por 7 Lagos"},"content":{"rendered":"<p>Esta excursi\u00f3n invita a recorrer una de las rutas m\u00e1s famosas de la <a href=\"https:\/\/dexotic.com\/en\/cat\/patagonia-south-argentina\/\">Patagonia Argentina<\/a>, la <strong>Ruta de los 7 lagos<\/strong>.<a href=\"http:\/\/dexotic.com\/wp-content\/uploads\/2022\/01\/san-martin-de-los-andes8.jpg\"><img decoding=\"async\" class=\"size-medium wp-image-5756 alignright\" src=\"http:\/\/dexotic.com\/wp-content\/uploads\/2022\/01\/san-martin-de-los-andes8-300x200.jpg\" alt=\"San Mart\u00edn de los Andes\" width=\"300\" height=\"200\" srcset=\"https:\/\/dexotic.com\/wp-content\/uploads\/2022\/01\/san-martin-de-los-andes8-300x200.jpg 300w, https:\/\/dexotic.com\/wp-content\/uploads\/2022\/01\/san-martin-de-los-andes8-768x512.jpg 768w, https:\/\/dexotic.com\/wp-content\/uploads\/2022\/01\/san-martin-de-los-andes8-531x354.jpg 531w, https:\/\/dexotic.com\/wp-content\/uploads\/2022\/01\/san-martin-de-los-andes8-600x400.jpg 600w, https:\/\/dexotic.com\/wp-content\/uploads\/2022\/01\/san-martin-de-los-andes8-180x120.jpg 180w, https:\/\/dexotic.com\/wp-content\/uploads\/2022\/01\/san-martin-de-los-andes8.jpg 800w\" sizes=\"(max-width: 300px) 100vw, 300px\" \/><\/a><\/p>\n<p>El camino es sinuoso y rodeado por un paisaje incre\u00edble de bosques andino patag\u00f3nicos, lagos y monta\u00f1as; y deslumbra a cada kil\u00f3metro.<\/p>\n<p>El atractivo de este trayecto que une <strong>Villa La Angostura<\/strong> con <strong>San Mart\u00edn de los Andes<\/strong> se concentra en los hermosos lagos y cascadas de aguas cristalinas que se aprecian en el camino.<\/p>\n<p>All\u00ed donde se produce el m\u00e1gico encuentro entre la <strong>Cordillera de los Andes<\/strong> y el <strong>lago L\u00e1car<\/strong> se encuentra San Mart\u00edn de los Andes, una t\u00edpica aldea de monta\u00f1a ubicada al sur de la provincia de Neuqu\u00e9n y a 640 msnm.<\/p>\n<p>Luego de un tiempo libre para almorzar y recorrer el centro de la ciudad o la ribera del lago L\u00e1car, regresamos a <a href=\"https:\/\/dexotic.com\/en\/cat\/tours-from-bariloche\/\">Bariloche<\/a><strong>.<\/strong><\/p>\n<table class=\"table table-bordered tours-tabs__table\" style=\"height: 233px;width: 87.3848%\" width=\"862\">\n<tbody>\n<tr>\n<td style=\"width: 32.627%\"><strong>LUGAR DE SALIDA Y REGRESO<\/strong><\/td>\n<td style=\"width: 66.5647%\"><span style=\"font-weight: 400\">Desde Bariloche. Hoteles radio c\u00e9ntrico <\/span><span style=\"font-weight: 400\">o localizados por Av. Bustillo hasta el KM 2<\/span><span style=\"font-weight: 400\"> (consultar otra ubicaci\u00f3n)<\/span><\/td>\n<\/tr>\n<tr>\n<td style=\"width: 32.627%\"><strong>HORARIO DE SALIDA<\/strong><\/td>\n<td style=\"width: 66.5647%\">A partir de las 8:00 am.<\/td>\n<\/tr>\n<tr>\n<td style=\"width: 32.627%\"><strong>HORARIO DE REGRESO<\/strong><\/td>\n<td style=\"width: 66.5647%\">A partir de las 19:00 hs..<\/td>\n<\/tr>\n<tr>\n<td style=\"width: 32.627%\"><b>VESTIMENTA RECOMENDADA<\/b><\/td>\n<td style=\"width: 66.5647%\"><span style=\"font-weight: 400\">Abrigo. Zapatos o zapatillas impermeables con buena tracci\u00f3n. Sombrero o gorro. Anteojos de sol. Protector solar<\/span><\/td>\n<\/tr>\n<tr>\n<td style=\"width: 32.627%\"><strong>INCLUIDO<\/strong><\/td>\n<td style=\"width: 66.5647%\">\n<table class=\"table table-bordered\" style=\"height: 62px\" width=\"300\">\n<tbody>\n<tr>\n<td><i class=\"fa fa-check icon-tick icon-tick--on\"><\/i>Traslados<\/td>\n<td><i class=\"fa fa-check icon-tick icon-tick--on\"><\/i>Gu\u00eda<\/td>\n<\/tr>\n<tr>\n<td><i class=\"fa fa-check icon-tick icon-tick--on\"><\/i>Seguros<\/td>\n<td><i class=\"fa fa-check icon-tick icon-tick--on\"><\/i>B\u00fasqueda por alojamientos c\u00e9ntricos<\/td>\n<\/tr>\n<\/tbody>\n<\/table>\n<\/td>\n<\/tr>\n<tr>\n<td style=\"width: 32.627%\"><b>NO INCLUIDO<\/b><\/td>\n<td style=\"width: 66.5647%\">\n<table class=\"table table-bordered\" style=\"height: 62px\" width=\"300\">\n<tbody>\n<tr>\n<td><i class=\"fa fa-times icon-tick icon-tick--off\"><\/i>Comidas y bebidas<\/td>\n<\/tr>\n<tr>\n<td><i class=\"fa fa-times icon-tick icon-tick--off\"><\/i>Ticket de ingreso al parque nacional<\/td>\n<\/tr>\n<\/tbody>\n<\/table>\n<\/td>\n<\/tr>\n<\/tbody>\n<\/table>\n<p>&nbsp;<\/p>\n","protected":false},"excerpt":{"rendered":"<p>Esta excursi\u00f3n invita a recorrer una de las rutas m\u00e1s famosas de la <strong>Patagonia Argentina<\/strong>, la <strong>Ruta de los 7 lagos<\/strong>.<\/p>\n","protected":false},"featured_media":5758,"comment_status":"open","ping_status":"closed","template":"","meta":{"_joinchat":null},"product_brand":[],"product_cat":[207],"product_tag":[],"class_list":{"0":"post-5042","1":"product","2":"type-product","3":"status-publish","4":"has-post-thumbnail","6":"product_cat-sin-categorizar","7":"pa_duracion-11-hs","8":"pa_edad-todas-las-edades","9":"pa_requerimiento-fisico-bajo","10":"pa_salidas-todo-el-ano","11":"tour_category-excursiones-desde-bariloche","12":"tour_category-patagonia","14":"first","15":"instock","16":"shipping-taxable","17":"purchasable","18":"product-type-tour","19":"has-default-attributes"},"yoast_head":"<!-- This site is optimized with the Yoast SEO Premium plugin v27.1 (Yoast SEO v27.1.1) - https:\/\/yoast.com\/product\/yoast-seo-premium-wordpress\/ -->\n<title>San Mart\u00edn de los Andes por 7 Lagos - Dexotic<\/title>\n<meta name=\"description\" content=\"Esta excursi\u00f3n recorre una de las rutas m\u00e1s famosas de la Patagonia Argentina, la Ruta de los 7 lagos desde Bariloche hacia San Martin de los Andes\" \/>\n<meta name=\"robots\" content=\"index, follow, max-snippet:-1, max-image-preview:large, max-video-preview:-1\" \/>\n<link rel=\"canonical\" href=\"https:\/\/dexotic.com\/en\/tours-in-argentina\/bariloche-san-martin-de-los-andes-por-7-lagos\/\" \/>\n<meta property=\"og:locale\" content=\"en_US\" \/>\n<meta property=\"og:type\" content=\"article\" \/>\n<meta property=\"og:title\" content=\"San Mart\u00edn de los Andes por 7 Lagos\" \/>\n<meta property=\"og:description\" content=\"Esta excursi\u00f3n recorre una de las rutas m\u00e1s famosas de la Patagonia Argentina, la Ruta de los 7 lagos desde Bariloche hacia San Martin de los Andes\" \/>\n<meta property=\"og:url\" content=\"https:\/\/dexotic.com\/en\/tours-in-argentina\/bariloche-san-martin-de-los-andes-por-7-lagos\/\" \/>\n<meta property=\"og:site_name\" content=\"Dexotic\" \/>\n<meta property=\"article:publisher\" content=\"https:\/\/www.facebook.com\/excursiones.noa\/\" \/>\n<meta property=\"article:modified_time\" content=\"2026-03-24T01:45:43+00:00\" \/>\n<meta property=\"og:image\" content=\"https:\/\/dexotic.com\/wp-content\/uploads\/2022\/01\/san-martin-de-los-andes4.jpg\" \/>\n\t<meta property=\"og:image:width\" content=\"800\" \/>\n\t<meta property=\"og:image:height\" content=\"533\" \/>\n\t<meta property=\"og:image:type\" content=\"image\/jpeg\" \/>\n<meta name=\"twitter:card\" content=\"summary_large_image\" \/>\n<meta name=\"twitter:site\" content=\"@dexotic_ok\" \/>\n<meta name=\"twitter:label1\" content=\"Est. reading time\" \/>\n\t<meta name=\"twitter:data1\" content=\"4 minutes\" \/>\n<script type=\"application\/ld+json\" class=\"yoast-schema-graph\">{\"@context\":\"https:\/\/schema.org\",\"@graph\":[{\"@type\":[\"WebPage\",\"ItemPage\"],\"@id\":\"https:\/\/dexotic.com\/en\/tours-in-argentina\/bariloche-san-martin-de-los-andes-por-7-lagos\/\",\"url\":\"https:\/\/dexotic.com\/en\/tours-in-argentina\/bariloche-san-martin-de-los-andes-por-7-lagos\/\",\"name\":\"San Mart\u00edn de los Andes por 7 Lagos - Dexotic\",\"isPartOf\":{\"@id\":\"https:\/\/dexotic.com\/en\/#website\"},\"primaryImageOfPage\":{\"@id\":\"https:\/\/dexotic.com\/en\/tours-in-argentina\/bariloche-san-martin-de-los-andes-por-7-lagos\/#primaryimage\"},\"image\":{\"@id\":\"https:\/\/dexotic.com\/en\/tours-in-argentina\/bariloche-san-martin-de-los-andes-por-7-lagos\/#primaryimage\"},\"thumbnailUrl\":\"https:\/\/dexotic.com\/wp-content\/uploads\/2022\/01\/san-martin-de-los-andes9.jpg\",\"datePublished\":\"2022-01-25T22:11:49+00:00\",\"dateModified\":\"2026-03-24T01:45:43+00:00\",\"description\":\"Esta excursi\u00f3n recorre una de las rutas m\u00e1s famosas de la Patagonia Argentina, la Ruta de los 7 lagos desde Bariloche hacia San Martin de los Andes\",\"breadcrumb\":{\"@id\":\"https:\/\/dexotic.com\/en\/tours-in-argentina\/bariloche-san-martin-de-los-andes-por-7-lagos\/#breadcrumb\"},\"inLanguage\":\"en-US\",\"potentialAction\":[{\"@type\":\"ReadAction\",\"target\":[\"https:\/\/dexotic.com\/en\/tours-in-argentina\/bariloche-san-martin-de-los-andes-por-7-lagos\/\"]}]},{\"@type\":\"ImageObject\",\"inLanguage\":\"en-US\",\"@id\":\"https:\/\/dexotic.com\/en\/tours-in-argentina\/bariloche-san-martin-de-los-andes-por-7-lagos\/#primaryimage\",\"url\":\"https:\/\/dexotic.com\/wp-content\/uploads\/2022\/01\/san-martin-de-los-andes9.jpg\",\"contentUrl\":\"https:\/\/dexotic.com\/wp-content\/uploads\/2022\/01\/san-martin-de-los-andes9.jpg\",\"width\":800,\"height\":533,\"caption\":\"San Mart\u00edn de los Andes\"},{\"@type\":\"BreadcrumbList\",\"@id\":\"https:\/\/dexotic.com\/en\/tours-in-argentina\/bariloche-san-martin-de-los-andes-por-7-lagos\/#breadcrumb\",\"itemListElement\":[{\"@type\":\"ListItem\",\"position\":1,\"name\":\"Portada\",\"item\":\"https:\/\/dexotic.com\/en\/\"},{\"@type\":\"ListItem\",\"position\":2,\"name\":\"Shop\",\"item\":\"https:\/\/dexotic.com\/en\/shop\/\"},{\"@type\":\"ListItem\",\"position\":3,\"name\":\"San Mart\u00edn de los Andes por 7 Lagos\"}]},{\"@type\":\"WebSite\",\"@id\":\"https:\/\/dexotic.com\/en\/#website\",\"url\":\"https:\/\/dexotic.com\/en\/\",\"name\":\"Dexotic\",\"description\":\"Excursiones en Salta, Jujuy y Patagonia Argentina\",\"potentialAction\":[{\"@type\":\"SearchAction\",\"target\":{\"@type\":\"EntryPoint\",\"urlTemplate\":\"https:\/\/dexotic.com\/en\/?s={search_term_string}\"},\"query-input\":{\"@type\":\"PropertyValueSpecification\",\"valueRequired\":true,\"valueName\":\"search_term_string\"}}],\"inLanguage\":\"en-US\"}]}<\/script>\n<!-- \/ Yoast SEO Premium plugin. -->","yoast_head_json":{"title":"San Mart\u00edn de los Andes por 7 Lagos - Dexotic","description":"Esta excursi\u00f3n recorre una de las rutas m\u00e1s famosas de la Patagonia Argentina, la Ruta de los 7 lagos desde Bariloche hacia San Martin de los Andes","robots":{"index":"index","follow":"follow","max-snippet":"max-snippet:-1","max-image-preview":"max-image-preview:large","max-video-preview":"max-video-preview:-1"},"canonical":"https:\/\/dexotic.com\/en\/tours-in-argentina\/bariloche-san-martin-de-los-andes-por-7-lagos\/","og_locale":"en_US","og_type":"article","og_title":"San Mart\u00edn de los Andes por 7 Lagos","og_description":"Esta excursi\u00f3n recorre una de las rutas m\u00e1s famosas de la Patagonia Argentina, la Ruta de los 7 lagos desde Bariloche hacia San Martin de los Andes","og_url":"https:\/\/dexotic.com\/en\/tours-in-argentina\/bariloche-san-martin-de-los-andes-por-7-lagos\/","og_site_name":"Dexotic","article_publisher":"https:\/\/www.facebook.com\/excursiones.noa\/","article_modified_time":"2026-03-24T01:45:43+00:00","og_image":[{"width":800,"height":533,"url":"https:\/\/dexotic.com\/wp-content\/uploads\/2022\/01\/san-martin-de-los-andes4.jpg","type":"image\/jpeg"}],"twitter_card":"summary_large_image","twitter_site":"@dexotic_ok","twitter_misc":{"Est. reading time":"4 minutes"},"schema":{"@context":"https:\/\/schema.org","@graph":[{"@type":["WebPage","ItemPage"],"@id":"https:\/\/dexotic.com\/en\/tours-in-argentina\/bariloche-san-martin-de-los-andes-por-7-lagos\/","url":"https:\/\/dexotic.com\/en\/tours-in-argentina\/bariloche-san-martin-de-los-andes-por-7-lagos\/","name":"San Mart\u00edn de los Andes por 7 Lagos - Dexotic","isPartOf":{"@id":"https:\/\/dexotic.com\/en\/#website"},"primaryImageOfPage":{"@id":"https:\/\/dexotic.com\/en\/tours-in-argentina\/bariloche-san-martin-de-los-andes-por-7-lagos\/#primaryimage"},"image":{"@id":"https:\/\/dexotic.com\/en\/tours-in-argentina\/bariloche-san-martin-de-los-andes-por-7-lagos\/#primaryimage"},"thumbnailUrl":"https:\/\/dexotic.com\/wp-content\/uploads\/2022\/01\/san-martin-de-los-andes9.jpg","datePublished":"2022-01-25T22:11:49+00:00","dateModified":"2026-03-24T01:45:43+00:00","description":"Esta excursi\u00f3n recorre una de las rutas m\u00e1s famosas de la Patagonia Argentina, la Ruta de los 7 lagos desde Bariloche hacia San Martin de los Andes","breadcrumb":{"@id":"https:\/\/dexotic.com\/en\/tours-in-argentina\/bariloche-san-martin-de-los-andes-por-7-lagos\/#breadcrumb"},"inLanguage":"en-US","potentialAction":[{"@type":"ReadAction","target":["https:\/\/dexotic.com\/en\/tours-in-argentina\/bariloche-san-martin-de-los-andes-por-7-lagos\/"]}]},{"@type":"ImageObject","inLanguage":"en-US","@id":"https:\/\/dexotic.com\/en\/tours-in-argentina\/bariloche-san-martin-de-los-andes-por-7-lagos\/#primaryimage","url":"https:\/\/dexotic.com\/wp-content\/uploads\/2022\/01\/san-martin-de-los-andes9.jpg","contentUrl":"https:\/\/dexotic.com\/wp-content\/uploads\/2022\/01\/san-martin-de-los-andes9.jpg","width":800,"height":533,"caption":"San Mart\u00edn de los Andes"},{"@type":"BreadcrumbList","@id":"https:\/\/dexotic.com\/en\/tours-in-argentina\/bariloche-san-martin-de-los-andes-por-7-lagos\/#breadcrumb","itemListElement":[{"@type":"ListItem","position":1,"name":"Portada","item":"https:\/\/dexotic.com\/en\/"},{"@type":"ListItem","position":2,"name":"Shop","item":"https:\/\/dexotic.com\/en\/shop\/"},{"@type":"ListItem","position":3,"name":"San Mart\u00edn de los Andes por 7 Lagos"}]},{"@type":"WebSite","@id":"https:\/\/dexotic.com\/en\/#website","url":"https:\/\/dexotic.com\/en\/","name":"Dexotic","description":"Excursiones en Salta, Jujuy y Patagonia Argentina","potentialAction":[{"@type":"SearchAction","target":{"@type":"EntryPoint","urlTemplate":"https:\/\/dexotic.com\/en\/?s={search_term_string}"},"query-input":{"@type":"PropertyValueSpecification","valueRequired":true,"valueName":"search_term_string"}}],"inLanguage":"en-US"}]}},"_links":{"self":[{"href":"https:\/\/dexotic.com\/en\/wp-json\/wp\/v2\/product\/5042","targetHints":{"allow":["GET"]}}],"collection":[{"href":"https:\/\/dexotic.com\/en\/wp-json\/wp\/v2\/product"}],"about":[{"href":"https:\/\/dexotic.com\/en\/wp-json\/wp\/v2\/types\/product"}],"replies":[{"embeddable":true,"href":"https:\/\/dexotic.com\/en\/wp-json\/wp\/v2\/comments?post=5042"}],"wp:featuredmedia":[{"embeddable":true,"href":"https:\/\/dexotic.com\/en\/wp-json\/wp\/v2\/media\/5758"}],"wp:attachment":[{"href":"https:\/\/dexotic.com\/en\/wp-json\/wp\/v2\/media?parent=5042"}],"wp:term":[{"taxonomy":"product_brand","embeddable":true,"href":"https:\/\/dexotic.com\/en\/wp-json\/wp\/v2\/product_brand?post=5042"},{"taxonomy":"product_cat","embeddable":true,"href":"https:\/\/dexotic.com\/en\/wp-json\/wp\/v2\/product_cat?post=5042"},{"taxonomy":"product_tag","embeddable":true,"href":"https:\/\/dexotic.com\/en\/wp-json\/wp\/v2\/product_tag?post=5042"}],"curies":[{"name":"wp","href":"https:\/\/api.w.org\/{rel}","templated":true}]}}