{"id":5041,"date":"2022-01-22T22:54:53","date_gmt":"2022-01-23T01:54:53","guid":{"rendered":"http:\/\/dexotic.com\/?post_type=product&#038;p=5041"},"modified":"2026-03-23T22:47:50","modified_gmt":"2026-03-24T01:47:50","slug":"bariloche-circuito-chico","status":"publish","type":"product","link":"https:\/\/dexotic.com\/en\/tours-in-argentina\/bariloche-circuito-chico\/","title":{"rendered":"Circuito Chico Bariloche"},"content":{"rendered":"<p>Es el recorrido m\u00e1s tradicional de <strong>Bariloche<\/strong>, un paseo atrapante en el que la ciudad, los bosques, los lagos y las monta\u00f1as se integran en un solo paisaje.<a href=\"http:\/\/dexotic.com\/wp-content\/uploads\/2022\/01\/bariloche-09.jpg\"><img decoding=\"async\" class=\"size-medium wp-image-5561 alignright\" src=\"http:\/\/dexotic.com\/wp-content\/uploads\/2022\/01\/bariloche-09-300x200.jpg\" alt=\"\" width=\"300\" height=\"200\" srcset=\"https:\/\/dexotic.com\/wp-content\/uploads\/2022\/01\/bariloche-09-300x200.jpg 300w, https:\/\/dexotic.com\/wp-content\/uploads\/2022\/01\/bariloche-09-768x512.jpg 768w, https:\/\/dexotic.com\/wp-content\/uploads\/2022\/01\/bariloche-09-531x354.jpg 531w, https:\/\/dexotic.com\/wp-content\/uploads\/2022\/01\/bariloche-09-600x400.jpg 600w, https:\/\/dexotic.com\/wp-content\/uploads\/2022\/01\/bariloche-09-180x120.jpg 180w, https:\/\/dexotic.com\/wp-content\/uploads\/2022\/01\/bariloche-09-135x90.jpg 135w, https:\/\/dexotic.com\/wp-content\/uploads\/2022\/01\/bariloche-09.jpg 800w\" sizes=\"(max-width: 300px) 100vw, 300px\" \/><\/a><\/p>\n<p>Esta actividad de medio d\u00eda permite conocer la <strong>ciudad y sus alrededores<\/strong>.<\/p>\n<p>Recorriendo la margen sur del <a href=\"http:\/\/Isla Victoria y Bosque de Arrayanes\">lago Nahuel Huapi<\/a> nos dirigimos hacia el oeste visitando los atractivos de mayor inter\u00e9s tur\u00edstico: <strong>Hotel Llao Llao, Capilla San Eduardo, Puerto Pa\u00f1uelo, Bah\u00eda L\u00f3pez y el Mirador Punto Panor\u00e1mico<\/strong>, contemplando en todo momento la imponente vista de la Cordillera de los Andes.<\/p>\n<p>Nos detendremos en <strong>Cerro Campanario<\/strong> para subir con aerosillas hasta la cumbre y disfrutar de una de las m\u00e1s bellas y fascinantes vistas de la regi\u00f3n, contemplando los lagos Nahuel Huapi y <a href=\"https:\/\/dexotic.com\/en\/tours-in-argentina\/calafate-glaciar-perito-moreno\/\">Perito Moreno<\/a>, la laguna El Tr\u00e9bol, las pen\u00ednsulas de San Pedro y Llao Llao y la <a href=\"https:\/\/dexotic.com\/en\/tours-in-argentina\/bariloche-isla-victoria-y-bosque-de-arrayanes\/\">Isla Victoria<\/a>.<\/p>\n<table class=\"table table-bordered tours-tabs__table\" style=\"height: 233px;width: 87.3848%\" width=\"862\">\n<tbody>\n<tr>\n<td style=\"width: 32.627%\"><strong>LUGAR DE SALIDA Y REGRESO<\/strong><\/td>\n<td style=\"width: 66.5647%\"><span style=\"font-weight: 400\">Hoteles dentro del radio c\u00e9ntrico <\/span><span style=\"font-weight: 400\">o localizados por Av. Bustillo hasta el km. 2<\/span><span style=\"font-weight: 400\"> (consultar otra ubicaci\u00f3n)<\/span><\/td>\n<\/tr>\n<tr>\n<td style=\"width: 32.627%\"><strong>HORARIO DE SALIDA<\/strong><\/td>\n<td style=\"width: 66.5647%\"><span style=\"font-weight: 400\">9:00 hs. y 15:00 hs.<\/span><\/td>\n<\/tr>\n<tr>\n<td style=\"width: 32.627%\"><strong>HORARIO DE REGRESO<\/strong><\/td>\n<td style=\"width: 66.5647%\"><span style=\"font-weight: 400\">13:00 hs. y 19:00 hs.<\/span><\/td>\n<\/tr>\n<tr>\n<td style=\"width: 32.627%\"><b>VESTIMENTA RECOMENDADA<\/b><\/td>\n<td style=\"width: 66.5647%\"><span style=\"font-weight: 400\">Abrigo. Zapatos o zapatillas impermeables con buena tracci\u00f3n. Sombrero o gorro. Anteojos de sol. Protector solar.<\/span><\/td>\n<\/tr>\n<tr>\n<td style=\"width: 32.627%\"><strong>INCLUIDO<\/strong><\/td>\n<td style=\"width: 66.5647%\">\n<table class=\"table table-bordered\" style=\"height: 62px;width: 51.831%\" width=\"300\">\n<tbody>\n<tr>\n<td style=\"width: 51.8395%\"><i class=\"fa fa-check icon-tick icon-tick--on\"><\/i>Traslados.<\/td>\n<td style=\"width: 46.1538%\"><i class=\"fa fa-check icon-tick icon-tick--on\"><\/i>Gu\u00eda bilingue.<\/td>\n<\/tr>\n<tr>\n<td style=\"width: 51.8395%\"><i class=\"fa fa-check icon-tick icon-tick--on\"><\/i>Seguros.<\/td>\n<td style=\"width: 46.1538%\"><i class=\"fa fa-check icon-tick icon-tick--on\"><\/i>Pickup por hotel c\u00e9ntrico.<\/td>\n<\/tr>\n<\/tbody>\n<\/table>\n<\/td>\n<\/tr>\n<tr>\n<td style=\"width: 32.627%\"><b>NO INCLUIDO<\/b><\/td>\n<td style=\"width: 66.5647%\">\n<table class=\"table table-bordered\" style=\"height: 62px\" width=\"300\">\n<tbody>\n<tr>\n<td><i class=\"fa fa-times icon-tick icon-tick--off\"><\/i>Comidas y bebidas<\/td>\n<\/tr>\n<tr>\n<td><i class=\"fa fa-times icon-tick icon-tick--off\"><\/i>Ticket de ingreso al Cerro Campanario.<\/td>\n<\/tr>\n<\/tbody>\n<\/table>\n<\/td>\n<\/tr>\n<\/tbody>\n<\/table>\n<p>&nbsp;<\/p>\n","protected":false},"excerpt":{"rendered":"<p>Es el recorrido m\u00e1s tradicional de <strong>Bariloche<\/strong>, un paseo atrapante en el que la ciudad, los bosques, los lagos y las monta\u00f1as se integran en un solo paisaje.<\/p>\n","protected":false},"featured_media":5553,"comment_status":"open","ping_status":"closed","template":"","meta":{"_joinchat":null},"product_brand":[],"product_cat":[207],"product_tag":[],"class_list":{"0":"post-5041","1":"product","2":"type-product","3":"status-publish","4":"has-post-thumbnail","6":"product_cat-sin-categorizar","7":"pa_duracion-4-hs","8":"pa_edad-todas-las-edades","9":"pa_requerimiento-fisico-bajo","10":"pa_salidas-todo-el-ano","11":"tour_category-excursiones-desde-bariloche","12":"tour_category-patagonia","14":"first","15":"instock","16":"shipping-taxable","17":"purchasable","18":"product-type-tour","19":"has-default-attributes"},"yoast_head":"<!-- This site is optimized with the Yoast SEO Premium plugin v27.1 (Yoast SEO v27.1.1) - https:\/\/yoast.com\/product\/yoast-seo-premium-wordpress\/ -->\n<title>Circuito Chico Bariloche - Dexotic<\/title>\n<meta name=\"robots\" content=\"index, follow, max-snippet:-1, max-image-preview:large, max-video-preview:-1\" \/>\n<link rel=\"canonical\" href=\"https:\/\/dexotic.com\/en\/tours-in-argentina\/bariloche-circuito-chico\/\" \/>\n<meta property=\"og:locale\" content=\"en_US\" \/>\n<meta property=\"og:type\" content=\"article\" \/>\n<meta property=\"og:title\" content=\"Circuito Chico Bariloche\" \/>\n<meta property=\"og:description\" content=\"Es el recorrido m\u00e1s tradicional de Bariloche, un paseo atrapante en el que la ciudad, los bosques, los lagos y las monta\u00f1as se integran en un solo paisaje.\" \/>\n<meta property=\"og:url\" content=\"https:\/\/dexotic.com\/en\/tours-in-argentina\/bariloche-circuito-chico\/\" \/>\n<meta property=\"og:site_name\" content=\"Dexotic\" \/>\n<meta property=\"article:publisher\" content=\"https:\/\/www.facebook.com\/excursiones.noa\/\" \/>\n<meta property=\"article:modified_time\" content=\"2026-03-24T01:47:50+00:00\" \/>\n<meta property=\"og:image\" content=\"https:\/\/dexotic.com\/wp-content\/uploads\/2022\/01\/bariloche-05.jpg\" \/>\n\t<meta property=\"og:image:width\" content=\"800\" \/>\n\t<meta property=\"og:image:height\" content=\"533\" \/>\n\t<meta property=\"og:image:type\" content=\"image\/jpeg\" \/>\n<meta name=\"twitter:card\" content=\"summary_large_image\" \/>\n<meta name=\"twitter:site\" content=\"@dexotic_ok\" \/>\n<meta name=\"twitter:label1\" content=\"Est. reading time\" \/>\n\t<meta name=\"twitter:data1\" content=\"4 minutes\" \/>\n<script type=\"application\/ld+json\" class=\"yoast-schema-graph\">{\"@context\":\"https:\/\/schema.org\",\"@graph\":[{\"@type\":[\"WebPage\",\"ItemPage\"],\"@id\":\"https:\/\/dexotic.com\/en\/tours-in-argentina\/bariloche-circuito-chico\/\",\"url\":\"https:\/\/dexotic.com\/en\/tours-in-argentina\/bariloche-circuito-chico\/\",\"name\":\"Circuito Chico Bariloche - Dexotic\",\"isPartOf\":{\"@id\":\"https:\/\/dexotic.com\/en\/#website\"},\"primaryImageOfPage\":{\"@id\":\"https:\/\/dexotic.com\/en\/tours-in-argentina\/bariloche-circuito-chico\/#primaryimage\"},\"image\":{\"@id\":\"https:\/\/dexotic.com\/en\/tours-in-argentina\/bariloche-circuito-chico\/#primaryimage\"},\"thumbnailUrl\":\"https:\/\/dexotic.com\/wp-content\/uploads\/2022\/01\/bariloche-05.jpg\",\"datePublished\":\"2022-01-23T01:54:53+00:00\",\"dateModified\":\"2026-03-24T01:47:50+00:00\",\"breadcrumb\":{\"@id\":\"https:\/\/dexotic.com\/en\/tours-in-argentina\/bariloche-circuito-chico\/#breadcrumb\"},\"inLanguage\":\"en-US\",\"potentialAction\":[{\"@type\":\"ReadAction\",\"target\":[\"https:\/\/dexotic.com\/en\/tours-in-argentina\/bariloche-circuito-chico\/\"]}]},{\"@type\":\"ImageObject\",\"inLanguage\":\"en-US\",\"@id\":\"https:\/\/dexotic.com\/en\/tours-in-argentina\/bariloche-circuito-chico\/#primaryimage\",\"url\":\"https:\/\/dexotic.com\/wp-content\/uploads\/2022\/01\/bariloche-05.jpg\",\"contentUrl\":\"https:\/\/dexotic.com\/wp-content\/uploads\/2022\/01\/bariloche-05.jpg\",\"width\":800,\"height\":533},{\"@type\":\"BreadcrumbList\",\"@id\":\"https:\/\/dexotic.com\/en\/tours-in-argentina\/bariloche-circuito-chico\/#breadcrumb\",\"itemListElement\":[{\"@type\":\"ListItem\",\"position\":1,\"name\":\"Portada\",\"item\":\"https:\/\/dexotic.com\/en\/\"},{\"@type\":\"ListItem\",\"position\":2,\"name\":\"Shop\",\"item\":\"https:\/\/dexotic.com\/en\/shop\/\"},{\"@type\":\"ListItem\",\"position\":3,\"name\":\"Circuito Chico Bariloche\"}]},{\"@type\":\"WebSite\",\"@id\":\"https:\/\/dexotic.com\/en\/#website\",\"url\":\"https:\/\/dexotic.com\/en\/\",\"name\":\"Dexotic\",\"description\":\"Excursiones en Salta, Jujuy y Patagonia Argentina\",\"potentialAction\":[{\"@type\":\"SearchAction\",\"target\":{\"@type\":\"EntryPoint\",\"urlTemplate\":\"https:\/\/dexotic.com\/en\/?s={search_term_string}\"},\"query-input\":{\"@type\":\"PropertyValueSpecification\",\"valueRequired\":true,\"valueName\":\"search_term_string\"}}],\"inLanguage\":\"en-US\"}]}<\/script>\n<!-- \/ Yoast SEO Premium plugin. -->","yoast_head_json":{"title":"Circuito Chico Bariloche - Dexotic","robots":{"index":"index","follow":"follow","max-snippet":"max-snippet:-1","max-image-preview":"max-image-preview:large","max-video-preview":"max-video-preview:-1"},"canonical":"https:\/\/dexotic.com\/en\/tours-in-argentina\/bariloche-circuito-chico\/","og_locale":"en_US","og_type":"article","og_title":"Circuito Chico Bariloche","og_description":"Es el recorrido m\u00e1s tradicional de Bariloche, un paseo atrapante en el que la ciudad, los bosques, los lagos y las monta\u00f1as se integran en un solo paisaje.","og_url":"https:\/\/dexotic.com\/en\/tours-in-argentina\/bariloche-circuito-chico\/","og_site_name":"Dexotic","article_publisher":"https:\/\/www.facebook.com\/excursiones.noa\/","article_modified_time":"2026-03-24T01:47:50+00:00","og_image":[{"width":800,"height":533,"url":"https:\/\/dexotic.com\/wp-content\/uploads\/2022\/01\/bariloche-05.jpg","type":"image\/jpeg"}],"twitter_card":"summary_large_image","twitter_site":"@dexotic_ok","twitter_misc":{"Est. reading time":"4 minutes"},"schema":{"@context":"https:\/\/schema.org","@graph":[{"@type":["WebPage","ItemPage"],"@id":"https:\/\/dexotic.com\/en\/tours-in-argentina\/bariloche-circuito-chico\/","url":"https:\/\/dexotic.com\/en\/tours-in-argentina\/bariloche-circuito-chico\/","name":"Circuito Chico Bariloche - Dexotic","isPartOf":{"@id":"https:\/\/dexotic.com\/en\/#website"},"primaryImageOfPage":{"@id":"https:\/\/dexotic.com\/en\/tours-in-argentina\/bariloche-circuito-chico\/#primaryimage"},"image":{"@id":"https:\/\/dexotic.com\/en\/tours-in-argentina\/bariloche-circuito-chico\/#primaryimage"},"thumbnailUrl":"https:\/\/dexotic.com\/wp-content\/uploads\/2022\/01\/bariloche-05.jpg","datePublished":"2022-01-23T01:54:53+00:00","dateModified":"2026-03-24T01:47:50+00:00","breadcrumb":{"@id":"https:\/\/dexotic.com\/en\/tours-in-argentina\/bariloche-circuito-chico\/#breadcrumb"},"inLanguage":"en-US","potentialAction":[{"@type":"ReadAction","target":["https:\/\/dexotic.com\/en\/tours-in-argentina\/bariloche-circuito-chico\/"]}]},{"@type":"ImageObject","inLanguage":"en-US","@id":"https:\/\/dexotic.com\/en\/tours-in-argentina\/bariloche-circuito-chico\/#primaryimage","url":"https:\/\/dexotic.com\/wp-content\/uploads\/2022\/01\/bariloche-05.jpg","contentUrl":"https:\/\/dexotic.com\/wp-content\/uploads\/2022\/01\/bariloche-05.jpg","width":800,"height":533},{"@type":"BreadcrumbList","@id":"https:\/\/dexotic.com\/en\/tours-in-argentina\/bariloche-circuito-chico\/#breadcrumb","itemListElement":[{"@type":"ListItem","position":1,"name":"Portada","item":"https:\/\/dexotic.com\/en\/"},{"@type":"ListItem","position":2,"name":"Shop","item":"https:\/\/dexotic.com\/en\/shop\/"},{"@type":"ListItem","position":3,"name":"Circuito Chico Bariloche"}]},{"@type":"WebSite","@id":"https:\/\/dexotic.com\/en\/#website","url":"https:\/\/dexotic.com\/en\/","name":"Dexotic","description":"Excursiones en Salta, Jujuy y Patagonia Argentina","potentialAction":[{"@type":"SearchAction","target":{"@type":"EntryPoint","urlTemplate":"https:\/\/dexotic.com\/en\/?s={search_term_string}"},"query-input":{"@type":"PropertyValueSpecification","valueRequired":true,"valueName":"search_term_string"}}],"inLanguage":"en-US"}]}},"_links":{"self":[{"href":"https:\/\/dexotic.com\/en\/wp-json\/wp\/v2\/product\/5041","targetHints":{"allow":["GET"]}}],"collection":[{"href":"https:\/\/dexotic.com\/en\/wp-json\/wp\/v2\/product"}],"about":[{"href":"https:\/\/dexotic.com\/en\/wp-json\/wp\/v2\/types\/product"}],"replies":[{"embeddable":true,"href":"https:\/\/dexotic.com\/en\/wp-json\/wp\/v2\/comments?post=5041"}],"wp:featuredmedia":[{"embeddable":true,"href":"https:\/\/dexotic.com\/en\/wp-json\/wp\/v2\/media\/5553"}],"wp:attachment":[{"href":"https:\/\/dexotic.com\/en\/wp-json\/wp\/v2\/media?parent=5041"}],"wp:term":[{"taxonomy":"product_brand","embeddable":true,"href":"https:\/\/dexotic.com\/en\/wp-json\/wp\/v2\/product_brand?post=5041"},{"taxonomy":"product_cat","embeddable":true,"href":"https:\/\/dexotic.com\/en\/wp-json\/wp\/v2\/product_cat?post=5041"},{"taxonomy":"product_tag","embeddable":true,"href":"https:\/\/dexotic.com\/en\/wp-json\/wp\/v2\/product_tag?post=5041"}],"curies":[{"name":"wp","href":"https:\/\/api.w.org\/{rel}","templated":true}]}}