{"id":5029,"date":"2022-01-21T13:03:55","date_gmt":"2022-01-21T16:03:55","guid":{"rendered":"http:\/\/dexotic.com\/?post_type=product&#038;p=5029"},"modified":"2026-03-23T22:48:16","modified_gmt":"2026-03-24T01:48:16","slug":"el-calafate-navegacion-glaciares-7-horas","status":"publish","type":"product","link":"https:\/\/dexotic.com\/en\/tours-in-argentina\/el-calafate-navegacion-glaciares-7-horas\/","title":{"rendered":"Navegaci\u00f3n por los Glaciares con Traslado"},"content":{"rendered":"<p>Esta excursi\u00f3n que realiza la navegacion por los glaciares busca a los pasajeros por sus alojamiento y se hace un traslado a <strong>Puerto Bandera<\/strong>, lugar de embarque a unos 47 kms de El Calafate.<a href=\"http:\/\/dexotic.com\/wp-content\/uploads\/2022\/01\/navegacion-glaciares-header-02.jpg\"><img decoding=\"async\" class=\"size-medium wp-image-5334 alignright\" src=\"http:\/\/dexotic.com\/wp-content\/uploads\/2022\/01\/navegacion-glaciares-header-02-300x200.jpg\" alt=\"\" width=\"300\" height=\"200\" srcset=\"https:\/\/dexotic.com\/wp-content\/uploads\/2022\/01\/navegacion-glaciares-header-02-300x200.jpg 300w, https:\/\/dexotic.com\/wp-content\/uploads\/2022\/01\/navegacion-glaciares-header-02-1024x683.jpg 1024w, https:\/\/dexotic.com\/wp-content\/uploads\/2022\/01\/navegacion-glaciares-header-02-768x512.jpg 768w, https:\/\/dexotic.com\/wp-content\/uploads\/2022\/01\/navegacion-glaciares-header-02-531x354.jpg 531w, https:\/\/dexotic.com\/wp-content\/uploads\/2022\/01\/navegacion-glaciares-header-02-600x400.jpg 600w, https:\/\/dexotic.com\/wp-content\/uploads\/2022\/01\/navegacion-glaciares-header-02-180x120.jpg 180w, https:\/\/dexotic.com\/wp-content\/uploads\/2022\/01\/navegacion-glaciares-header-02-135x90.jpg 135w, https:\/\/dexotic.com\/wp-content\/uploads\/2022\/01\/navegacion-glaciares-header-02.jpg 1140w\" sizes=\"(max-width: 300px) 100vw, 300px\" \/><\/a><\/p>\n<p>Se comienza\u00a0 navegando a trav\u00e9s del brazo <strong>norte del Lago Argentino<\/strong> para pasar luego por Boca del Diablo en direcci\u00f3n al Canal Upsala, para viajar entre los grandes t\u00e9mpanos de hielo que caen de la pared frontal del <strong>Glaciar Upsala<\/strong>.<\/p>\n<p>El pr\u00f3ximo destino es el Canal Spegazzini, y luego se disfruta de la vista del <strong>Glaciar Seco<\/strong> por primera vez.<\/p>\n<p>El viaje continuar\u00e1 hasta tener el <strong>Glaciar Spegazzini<\/strong> frente a la embarcaci\u00f3n, donde tambi\u00e9n se disfruta de las vistas de los glaciares Heim Sur y Peineta.<\/p>\n<p>Nos prepararemos para desembarcar en la <strong>Base Spegazzini<\/strong> y as\u00ed comenzar nuestra visita en esta \u00e1rea caminando por un sendero forestal para llegar al <strong>Refugio Spegazzini<\/strong>.<\/p>\n<p><a href=\"http:\/\/dexotic.com\/wp-content\/uploads\/2022\/01\/calafate-glaciares-07.jpg\"><img decoding=\"async\" class=\"size-medium wp-image-5292 alignleft\" src=\"http:\/\/dexotic.com\/wp-content\/uploads\/2022\/01\/calafate-glaciares-07-300x200.jpg\" alt=\"\" width=\"300\" height=\"200\" srcset=\"https:\/\/dexotic.com\/wp-content\/uploads\/2022\/01\/calafate-glaciares-07-300x200.jpg 300w, https:\/\/dexotic.com\/wp-content\/uploads\/2022\/01\/calafate-glaciares-07-768x512.jpg 768w, https:\/\/dexotic.com\/wp-content\/uploads\/2022\/01\/calafate-glaciares-07-531x354.jpg 531w, https:\/\/dexotic.com\/wp-content\/uploads\/2022\/01\/calafate-glaciares-07-600x400.jpg 600w, https:\/\/dexotic.com\/wp-content\/uploads\/2022\/01\/calafate-glaciares-07-180x120.jpg 180w, https:\/\/dexotic.com\/wp-content\/uploads\/2022\/01\/calafate-glaciares-07-135x90.jpg 135w, https:\/\/dexotic.com\/wp-content\/uploads\/2022\/01\/calafate-glaciares-07.jpg 800w\" sizes=\"(max-width: 300px) 100vw, 300px\" \/><\/a>Este camino accesible de 300 metros nos llevar\u00e1 a parar en diferentes estaciones y miradores que cubren toda la <strong>Bah\u00eda de Los Glaciares<\/strong>.<\/p>\n<p>Aqu\u00ed tendr\u00e1n la opci\u00f3n de almorzar (no incluido) en el refugio, visitar la tienda o simplemente disfrutar del hermoso paisaje.<\/p>\n<p>Aquellos que gustan del <strong>trekking<\/strong> pueden seguir el camino hacia la monta\u00f1a, esta es una ruta de dificultad media que atraviesa un sendero arbolado, lleno de puntos de vista naturales y vistas incre\u00edbles, que termina en el punto de desembarque.<\/p>\n<p>Aproximadamente a las 16.30 horas emprendemos el traslado terrestre que nos llevar\u00e1 de regreso a <strong>El Calafate<\/strong>.<\/p>\n<table class=\"table table-bordered tours-tabs__table\" style=\"height: 233px;width: 87.3848%\" width=\"862\">\n<tbody>\n<tr>\n<td style=\"width: 32.627%\"><strong>LUGAR DE SALIDA<\/strong><\/td>\n<td style=\"width: 66.5647%\">Alojamientos de los pasajeros;<\/td>\n<\/tr>\n<tr>\n<td style=\"width: 32.627%\"><strong>HORARIOS DE SALIDA<\/strong><\/td>\n<td style=\"width: 66.5647%\">A partir de las 7 am. se busca a los pasajeros;<\/td>\n<\/tr>\n<tr>\n<td style=\"width: 32.627%\"><strong>HORARIO DE REGRESO<\/strong><\/td>\n<td style=\"width: 66.5647%\">A partir de las 16.30 hs. se regresa al hotel;<\/td>\n<\/tr>\n<tr>\n<td style=\"width: 32.627%\"><strong>EMBARQUE EN PTO. BANDERA<\/strong><\/td>\n<td style=\"width: 66.5647%\"><span style=\"font-weight: 400\">08:30 hs.<\/span><\/td>\n<\/tr>\n<tr>\n<td style=\"width: 32.627%\"><strong>ZARPE DE LA EMBARCACI\u00d3N<\/strong><\/td>\n<td style=\"width: 66.5647%\"><span style=\"font-weight: 400\">09:00 hs.<\/span><\/td>\n<\/tr>\n<tr>\n<td style=\"width: 32.627%\"><strong>REGRESO A PUERTO<\/strong><\/td>\n<td style=\"width: 66.5647%\"><span style=\"font-weight: 400\">15:30 hs. aprox<\/span><\/td>\n<\/tr>\n<tr>\n<td style=\"width: 32.627%\"><b>VESTIMENTA RECOMENDADA<\/b><\/td>\n<td style=\"width: 66.5647%\"><span style=\"font-weight: 400\">Es conveniente llevar calzado c\u00f3modo y ropa de abrigo (sweater, buzo y campera rompe viento y\/o impermeable). Anteojos para sol, crema protectora y guantes. Tambi\u00e9n gorro para sol o de abrigo en caso de que haga mucho fr\u00edo.\u00a0<\/span><\/td>\n<\/tr>\n<tr>\n<td style=\"width: 32.627%\"><strong>INCLUIDO<\/strong><\/td>\n<td style=\"width: 66.5647%\">\n<table class=\"table table-bordered\" style=\"height: 62px\" width=\"300\">\n<tbody>\n<tr>\n<td><i class=\"fa fa-check icon-tick icon-tick--on\"><\/i>Traslados<\/td>\n<td><i class=\"fa fa-check icon-tick icon-tick--on\"><\/i>Gu\u00eda<\/td>\n<\/tr>\n<tr>\n<td><i class=\"fa fa-check icon-tick icon-tick--on\"><\/i>Seguros<\/td>\n<td><\/td>\n<\/tr>\n<\/tbody>\n<\/table>\n<\/td>\n<\/tr>\n<tr>\n<td style=\"width: 32.627%\"><b>NO INCLUIDO<\/b><\/td>\n<td style=\"width: 66.5647%\">\n<table class=\"table table-bordered\" style=\"height: 62px\" width=\"300\">\n<tbody>\n<tr>\n<td><i class=\"fa fa-times icon-tick icon-tick--off\"><\/i>Comidas y bebidas<\/td>\n<\/tr>\n<tr>\n<td><i class=\"fa fa-times icon-tick icon-tick--off\"><\/i><span style=\"font-weight: 400\">Ticket entrada Parque Nacional.<\/span><\/td>\n<\/tr>\n<\/tbody>\n<\/table>\n<\/td>\n<\/tr>\n<\/tbody>\n<\/table>\n<h1 style=\"text-align: center\"><span style=\"font-weight: 400\">Atractivos principales en la excursi\u00f3n a Los Glaciares<\/span><\/h1>\n<p><span style=\"font-weight: 400\"><i class=\"fa fa-check icon-tick icon-tick--on\"><\/i>Navegaci\u00f3n por el Brazo Norte del Lago Argentino;<br \/>\n<i class=\"fa fa-check icon-tick icon-tick--on\"><\/i>Barrera de T\u00e9mpanos;<br \/>\n<i class=\"fa fa-check icon-tick icon-tick--on\"><\/i>Glaciar Spegazzini;<br \/>\n<i class=\"fa fa-check icon-tick icon-tick--on\"><\/i>Glaciares Seco, Heim y Peineta;<br \/>\n<i class=\"fa fa-check icon-tick icon-tick--on\"><\/i>Desembarque en Base Spegazzini;<br \/>\n<i class=\"fa fa-check icon-tick icon-tick--on\"><\/i>Caminata por el Sendero del Bosque hasta el Refugio Spegazzini. En el Refugio se puede almorzar, visitar el shop o contemplar el paisaje. Para regresar al Punto de Embarque, es posible tomar el Sendero de Monta\u00f1a (dificultad media) con miradores naturales e incre\u00edbles vistas.<\/span><\/p>\n<h3>Pol\u00edtica\u00a0de tarifas<\/h3>\n<p>ADULTO (+17 a\u00f1os)<br \/>\nMENOR (6-16 a\u00f1os)<br \/>\nMENOR (3-5 a\u00f1os). Solo paga traslado a Puerto Bandera (ocupa asiento)<br \/>\nSin cargo 0-2 a\u00f1os (no ocupa asiento)<\/p>\n","protected":false},"excerpt":{"rendered":"<p>Excursi\u00f3n en embarcaciones <strong>navegando el brazo norte del Lago Argentino<\/strong>, en direcci\u00f3n a los glaciares m\u00e1s reconocidos de la regi\u00f3n de El Calafate.<\/p>\n","protected":false},"featured_media":5288,"comment_status":"open","ping_status":"closed","template":"","meta":{"_joinchat":null},"product_brand":[],"product_cat":[207],"product_tag":[],"class_list":{"0":"post-5029","1":"product","2":"type-product","3":"status-publish","4":"has-post-thumbnail","6":"product_cat-sin-categorizar","7":"pa_duracion-10-hs-7-hs-de-navegacion","8":"pa_edad-todas-las-edades","9":"pa_requerimiento-fisico-bajo","10":"pa_salidas-de-septiembre-a-abril-inclusive","11":"tour_category-excursiones-desde-el-calafate","12":"tour_category-patagonia","14":"first","15":"instock","16":"shipping-taxable","17":"purchasable","18":"product-type-tour","19":"has-default-attributes"},"yoast_head":"<!-- This site is optimized with the Yoast SEO Premium plugin v27.1 (Yoast SEO v27.1.1) - https:\/\/yoast.com\/product\/yoast-seo-premium-wordpress\/ -->\n<title>Navegaci\u00f3n por los Glaciares con Traslado - Dexotic<\/title>\n<meta name=\"description\" content=\"Excursi\u00f3n en embarcaciones navegando el brazo norte del Lago Argentino, en direccion a los salares m\u00e1s reconocidos de la region de El Calafate.\" \/>\n<meta name=\"robots\" content=\"index, follow, max-snippet:-1, max-image-preview:large, max-video-preview:-1\" \/>\n<link rel=\"canonical\" href=\"https:\/\/dexotic.com\/en\/tours-in-argentina\/el-calafate-navegacion-glaciares-7-horas\/\" \/>\n<meta property=\"og:locale\" content=\"en_US\" \/>\n<meta property=\"og:type\" content=\"article\" \/>\n<meta property=\"og:title\" content=\"Navegaci\u00f3n por los Glaciares con Traslado\" \/>\n<meta property=\"og:description\" content=\"Excursi\u00f3n en embarcaciones navegando el brazo norte del Lago Argentino, en direccion a los salares m\u00e1s reconocidos de la region de El Calafate.\" \/>\n<meta property=\"og:url\" content=\"https:\/\/dexotic.com\/en\/tours-in-argentina\/el-calafate-navegacion-glaciares-7-horas\/\" \/>\n<meta property=\"og:site_name\" content=\"Dexotic\" \/>\n<meta property=\"article:publisher\" content=\"https:\/\/www.facebook.com\/excursiones.noa\/\" \/>\n<meta property=\"article:modified_time\" content=\"2026-03-24T01:48:16+00:00\" \/>\n<meta property=\"og:image\" content=\"https:\/\/dexotic.com\/wp-content\/uploads\/2022\/01\/navegacion-glaciares-header-02.jpg\" \/>\n\t<meta property=\"og:image:width\" content=\"1140\" \/>\n\t<meta property=\"og:image:height\" content=\"760\" \/>\n\t<meta property=\"og:image:type\" content=\"image\/jpeg\" \/>\n<meta name=\"twitter:card\" content=\"summary_large_image\" \/>\n<meta name=\"twitter:site\" content=\"@dexotic_ok\" \/>\n<meta name=\"twitter:label1\" content=\"Est. reading time\" \/>\n\t<meta name=\"twitter:data1\" content=\"5 minutes\" \/>\n<script type=\"application\/ld+json\" class=\"yoast-schema-graph\">{\"@context\":\"https:\/\/schema.org\",\"@graph\":[{\"@type\":[\"WebPage\",\"ItemPage\"],\"@id\":\"https:\/\/dexotic.com\/en\/tours-in-argentina\/el-calafate-navegacion-glaciares-7-horas\/\",\"url\":\"https:\/\/dexotic.com\/en\/tours-in-argentina\/el-calafate-navegacion-glaciares-7-horas\/\",\"name\":\"Navegaci\u00f3n por los Glaciares con Traslado - Dexotic\",\"isPartOf\":{\"@id\":\"https:\/\/dexotic.com\/en\/#website\"},\"primaryImageOfPage\":{\"@id\":\"https:\/\/dexotic.com\/en\/tours-in-argentina\/el-calafate-navegacion-glaciares-7-horas\/#primaryimage\"},\"image\":{\"@id\":\"https:\/\/dexotic.com\/en\/tours-in-argentina\/el-calafate-navegacion-glaciares-7-horas\/#primaryimage\"},\"thumbnailUrl\":\"https:\/\/dexotic.com\/wp-content\/uploads\/2022\/01\/calafate-glaciares-05.jpg\",\"datePublished\":\"2022-01-21T16:03:55+00:00\",\"dateModified\":\"2026-03-24T01:48:16+00:00\",\"description\":\"Excursi\u00f3n en embarcaciones navegando el brazo norte del Lago Argentino, en direccion a los salares m\u00e1s reconocidos de la region de El Calafate.\",\"breadcrumb\":{\"@id\":\"https:\/\/dexotic.com\/en\/tours-in-argentina\/el-calafate-navegacion-glaciares-7-horas\/#breadcrumb\"},\"inLanguage\":\"en-US\",\"potentialAction\":[{\"@type\":\"ReadAction\",\"target\":[\"https:\/\/dexotic.com\/en\/tours-in-argentina\/el-calafate-navegacion-glaciares-7-horas\/\"]}]},{\"@type\":\"ImageObject\",\"inLanguage\":\"en-US\",\"@id\":\"https:\/\/dexotic.com\/en\/tours-in-argentina\/el-calafate-navegacion-glaciares-7-horas\/#primaryimage\",\"url\":\"https:\/\/dexotic.com\/wp-content\/uploads\/2022\/01\/calafate-glaciares-05.jpg\",\"contentUrl\":\"https:\/\/dexotic.com\/wp-content\/uploads\/2022\/01\/calafate-glaciares-05.jpg\",\"width\":800,\"height\":533},{\"@type\":\"BreadcrumbList\",\"@id\":\"https:\/\/dexotic.com\/en\/tours-in-argentina\/el-calafate-navegacion-glaciares-7-horas\/#breadcrumb\",\"itemListElement\":[{\"@type\":\"ListItem\",\"position\":1,\"name\":\"Portada\",\"item\":\"https:\/\/dexotic.com\/en\/\"},{\"@type\":\"ListItem\",\"position\":2,\"name\":\"Shop\",\"item\":\"https:\/\/dexotic.com\/en\/shop\/\"},{\"@type\":\"ListItem\",\"position\":3,\"name\":\"Navegaci\u00f3n por los Glaciares con Traslado\"}]},{\"@type\":\"WebSite\",\"@id\":\"https:\/\/dexotic.com\/en\/#website\",\"url\":\"https:\/\/dexotic.com\/en\/\",\"name\":\"Dexotic\",\"description\":\"Excursiones en Salta, Jujuy y Patagonia Argentina\",\"potentialAction\":[{\"@type\":\"SearchAction\",\"target\":{\"@type\":\"EntryPoint\",\"urlTemplate\":\"https:\/\/dexotic.com\/en\/?s={search_term_string}\"},\"query-input\":{\"@type\":\"PropertyValueSpecification\",\"valueRequired\":true,\"valueName\":\"search_term_string\"}}],\"inLanguage\":\"en-US\"}]}<\/script>\n<!-- \/ Yoast SEO Premium plugin. -->","yoast_head_json":{"title":"Navegaci\u00f3n por los Glaciares con Traslado - Dexotic","description":"Excursi\u00f3n en embarcaciones navegando el brazo norte del Lago Argentino, en direccion a los salares m\u00e1s reconocidos de la region de El Calafate.","robots":{"index":"index","follow":"follow","max-snippet":"max-snippet:-1","max-image-preview":"max-image-preview:large","max-video-preview":"max-video-preview:-1"},"canonical":"https:\/\/dexotic.com\/en\/tours-in-argentina\/el-calafate-navegacion-glaciares-7-horas\/","og_locale":"en_US","og_type":"article","og_title":"Navegaci\u00f3n por los Glaciares con Traslado","og_description":"Excursi\u00f3n en embarcaciones navegando el brazo norte del Lago Argentino, en direccion a los salares m\u00e1s reconocidos de la region de El Calafate.","og_url":"https:\/\/dexotic.com\/en\/tours-in-argentina\/el-calafate-navegacion-glaciares-7-horas\/","og_site_name":"Dexotic","article_publisher":"https:\/\/www.facebook.com\/excursiones.noa\/","article_modified_time":"2026-03-24T01:48:16+00:00","og_image":[{"width":1140,"height":760,"url":"https:\/\/dexotic.com\/wp-content\/uploads\/2022\/01\/navegacion-glaciares-header-02.jpg","type":"image\/jpeg"}],"twitter_card":"summary_large_image","twitter_site":"@dexotic_ok","twitter_misc":{"Est. reading time":"5 minutes"},"schema":{"@context":"https:\/\/schema.org","@graph":[{"@type":["WebPage","ItemPage"],"@id":"https:\/\/dexotic.com\/en\/tours-in-argentina\/el-calafate-navegacion-glaciares-7-horas\/","url":"https:\/\/dexotic.com\/en\/tours-in-argentina\/el-calafate-navegacion-glaciares-7-horas\/","name":"Navegaci\u00f3n por los Glaciares con Traslado - Dexotic","isPartOf":{"@id":"https:\/\/dexotic.com\/en\/#website"},"primaryImageOfPage":{"@id":"https:\/\/dexotic.com\/en\/tours-in-argentina\/el-calafate-navegacion-glaciares-7-horas\/#primaryimage"},"image":{"@id":"https:\/\/dexotic.com\/en\/tours-in-argentina\/el-calafate-navegacion-glaciares-7-horas\/#primaryimage"},"thumbnailUrl":"https:\/\/dexotic.com\/wp-content\/uploads\/2022\/01\/calafate-glaciares-05.jpg","datePublished":"2022-01-21T16:03:55+00:00","dateModified":"2026-03-24T01:48:16+00:00","description":"Excursi\u00f3n en embarcaciones navegando el brazo norte del Lago Argentino, en direccion a los salares m\u00e1s reconocidos de la region de El Calafate.","breadcrumb":{"@id":"https:\/\/dexotic.com\/en\/tours-in-argentina\/el-calafate-navegacion-glaciares-7-horas\/#breadcrumb"},"inLanguage":"en-US","potentialAction":[{"@type":"ReadAction","target":["https:\/\/dexotic.com\/en\/tours-in-argentina\/el-calafate-navegacion-glaciares-7-horas\/"]}]},{"@type":"ImageObject","inLanguage":"en-US","@id":"https:\/\/dexotic.com\/en\/tours-in-argentina\/el-calafate-navegacion-glaciares-7-horas\/#primaryimage","url":"https:\/\/dexotic.com\/wp-content\/uploads\/2022\/01\/calafate-glaciares-05.jpg","contentUrl":"https:\/\/dexotic.com\/wp-content\/uploads\/2022\/01\/calafate-glaciares-05.jpg","width":800,"height":533},{"@type":"BreadcrumbList","@id":"https:\/\/dexotic.com\/en\/tours-in-argentina\/el-calafate-navegacion-glaciares-7-horas\/#breadcrumb","itemListElement":[{"@type":"ListItem","position":1,"name":"Portada","item":"https:\/\/dexotic.com\/en\/"},{"@type":"ListItem","position":2,"name":"Shop","item":"https:\/\/dexotic.com\/en\/shop\/"},{"@type":"ListItem","position":3,"name":"Navegaci\u00f3n por los Glaciares con Traslado"}]},{"@type":"WebSite","@id":"https:\/\/dexotic.com\/en\/#website","url":"https:\/\/dexotic.com\/en\/","name":"Dexotic","description":"Excursiones en Salta, Jujuy y Patagonia Argentina","potentialAction":[{"@type":"SearchAction","target":{"@type":"EntryPoint","urlTemplate":"https:\/\/dexotic.com\/en\/?s={search_term_string}"},"query-input":{"@type":"PropertyValueSpecification","valueRequired":true,"valueName":"search_term_string"}}],"inLanguage":"en-US"}]}},"_links":{"self":[{"href":"https:\/\/dexotic.com\/en\/wp-json\/wp\/v2\/product\/5029","targetHints":{"allow":["GET"]}}],"collection":[{"href":"https:\/\/dexotic.com\/en\/wp-json\/wp\/v2\/product"}],"about":[{"href":"https:\/\/dexotic.com\/en\/wp-json\/wp\/v2\/types\/product"}],"replies":[{"embeddable":true,"href":"https:\/\/dexotic.com\/en\/wp-json\/wp\/v2\/comments?post=5029"}],"wp:featuredmedia":[{"embeddable":true,"href":"https:\/\/dexotic.com\/en\/wp-json\/wp\/v2\/media\/5288"}],"wp:attachment":[{"href":"https:\/\/dexotic.com\/en\/wp-json\/wp\/v2\/media?parent=5029"}],"wp:term":[{"taxonomy":"product_brand","embeddable":true,"href":"https:\/\/dexotic.com\/en\/wp-json\/wp\/v2\/product_brand?post=5029"},{"taxonomy":"product_cat","embeddable":true,"href":"https:\/\/dexotic.com\/en\/wp-json\/wp\/v2\/product_cat?post=5029"},{"taxonomy":"product_tag","embeddable":true,"href":"https:\/\/dexotic.com\/en\/wp-json\/wp\/v2\/product_tag?post=5029"}],"curies":[{"name":"wp","href":"https:\/\/api.w.org\/{rel}","templated":true}]}}