{"id":5028,"date":"2022-01-21T12:06:37","date_gmt":"2022-01-21T15:06:37","guid":{"rendered":"http:\/\/dexotic.com\/?post_type=product&#038;p=5028"},"modified":"2026-03-23T22:48:22","modified_gmt":"2026-03-24T01:48:22","slug":"balcon-el-calafate-4x4","status":"publish","type":"product","link":"https:\/\/dexotic.com\/en\/tours-in-argentina\/balcon-el-calafate-4x4\/","title":{"rendered":"Balc\u00f3n de El Calafate en 4&#215;4"},"content":{"rendered":"<p>La excursi\u00f3n <strong>\u201cEl Calafate Balc\u00f3n Experience\u201d<\/strong> permite a los viajeros asomarse a un <strong>imponente mirador natural<\/strong> donde podr\u00e1n disfrutar de una magn\u00edfica vista panor\u00e1mica de <strong>El Calafate<\/strong> y el <strong>Lago Argentino<\/strong>.<a href=\"http:\/\/dexotic.com\/wp-content\/uploads\/2022\/01\/calafate-4x4-cerro-huyliche-05.jpg\"><img decoding=\"async\" class=\"size-medium wp-image-5320 alignright\" src=\"http:\/\/dexotic.com\/wp-content\/uploads\/2022\/01\/calafate-4x4-cerro-huyliche-05-300x200.jpg\" alt=\"\" width=\"300\" height=\"200\" srcset=\"https:\/\/dexotic.com\/wp-content\/uploads\/2022\/01\/calafate-4x4-cerro-huyliche-05-300x200.jpg 300w, https:\/\/dexotic.com\/wp-content\/uploads\/2022\/01\/calafate-4x4-cerro-huyliche-05-768x512.jpg 768w, https:\/\/dexotic.com\/wp-content\/uploads\/2022\/01\/calafate-4x4-cerro-huyliche-05-531x354.jpg 531w, https:\/\/dexotic.com\/wp-content\/uploads\/2022\/01\/calafate-4x4-cerro-huyliche-05-600x400.jpg 600w, https:\/\/dexotic.com\/wp-content\/uploads\/2022\/01\/calafate-4x4-cerro-huyliche-05-180x120.jpg 180w, https:\/\/dexotic.com\/wp-content\/uploads\/2022\/01\/calafate-4x4-cerro-huyliche-05-135x90.jpg 135w, https:\/\/dexotic.com\/wp-content\/uploads\/2022\/01\/calafate-4x4-cerro-huyliche-05.jpg 800w\" sizes=\"(max-width: 300px) 100vw, 300px\" \/><\/a><\/p>\n<p>La actividad parte desde los hoteles de El Calafate y completa un recorrido de 35 kil\u00f3metros sobre la l\u00ednea de cerros situados detr\u00e1s del pueblo, conociendo paisajes t\u00edpicos de la <a href=\"https:\/\/dexotic.com\/en\/cat\/patagonia-south-argentina\/\">Patagonia Argentina<\/a> y llegando hasta los 1050 m.s.n.m.<\/p>\n<p>All\u00ed, la primera parada es un mirador natural donde los pasajeros disfrutan de una <strong>vista panor\u00e1mica de El Calafate<\/strong>, del cuerpo central del Lago Argentino y, si el clima lo permite, se podr\u00e1 avistar la zona de acumulaci\u00f3n de los glaciares, y los <strong>Cerros Fitz Roy y Torre <\/strong>en El Chalt\u00e9n, lo cual conforma un espect\u00e1culo \u00fanico.<\/p>\n<p>Luego prosigue el paseo hasta el <strong>Laberinto de Piedras<\/strong>, se trata de una formaci\u00f3n del per\u00edodo Cret\u00e1cico que data de 85 millones de a\u00f1os de antig\u00fcedad y alguna vez fue el lecho de un r\u00edo.<\/p>\n<p>Tomamos un snack en la\u00a0<strong>confiter\u00eda Huyliche<\/strong>\u00a0y desde all\u00ed iniciamos el descenso por la ladera norte del cerro hasta la <strong>Piedra de los Sombreros<\/strong>, curiosas concreciones de hierro que solo se encuentran en cuatro lugares del mundo.<\/p>\n<p>Luego de este viaje a otras eras de la historia del mundo, retornamos hacia <strong>El Calafate<\/strong> con la vista del Lago Argentino.<\/p>\n<table class=\"table table-bordered tours-tabs__table\" style=\"height: 428px;width: 87.3848%\" width=\"862\">\n<tbody>\n<tr style=\"height: 24px\">\n<td style=\"width: 32.627%;height: 24px\"><strong>LUGAR DE SALIDA Y REGRESO<\/strong><\/td>\n<td style=\"width: 66.5647%;height: 24px\">Hoteles c\u00e9ntricos<\/td>\n<\/tr>\n<tr style=\"height: 24px\">\n<td style=\"width: 32.627%;height: 24px\"><strong>HORARIO DE SALIDA<\/strong><\/td>\n<td style=\"width: 66.5647%;height: 24px\"><span style=\"font-weight: 400\">A partir de 9.45 horas<\/span><\/td>\n<\/tr>\n<tr style=\"height: 24px\">\n<td style=\"width: 32.627%;height: 24px\"><strong>HORARIO DE REGRESO<\/strong><\/td>\n<td style=\"width: 66.5647%;height: 24px\"><span style=\"font-weight: 400\">A partir de 13 horas<\/span><\/td>\n<\/tr>\n<tr style=\"height: 72px\">\n<td style=\"width: 32.627%;height: 72px\"><b>VESTIMENTA RECOMENDADA<\/b><\/td>\n<td style=\"width: 66.5647%;height: 72px\"><span style=\"font-weight: 400\">Es conveniente llevar calzado c\u00f3modo y ropa de abrigo (sweater, buzo y campera rompe viento y\/o impermeable). Anteojos para sol, crema protectora y guantes. Tambi\u00e9n gorro para sol o de abrigo en caso de que haga mucho fr\u00edo.\u00a0<\/span><\/td>\n<\/tr>\n<tr style=\"height: 48px\">\n<td style=\"width: 32.627%;height: 48px\"><b>ALMUERZO<\/b><\/td>\n<td style=\"width: 66.5647%;height: 48px\"><span style=\"font-weight: 400\"><strong>Est\u00e1 incluido<\/strong>. Cazuela de lentejas y carne u opci\u00f3n vegetariana + 1 bebida (agua o gaseosa) + cafeter\u00eda<\/span><\/td>\n<\/tr>\n<tr style=\"height: 236px\">\n<td style=\"width: 32.627%;height: 236px\"><strong>INCLUIDO<\/strong><\/td>\n<td style=\"width: 66.5647%;height: 236px\">\n<table class=\"table table-bordered\" style=\"height: 62px\" width=\"300\">\n<tbody>\n<tr>\n<td><i class=\"fa fa-check icon-tick icon-tick--on\"><\/i>Traslados<\/td>\n<td><i class=\"fa fa-check icon-tick icon-tick--on\"><\/i>Gu\u00eda<\/td>\n<\/tr>\n<tr>\n<td><i class=\"fa fa-check icon-tick icon-tick--on\"><\/i>Seguros<\/td>\n<td><i class=\"fa fa-check icon-tick icon-tick--on\"><\/i>Pickup por hotel c\u00e9ntrico<\/td>\n<\/tr>\n<tr>\n<td><i class=\"fa fa-times icon-tick icon-tick--off\"><\/i>Almuerzo<\/td>\n<td><\/td>\n<\/tr>\n<\/tbody>\n<\/table>\n<\/td>\n<\/tr>\n<\/tbody>\n<\/table>\n","protected":false},"excerpt":{"rendered":"<p>La excursi\u00f3n <strong>\u201cEl Calafate Balc\u00f3n Experience\u201d<\/strong> permite conocer un <strong>imponente mirador natural<\/strong> con vista panor\u00e1mica de <strong>El Calafate<\/strong> y el <strong>Lago Argentino<\/strong>.<\/p>\n","protected":false},"featured_media":5322,"comment_status":"open","ping_status":"closed","template":"","meta":{"_joinchat":null},"product_brand":[],"product_cat":[207],"product_tag":[],"class_list":{"0":"post-5028","1":"product","2":"type-product","3":"status-publish","4":"has-post-thumbnail","6":"product_cat-sin-categorizar","7":"pa_duracion-4-hs","8":"pa_edad-todas-las-edades","9":"pa_requerimiento-fisico-bajo","10":"tour_category-excursiones-desde-el-calafate","11":"tour_category-patagonia","13":"first","14":"instock","15":"shipping-taxable","16":"purchasable","17":"product-type-tour","18":"has-default-attributes"},"yoast_head":"<!-- This site is optimized with the Yoast SEO Premium plugin v27.1 (Yoast SEO v27.1.1) - https:\/\/yoast.com\/product\/yoast-seo-premium-wordpress\/ -->\n<title>Balc\u00f3n de El Calafate en 4x4 - Dexotic<\/title>\n<meta name=\"description\" content=\"La excursi\u00f3n \u201cEl Calafate Balc\u00f3n Experience\u201d permite conocer un imponente mirador natural con vista panor\u00e1mica de El Calafate y el Lago Argentino.\" \/>\n<meta name=\"robots\" content=\"index, follow, max-snippet:-1, max-image-preview:large, max-video-preview:-1\" \/>\n<link rel=\"canonical\" href=\"https:\/\/dexotic.com\/en\/tours-in-argentina\/balcon-el-calafate-4x4\/\" \/>\n<meta property=\"og:locale\" content=\"en_US\" \/>\n<meta property=\"og:type\" content=\"article\" \/>\n<meta property=\"og:title\" content=\"Balc\u00f3n de El Calafate en 4x4\" \/>\n<meta property=\"og:description\" content=\"La excursi\u00f3n \u201cEl Calafate Balc\u00f3n Experience\u201d permite conocer un imponente mirador natural con vista panor\u00e1mica de El Calafate y el Lago Argentino.\" \/>\n<meta property=\"og:url\" content=\"https:\/\/dexotic.com\/en\/tours-in-argentina\/balcon-el-calafate-4x4\/\" \/>\n<meta property=\"og:site_name\" content=\"Dexotic\" \/>\n<meta property=\"article:publisher\" content=\"https:\/\/www.facebook.com\/excursiones.noa\/\" \/>\n<meta property=\"article:modified_time\" content=\"2026-03-24T01:48:22+00:00\" \/>\n<meta property=\"og:image\" content=\"https:\/\/dexotic.com\/wp-content\/uploads\/2022\/01\/calafate-4x4-cerro-huyliche-09.jpg\" \/>\n\t<meta property=\"og:image:width\" content=\"800\" \/>\n\t<meta property=\"og:image:height\" content=\"533\" \/>\n\t<meta property=\"og:image:type\" content=\"image\/jpeg\" \/>\n<meta name=\"twitter:card\" content=\"summary_large_image\" \/>\n<meta name=\"twitter:site\" content=\"@dexotic_ok\" \/>\n<meta name=\"twitter:label1\" content=\"Est. reading time\" \/>\n\t<meta name=\"twitter:data1\" content=\"5 minutes\" \/>\n<script type=\"application\/ld+json\" class=\"yoast-schema-graph\">{\"@context\":\"https:\/\/schema.org\",\"@graph\":[{\"@type\":[\"WebPage\",\"ItemPage\"],\"@id\":\"https:\/\/dexotic.com\/en\/tours-in-argentina\/balcon-el-calafate-4x4\/\",\"url\":\"https:\/\/dexotic.com\/en\/tours-in-argentina\/balcon-el-calafate-4x4\/\",\"name\":\"Balc\u00f3n de El Calafate en 4x4 - Dexotic\",\"isPartOf\":{\"@id\":\"https:\/\/dexotic.com\/en\/#website\"},\"primaryImageOfPage\":{\"@id\":\"https:\/\/dexotic.com\/en\/tours-in-argentina\/balcon-el-calafate-4x4\/#primaryimage\"},\"image\":{\"@id\":\"https:\/\/dexotic.com\/en\/tours-in-argentina\/balcon-el-calafate-4x4\/#primaryimage\"},\"thumbnailUrl\":\"https:\/\/dexotic.com\/wp-content\/uploads\/2022\/01\/calafate-4x4-cerro-huyliche-06.jpg\",\"datePublished\":\"2022-01-21T15:06:37+00:00\",\"dateModified\":\"2026-03-24T01:48:22+00:00\",\"description\":\"La excursi\u00f3n \u201cEl Calafate Balc\u00f3n Experience\u201d permite conocer un imponente mirador natural con vista panor\u00e1mica de El Calafate y el Lago Argentino.\",\"breadcrumb\":{\"@id\":\"https:\/\/dexotic.com\/en\/tours-in-argentina\/balcon-el-calafate-4x4\/#breadcrumb\"},\"inLanguage\":\"en-US\",\"potentialAction\":[{\"@type\":\"ReadAction\",\"target\":[\"https:\/\/dexotic.com\/en\/tours-in-argentina\/balcon-el-calafate-4x4\/\"]}]},{\"@type\":\"ImageObject\",\"inLanguage\":\"en-US\",\"@id\":\"https:\/\/dexotic.com\/en\/tours-in-argentina\/balcon-el-calafate-4x4\/#primaryimage\",\"url\":\"https:\/\/dexotic.com\/wp-content\/uploads\/2022\/01\/calafate-4x4-cerro-huyliche-06.jpg\",\"contentUrl\":\"https:\/\/dexotic.com\/wp-content\/uploads\/2022\/01\/calafate-4x4-cerro-huyliche-06.jpg\",\"width\":800,\"height\":533},{\"@type\":\"BreadcrumbList\",\"@id\":\"https:\/\/dexotic.com\/en\/tours-in-argentina\/balcon-el-calafate-4x4\/#breadcrumb\",\"itemListElement\":[{\"@type\":\"ListItem\",\"position\":1,\"name\":\"Portada\",\"item\":\"https:\/\/dexotic.com\/en\/\"},{\"@type\":\"ListItem\",\"position\":2,\"name\":\"Shop\",\"item\":\"https:\/\/dexotic.com\/en\/shop\/\"},{\"@type\":\"ListItem\",\"position\":3,\"name\":\"Balc\u00f3n de El Calafate en 4&#215;4\"}]},{\"@type\":\"WebSite\",\"@id\":\"https:\/\/dexotic.com\/en\/#website\",\"url\":\"https:\/\/dexotic.com\/en\/\",\"name\":\"Dexotic\",\"description\":\"Excursiones en Salta, Jujuy y Patagonia Argentina\",\"potentialAction\":[{\"@type\":\"SearchAction\",\"target\":{\"@type\":\"EntryPoint\",\"urlTemplate\":\"https:\/\/dexotic.com\/en\/?s={search_term_string}\"},\"query-input\":{\"@type\":\"PropertyValueSpecification\",\"valueRequired\":true,\"valueName\":\"search_term_string\"}}],\"inLanguage\":\"en-US\"}]}<\/script>\n<!-- \/ Yoast SEO Premium plugin. -->","yoast_head_json":{"title":"Balc\u00f3n de El Calafate en 4x4 - Dexotic","description":"La excursi\u00f3n \u201cEl Calafate Balc\u00f3n Experience\u201d permite conocer un imponente mirador natural con vista panor\u00e1mica de El Calafate y el Lago Argentino.","robots":{"index":"index","follow":"follow","max-snippet":"max-snippet:-1","max-image-preview":"max-image-preview:large","max-video-preview":"max-video-preview:-1"},"canonical":"https:\/\/dexotic.com\/en\/tours-in-argentina\/balcon-el-calafate-4x4\/","og_locale":"en_US","og_type":"article","og_title":"Balc\u00f3n de El Calafate en 4x4","og_description":"La excursi\u00f3n \u201cEl Calafate Balc\u00f3n Experience\u201d permite conocer un imponente mirador natural con vista panor\u00e1mica de El Calafate y el Lago Argentino.","og_url":"https:\/\/dexotic.com\/en\/tours-in-argentina\/balcon-el-calafate-4x4\/","og_site_name":"Dexotic","article_publisher":"https:\/\/www.facebook.com\/excursiones.noa\/","article_modified_time":"2026-03-24T01:48:22+00:00","og_image":[{"width":800,"height":533,"url":"https:\/\/dexotic.com\/wp-content\/uploads\/2022\/01\/calafate-4x4-cerro-huyliche-09.jpg","type":"image\/jpeg"}],"twitter_card":"summary_large_image","twitter_site":"@dexotic_ok","twitter_misc":{"Est. reading time":"5 minutes"},"schema":{"@context":"https:\/\/schema.org","@graph":[{"@type":["WebPage","ItemPage"],"@id":"https:\/\/dexotic.com\/en\/tours-in-argentina\/balcon-el-calafate-4x4\/","url":"https:\/\/dexotic.com\/en\/tours-in-argentina\/balcon-el-calafate-4x4\/","name":"Balc\u00f3n de El Calafate en 4x4 - Dexotic","isPartOf":{"@id":"https:\/\/dexotic.com\/en\/#website"},"primaryImageOfPage":{"@id":"https:\/\/dexotic.com\/en\/tours-in-argentina\/balcon-el-calafate-4x4\/#primaryimage"},"image":{"@id":"https:\/\/dexotic.com\/en\/tours-in-argentina\/balcon-el-calafate-4x4\/#primaryimage"},"thumbnailUrl":"https:\/\/dexotic.com\/wp-content\/uploads\/2022\/01\/calafate-4x4-cerro-huyliche-06.jpg","datePublished":"2022-01-21T15:06:37+00:00","dateModified":"2026-03-24T01:48:22+00:00","description":"La excursi\u00f3n \u201cEl Calafate Balc\u00f3n Experience\u201d permite conocer un imponente mirador natural con vista panor\u00e1mica de El Calafate y el Lago Argentino.","breadcrumb":{"@id":"https:\/\/dexotic.com\/en\/tours-in-argentina\/balcon-el-calafate-4x4\/#breadcrumb"},"inLanguage":"en-US","potentialAction":[{"@type":"ReadAction","target":["https:\/\/dexotic.com\/en\/tours-in-argentina\/balcon-el-calafate-4x4\/"]}]},{"@type":"ImageObject","inLanguage":"en-US","@id":"https:\/\/dexotic.com\/en\/tours-in-argentina\/balcon-el-calafate-4x4\/#primaryimage","url":"https:\/\/dexotic.com\/wp-content\/uploads\/2022\/01\/calafate-4x4-cerro-huyliche-06.jpg","contentUrl":"https:\/\/dexotic.com\/wp-content\/uploads\/2022\/01\/calafate-4x4-cerro-huyliche-06.jpg","width":800,"height":533},{"@type":"BreadcrumbList","@id":"https:\/\/dexotic.com\/en\/tours-in-argentina\/balcon-el-calafate-4x4\/#breadcrumb","itemListElement":[{"@type":"ListItem","position":1,"name":"Portada","item":"https:\/\/dexotic.com\/en\/"},{"@type":"ListItem","position":2,"name":"Shop","item":"https:\/\/dexotic.com\/en\/shop\/"},{"@type":"ListItem","position":3,"name":"Balc\u00f3n de El Calafate en 4&#215;4"}]},{"@type":"WebSite","@id":"https:\/\/dexotic.com\/en\/#website","url":"https:\/\/dexotic.com\/en\/","name":"Dexotic","description":"Excursiones en Salta, Jujuy y Patagonia Argentina","potentialAction":[{"@type":"SearchAction","target":{"@type":"EntryPoint","urlTemplate":"https:\/\/dexotic.com\/en\/?s={search_term_string}"},"query-input":{"@type":"PropertyValueSpecification","valueRequired":true,"valueName":"search_term_string"}}],"inLanguage":"en-US"}]}},"_links":{"self":[{"href":"https:\/\/dexotic.com\/en\/wp-json\/wp\/v2\/product\/5028","targetHints":{"allow":["GET"]}}],"collection":[{"href":"https:\/\/dexotic.com\/en\/wp-json\/wp\/v2\/product"}],"about":[{"href":"https:\/\/dexotic.com\/en\/wp-json\/wp\/v2\/types\/product"}],"replies":[{"embeddable":true,"href":"https:\/\/dexotic.com\/en\/wp-json\/wp\/v2\/comments?post=5028"}],"wp:featuredmedia":[{"embeddable":true,"href":"https:\/\/dexotic.com\/en\/wp-json\/wp\/v2\/media\/5322"}],"wp:attachment":[{"href":"https:\/\/dexotic.com\/en\/wp-json\/wp\/v2\/media?parent=5028"}],"wp:term":[{"taxonomy":"product_brand","embeddable":true,"href":"https:\/\/dexotic.com\/en\/wp-json\/wp\/v2\/product_brand?post=5028"},{"taxonomy":"product_cat","embeddable":true,"href":"https:\/\/dexotic.com\/en\/wp-json\/wp\/v2\/product_cat?post=5028"},{"taxonomy":"product_tag","embeddable":true,"href":"https:\/\/dexotic.com\/en\/wp-json\/wp\/v2\/product_tag?post=5028"}],"curies":[{"name":"wp","href":"https:\/\/api.w.org\/{rel}","templated":true}]}}