{"id":5027,"date":"2022-01-21T11:36:58","date_gmt":"2022-01-21T14:36:58","guid":{"rendered":"http:\/\/dexotic.com\/?post_type=product&#038;p=5027"},"modified":"2024-09-19T09:26:10","modified_gmt":"2024-09-19T12:26:10","slug":"calafate-trekking-full-day-el-chalten","status":"publish","type":"product","link":"https:\/\/dexotic.com\/en\/tours-in-argentina\/calafate-trekking-full-day-el-chalten\/","title":{"rendered":"El Chalt\u00e9n Full Day con Vianda"},"content":{"rendered":"<p>El paseo comienza temprano por la ma\u00f1ana para dirigirse hacia la <strong>m\u00edtica Ruta 40<\/strong> que tomaremos hacia el norte.<\/p>\n<p>Esta ruta bordea el <strong>Lago Argentino<\/strong>, atraviesa el R\u00edo Santa Cruz y R\u00edo La Leona; aproximadamente a mitad de camino llegaremos al parador La Leona, antigua construcci\u00f3n que data de 1894, sobre el R\u00edo del mismo nombre, donde nos enteraremos de su historia.<a href=\"http:\/\/dexotic.com\/wp-content\/uploads\/2022\/01\/trekking-el-chalten-07.jpg\"><img decoding=\"async\" class=\"size-medium wp-image-5498 alignright\" src=\"http:\/\/dexotic.com\/wp-content\/uploads\/2022\/01\/trekking-el-chalten-07-300x173.jpg\" alt=\"\" width=\"300\" height=\"173\" srcset=\"https:\/\/dexotic.com\/wp-content\/uploads\/2022\/01\/trekking-el-chalten-07-300x173.jpg 300w, https:\/\/dexotic.com\/wp-content\/uploads\/2022\/01\/trekking-el-chalten-07-156x90.jpg 156w, https:\/\/dexotic.com\/wp-content\/uploads\/2022\/01\/trekking-el-chalten-07.jpg 503w\" sizes=\"(max-width: 300px) 100vw, 300px\" \/><\/a><\/p>\n<p>El trayecto contin\u00faa bordeando el <strong>Lago Viedma<\/strong> con la Cordillera de los Andes de fondo.<\/p>\n<p>Siguiendo hacia el norte, y luego de varias paradas en puntos panor\u00e1micos, seguramente nos encontraremos con manadas de guanacos y liebres.<\/p>\n<p>Tras 3 horas de ruta se llega a la <strong>Villa de Monta\u00f1a El Chalt\u00e9n<\/strong>, una vez all\u00ed visitaremos el <strong>Centro de Interpretaci\u00f3n<\/strong> y acompa\u00f1ados por nuestro gu\u00eda recorreremos el <strong>sendero de Mirador de los C\u00f3ndores.<\/strong><\/p>\n<p>Luego visitaremos <strong>Chorrillo del Salto<\/strong> distante a 4 kms de <a href=\"https:\/\/dexotic.com\/en\/tours-in-argentina\/calafate-trekking-full-day-el-chalten\/\">El Chalten<\/a> donde disfrutaremos del encantador paisaje y una cascada natural de 20 metros de alto en medio de la cordillera.<\/p>\n<p>Alrededor de las 16.30 horas emprenderemos el regreso a <strong>El Calafate<\/strong>.<\/p>\n<table class=\"table table-bordered tours-tabs__table\" style=\"height: 233px;width: 87.3848%\" width=\"862\">\n<tbody>\n<tr>\n<td style=\"width: 32.627%\"><strong>LUGAR DE SALIDA Y REGRESO<\/strong><\/td>\n<td style=\"width: 66.5647%\">Hoteles c\u00e9ntricos<\/td>\n<\/tr>\n<tr>\n<td style=\"width: 32.627%\"><strong>HORARIO DE SALIDA<\/strong><\/td>\n<td style=\"width: 66.5647%\">A partir de las 7:30 am.<\/td>\n<\/tr>\n<tr>\n<td style=\"width: 32.627%\"><strong>HORARIO DE REGRESO<\/strong><\/td>\n<td style=\"width: 66.5647%\">A partir de las 19:00 hs..<\/td>\n<\/tr>\n<tr>\n<td style=\"width: 32.627%\"><b>VESTIMENTA RECOMENDADA<\/b><\/td>\n<td style=\"width: 66.5647%\"><span style=\"font-weight: 400\">calzado c\u00f3modo y ropa de abrigo (sweater, buzo y campera rompe viento y\/o impermeable). Anteojos para sol, crema protectora y guantes. Tambi\u00e9n gorro para sol o de abrigo en caso de que haga mucho fr\u00edo<\/span><\/td>\n<\/tr>\n<tr>\n<td style=\"width: 32.627%\"><strong>INCLUIDO<\/strong><\/td>\n<td style=\"width: 66.5647%\">\n<table class=\"table table-bordered\" style=\"height: 62px\" width=\"300\">\n<tbody>\n<tr>\n<td><i class=\"fa fa-check icon-tick icon-tick--on\"><\/i>Traslados<\/td>\n<td><i class=\"fa fa-check icon-tick icon-tick--on\"><\/i>Gu\u00eda<\/td>\n<\/tr>\n<tr>\n<td><i class=\"fa fa-check icon-tick icon-tick--on\"><\/i>Seguros<\/td>\n<td><i class=\"fa fa-check icon-tick icon-tick--on\"><\/i>Vianda<\/td>\n<\/tr>\n<\/tbody>\n<\/table>\n<\/td>\n<\/tr>\n<\/tbody>\n<\/table>\n<p>&nbsp;<\/p>\n","protected":false},"excerpt":{"rendered":"<p>Acompa\u00f1ados por un gu\u00eda se recorre el sendero de Mirador de los C\u00f3ndores desde El Chalten.<\/p>\n","protected":false},"featured_media":5508,"comment_status":"open","ping_status":"closed","template":"","meta":{"_joinchat":null},"product_brand":[],"product_cat":[207],"product_tag":[],"class_list":{"0":"post-5027","1":"product","2":"type-product","3":"status-publish","4":"has-post-thumbnail","6":"product_cat-sin-categorizar","7":"pa_edad-todas-las-edades","8":"pa_requerimiento-fisico-bajo-medio","9":"pa_salidas-todo-el-ano-por-la-manana","10":"tour_category-excursiones-desde-el-calafate","11":"tour_category-patagonia","13":"first","14":"instock","15":"shipping-taxable","16":"purchasable","17":"product-type-tour","18":"has-default-attributes"},"yoast_head":"<!-- This site is optimized with the Yoast SEO Premium plugin v27.1 (Yoast SEO v27.1.1) - https:\/\/yoast.com\/product\/yoast-seo-premium-wordpress\/ -->\n<title>El Chalt\u00e9n Full Day con Vianda - Dexotic<\/title>\n<meta name=\"description\" content=\"Acompa\u00f1ados por un gu\u00eda, se recorre caminando el sendero de Mirador de los C\u00f3ndores desde El Chalten.\" \/>\n<meta name=\"robots\" content=\"index, follow, max-snippet:-1, max-image-preview:large, max-video-preview:-1\" \/>\n<link rel=\"canonical\" href=\"https:\/\/dexotic.com\/en\/tours-in-argentina\/calafate-trekking-full-day-el-chalten\/\" \/>\n<meta property=\"og:locale\" content=\"en_US\" \/>\n<meta property=\"og:type\" content=\"article\" \/>\n<meta property=\"og:title\" content=\"El Chalt\u00e9n Full Day con Vianda\" \/>\n<meta property=\"og:description\" content=\"Acompa\u00f1ados por un gu\u00eda, se recorre caminando el sendero de Mirador de los C\u00f3ndores desde El Chalten.\" \/>\n<meta property=\"og:url\" content=\"https:\/\/dexotic.com\/en\/tours-in-argentina\/calafate-trekking-full-day-el-chalten\/\" \/>\n<meta property=\"og:site_name\" content=\"Dexotic\" \/>\n<meta property=\"article:publisher\" content=\"https:\/\/www.facebook.com\/excursiones.noa\/\" \/>\n<meta property=\"article:modified_time\" content=\"2024-09-19T12:26:10+00:00\" \/>\n<meta property=\"og:image\" content=\"https:\/\/dexotic.com\/wp-content\/uploads\/2022\/01\/el-chalten-trekking-2.jpg\" \/>\n\t<meta property=\"og:image:width\" content=\"800\" \/>\n\t<meta property=\"og:image:height\" content=\"533\" \/>\n\t<meta property=\"og:image:type\" content=\"image\/jpeg\" \/>\n<meta name=\"twitter:card\" content=\"summary_large_image\" \/>\n<meta name=\"twitter:site\" content=\"@dexotic_ok\" \/>\n<meta name=\"twitter:label1\" content=\"Est. reading time\" \/>\n\t<meta name=\"twitter:data1\" content=\"2 minutes\" \/>\n<script type=\"application\/ld+json\" class=\"yoast-schema-graph\">{\"@context\":\"https:\/\/schema.org\",\"@graph\":[{\"@type\":[\"WebPage\",\"ItemPage\"],\"@id\":\"https:\/\/dexotic.com\/en\/tours-in-argentina\/calafate-trekking-full-day-el-chalten\/\",\"url\":\"https:\/\/dexotic.com\/en\/tours-in-argentina\/calafate-trekking-full-day-el-chalten\/\",\"name\":\"El Chalt\u00e9n Full Day con Vianda - Dexotic\",\"isPartOf\":{\"@id\":\"https:\/\/dexotic.com\/en\/#website\"},\"primaryImageOfPage\":{\"@id\":\"https:\/\/dexotic.com\/en\/tours-in-argentina\/calafate-trekking-full-day-el-chalten\/#primaryimage\"},\"image\":{\"@id\":\"https:\/\/dexotic.com\/en\/tours-in-argentina\/calafate-trekking-full-day-el-chalten\/#primaryimage\"},\"thumbnailUrl\":\"https:\/\/dexotic.com\/wp-content\/uploads\/2022\/01\/el-chalten-trekking-2.jpg\",\"datePublished\":\"2022-01-21T14:36:58+00:00\",\"dateModified\":\"2024-09-19T12:26:10+00:00\",\"description\":\"Acompa\u00f1ados por un gu\u00eda, se recorre caminando el sendero de Mirador de los C\u00f3ndores desde El Chalten.\",\"breadcrumb\":{\"@id\":\"https:\/\/dexotic.com\/en\/tours-in-argentina\/calafate-trekking-full-day-el-chalten\/#breadcrumb\"},\"inLanguage\":\"en-US\",\"potentialAction\":[{\"@type\":\"ReadAction\",\"target\":[\"https:\/\/dexotic.com\/en\/tours-in-argentina\/calafate-trekking-full-day-el-chalten\/\"]}]},{\"@type\":\"ImageObject\",\"inLanguage\":\"en-US\",\"@id\":\"https:\/\/dexotic.com\/en\/tours-in-argentina\/calafate-trekking-full-day-el-chalten\/#primaryimage\",\"url\":\"https:\/\/dexotic.com\/wp-content\/uploads\/2022\/01\/el-chalten-trekking-2.jpg\",\"contentUrl\":\"https:\/\/dexotic.com\/wp-content\/uploads\/2022\/01\/el-chalten-trekking-2.jpg\",\"width\":800,\"height\":533},{\"@type\":\"BreadcrumbList\",\"@id\":\"https:\/\/dexotic.com\/en\/tours-in-argentina\/calafate-trekking-full-day-el-chalten\/#breadcrumb\",\"itemListElement\":[{\"@type\":\"ListItem\",\"position\":1,\"name\":\"Portada\",\"item\":\"https:\/\/dexotic.com\/en\/\"},{\"@type\":\"ListItem\",\"position\":2,\"name\":\"Shop\",\"item\":\"https:\/\/dexotic.com\/en\/shop\/\"},{\"@type\":\"ListItem\",\"position\":3,\"name\":\"El Chalt\u00e9n Full Day con Vianda\"}]},{\"@type\":\"WebSite\",\"@id\":\"https:\/\/dexotic.com\/en\/#website\",\"url\":\"https:\/\/dexotic.com\/en\/\",\"name\":\"Dexotic\",\"description\":\"Excursiones en Salta, Jujuy y Patagonia Argentina\",\"potentialAction\":[{\"@type\":\"SearchAction\",\"target\":{\"@type\":\"EntryPoint\",\"urlTemplate\":\"https:\/\/dexotic.com\/en\/?s={search_term_string}\"},\"query-input\":{\"@type\":\"PropertyValueSpecification\",\"valueRequired\":true,\"valueName\":\"search_term_string\"}}],\"inLanguage\":\"en-US\"}]}<\/script>\n<!-- \/ Yoast SEO Premium plugin. -->","yoast_head_json":{"title":"El Chalt\u00e9n Full Day con Vianda - Dexotic","description":"Acompa\u00f1ados por un gu\u00eda, se recorre caminando el sendero de Mirador de los C\u00f3ndores desde El Chalten.","robots":{"index":"index","follow":"follow","max-snippet":"max-snippet:-1","max-image-preview":"max-image-preview:large","max-video-preview":"max-video-preview:-1"},"canonical":"https:\/\/dexotic.com\/en\/tours-in-argentina\/calafate-trekking-full-day-el-chalten\/","og_locale":"en_US","og_type":"article","og_title":"El Chalt\u00e9n Full Day con Vianda","og_description":"Acompa\u00f1ados por un gu\u00eda, se recorre caminando el sendero de Mirador de los C\u00f3ndores desde El Chalten.","og_url":"https:\/\/dexotic.com\/en\/tours-in-argentina\/calafate-trekking-full-day-el-chalten\/","og_site_name":"Dexotic","article_publisher":"https:\/\/www.facebook.com\/excursiones.noa\/","article_modified_time":"2024-09-19T12:26:10+00:00","og_image":[{"width":800,"height":533,"url":"https:\/\/dexotic.com\/wp-content\/uploads\/2022\/01\/el-chalten-trekking-2.jpg","type":"image\/jpeg"}],"twitter_card":"summary_large_image","twitter_site":"@dexotic_ok","twitter_misc":{"Est. reading time":"2 minutes"},"schema":{"@context":"https:\/\/schema.org","@graph":[{"@type":["WebPage","ItemPage"],"@id":"https:\/\/dexotic.com\/en\/tours-in-argentina\/calafate-trekking-full-day-el-chalten\/","url":"https:\/\/dexotic.com\/en\/tours-in-argentina\/calafate-trekking-full-day-el-chalten\/","name":"El Chalt\u00e9n Full Day con Vianda - Dexotic","isPartOf":{"@id":"https:\/\/dexotic.com\/en\/#website"},"primaryImageOfPage":{"@id":"https:\/\/dexotic.com\/en\/tours-in-argentina\/calafate-trekking-full-day-el-chalten\/#primaryimage"},"image":{"@id":"https:\/\/dexotic.com\/en\/tours-in-argentina\/calafate-trekking-full-day-el-chalten\/#primaryimage"},"thumbnailUrl":"https:\/\/dexotic.com\/wp-content\/uploads\/2022\/01\/el-chalten-trekking-2.jpg","datePublished":"2022-01-21T14:36:58+00:00","dateModified":"2024-09-19T12:26:10+00:00","description":"Acompa\u00f1ados por un gu\u00eda, se recorre caminando el sendero de Mirador de los C\u00f3ndores desde El Chalten.","breadcrumb":{"@id":"https:\/\/dexotic.com\/en\/tours-in-argentina\/calafate-trekking-full-day-el-chalten\/#breadcrumb"},"inLanguage":"en-US","potentialAction":[{"@type":"ReadAction","target":["https:\/\/dexotic.com\/en\/tours-in-argentina\/calafate-trekking-full-day-el-chalten\/"]}]},{"@type":"ImageObject","inLanguage":"en-US","@id":"https:\/\/dexotic.com\/en\/tours-in-argentina\/calafate-trekking-full-day-el-chalten\/#primaryimage","url":"https:\/\/dexotic.com\/wp-content\/uploads\/2022\/01\/el-chalten-trekking-2.jpg","contentUrl":"https:\/\/dexotic.com\/wp-content\/uploads\/2022\/01\/el-chalten-trekking-2.jpg","width":800,"height":533},{"@type":"BreadcrumbList","@id":"https:\/\/dexotic.com\/en\/tours-in-argentina\/calafate-trekking-full-day-el-chalten\/#breadcrumb","itemListElement":[{"@type":"ListItem","position":1,"name":"Portada","item":"https:\/\/dexotic.com\/en\/"},{"@type":"ListItem","position":2,"name":"Shop","item":"https:\/\/dexotic.com\/en\/shop\/"},{"@type":"ListItem","position":3,"name":"El Chalt\u00e9n Full Day con Vianda"}]},{"@type":"WebSite","@id":"https:\/\/dexotic.com\/en\/#website","url":"https:\/\/dexotic.com\/en\/","name":"Dexotic","description":"Excursiones en Salta, Jujuy y Patagonia Argentina","potentialAction":[{"@type":"SearchAction","target":{"@type":"EntryPoint","urlTemplate":"https:\/\/dexotic.com\/en\/?s={search_term_string}"},"query-input":{"@type":"PropertyValueSpecification","valueRequired":true,"valueName":"search_term_string"}}],"inLanguage":"en-US"}]}},"_links":{"self":[{"href":"https:\/\/dexotic.com\/en\/wp-json\/wp\/v2\/product\/5027","targetHints":{"allow":["GET"]}}],"collection":[{"href":"https:\/\/dexotic.com\/en\/wp-json\/wp\/v2\/product"}],"about":[{"href":"https:\/\/dexotic.com\/en\/wp-json\/wp\/v2\/types\/product"}],"replies":[{"embeddable":true,"href":"https:\/\/dexotic.com\/en\/wp-json\/wp\/v2\/comments?post=5027"}],"wp:featuredmedia":[{"embeddable":true,"href":"https:\/\/dexotic.com\/en\/wp-json\/wp\/v2\/media\/5508"}],"wp:attachment":[{"href":"https:\/\/dexotic.com\/en\/wp-json\/wp\/v2\/media?parent=5027"}],"wp:term":[{"taxonomy":"product_brand","embeddable":true,"href":"https:\/\/dexotic.com\/en\/wp-json\/wp\/v2\/product_brand?post=5027"},{"taxonomy":"product_cat","embeddable":true,"href":"https:\/\/dexotic.com\/en\/wp-json\/wp\/v2\/product_cat?post=5027"},{"taxonomy":"product_tag","embeddable":true,"href":"https:\/\/dexotic.com\/en\/wp-json\/wp\/v2\/product_tag?post=5027"}],"curies":[{"name":"wp","href":"https:\/\/api.w.org\/{rel}","templated":true}]}}