{"id":5026,"date":"2022-01-20T17:43:50","date_gmt":"2022-01-20T20:43:50","guid":{"rendered":"http:\/\/dexotic.com\/?post_type=product&#038;p=5026"},"modified":"2024-09-19T09:23:20","modified_gmt":"2024-09-19T12:23:20","slug":"calafate-trekking-autoguiado-en-el-chalten","status":"publish","type":"product","link":"https:\/\/dexotic.com\/en\/tours-in-argentina\/calafate-trekking-autoguiado-en-el-chalten\/","title":{"rendered":"El Chalten Trekking Libre"},"content":{"rendered":"<p>El paseo comienza temprano por la ma\u00f1ana para dirigirse hacia la <strong>m\u00edtica Ruta 40<\/strong> que tomaremos hacia el norte.<\/p>\n<p>Esta ruta bordea el Lago Argentino, atraviesa el R\u00edo Santa Cruz y R\u00edo La Leona; aproximadamente a mitad de camino llegaremos al parador La Leona, antigua construcci\u00f3n que data de 1894, sobre el R\u00edo del mismo nombre, donde nos enter\u00e1remos de su historia.<a href=\"http:\/\/dexotic.com\/wp-content\/uploads\/2022\/01\/trekking-el-chalten-03.jpg\"><img decoding=\"async\" class=\"size-medium wp-image-5490 alignright\" src=\"http:\/\/dexotic.com\/wp-content\/uploads\/2022\/01\/trekking-el-chalten-03-300x176.jpg\" alt=\"\" width=\"300\" height=\"176\" srcset=\"https:\/\/dexotic.com\/wp-content\/uploads\/2022\/01\/trekking-el-chalten-03-300x176.jpg 300w, https:\/\/dexotic.com\/wp-content\/uploads\/2022\/01\/trekking-el-chalten-03-153x90.jpg 153w, https:\/\/dexotic.com\/wp-content\/uploads\/2022\/01\/trekking-el-chalten-03.jpg 573w\" sizes=\"(max-width: 300px) 100vw, 300px\" \/><\/a><\/p>\n<p>El trayecto contin\u00faa bordeando el Lago Viedma con la Cordillera de los Andes de fondo.<\/p>\n<p>Antes de llegar a El Chalt\u00e9n se har\u00e1 stop en el <strong>Mirador del Glaciar Viedma desde donde se aprecia una bell\u00edsima panor\u00e1mica del Lago<\/strong> y Glaciar hom\u00f3nimos y de los emblem\u00e1ticos Cerro Fitz Roy y Cerro Torre.<\/p>\n<p>Tras 3 horas de ruta <strong>se llega a la Villa de Monta\u00f1a El Chalt\u00e9n<\/strong>.<\/p>\n<p>Una vez en el pueblo, el gu\u00eda entregar\u00e1 al pasajero su vianda y posteriormente se le indicar\u00e1 el inicio de los <strong>senderos auto guiados que inician en El Chalt\u00e9n y conducen a los principales miradores<\/strong>: Laguna Capri, Mirador del Fitz Roy, Mirador del Cerro Torre, Mirador de los C\u00f3ndores, Salto del Chorrillo, para lo cual se los asesorar\u00e1 sobre las distintas opciones en funci\u00f3n a su estado f\u00edsico.<\/p>\n<p>Alrededor de las 16.30 horas emprenderemos el regreso a El Calafate.<\/p>\n<table class=\"table table-bordered tours-tabs__table\" style=\"height: 233px;width: 87.3848%\" width=\"862\">\n<tbody>\n<tr>\n<td style=\"width: 32.627%\"><strong>LUGAR DE SALIDA Y REGRESO<\/strong><\/td>\n<td style=\"width: 66.5647%\">Hoteles c\u00e9ntricos<\/td>\n<\/tr>\n<tr>\n<td style=\"width: 32.627%\"><strong>HORARIO DE SALIDA<\/strong><\/td>\n<td style=\"width: 66.5647%\">A partir de las 7:30 am.<\/td>\n<\/tr>\n<tr>\n<td style=\"width: 32.627%\"><strong>HORARIO DE REGRESO<\/strong><\/td>\n<td style=\"width: 66.5647%\">A partir de las 19:00 hs..<\/td>\n<\/tr>\n<tr>\n<td style=\"width: 32.627%\"><b>VESTIMENTA RECOMENDADA<\/b><\/td>\n<td style=\"width: 66.5647%\"><span style=\"font-weight: 400\">Calzado c\u00f3modo y ropa de abrigo (sweater, buzo y campera rompe viento y\/o impermeable). Anteojos para sol, crema protectora y guantes. Tambi\u00e9n gorro para sol o de abrigo en caso de que haga mucho fr\u00edo<\/span><\/td>\n<\/tr>\n<tr>\n<td style=\"width: 32.627%\"><strong>INCLUIDO<\/strong><\/td>\n<td style=\"width: 66.5647%\">\n<table class=\"table table-bordered\" style=\"height: 62px\" width=\"300\">\n<tbody>\n<tr>\n<td><i class=\"fa fa-check icon-tick icon-tick--on\"><\/i>Traslados<\/td>\n<td><i class=\"fa fa-check icon-tick icon-tick--on\"><\/i>Gu\u00eda bilingue<\/td>\n<\/tr>\n<tr>\n<td><i class=\"fa fa-check icon-tick icon-tick--on\"><\/i>Seguros<\/td>\n<td><i class=\"fa fa-check icon-tick icon-tick--on\"><\/i>Box Lunch<\/td>\n<\/tr>\n<\/tbody>\n<\/table>\n<\/td>\n<\/tr>\n<\/tbody>\n<\/table>\n<p>&nbsp;<\/p>\n","protected":false},"excerpt":{"rendered":"<p>Servicio de traslado y asistencia para realizar los senderos auto guiados que inician en El Chalt\u00e9n y conducen a los principales miradores de la regi\u00f3n.<\/p>\n","protected":false},"featured_media":5504,"comment_status":"open","ping_status":"closed","template":"","meta":{"_joinchat":null},"product_brand":[],"product_cat":[207],"product_tag":[],"class_list":{"0":"post-5026","1":"product","2":"type-product","3":"status-publish","4":"has-post-thumbnail","6":"product_cat-sin-categorizar","7":"pa_edad-355","8":"pa_requerimiento-fisico-bajo-medio","9":"pa_salidas-todo-el-ano","10":"tour_category-excursiones-desde-el-calafate","11":"tour_category-patagonia","13":"first","14":"instock","15":"shipping-taxable","16":"purchasable","17":"product-type-tour","18":"has-default-attributes"},"yoast_head":"<!-- This site is optimized with the Yoast SEO Premium plugin v27.1 (Yoast SEO v27.1.1) - https:\/\/yoast.com\/product\/yoast-seo-premium-wordpress\/ -->\n<title>El Chalten Trekking Libre - Dexotic<\/title>\n<meta name=\"description\" content=\"Servicio de traslado y asistencia para realizar los senderos auto guiados que inician en El Chalt\u00e9n y conducen a los principales miradores de la regi\u00f3n.\" \/>\n<meta name=\"robots\" content=\"index, follow, max-snippet:-1, max-image-preview:large, max-video-preview:-1\" \/>\n<link rel=\"canonical\" href=\"https:\/\/dexotic.com\/en\/tours-in-argentina\/calafate-trekking-autoguiado-en-el-chalten\/\" \/>\n<meta property=\"og:locale\" content=\"en_US\" \/>\n<meta property=\"og:type\" content=\"article\" \/>\n<meta property=\"og:title\" content=\"El Chalten Trekking Libre\" \/>\n<meta property=\"og:description\" content=\"Servicio de traslado y asistencia para realizar los senderos auto guiados que inician en El Chalt\u00e9n y conducen a los principales miradores de la regi\u00f3n.\" \/>\n<meta property=\"og:url\" content=\"https:\/\/dexotic.com\/en\/tours-in-argentina\/calafate-trekking-autoguiado-en-el-chalten\/\" \/>\n<meta property=\"og:site_name\" content=\"Dexotic\" \/>\n<meta property=\"article:publisher\" content=\"https:\/\/www.facebook.com\/excursiones.noa\/\" \/>\n<meta property=\"article:modified_time\" content=\"2024-09-19T12:23:20+00:00\" \/>\n<meta property=\"og:image\" content=\"https:\/\/dexotic.com\/wp-content\/uploads\/2022\/01\/el-chalten-trekking-1.jpg\" \/>\n\t<meta property=\"og:image:width\" content=\"800\" \/>\n\t<meta property=\"og:image:height\" content=\"533\" \/>\n\t<meta property=\"og:image:type\" content=\"image\/jpeg\" \/>\n<meta name=\"twitter:card\" content=\"summary_large_image\" \/>\n<meta name=\"twitter:site\" content=\"@dexotic_ok\" \/>\n<meta name=\"twitter:label1\" content=\"Est. reading time\" \/>\n\t<meta name=\"twitter:data1\" content=\"4 minutes\" \/>\n<script type=\"application\/ld+json\" class=\"yoast-schema-graph\">{\"@context\":\"https:\/\/schema.org\",\"@graph\":[{\"@type\":[\"WebPage\",\"ItemPage\"],\"@id\":\"https:\/\/dexotic.com\/en\/tours-in-argentina\/calafate-trekking-autoguiado-en-el-chalten\/\",\"url\":\"https:\/\/dexotic.com\/en\/tours-in-argentina\/calafate-trekking-autoguiado-en-el-chalten\/\",\"name\":\"El Chalten Trekking Libre - Dexotic\",\"isPartOf\":{\"@id\":\"https:\/\/dexotic.com\/en\/#website\"},\"primaryImageOfPage\":{\"@id\":\"https:\/\/dexotic.com\/en\/tours-in-argentina\/calafate-trekking-autoguiado-en-el-chalten\/#primaryimage\"},\"image\":{\"@id\":\"https:\/\/dexotic.com\/en\/tours-in-argentina\/calafate-trekking-autoguiado-en-el-chalten\/#primaryimage\"},\"thumbnailUrl\":\"https:\/\/dexotic.com\/wp-content\/uploads\/2022\/01\/el-chalten-trekking-1.jpg\",\"datePublished\":\"2022-01-20T20:43:50+00:00\",\"dateModified\":\"2024-09-19T12:23:20+00:00\",\"description\":\"Servicio de traslado y asistencia para realizar los senderos auto guiados que inician en El Chalt\u00e9n y conducen a los principales miradores de la regi\u00f3n.\",\"breadcrumb\":{\"@id\":\"https:\/\/dexotic.com\/en\/tours-in-argentina\/calafate-trekking-autoguiado-en-el-chalten\/#breadcrumb\"},\"inLanguage\":\"en-US\",\"potentialAction\":[{\"@type\":\"ReadAction\",\"target\":[\"https:\/\/dexotic.com\/en\/tours-in-argentina\/calafate-trekking-autoguiado-en-el-chalten\/\"]}]},{\"@type\":\"ImageObject\",\"inLanguage\":\"en-US\",\"@id\":\"https:\/\/dexotic.com\/en\/tours-in-argentina\/calafate-trekking-autoguiado-en-el-chalten\/#primaryimage\",\"url\":\"https:\/\/dexotic.com\/wp-content\/uploads\/2022\/01\/el-chalten-trekking-1.jpg\",\"contentUrl\":\"https:\/\/dexotic.com\/wp-content\/uploads\/2022\/01\/el-chalten-trekking-1.jpg\",\"width\":800,\"height\":533},{\"@type\":\"BreadcrumbList\",\"@id\":\"https:\/\/dexotic.com\/en\/tours-in-argentina\/calafate-trekking-autoguiado-en-el-chalten\/#breadcrumb\",\"itemListElement\":[{\"@type\":\"ListItem\",\"position\":1,\"name\":\"Portada\",\"item\":\"https:\/\/dexotic.com\/en\/\"},{\"@type\":\"ListItem\",\"position\":2,\"name\":\"Shop\",\"item\":\"https:\/\/dexotic.com\/en\/shop\/\"},{\"@type\":\"ListItem\",\"position\":3,\"name\":\"El Chalten Trekking Libre\"}]},{\"@type\":\"WebSite\",\"@id\":\"https:\/\/dexotic.com\/en\/#website\",\"url\":\"https:\/\/dexotic.com\/en\/\",\"name\":\"Dexotic\",\"description\":\"Excursiones en Salta, Jujuy y Patagonia Argentina\",\"potentialAction\":[{\"@type\":\"SearchAction\",\"target\":{\"@type\":\"EntryPoint\",\"urlTemplate\":\"https:\/\/dexotic.com\/en\/?s={search_term_string}\"},\"query-input\":{\"@type\":\"PropertyValueSpecification\",\"valueRequired\":true,\"valueName\":\"search_term_string\"}}],\"inLanguage\":\"en-US\"}]}<\/script>\n<!-- \/ Yoast SEO Premium plugin. -->","yoast_head_json":{"title":"El Chalten Trekking Libre - Dexotic","description":"Servicio de traslado y asistencia para realizar los senderos auto guiados que inician en El Chalt\u00e9n y conducen a los principales miradores de la regi\u00f3n.","robots":{"index":"index","follow":"follow","max-snippet":"max-snippet:-1","max-image-preview":"max-image-preview:large","max-video-preview":"max-video-preview:-1"},"canonical":"https:\/\/dexotic.com\/en\/tours-in-argentina\/calafate-trekking-autoguiado-en-el-chalten\/","og_locale":"en_US","og_type":"article","og_title":"El Chalten Trekking Libre","og_description":"Servicio de traslado y asistencia para realizar los senderos auto guiados que inician en El Chalt\u00e9n y conducen a los principales miradores de la regi\u00f3n.","og_url":"https:\/\/dexotic.com\/en\/tours-in-argentina\/calafate-trekking-autoguiado-en-el-chalten\/","og_site_name":"Dexotic","article_publisher":"https:\/\/www.facebook.com\/excursiones.noa\/","article_modified_time":"2024-09-19T12:23:20+00:00","og_image":[{"width":800,"height":533,"url":"https:\/\/dexotic.com\/wp-content\/uploads\/2022\/01\/el-chalten-trekking-1.jpg","type":"image\/jpeg"}],"twitter_card":"summary_large_image","twitter_site":"@dexotic_ok","twitter_misc":{"Est. reading time":"4 minutes"},"schema":{"@context":"https:\/\/schema.org","@graph":[{"@type":["WebPage","ItemPage"],"@id":"https:\/\/dexotic.com\/en\/tours-in-argentina\/calafate-trekking-autoguiado-en-el-chalten\/","url":"https:\/\/dexotic.com\/en\/tours-in-argentina\/calafate-trekking-autoguiado-en-el-chalten\/","name":"El Chalten Trekking Libre - Dexotic","isPartOf":{"@id":"https:\/\/dexotic.com\/en\/#website"},"primaryImageOfPage":{"@id":"https:\/\/dexotic.com\/en\/tours-in-argentina\/calafate-trekking-autoguiado-en-el-chalten\/#primaryimage"},"image":{"@id":"https:\/\/dexotic.com\/en\/tours-in-argentina\/calafate-trekking-autoguiado-en-el-chalten\/#primaryimage"},"thumbnailUrl":"https:\/\/dexotic.com\/wp-content\/uploads\/2022\/01\/el-chalten-trekking-1.jpg","datePublished":"2022-01-20T20:43:50+00:00","dateModified":"2024-09-19T12:23:20+00:00","description":"Servicio de traslado y asistencia para realizar los senderos auto guiados que inician en El Chalt\u00e9n y conducen a los principales miradores de la regi\u00f3n.","breadcrumb":{"@id":"https:\/\/dexotic.com\/en\/tours-in-argentina\/calafate-trekking-autoguiado-en-el-chalten\/#breadcrumb"},"inLanguage":"en-US","potentialAction":[{"@type":"ReadAction","target":["https:\/\/dexotic.com\/en\/tours-in-argentina\/calafate-trekking-autoguiado-en-el-chalten\/"]}]},{"@type":"ImageObject","inLanguage":"en-US","@id":"https:\/\/dexotic.com\/en\/tours-in-argentina\/calafate-trekking-autoguiado-en-el-chalten\/#primaryimage","url":"https:\/\/dexotic.com\/wp-content\/uploads\/2022\/01\/el-chalten-trekking-1.jpg","contentUrl":"https:\/\/dexotic.com\/wp-content\/uploads\/2022\/01\/el-chalten-trekking-1.jpg","width":800,"height":533},{"@type":"BreadcrumbList","@id":"https:\/\/dexotic.com\/en\/tours-in-argentina\/calafate-trekking-autoguiado-en-el-chalten\/#breadcrumb","itemListElement":[{"@type":"ListItem","position":1,"name":"Portada","item":"https:\/\/dexotic.com\/en\/"},{"@type":"ListItem","position":2,"name":"Shop","item":"https:\/\/dexotic.com\/en\/shop\/"},{"@type":"ListItem","position":3,"name":"El Chalten Trekking Libre"}]},{"@type":"WebSite","@id":"https:\/\/dexotic.com\/en\/#website","url":"https:\/\/dexotic.com\/en\/","name":"Dexotic","description":"Excursiones en Salta, Jujuy y Patagonia Argentina","potentialAction":[{"@type":"SearchAction","target":{"@type":"EntryPoint","urlTemplate":"https:\/\/dexotic.com\/en\/?s={search_term_string}"},"query-input":{"@type":"PropertyValueSpecification","valueRequired":true,"valueName":"search_term_string"}}],"inLanguage":"en-US"}]}},"_links":{"self":[{"href":"https:\/\/dexotic.com\/en\/wp-json\/wp\/v2\/product\/5026","targetHints":{"allow":["GET"]}}],"collection":[{"href":"https:\/\/dexotic.com\/en\/wp-json\/wp\/v2\/product"}],"about":[{"href":"https:\/\/dexotic.com\/en\/wp-json\/wp\/v2\/types\/product"}],"replies":[{"embeddable":true,"href":"https:\/\/dexotic.com\/en\/wp-json\/wp\/v2\/comments?post=5026"}],"wp:featuredmedia":[{"embeddable":true,"href":"https:\/\/dexotic.com\/en\/wp-json\/wp\/v2\/media\/5504"}],"wp:attachment":[{"href":"https:\/\/dexotic.com\/en\/wp-json\/wp\/v2\/media?parent=5026"}],"wp:term":[{"taxonomy":"product_brand","embeddable":true,"href":"https:\/\/dexotic.com\/en\/wp-json\/wp\/v2\/product_brand?post=5026"},{"taxonomy":"product_cat","embeddable":true,"href":"https:\/\/dexotic.com\/en\/wp-json\/wp\/v2\/product_cat?post=5026"},{"taxonomy":"product_tag","embeddable":true,"href":"https:\/\/dexotic.com\/en\/wp-json\/wp\/v2\/product_tag?post=5026"}],"curies":[{"name":"wp","href":"https:\/\/api.w.org\/{rel}","templated":true}]}}