{"id":5025,"date":"2022-01-19T18:40:44","date_gmt":"2022-01-19T21:40:44","guid":{"rendered":"http:\/\/dexotic.com\/?post_type=product&#038;p=5025"},"modified":"2026-03-23T22:46:28","modified_gmt":"2026-03-24T01:46:28","slug":"calafate-city-tour-cuevas-de-walichu","status":"publish","type":"product","link":"https:\/\/dexotic.com\/en\/tours-in-argentina\/calafate-city-tour-cuevas-de-walichu\/","title":{"rendered":"El Calafate City Tour"},"content":{"rendered":"<p>El Calafate city tour comienza con la visita a <strong>Punta Walichu, sitio arqueol\u00f3gico ubicado a 8 Km<\/strong>. de la localidad, donde se podr\u00e1n apreciar las huellas de los primeros hombres que caminaron estas tierras.<a href=\"http:\/\/dexotic.com\/wp-content\/uploads\/2022\/01\/calafate-city-tour-cuevas-walichu-02.jpg\"><img decoding=\"async\" class=\"size-medium wp-image-5450 alignright\" src=\"http:\/\/dexotic.com\/wp-content\/uploads\/2022\/01\/calafate-city-tour-cuevas-walichu-02-300x200.jpg\" alt=\"\" width=\"300\" height=\"200\" srcset=\"https:\/\/dexotic.com\/wp-content\/uploads\/2022\/01\/calafate-city-tour-cuevas-walichu-02-300x200.jpg 300w, https:\/\/dexotic.com\/wp-content\/uploads\/2022\/01\/calafate-city-tour-cuevas-walichu-02-768x512.jpg 768w, https:\/\/dexotic.com\/wp-content\/uploads\/2022\/01\/calafate-city-tour-cuevas-walichu-02-531x354.jpg 531w, https:\/\/dexotic.com\/wp-content\/uploads\/2022\/01\/calafate-city-tour-cuevas-walichu-02-600x400.jpg 600w, https:\/\/dexotic.com\/wp-content\/uploads\/2022\/01\/calafate-city-tour-cuevas-walichu-02-180x120.jpg 180w, https:\/\/dexotic.com\/wp-content\/uploads\/2022\/01\/calafate-city-tour-cuevas-walichu-02-135x90.jpg 135w, https:\/\/dexotic.com\/wp-content\/uploads\/2022\/01\/calafate-city-tour-cuevas-walichu-02.jpg 800w\" sizes=\"(max-width: 300px) 100vw, 300px\" \/><\/a><\/p>\n<p>Una caminata a lo largo de los aleros y las cuevas le permitir\u00e1 observar pinturas rupestres (originales y reproducciones) as\u00ed como una <strong>excepcional vista del Lago Argentino y la Cordillera de los Andes.<\/strong><\/p>\n<p>El circuito transita tambi\u00e9n las principales calles del casco antiguo del pueblo, mostr\u00e1ndole las t\u00edpicas primeras construcciones de los pioneros, as\u00ed como los edificios del centro c\u00edvico actuales.<\/p>\n<p>El gu\u00eda ser\u00e1 el responsable de transportarlo en el tiempo hacia la historia de los primeros pobladores, le mostrar\u00e1 la flora, la fauna y otros interesantes detalles que atesora esta peque\u00f1a Villa Tur\u00edstica.<\/p>\n<p>Realizar\u00e1 una visita por el <strong>Paseo Costero y la Bah\u00eda Redonda<\/strong>, a metros de la costa del <strong>Lago Argentino<\/strong>, en donde podr\u00e1 observar la abundante avifauna local.<\/p>\n<p>Luego visitaremos el <strong>Centro de Interpretaci\u00f3n Hist\u00f3rica<\/strong> donde observar\u00e1 a trav\u00e9s de una visita auto-guiada, los hechos de mayor relevancia hist\u00f3rica desde las glaciaciones al presente.<\/p>\n<p>Finalmente, La Chacra Las Moras los recibir\u00e1 para mostrarles un lugar de producci\u00f3n de frutas finas y verduras que sorprende al visitante.<\/p>\n<table class=\"table table-bordered tours-tabs__table\" style=\"height: 233px;width: 87.3848%\" width=\"862\">\n<tbody>\n<tr>\n<td style=\"width: 32.627%\"><strong>LUGAR DE SALIDA Y REGRESO<\/strong><\/td>\n<td style=\"width: 66.5647%\">Hoteles c\u00e9ntricos<\/td>\n<\/tr>\n<tr>\n<td style=\"width: 32.627%\"><strong>HORARIO DE SALIDA<\/strong><\/td>\n<td style=\"width: 66.5647%\"><span style=\"font-weight: 400\">A partir de 14.30 horas<\/span><\/td>\n<\/tr>\n<tr>\n<td style=\"width: 32.627%\"><strong>HORARIO DE REGRESO<\/strong><\/td>\n<td style=\"width: 66.5647%\"><span style=\"font-weight: 400\">A partir de 18 horas<\/span><\/td>\n<\/tr>\n<tr>\n<td style=\"width: 32.627%\"><b>VESTIMENTA RECOMENDADA<\/b><\/td>\n<td style=\"width: 66.5647%\"><span style=\"font-weight: 400\">Calzado c\u00f3modo y ropa de abrigo (sweater, buzo y campera rompe <\/span><span style=\"font-weight: 400\">viento y\/o impermeable). Anteojos para sol, crema protectora y guantes. Tambi\u00e9n gorro para sol o de abrigo en caso de que haga mucho fr\u00edo<\/span><\/td>\n<\/tr>\n<tr>\n<td style=\"width: 32.627%\"><strong>INCLUIDO<\/strong><\/td>\n<td style=\"width: 66.5647%\">\n<table class=\"table table-bordered\" style=\"height: 62px\" width=\"300\">\n<tbody>\n<tr>\n<td><i class=\"fa fa-check icon-tick icon-tick--on\"><\/i>Traslados<\/td>\n<td><i class=\"fa fa-check icon-tick icon-tick--on\"><\/i>Gu\u00eda<\/td>\n<\/tr>\n<tr>\n<td><i class=\"fa fa-check icon-tick icon-tick--on\"><\/i>Seguros<\/td>\n<td><i class=\"fa fa-check icon-tick icon-tick--on\"><\/i>Pickup por hotel c\u00e9ntrico<\/td>\n<\/tr>\n<\/tbody>\n<\/table>\n<\/td>\n<\/tr>\n<tr>\n<td style=\"width: 32.627%\"><b>NO INCLUIDO<\/b><\/td>\n<td style=\"width: 66.5647%\">\n<table class=\"table table-bordered\" style=\"height: 62px\" width=\"300\">\n<tbody>\n<tr>\n<td><i class=\"fa fa-times icon-tick icon-tick--off\"><\/i>Comidas y bebidas<\/td>\n<\/tr>\n<\/tbody>\n<\/table>\n<\/td>\n<\/tr>\n<\/tbody>\n<\/table>\n<p><strong>NOTA IMPORTANTE: <\/strong>Todos los descriptivos e itinerarios son ilustrativos: los tiempos de las actividades, el orden de las mismas y los atractivos visitados pueden variar, de acuerdo a la evaluaci\u00f3n del gu\u00eda y las caracter\u00edsticas del grupo.<\/p>\n","protected":false},"excerpt":{"rendered":"<p>El circuito transita las principales calles del casco antiguo del pueblo, mostrando las t\u00edpicas primeras construcciones, as\u00ed como los edificios del centro c\u00edvico actuales.<\/p>\n","protected":false},"featured_media":5460,"comment_status":"open","ping_status":"closed","template":"","meta":{"_joinchat":null},"product_brand":[],"product_cat":[207],"product_tag":[],"class_list":{"0":"post-5025","1":"product","2":"type-product","3":"status-publish","4":"has-post-thumbnail","6":"product_cat-sin-categorizar","7":"pa_duracion-3-hs","8":"pa_edad-todas-las-edades","9":"pa_requerimiento-fisico-bajo","10":"tour_category-excursiones-desde-el-calafate","11":"tour_category-patagonia","13":"first","14":"instock","15":"shipping-taxable","16":"purchasable","17":"product-type-tour","18":"has-default-attributes"},"yoast_head":"<!-- This site is optimized with the Yoast SEO Premium plugin v27.1 (Yoast SEO v27.1.1) - https:\/\/yoast.com\/product\/yoast-seo-premium-wordpress\/ -->\n<title>El Calafate City Tour - Dexotic<\/title>\n<meta name=\"description\" content=\"El city tour El Calafate transita las principales calles del casco antiguo del pueblo, as\u00ed como los edificios del centro c\u00edvico actuales.\" \/>\n<meta name=\"robots\" content=\"index, follow, max-snippet:-1, max-image-preview:large, max-video-preview:-1\" \/>\n<link rel=\"canonical\" href=\"https:\/\/dexotic.com\/en\/tours-in-argentina\/calafate-city-tour-cuevas-de-walichu\/\" \/>\n<meta property=\"og:locale\" content=\"en_US\" \/>\n<meta property=\"og:type\" content=\"article\" \/>\n<meta property=\"og:title\" content=\"El Calafate City Tour\" \/>\n<meta property=\"og:description\" content=\"El city tour El Calafate transita las principales calles del casco antiguo del pueblo, as\u00ed como los edificios del centro c\u00edvico actuales.\" \/>\n<meta property=\"og:url\" content=\"https:\/\/dexotic.com\/en\/tours-in-argentina\/calafate-city-tour-cuevas-de-walichu\/\" \/>\n<meta property=\"og:site_name\" content=\"Dexotic\" \/>\n<meta property=\"article:publisher\" content=\"https:\/\/www.facebook.com\/excursiones.noa\/\" \/>\n<meta property=\"article:modified_time\" content=\"2026-03-24T01:46:28+00:00\" \/>\n<meta property=\"og:image\" content=\"https:\/\/dexotic.com\/wp-content\/uploads\/2022\/01\/calafate-city-tour-cuevas-walichu-04.jpg\" \/>\n\t<meta property=\"og:image:width\" content=\"800\" \/>\n\t<meta property=\"og:image:height\" content=\"533\" \/>\n\t<meta property=\"og:image:type\" content=\"image\/jpeg\" \/>\n<meta name=\"twitter:card\" content=\"summary_large_image\" \/>\n<meta name=\"twitter:site\" content=\"@dexotic_ok\" \/>\n<meta name=\"twitter:label1\" content=\"Est. reading time\" \/>\n\t<meta name=\"twitter:data1\" content=\"4 minutes\" \/>\n<script type=\"application\/ld+json\" class=\"yoast-schema-graph\">{\"@context\":\"https:\/\/schema.org\",\"@graph\":[{\"@type\":[\"WebPage\",\"ItemPage\"],\"@id\":\"https:\/\/dexotic.com\/en\/tours-in-argentina\/calafate-city-tour-cuevas-de-walichu\/\",\"url\":\"https:\/\/dexotic.com\/en\/tours-in-argentina\/calafate-city-tour-cuevas-de-walichu\/\",\"name\":\"El Calafate City Tour - Dexotic\",\"isPartOf\":{\"@id\":\"https:\/\/dexotic.com\/en\/#website\"},\"primaryImageOfPage\":{\"@id\":\"https:\/\/dexotic.com\/en\/tours-in-argentina\/calafate-city-tour-cuevas-de-walichu\/#primaryimage\"},\"image\":{\"@id\":\"https:\/\/dexotic.com\/en\/tours-in-argentina\/calafate-city-tour-cuevas-de-walichu\/#primaryimage\"},\"thumbnailUrl\":\"https:\/\/dexotic.com\/wp-content\/uploads\/2022\/01\/calafate-city-tour-cuevas-walichu-07.jpg\",\"datePublished\":\"2022-01-19T21:40:44+00:00\",\"dateModified\":\"2026-03-24T01:46:28+00:00\",\"description\":\"El city tour El Calafate transita las principales calles del casco antiguo del pueblo, as\u00ed como los edificios del centro c\u00edvico actuales.\",\"breadcrumb\":{\"@id\":\"https:\/\/dexotic.com\/en\/tours-in-argentina\/calafate-city-tour-cuevas-de-walichu\/#breadcrumb\"},\"inLanguage\":\"en-US\",\"potentialAction\":[{\"@type\":\"ReadAction\",\"target\":[\"https:\/\/dexotic.com\/en\/tours-in-argentina\/calafate-city-tour-cuevas-de-walichu\/\"]}]},{\"@type\":\"ImageObject\",\"inLanguage\":\"en-US\",\"@id\":\"https:\/\/dexotic.com\/en\/tours-in-argentina\/calafate-city-tour-cuevas-de-walichu\/#primaryimage\",\"url\":\"https:\/\/dexotic.com\/wp-content\/uploads\/2022\/01\/calafate-city-tour-cuevas-walichu-07.jpg\",\"contentUrl\":\"https:\/\/dexotic.com\/wp-content\/uploads\/2022\/01\/calafate-city-tour-cuevas-walichu-07.jpg\",\"width\":800,\"height\":533},{\"@type\":\"BreadcrumbList\",\"@id\":\"https:\/\/dexotic.com\/en\/tours-in-argentina\/calafate-city-tour-cuevas-de-walichu\/#breadcrumb\",\"itemListElement\":[{\"@type\":\"ListItem\",\"position\":1,\"name\":\"Portada\",\"item\":\"https:\/\/dexotic.com\/en\/\"},{\"@type\":\"ListItem\",\"position\":2,\"name\":\"Shop\",\"item\":\"https:\/\/dexotic.com\/en\/shop\/\"},{\"@type\":\"ListItem\",\"position\":3,\"name\":\"El Calafate City Tour\"}]},{\"@type\":\"WebSite\",\"@id\":\"https:\/\/dexotic.com\/en\/#website\",\"url\":\"https:\/\/dexotic.com\/en\/\",\"name\":\"Dexotic\",\"description\":\"Excursiones en Salta, Jujuy y Patagonia Argentina\",\"potentialAction\":[{\"@type\":\"SearchAction\",\"target\":{\"@type\":\"EntryPoint\",\"urlTemplate\":\"https:\/\/dexotic.com\/en\/?s={search_term_string}\"},\"query-input\":{\"@type\":\"PropertyValueSpecification\",\"valueRequired\":true,\"valueName\":\"search_term_string\"}}],\"inLanguage\":\"en-US\"}]}<\/script>\n<!-- \/ Yoast SEO Premium plugin. -->","yoast_head_json":{"title":"El Calafate City Tour - Dexotic","description":"El city tour El Calafate transita las principales calles del casco antiguo del pueblo, as\u00ed como los edificios del centro c\u00edvico actuales.","robots":{"index":"index","follow":"follow","max-snippet":"max-snippet:-1","max-image-preview":"max-image-preview:large","max-video-preview":"max-video-preview:-1"},"canonical":"https:\/\/dexotic.com\/en\/tours-in-argentina\/calafate-city-tour-cuevas-de-walichu\/","og_locale":"en_US","og_type":"article","og_title":"El Calafate City Tour","og_description":"El city tour El Calafate transita las principales calles del casco antiguo del pueblo, as\u00ed como los edificios del centro c\u00edvico actuales.","og_url":"https:\/\/dexotic.com\/en\/tours-in-argentina\/calafate-city-tour-cuevas-de-walichu\/","og_site_name":"Dexotic","article_publisher":"https:\/\/www.facebook.com\/excursiones.noa\/","article_modified_time":"2026-03-24T01:46:28+00:00","og_image":[{"width":800,"height":533,"url":"https:\/\/dexotic.com\/wp-content\/uploads\/2022\/01\/calafate-city-tour-cuevas-walichu-04.jpg","type":"image\/jpeg"}],"twitter_card":"summary_large_image","twitter_site":"@dexotic_ok","twitter_misc":{"Est. reading time":"4 minutes"},"schema":{"@context":"https:\/\/schema.org","@graph":[{"@type":["WebPage","ItemPage"],"@id":"https:\/\/dexotic.com\/en\/tours-in-argentina\/calafate-city-tour-cuevas-de-walichu\/","url":"https:\/\/dexotic.com\/en\/tours-in-argentina\/calafate-city-tour-cuevas-de-walichu\/","name":"El Calafate City Tour - Dexotic","isPartOf":{"@id":"https:\/\/dexotic.com\/en\/#website"},"primaryImageOfPage":{"@id":"https:\/\/dexotic.com\/en\/tours-in-argentina\/calafate-city-tour-cuevas-de-walichu\/#primaryimage"},"image":{"@id":"https:\/\/dexotic.com\/en\/tours-in-argentina\/calafate-city-tour-cuevas-de-walichu\/#primaryimage"},"thumbnailUrl":"https:\/\/dexotic.com\/wp-content\/uploads\/2022\/01\/calafate-city-tour-cuevas-walichu-07.jpg","datePublished":"2022-01-19T21:40:44+00:00","dateModified":"2026-03-24T01:46:28+00:00","description":"El city tour El Calafate transita las principales calles del casco antiguo del pueblo, as\u00ed como los edificios del centro c\u00edvico actuales.","breadcrumb":{"@id":"https:\/\/dexotic.com\/en\/tours-in-argentina\/calafate-city-tour-cuevas-de-walichu\/#breadcrumb"},"inLanguage":"en-US","potentialAction":[{"@type":"ReadAction","target":["https:\/\/dexotic.com\/en\/tours-in-argentina\/calafate-city-tour-cuevas-de-walichu\/"]}]},{"@type":"ImageObject","inLanguage":"en-US","@id":"https:\/\/dexotic.com\/en\/tours-in-argentina\/calafate-city-tour-cuevas-de-walichu\/#primaryimage","url":"https:\/\/dexotic.com\/wp-content\/uploads\/2022\/01\/calafate-city-tour-cuevas-walichu-07.jpg","contentUrl":"https:\/\/dexotic.com\/wp-content\/uploads\/2022\/01\/calafate-city-tour-cuevas-walichu-07.jpg","width":800,"height":533},{"@type":"BreadcrumbList","@id":"https:\/\/dexotic.com\/en\/tours-in-argentina\/calafate-city-tour-cuevas-de-walichu\/#breadcrumb","itemListElement":[{"@type":"ListItem","position":1,"name":"Portada","item":"https:\/\/dexotic.com\/en\/"},{"@type":"ListItem","position":2,"name":"Shop","item":"https:\/\/dexotic.com\/en\/shop\/"},{"@type":"ListItem","position":3,"name":"El Calafate City Tour"}]},{"@type":"WebSite","@id":"https:\/\/dexotic.com\/en\/#website","url":"https:\/\/dexotic.com\/en\/","name":"Dexotic","description":"Excursiones en Salta, Jujuy y Patagonia Argentina","potentialAction":[{"@type":"SearchAction","target":{"@type":"EntryPoint","urlTemplate":"https:\/\/dexotic.com\/en\/?s={search_term_string}"},"query-input":{"@type":"PropertyValueSpecification","valueRequired":true,"valueName":"search_term_string"}}],"inLanguage":"en-US"}]}},"_links":{"self":[{"href":"https:\/\/dexotic.com\/en\/wp-json\/wp\/v2\/product\/5025","targetHints":{"allow":["GET"]}}],"collection":[{"href":"https:\/\/dexotic.com\/en\/wp-json\/wp\/v2\/product"}],"about":[{"href":"https:\/\/dexotic.com\/en\/wp-json\/wp\/v2\/types\/product"}],"replies":[{"embeddable":true,"href":"https:\/\/dexotic.com\/en\/wp-json\/wp\/v2\/comments?post=5025"}],"wp:featuredmedia":[{"embeddable":true,"href":"https:\/\/dexotic.com\/en\/wp-json\/wp\/v2\/media\/5460"}],"wp:attachment":[{"href":"https:\/\/dexotic.com\/en\/wp-json\/wp\/v2\/media?parent=5025"}],"wp:term":[{"taxonomy":"product_brand","embeddable":true,"href":"https:\/\/dexotic.com\/en\/wp-json\/wp\/v2\/product_brand?post=5025"},{"taxonomy":"product_cat","embeddable":true,"href":"https:\/\/dexotic.com\/en\/wp-json\/wp\/v2\/product_cat?post=5025"},{"taxonomy":"product_tag","embeddable":true,"href":"https:\/\/dexotic.com\/en\/wp-json\/wp\/v2\/product_tag?post=5025"}],"curies":[{"name":"wp","href":"https:\/\/api.w.org\/{rel}","templated":true}]}}