{"id":5024,"date":"2022-01-19T17:16:09","date_gmt":"2022-01-19T20:16:09","guid":{"rendered":"http:\/\/dexotic.com\/?post_type=product&#038;p=5024"},"modified":"2026-03-23T22:48:09","modified_gmt":"2026-03-24T01:48:09","slug":"calafate-glaciar-perito-moreno-safari-nautico","status":"publish","type":"product","link":"https:\/\/dexotic.com\/en\/tours-in-argentina\/calafate-glaciar-perito-moreno-safari-nautico\/","title":{"rendered":"Glaciar Perito Moreno + Safari N\u00e1utico"},"content":{"rendered":"<p>La distancia desde la ciudad al <strong>Glaciar Perito Moreno<\/strong> es de unos 80 kms. por camino asfaltado.<\/p>\n<p>Desde su inicio el viaje depara agradables sorpresas saliendo por la ruta Nro. 11, bordeando el <strong>Lago Argentino<\/strong> y observando su bah\u00eda Redonda.<\/p>\n<p>En ella se puede apreciar una variedad importante de avifauna, destac\u00e1ndose el cisne de cuello negro, el flamenco, la gallareta y el cauqu\u00e9n, entre otras especies.<\/p>\n<p>Se destaca en el paisaje el color amarillo del campo, t\u00edpico de la estepa patag\u00f3nica.<a href=\"http:\/\/dexotic.com\/wp-content\/uploads\/2022\/01\/navegacion-glaciares-header-02.jpg\"><img decoding=\"async\" class=\"size-medium wp-image-5334 alignright\" src=\"http:\/\/dexotic.com\/wp-content\/uploads\/2022\/01\/navegacion-glaciares-header-02-300x200.jpg\" alt=\"\" width=\"300\" height=\"200\" srcset=\"https:\/\/dexotic.com\/wp-content\/uploads\/2022\/01\/navegacion-glaciares-header-02-300x200.jpg 300w, https:\/\/dexotic.com\/wp-content\/uploads\/2022\/01\/navegacion-glaciares-header-02-1024x683.jpg 1024w, https:\/\/dexotic.com\/wp-content\/uploads\/2022\/01\/navegacion-glaciares-header-02-768x512.jpg 768w, https:\/\/dexotic.com\/wp-content\/uploads\/2022\/01\/navegacion-glaciares-header-02-531x354.jpg 531w, https:\/\/dexotic.com\/wp-content\/uploads\/2022\/01\/navegacion-glaciares-header-02-600x400.jpg 600w, https:\/\/dexotic.com\/wp-content\/uploads\/2022\/01\/navegacion-glaciares-header-02-180x120.jpg 180w, https:\/\/dexotic.com\/wp-content\/uploads\/2022\/01\/navegacion-glaciares-header-02-135x90.jpg 135w, https:\/\/dexotic.com\/wp-content\/uploads\/2022\/01\/navegacion-glaciares-header-02.jpg 1140w\" sizes=\"(max-width: 300px) 100vw, 300px\" \/><\/a><\/p>\n<p>Luego de unos 40 kms, y luego de traspasar la entrada al <strong>Parque Nacional Los Glaciares<\/strong> podremos observar la vegetaci\u00f3n arb\u00f3rea como \u00f1ires, guindos y lengas pertenecientes en su gran mayor\u00eda de la familia \u201cnotofagus\u201d, adem\u00e1s se pueden apreciar flores de diversos colores, entre las que se resalta el notro por su colorido rojo intenso correspondiendo este paisaje al Bosque Andino Patag\u00f3nico.<\/p>\n<p>Llegaremos luego a <strong>\u201cla curva de los suspiros\u201d<\/strong>, llamada de esta forma ya que es el primer punto desde donde tenemos una vista panor\u00e1mica del <strong>Glaciar Perito Moreno<\/strong>.<\/p>\n<p>El Perito Moreno es reconocido como la tercera masa de hielo continental m\u00e1s grande de la Tierra, \u00a0su pared frontal mide 5 km de ancho y alcanza a medir 80 metros de altura.<\/p>\n<p>Adem\u00e1s es uno de los glaciares que forman el\u00a0<strong>Hielo Continental Patag\u00f3nico<\/strong>.<\/p>\n<p>Realizamos una breve parada para tomar fotograf\u00edas y <strong>proseguimos a Puerto Bajo las Sombras<\/strong>.<\/p>\n<p>A partir de aqu\u00ed <strong>realizaremos el SAFARI <a href=\"http:\/\/dexotic.com\/wp-content\/uploads\/2022\/01\/calafate-glaciares-08.jpg\"><img decoding=\"async\" class=\"size-medium wp-image-5294 alignleft\" src=\"http:\/\/dexotic.com\/wp-content\/uploads\/2022\/01\/calafate-glaciares-08-300x200.jpg\" alt=\"\" width=\"300\" height=\"200\" srcset=\"https:\/\/dexotic.com\/wp-content\/uploads\/2022\/01\/calafate-glaciares-08-300x200.jpg 300w, https:\/\/dexotic.com\/wp-content\/uploads\/2022\/01\/calafate-glaciares-08-768x512.jpg 768w, https:\/\/dexotic.com\/wp-content\/uploads\/2022\/01\/calafate-glaciares-08-531x354.jpg 531w, https:\/\/dexotic.com\/wp-content\/uploads\/2022\/01\/calafate-glaciares-08-600x400.jpg 600w, https:\/\/dexotic.com\/wp-content\/uploads\/2022\/01\/calafate-glaciares-08-180x120.jpg 180w, https:\/\/dexotic.com\/wp-content\/uploads\/2022\/01\/calafate-glaciares-08-135x90.jpg 135w, https:\/\/dexotic.com\/wp-content\/uploads\/2022\/01\/calafate-glaciares-08.jpg 800w\" sizes=\"(max-width: 300px) 100vw, 300px\" \/><\/a>N\u00c1UTICO<\/strong> (1 hora de navegaci\u00f3n) para tener diferentes vistas de la pared del Glaciar Perito Moreno.<\/p>\n<p>Esta navegaci\u00f3n brinda la posibilidad de observar con una perspectiva totalmente diferente las impresionantes paredes del <strong>Glaciar Perito Moreno<\/strong> y sus continuos derrumbes sobre las aguas del <strong>Lago Rico<\/strong>.<\/p>\n<p>Se podr\u00e1n observar t\u00e9mpanos que se han desprendido de las paredes.<\/p>\n<p>Una vez frente a la pared, el barco se detiene por unos minutos para poder observar m\u00e1s detalladamente el paisaje. Interesante para fotograf\u00edas y filmaciones y para tener una experiencia inolvidable frente al gigante blanco.<\/p>\n<p>Nos dirigimos luego a las pasarelas donde tendremos un sector de servicios para los visitantes y un sistema de balcones y caminos peatonales que permiten realizar diferentes recorridos y acceder a diferentes vistas realmente incre\u00edbles del Glaciar.<\/p>\n<p>Luego de un tiempo libre para caminatas y almuerzo (opcional no incluido), se inicia el regreso hacia <strong>El Calafate<\/strong>.<\/p>\n<table class=\"table table-bordered tours-tabs__table\" style=\"height: 233px;width: 87.3848%\" width=\"862\">\n<tbody>\n<tr>\n<td style=\"width: 32.627%\"><strong>LUGAR DE SALIDA Y REGRESO<\/strong><\/td>\n<td style=\"width: 66.5647%\">Hoteles c\u00e9ntricos<\/td>\n<\/tr>\n<tr>\n<td style=\"width: 32.627%\"><strong>HORARIO DE SALIDA<\/strong><\/td>\n<td style=\"width: 66.5647%\">A partir de las 8:30 am.<\/td>\n<\/tr>\n<tr>\n<td style=\"width: 32.627%\"><strong>HORARIO DE REGRESO<\/strong><\/td>\n<td style=\"width: 66.5647%\">A partir de las 16:30 hs..<\/td>\n<\/tr>\n<tr>\n<td style=\"width: 32.627%\"><b>VESTIMENTA RECOMENDADA<\/b><\/td>\n<td style=\"width: 66.5647%\"><span style=\"font-weight: 400\">Calzado c\u00f3modo y ropa de abrigo (sweater, buzo y campera rompe viento y\/o impermeable). Anteojos para sol, crema protectora y guantes. Tambi\u00e9n gorro para sol o de abrigo en caso de que haga mucho fr\u00edo<\/span><\/td>\n<\/tr>\n<tr>\n<td style=\"width: 32.627%\"><strong>INCLUIDO<\/strong><\/td>\n<td style=\"width: 66.5647%\">\n<table class=\"table table-bordered\" style=\"height: 62px\" width=\"300\">\n<tbody>\n<tr>\n<td><i class=\"fa fa-check icon-tick icon-tick--on\"><\/i>Traslados<\/td>\n<td><i class=\"fa fa-check icon-tick icon-tick--on\"><\/i>Gu\u00eda<\/td>\n<\/tr>\n<tr>\n<td><i class=\"fa fa-check icon-tick icon-tick--on\"><\/i>Seguros<\/td>\n<td><i class=\"fa fa-check icon-tick icon-tick--on\"><\/i>Pickup por hotel c\u00e9ntrico<\/td>\n<\/tr>\n<\/tbody>\n<\/table>\n<\/td>\n<\/tr>\n<tr>\n<td style=\"width: 32.627%\"><b>NO INCLUIDO<\/b><\/td>\n<td style=\"width: 66.5647%\">\n<table class=\"table table-bordered\" style=\"height: 62px\" width=\"300\">\n<tbody>\n<tr>\n<td><i class=\"fa fa-times icon-tick icon-tick--off\"><\/i>Comidas y bebidas<\/td>\n<\/tr>\n<tr>\n<td><i class=\"fa fa-times icon-tick icon-tick--off\"><\/i>Ticket de ingreso al parque nacional<\/td>\n<\/tr>\n<\/tbody>\n<\/table>\n<\/td>\n<\/tr>\n<\/tbody>\n<\/table>\n<h2>Itinerario<\/h2>\n<p><span style=\"font-weight: 400\">08:30 &#8211; 09:15 Recorrida por hoteles\u00a0<\/span><\/p>\n<p><span style=\"font-weight: 400\">09:40 &#8211; 09:50 Parada en Seccional Mitre\u00a0<\/span><\/p>\n<p><span style=\"font-weight: 400\">10:10 &#8211; 10:20 Llegada a Portal Parque Nacional Los Glaciares &#8211; Pago de ingresos\u00a0<\/span><\/p>\n<p><span style=\"font-weight: 400\">10:30 -10:40 Sanitarios\u00a0<\/span><\/p>\n<p><span style=\"font-weight: 400\">11:00 a 11:15 Mirador Curva de los Suspiros\u00a0<\/span><\/p>\n<p><span style=\"font-weight: 400\">11:20 Llegada a Puerto Bajo las Sombras (Safari).\u00a0<\/span><\/p>\n<p><span style=\"font-weight: 400\">11:30 &#8211; 12:30 Navegaci\u00f3n Safari N\u00e1utico (opcional)\u00a0<\/span><\/p>\n<p><span style=\"font-weight: 400\">11:50 Llegada a pasarelas (quienes no navegan)\u00a0<\/span><\/p>\n<p><span style=\"font-weight: 400\">12:50 Llegada a pasarelas (quienes navegan)\u00a0<\/span><\/p>\n<p><span style=\"font-weight: 400\">12:50-15:30 Sector de Pasarelas cuenta con Sanitarios y opci\u00f3n para el almuerzo en Confiter\u00eda-Shop &#8220;Campos de Hielo&#8221; o Restaurante \u201cNativos de la Patagonia\u201d \u2013\u00a0<\/span><\/p>\n<p><span style=\"font-weight: 400\">Tiempo libre.\u00a0<\/span><\/p>\n<p><span style=\"font-weight: 400\">15:30 Salida de pasarelas para todo el grupo\u00a0<\/span><\/p>\n<p><span style=\"font-weight: 400\">16:30 &#8211; 17:15 Recorrida de hoteles.<\/span><\/p>\n<h2>Pol\u00edtica de Tarifas<\/h2>\n<p>ADULTO +16 A\u00d1OS<\/p>\n<p>MENOR 4-15 A\u00d1OS<\/p>\n<p>0-3 A\u00d1OS FREE<\/p>\n<p>&nbsp;<\/p>\n","protected":false},"excerpt":{"rendered":"<p>Imperdible excursi\u00f3n combinada que junta lo mejor del parque nacional Los Glaciares con la navegaci\u00f3n por sus aguas.<\/p>\n","protected":false},"featured_media":7097,"comment_status":"open","ping_status":"closed","template":"","meta":{"_joinchat":null},"product_brand":[],"product_cat":[207],"product_tag":[],"class_list":{"0":"post-5024","1":"product","2":"type-product","3":"status-publish","4":"has-post-thumbnail","6":"product_cat-sin-categorizar","7":"pa_duracion-8-hs","8":"pa_edad-todas-las-edades","9":"pa_requerimiento-fisico-bajo","10":"pa_salidas-todo-el-ano-por-la-manana","11":"tour_category-excursiones-desde-el-calafate","12":"tour_category-paquetes-patagonia","13":"tour_category-patagonia","15":"first","16":"instock","17":"shipping-taxable","18":"purchasable","19":"product-type-tour","20":"has-default-attributes"},"yoast_head":"<!-- This site is optimized with the Yoast SEO Premium plugin v27.1 (Yoast SEO v27.1.1) - https:\/\/yoast.com\/product\/yoast-seo-premium-wordpress\/ -->\n<title>Glaciar Perito Moreno + Safari N\u00e1utico - Dexotic<\/title>\n<meta name=\"description\" content=\"Imperdible excursi\u00f3n combinada que junta lo mejor del parque nacional Los Glaciares con la navegacion por sus aguas.\" \/>\n<meta name=\"robots\" content=\"index, follow, max-snippet:-1, max-image-preview:large, max-video-preview:-1\" \/>\n<link rel=\"canonical\" href=\"https:\/\/dexotic.com\/en\/tours-in-argentina\/calafate-glaciar-perito-moreno-safari-nautico\/\" \/>\n<meta property=\"og:locale\" content=\"en_US\" \/>\n<meta property=\"og:type\" content=\"article\" \/>\n<meta property=\"og:title\" content=\"Glaciar Perito Moreno + Safari N\u00e1utico\" \/>\n<meta property=\"og:description\" content=\"Imperdible excursi\u00f3n combinada que junta lo mejor del parque nacional Los Glaciares con la navegacion por sus aguas.\" \/>\n<meta property=\"og:url\" content=\"https:\/\/dexotic.com\/en\/tours-in-argentina\/calafate-glaciar-perito-moreno-safari-nautico\/\" \/>\n<meta property=\"og:site_name\" content=\"Dexotic\" \/>\n<meta property=\"article:publisher\" content=\"https:\/\/www.facebook.com\/excursiones.noa\/\" \/>\n<meta property=\"article:modified_time\" content=\"2026-03-24T01:48:09+00:00\" \/>\n<meta property=\"og:image\" content=\"https:\/\/dexotic.com\/wp-content\/uploads\/2022\/01\/glaciar-safari-nautico.png\" \/>\n\t<meta property=\"og:image:width\" content=\"1140\" \/>\n\t<meta property=\"og:image:height\" content=\"760\" \/>\n\t<meta property=\"og:image:type\" content=\"image\/png\" \/>\n<meta name=\"twitter:card\" content=\"summary_large_image\" \/>\n<meta name=\"twitter:site\" content=\"@dexotic_ok\" \/>\n<meta name=\"twitter:label1\" content=\"Est. reading time\" \/>\n\t<meta name=\"twitter:data1\" content=\"5 minutes\" \/>\n<script type=\"application\/ld+json\" class=\"yoast-schema-graph\">{\"@context\":\"https:\/\/schema.org\",\"@graph\":[{\"@type\":[\"WebPage\",\"ItemPage\"],\"@id\":\"https:\/\/dexotic.com\/en\/tours-in-argentina\/calafate-glaciar-perito-moreno-safari-nautico\/\",\"url\":\"https:\/\/dexotic.com\/en\/tours-in-argentina\/calafate-glaciar-perito-moreno-safari-nautico\/\",\"name\":\"Glaciar Perito Moreno + Safari N\u00e1utico - Dexotic\",\"isPartOf\":{\"@id\":\"https:\/\/dexotic.com\/en\/#website\"},\"primaryImageOfPage\":{\"@id\":\"https:\/\/dexotic.com\/en\/tours-in-argentina\/calafate-glaciar-perito-moreno-safari-nautico\/#primaryimage\"},\"image\":{\"@id\":\"https:\/\/dexotic.com\/en\/tours-in-argentina\/calafate-glaciar-perito-moreno-safari-nautico\/#primaryimage\"},\"thumbnailUrl\":\"https:\/\/dexotic.com\/wp-content\/uploads\/2022\/01\/glaciar-safari-nautico.png\",\"datePublished\":\"2022-01-19T20:16:09+00:00\",\"dateModified\":\"2026-03-24T01:48:09+00:00\",\"description\":\"Imperdible excursi\u00f3n combinada que junta lo mejor del parque nacional Los Glaciares con la navegacion por sus aguas.\",\"breadcrumb\":{\"@id\":\"https:\/\/dexotic.com\/en\/tours-in-argentina\/calafate-glaciar-perito-moreno-safari-nautico\/#breadcrumb\"},\"inLanguage\":\"en-US\",\"potentialAction\":[{\"@type\":\"ReadAction\",\"target\":[\"https:\/\/dexotic.com\/en\/tours-in-argentina\/calafate-glaciar-perito-moreno-safari-nautico\/\"]}]},{\"@type\":\"ImageObject\",\"inLanguage\":\"en-US\",\"@id\":\"https:\/\/dexotic.com\/en\/tours-in-argentina\/calafate-glaciar-perito-moreno-safari-nautico\/#primaryimage\",\"url\":\"https:\/\/dexotic.com\/wp-content\/uploads\/2022\/01\/glaciar-safari-nautico.png\",\"contentUrl\":\"https:\/\/dexotic.com\/wp-content\/uploads\/2022\/01\/glaciar-safari-nautico.png\",\"width\":1140,\"height\":760,\"caption\":\"Glaciar Perito Moreno con safari n\u00e1utico\"},{\"@type\":\"BreadcrumbList\",\"@id\":\"https:\/\/dexotic.com\/en\/tours-in-argentina\/calafate-glaciar-perito-moreno-safari-nautico\/#breadcrumb\",\"itemListElement\":[{\"@type\":\"ListItem\",\"position\":1,\"name\":\"Portada\",\"item\":\"https:\/\/dexotic.com\/en\/\"},{\"@type\":\"ListItem\",\"position\":2,\"name\":\"Shop\",\"item\":\"https:\/\/dexotic.com\/en\/shop\/\"},{\"@type\":\"ListItem\",\"position\":3,\"name\":\"Glaciar Perito Moreno + Safari N\u00e1utico\"}]},{\"@type\":\"WebSite\",\"@id\":\"https:\/\/dexotic.com\/en\/#website\",\"url\":\"https:\/\/dexotic.com\/en\/\",\"name\":\"Dexotic\",\"description\":\"Excursiones en Salta, Jujuy y Patagonia Argentina\",\"potentialAction\":[{\"@type\":\"SearchAction\",\"target\":{\"@type\":\"EntryPoint\",\"urlTemplate\":\"https:\/\/dexotic.com\/en\/?s={search_term_string}\"},\"query-input\":{\"@type\":\"PropertyValueSpecification\",\"valueRequired\":true,\"valueName\":\"search_term_string\"}}],\"inLanguage\":\"en-US\"}]}<\/script>\n<!-- \/ Yoast SEO Premium plugin. -->","yoast_head_json":{"title":"Glaciar Perito Moreno + Safari N\u00e1utico - Dexotic","description":"Imperdible excursi\u00f3n combinada que junta lo mejor del parque nacional Los Glaciares con la navegacion por sus aguas.","robots":{"index":"index","follow":"follow","max-snippet":"max-snippet:-1","max-image-preview":"max-image-preview:large","max-video-preview":"max-video-preview:-1"},"canonical":"https:\/\/dexotic.com\/en\/tours-in-argentina\/calafate-glaciar-perito-moreno-safari-nautico\/","og_locale":"en_US","og_type":"article","og_title":"Glaciar Perito Moreno + Safari N\u00e1utico","og_description":"Imperdible excursi\u00f3n combinada que junta lo mejor del parque nacional Los Glaciares con la navegacion por sus aguas.","og_url":"https:\/\/dexotic.com\/en\/tours-in-argentina\/calafate-glaciar-perito-moreno-safari-nautico\/","og_site_name":"Dexotic","article_publisher":"https:\/\/www.facebook.com\/excursiones.noa\/","article_modified_time":"2026-03-24T01:48:09+00:00","og_image":[{"width":1140,"height":760,"url":"https:\/\/dexotic.com\/wp-content\/uploads\/2022\/01\/glaciar-safari-nautico.png","type":"image\/png"}],"twitter_card":"summary_large_image","twitter_site":"@dexotic_ok","twitter_misc":{"Est. reading time":"5 minutes"},"schema":{"@context":"https:\/\/schema.org","@graph":[{"@type":["WebPage","ItemPage"],"@id":"https:\/\/dexotic.com\/en\/tours-in-argentina\/calafate-glaciar-perito-moreno-safari-nautico\/","url":"https:\/\/dexotic.com\/en\/tours-in-argentina\/calafate-glaciar-perito-moreno-safari-nautico\/","name":"Glaciar Perito Moreno + Safari N\u00e1utico - Dexotic","isPartOf":{"@id":"https:\/\/dexotic.com\/en\/#website"},"primaryImageOfPage":{"@id":"https:\/\/dexotic.com\/en\/tours-in-argentina\/calafate-glaciar-perito-moreno-safari-nautico\/#primaryimage"},"image":{"@id":"https:\/\/dexotic.com\/en\/tours-in-argentina\/calafate-glaciar-perito-moreno-safari-nautico\/#primaryimage"},"thumbnailUrl":"https:\/\/dexotic.com\/wp-content\/uploads\/2022\/01\/glaciar-safari-nautico.png","datePublished":"2022-01-19T20:16:09+00:00","dateModified":"2026-03-24T01:48:09+00:00","description":"Imperdible excursi\u00f3n combinada que junta lo mejor del parque nacional Los Glaciares con la navegacion por sus aguas.","breadcrumb":{"@id":"https:\/\/dexotic.com\/en\/tours-in-argentina\/calafate-glaciar-perito-moreno-safari-nautico\/#breadcrumb"},"inLanguage":"en-US","potentialAction":[{"@type":"ReadAction","target":["https:\/\/dexotic.com\/en\/tours-in-argentina\/calafate-glaciar-perito-moreno-safari-nautico\/"]}]},{"@type":"ImageObject","inLanguage":"en-US","@id":"https:\/\/dexotic.com\/en\/tours-in-argentina\/calafate-glaciar-perito-moreno-safari-nautico\/#primaryimage","url":"https:\/\/dexotic.com\/wp-content\/uploads\/2022\/01\/glaciar-safari-nautico.png","contentUrl":"https:\/\/dexotic.com\/wp-content\/uploads\/2022\/01\/glaciar-safari-nautico.png","width":1140,"height":760,"caption":"Glaciar Perito Moreno con safari n\u00e1utico"},{"@type":"BreadcrumbList","@id":"https:\/\/dexotic.com\/en\/tours-in-argentina\/calafate-glaciar-perito-moreno-safari-nautico\/#breadcrumb","itemListElement":[{"@type":"ListItem","position":1,"name":"Portada","item":"https:\/\/dexotic.com\/en\/"},{"@type":"ListItem","position":2,"name":"Shop","item":"https:\/\/dexotic.com\/en\/shop\/"},{"@type":"ListItem","position":3,"name":"Glaciar Perito Moreno + Safari N\u00e1utico"}]},{"@type":"WebSite","@id":"https:\/\/dexotic.com\/en\/#website","url":"https:\/\/dexotic.com\/en\/","name":"Dexotic","description":"Excursiones en Salta, Jujuy y Patagonia Argentina","potentialAction":[{"@type":"SearchAction","target":{"@type":"EntryPoint","urlTemplate":"https:\/\/dexotic.com\/en\/?s={search_term_string}"},"query-input":{"@type":"PropertyValueSpecification","valueRequired":true,"valueName":"search_term_string"}}],"inLanguage":"en-US"}]}},"_links":{"self":[{"href":"https:\/\/dexotic.com\/en\/wp-json\/wp\/v2\/product\/5024","targetHints":{"allow":["GET"]}}],"collection":[{"href":"https:\/\/dexotic.com\/en\/wp-json\/wp\/v2\/product"}],"about":[{"href":"https:\/\/dexotic.com\/en\/wp-json\/wp\/v2\/types\/product"}],"replies":[{"embeddable":true,"href":"https:\/\/dexotic.com\/en\/wp-json\/wp\/v2\/comments?post=5024"}],"wp:featuredmedia":[{"embeddable":true,"href":"https:\/\/dexotic.com\/en\/wp-json\/wp\/v2\/media\/7097"}],"wp:attachment":[{"href":"https:\/\/dexotic.com\/en\/wp-json\/wp\/v2\/media?parent=5024"}],"wp:term":[{"taxonomy":"product_brand","embeddable":true,"href":"https:\/\/dexotic.com\/en\/wp-json\/wp\/v2\/product_brand?post=5024"},{"taxonomy":"product_cat","embeddable":true,"href":"https:\/\/dexotic.com\/en\/wp-json\/wp\/v2\/product_cat?post=5024"},{"taxonomy":"product_tag","embeddable":true,"href":"https:\/\/dexotic.com\/en\/wp-json\/wp\/v2\/product_tag?post=5024"}],"curies":[{"name":"wp","href":"https:\/\/api.w.org\/{rel}","templated":true}]}}