{"id":5023,"date":"2022-01-19T17:15:56","date_gmt":"2022-01-19T20:15:56","guid":{"rendered":"http:\/\/dexotic.com\/?post_type=product&#038;p=5023"},"modified":"2026-03-23T22:46:16","modified_gmt":"2026-03-24T01:46:16","slug":"calafate-glaciar-perito-moreno","status":"publish","type":"product","link":"https:\/\/dexotic.com\/en\/tours-in-argentina\/calafate-glaciar-perito-moreno\/","title":{"rendered":"Glaciar Perito Moreno"},"content":{"rendered":"<p>La distancia desde la ciudad de El Calafate al Glaciar Perito Moreno es de unos <strong>80 kms. por camino asfaltado<\/strong>.<a href=\"http:\/\/dexotic.com\/wp-content\/uploads\/2022\/01\/calafate-pasarelas-glaciar-07.jpg\"><img decoding=\"async\" class=\"size-medium wp-image-5266 alignright\" src=\"http:\/\/dexotic.com\/wp-content\/uploads\/2022\/01\/calafate-pasarelas-glaciar-07-300x200.jpg\" alt=\"\" width=\"300\" height=\"200\" srcset=\"https:\/\/dexotic.com\/wp-content\/uploads\/2022\/01\/calafate-pasarelas-glaciar-07-300x200.jpg 300w, https:\/\/dexotic.com\/wp-content\/uploads\/2022\/01\/calafate-pasarelas-glaciar-07-768x512.jpg 768w, https:\/\/dexotic.com\/wp-content\/uploads\/2022\/01\/calafate-pasarelas-glaciar-07-531x354.jpg 531w, https:\/\/dexotic.com\/wp-content\/uploads\/2022\/01\/calafate-pasarelas-glaciar-07-600x400.jpg 600w, https:\/\/dexotic.com\/wp-content\/uploads\/2022\/01\/calafate-pasarelas-glaciar-07-180x120.jpg 180w, https:\/\/dexotic.com\/wp-content\/uploads\/2022\/01\/calafate-pasarelas-glaciar-07-135x90.jpg 135w, https:\/\/dexotic.com\/wp-content\/uploads\/2022\/01\/calafate-pasarelas-glaciar-07.jpg 800w\" sizes=\"(max-width: 300px) 100vw, 300px\" \/><\/a><\/p>\n<p>Desde su inicio el viaje depara agradables sorpresas saliendo por la ruta Nro. 11, bordeando el Lago Argentino y observando su bah\u00eda Redonda.<\/p>\n<p>En ella se puede apreciar una variedad importante de avifauna, destac\u00e1ndose el cisne de cuello negro, el flamenco, la gallareta y el cauqu\u00e9n, entre otras especies.<\/p>\n<p>Se destaca en el paisaje el color amarillo del campo, t\u00edpico de la estepa patag\u00f3nica.<\/p>\n<p>Luego de unos 40 kms, y luego de traspasar la <strong>entrada al Parque Nacional Los Glaciares<\/strong> podremos observar la vegetaci\u00f3n arb\u00f3rea como \u00f1ires, guindos y lengas pertenecientes en su gran mayor\u00eda de la familia \u201cnotofagus\u201d; adem\u00e1s se pueden apreciar flores de diversos colores, entre las que se resalta el notro por su colorido rojo intenso correspondiendo este paisaje al Bosque Andino Patag\u00f3nico.<\/p>\n<p>Llegaremos luego a \u201cla curva de los suspiros\u201d, llamada de esta forma ya que es <strong>el primer punto desde donde tenemos una vista panor\u00e1mica del majestuoso Glaciar<\/strong> Perito Moreno.<\/p>\n<p>El Perito Moreno es reconocido como la tercera masa de hielo continental m\u00e1s grande de la Tierra, \u00a0su pared frontal <strong>mide 5 km de ancho y alcanza a medir 80 metros de altura<\/strong>.<\/p>\n<p><a href=\"http:\/\/dexotic.com\/wp-content\/uploads\/2022\/01\/calafate-glaciares-03.jpg\"><img decoding=\"async\" class=\"size-medium wp-image-5284 alignleft\" src=\"http:\/\/dexotic.com\/wp-content\/uploads\/2022\/01\/calafate-glaciares-03-300x200.jpg\" alt=\"\" width=\"300\" height=\"200\" srcset=\"https:\/\/dexotic.com\/wp-content\/uploads\/2022\/01\/calafate-glaciares-03-300x200.jpg 300w, https:\/\/dexotic.com\/wp-content\/uploads\/2022\/01\/calafate-glaciares-03-768x512.jpg 768w, https:\/\/dexotic.com\/wp-content\/uploads\/2022\/01\/calafate-glaciares-03-531x354.jpg 531w, https:\/\/dexotic.com\/wp-content\/uploads\/2022\/01\/calafate-glaciares-03-600x400.jpg 600w, https:\/\/dexotic.com\/wp-content\/uploads\/2022\/01\/calafate-glaciares-03-180x120.jpg 180w, https:\/\/dexotic.com\/wp-content\/uploads\/2022\/01\/calafate-glaciares-03-135x90.jpg 135w, https:\/\/dexotic.com\/wp-content\/uploads\/2022\/01\/calafate-glaciares-03.jpg 800w\" sizes=\"(max-width: 300px) 100vw, 300px\" \/><\/a>Adem\u00e1s es uno de los glaciares que <strong>forman el\u00a0Hielo Continental Patag\u00f3nico<\/strong>.<\/p>\n<p>Realizamos una breve parada para tomar fotograf\u00edas y proseguimos a Puerto Bajo las Sombras.<\/p>\n<p>Aqu\u00ed existe la posibilidad de <a href=\"https:\/\/dexotic.com\/en\/tours-in-argentina\/calafate-glaciar-perito-moreno-safari-nautico\/\">adicionar el Safari N\u00e1utico (1 hora de navegaci\u00f3n)<\/a> para tener diferentes vistas de la pared del Glaciar Perito Moreno.<\/p>\n<p>Nos dirigimos luego a las pasarelas donde tendremos un sector de servicios para los visitantes y un sistema de balcones y caminos peatonales que permiten realizar diferentes recorridos y acceder a diferentes vistas realmente incre\u00edbles e inolvidables del Glaciar.<\/p>\n<p>Luego de un tiempo libre para caminatas y almuerzo (opcional, no incluido), se inicia el regreso hacia <a href=\"https:\/\/dexotic.com\/en\/tours-in-argentina\/calafate-city-tour-cuevas-de-walichu\/\">El Calafate<\/a>.<\/p>\n<table class=\"table table-bordered tours-tabs__table\" style=\"height: 233px;width: 87.3848%\" width=\"862\">\n<tbody>\n<tr>\n<td style=\"width: 32.627%\"><strong>LUGAR DE SALIDA Y REGRESO<\/strong><\/td>\n<td style=\"width: 66.5647%\">Hoteles c\u00e9ntricos<\/td>\n<\/tr>\n<tr>\n<td style=\"width: 32.627%\"><strong>HORARIOS DE SALIDA<\/strong><\/td>\n<td style=\"width: 66.5647%\">A partir de las 8:45 hs.<\/td>\n<\/tr>\n<tr>\n<td style=\"width: 32.627%\"><strong>HORARIO DE REGRESO<\/strong><\/td>\n<td style=\"width: 66.5647%\"><span style=\"font-weight: 400\">A partir de 16 hs.<\/span><\/td>\n<\/tr>\n<tr>\n<td style=\"width: 32.627%\"><b>VESTIMENTA RECOMENDADA<\/b><\/td>\n<td style=\"width: 66.5647%\"><span style=\"font-weight: 400\">Calzado c\u00f3modo y ropa de abrigo (sweater, buzo y campera rompe viento y\/o impermeable). Anteojos para sol, crema protectora y guantes. Tambi\u00e9n gorro para sol o de abrigo en caso de que haga mucho fr\u00edo<\/span><\/td>\n<\/tr>\n<tr>\n<td style=\"width: 32.627%\"><strong>INCLUIDO<\/strong><\/td>\n<td style=\"width: 66.5647%\">\n<table class=\"table table-bordered\" style=\"height: 62px\" width=\"300\">\n<tbody>\n<tr>\n<td><i class=\"fa fa-check icon-tick icon-tick--on\"><\/i>Traslados<\/td>\n<td><i class=\"fa fa-check icon-tick icon-tick--on\"><\/i>Gu\u00eda<\/td>\n<\/tr>\n<tr>\n<td><i class=\"fa fa-check icon-tick icon-tick--on\"><\/i>Seguros<\/td>\n<td><i class=\"fa fa-check icon-tick icon-tick--on\"><\/i>Pickup por hotel c\u00e9ntrico<\/td>\n<\/tr>\n<\/tbody>\n<\/table>\n<\/td>\n<\/tr>\n<tr>\n<td style=\"width: 32.627%\"><b>NO INCLUIDO<\/b><\/td>\n<td style=\"width: 66.5647%\">\n<table class=\"table table-bordered\" style=\"height: 62px\" width=\"300\">\n<tbody>\n<tr>\n<td><i class=\"fa fa-times icon-tick icon-tick--off\"><\/i>Comidas y bebidas<\/td>\n<\/tr>\n<tr>\n<td><i class=\"fa fa-times icon-tick icon-tick--off\"><\/i><span style=\"font-weight: 400\">Ticket de ingreso a parque nacional<\/span><\/td>\n<\/tr>\n<\/tbody>\n<\/table>\n<\/td>\n<\/tr>\n<\/tbody>\n<\/table>\n<p><b>***consultar opci\u00f3n de adicionar SAFARI NAUTICO (1 hora).<\/b><\/p>\n","protected":false},"excerpt":{"rendered":"<p>El Perito Moreno es reconocido como la tercera masa de hielo continental m\u00e1s grande de la Tierra, \u00a0su pared frontal mide 5 km de ancho y alcanza a medir 80 metros de altura.<\/p>\n","protected":false},"featured_media":5274,"comment_status":"open","ping_status":"closed","template":"","meta":{"_joinchat":null},"product_brand":[],"product_cat":[207],"product_tag":[],"class_list":{"0":"post-5023","1":"product","2":"type-product","3":"status-publish","4":"has-post-thumbnail","6":"product_cat-sin-categorizar","7":"pa_duracion-8-hs","8":"pa_edad-todas-las-edades","9":"pa_requerimiento-fisico-bajo","10":"pa_salidas-todo-el-ano-por-la-manana","11":"tour_category-excursiones-desde-el-calafate","12":"tour_category-patagonia","14":"first","15":"instock","16":"shipping-taxable","17":"purchasable","18":"product-type-tour","19":"has-default-attributes"},"yoast_head":"<!-- This site is optimized with the Yoast SEO Premium plugin v27.1 (Yoast SEO v27.1.1) - https:\/\/yoast.com\/product\/yoast-seo-premium-wordpress\/ -->\n<title>Glaciar Perito Moreno - Dexotic<\/title>\n<meta name=\"description\" content=\"El Perito Moreno es reconocido como la tercera masa de hielo continental m\u00e1s grande de la Tierra. Entrada al Parque Nacional Los Glaciares.\" \/>\n<meta name=\"robots\" content=\"index, follow, max-snippet:-1, max-image-preview:large, max-video-preview:-1\" \/>\n<link rel=\"canonical\" href=\"https:\/\/dexotic.com\/en\/tours-in-argentina\/calafate-glaciar-perito-moreno\/\" \/>\n<meta property=\"og:locale\" content=\"en_US\" \/>\n<meta property=\"og:type\" content=\"article\" \/>\n<meta property=\"og:title\" content=\"Glaciar Perito Moreno\" \/>\n<meta property=\"og:description\" content=\"El Perito Moreno es reconocido como la tercera masa de hielo continental m\u00e1s grande de la Tierra. Entrada al Parque Nacional Los Glaciares.\" \/>\n<meta property=\"og:url\" content=\"https:\/\/dexotic.com\/en\/tours-in-argentina\/calafate-glaciar-perito-moreno\/\" \/>\n<meta property=\"og:site_name\" content=\"Dexotic\" \/>\n<meta property=\"article:publisher\" content=\"https:\/\/www.facebook.com\/excursiones.noa\/\" \/>\n<meta property=\"article:modified_time\" content=\"2026-03-24T01:46:16+00:00\" \/>\n<meta property=\"og:image\" content=\"https:\/\/dexotic.com\/wp-content\/uploads\/2022\/01\/calafate-glaciar.jpg\" \/>\n\t<meta property=\"og:image:width\" content=\"800\" \/>\n\t<meta property=\"og:image:height\" content=\"533\" \/>\n\t<meta property=\"og:image:type\" content=\"image\/jpeg\" \/>\n<meta name=\"twitter:card\" content=\"summary_large_image\" \/>\n<meta name=\"twitter:site\" content=\"@dexotic_ok\" \/>\n<meta name=\"twitter:label1\" content=\"Est. reading time\" \/>\n\t<meta name=\"twitter:data1\" content=\"6 minutes\" \/>\n<script type=\"application\/ld+json\" class=\"yoast-schema-graph\">{\"@context\":\"https:\/\/schema.org\",\"@graph\":[{\"@type\":[\"WebPage\",\"ItemPage\"],\"@id\":\"https:\/\/dexotic.com\/en\/tours-in-argentina\/calafate-glaciar-perito-moreno\/\",\"url\":\"https:\/\/dexotic.com\/en\/tours-in-argentina\/calafate-glaciar-perito-moreno\/\",\"name\":\"Glaciar Perito Moreno - Dexotic\",\"isPartOf\":{\"@id\":\"https:\/\/dexotic.com\/en\/#website\"},\"primaryImageOfPage\":{\"@id\":\"https:\/\/dexotic.com\/en\/tours-in-argentina\/calafate-glaciar-perito-moreno\/#primaryimage\"},\"image\":{\"@id\":\"https:\/\/dexotic.com\/en\/tours-in-argentina\/calafate-glaciar-perito-moreno\/#primaryimage\"},\"thumbnailUrl\":\"https:\/\/dexotic.com\/wp-content\/uploads\/2022\/01\/calafate-pasarelas-glaciar-011.jpg\",\"datePublished\":\"2022-01-19T20:15:56+00:00\",\"dateModified\":\"2026-03-24T01:46:16+00:00\",\"description\":\"El Perito Moreno es reconocido como la tercera masa de hielo continental m\u00e1s grande de la Tierra. Entrada al Parque Nacional Los Glaciares.\",\"breadcrumb\":{\"@id\":\"https:\/\/dexotic.com\/en\/tours-in-argentina\/calafate-glaciar-perito-moreno\/#breadcrumb\"},\"inLanguage\":\"en-US\",\"potentialAction\":[{\"@type\":\"ReadAction\",\"target\":[\"https:\/\/dexotic.com\/en\/tours-in-argentina\/calafate-glaciar-perito-moreno\/\"]}]},{\"@type\":\"ImageObject\",\"inLanguage\":\"en-US\",\"@id\":\"https:\/\/dexotic.com\/en\/tours-in-argentina\/calafate-glaciar-perito-moreno\/#primaryimage\",\"url\":\"https:\/\/dexotic.com\/wp-content\/uploads\/2022\/01\/calafate-pasarelas-glaciar-011.jpg\",\"contentUrl\":\"https:\/\/dexotic.com\/wp-content\/uploads\/2022\/01\/calafate-pasarelas-glaciar-011.jpg\",\"width\":800,\"height\":533},{\"@type\":\"BreadcrumbList\",\"@id\":\"https:\/\/dexotic.com\/en\/tours-in-argentina\/calafate-glaciar-perito-moreno\/#breadcrumb\",\"itemListElement\":[{\"@type\":\"ListItem\",\"position\":1,\"name\":\"Portada\",\"item\":\"https:\/\/dexotic.com\/en\/\"},{\"@type\":\"ListItem\",\"position\":2,\"name\":\"Shop\",\"item\":\"https:\/\/dexotic.com\/en\/shop\/\"},{\"@type\":\"ListItem\",\"position\":3,\"name\":\"Glaciar Perito Moreno\"}]},{\"@type\":\"WebSite\",\"@id\":\"https:\/\/dexotic.com\/en\/#website\",\"url\":\"https:\/\/dexotic.com\/en\/\",\"name\":\"Dexotic\",\"description\":\"Excursiones en Salta, Jujuy y Patagonia Argentina\",\"potentialAction\":[{\"@type\":\"SearchAction\",\"target\":{\"@type\":\"EntryPoint\",\"urlTemplate\":\"https:\/\/dexotic.com\/en\/?s={search_term_string}\"},\"query-input\":{\"@type\":\"PropertyValueSpecification\",\"valueRequired\":true,\"valueName\":\"search_term_string\"}}],\"inLanguage\":\"en-US\"}]}<\/script>\n<!-- \/ Yoast SEO Premium plugin. -->","yoast_head_json":{"title":"Glaciar Perito Moreno - Dexotic","description":"El Perito Moreno es reconocido como la tercera masa de hielo continental m\u00e1s grande de la Tierra. Entrada al Parque Nacional Los Glaciares.","robots":{"index":"index","follow":"follow","max-snippet":"max-snippet:-1","max-image-preview":"max-image-preview:large","max-video-preview":"max-video-preview:-1"},"canonical":"https:\/\/dexotic.com\/en\/tours-in-argentina\/calafate-glaciar-perito-moreno\/","og_locale":"en_US","og_type":"article","og_title":"Glaciar Perito Moreno","og_description":"El Perito Moreno es reconocido como la tercera masa de hielo continental m\u00e1s grande de la Tierra. Entrada al Parque Nacional Los Glaciares.","og_url":"https:\/\/dexotic.com\/en\/tours-in-argentina\/calafate-glaciar-perito-moreno\/","og_site_name":"Dexotic","article_publisher":"https:\/\/www.facebook.com\/excursiones.noa\/","article_modified_time":"2026-03-24T01:46:16+00:00","og_image":[{"width":800,"height":533,"url":"https:\/\/dexotic.com\/wp-content\/uploads\/2022\/01\/calafate-glaciar.jpg","type":"image\/jpeg"}],"twitter_card":"summary_large_image","twitter_site":"@dexotic_ok","twitter_misc":{"Est. reading time":"6 minutes"},"schema":{"@context":"https:\/\/schema.org","@graph":[{"@type":["WebPage","ItemPage"],"@id":"https:\/\/dexotic.com\/en\/tours-in-argentina\/calafate-glaciar-perito-moreno\/","url":"https:\/\/dexotic.com\/en\/tours-in-argentina\/calafate-glaciar-perito-moreno\/","name":"Glaciar Perito Moreno - Dexotic","isPartOf":{"@id":"https:\/\/dexotic.com\/en\/#website"},"primaryImageOfPage":{"@id":"https:\/\/dexotic.com\/en\/tours-in-argentina\/calafate-glaciar-perito-moreno\/#primaryimage"},"image":{"@id":"https:\/\/dexotic.com\/en\/tours-in-argentina\/calafate-glaciar-perito-moreno\/#primaryimage"},"thumbnailUrl":"https:\/\/dexotic.com\/wp-content\/uploads\/2022\/01\/calafate-pasarelas-glaciar-011.jpg","datePublished":"2022-01-19T20:15:56+00:00","dateModified":"2026-03-24T01:46:16+00:00","description":"El Perito Moreno es reconocido como la tercera masa de hielo continental m\u00e1s grande de la Tierra. Entrada al Parque Nacional Los Glaciares.","breadcrumb":{"@id":"https:\/\/dexotic.com\/en\/tours-in-argentina\/calafate-glaciar-perito-moreno\/#breadcrumb"},"inLanguage":"en-US","potentialAction":[{"@type":"ReadAction","target":["https:\/\/dexotic.com\/en\/tours-in-argentina\/calafate-glaciar-perito-moreno\/"]}]},{"@type":"ImageObject","inLanguage":"en-US","@id":"https:\/\/dexotic.com\/en\/tours-in-argentina\/calafate-glaciar-perito-moreno\/#primaryimage","url":"https:\/\/dexotic.com\/wp-content\/uploads\/2022\/01\/calafate-pasarelas-glaciar-011.jpg","contentUrl":"https:\/\/dexotic.com\/wp-content\/uploads\/2022\/01\/calafate-pasarelas-glaciar-011.jpg","width":800,"height":533},{"@type":"BreadcrumbList","@id":"https:\/\/dexotic.com\/en\/tours-in-argentina\/calafate-glaciar-perito-moreno\/#breadcrumb","itemListElement":[{"@type":"ListItem","position":1,"name":"Portada","item":"https:\/\/dexotic.com\/en\/"},{"@type":"ListItem","position":2,"name":"Shop","item":"https:\/\/dexotic.com\/en\/shop\/"},{"@type":"ListItem","position":3,"name":"Glaciar Perito Moreno"}]},{"@type":"WebSite","@id":"https:\/\/dexotic.com\/en\/#website","url":"https:\/\/dexotic.com\/en\/","name":"Dexotic","description":"Excursiones en Salta, Jujuy y Patagonia Argentina","potentialAction":[{"@type":"SearchAction","target":{"@type":"EntryPoint","urlTemplate":"https:\/\/dexotic.com\/en\/?s={search_term_string}"},"query-input":{"@type":"PropertyValueSpecification","valueRequired":true,"valueName":"search_term_string"}}],"inLanguage":"en-US"}]}},"_links":{"self":[{"href":"https:\/\/dexotic.com\/en\/wp-json\/wp\/v2\/product\/5023","targetHints":{"allow":["GET"]}}],"collection":[{"href":"https:\/\/dexotic.com\/en\/wp-json\/wp\/v2\/product"}],"about":[{"href":"https:\/\/dexotic.com\/en\/wp-json\/wp\/v2\/types\/product"}],"replies":[{"embeddable":true,"href":"https:\/\/dexotic.com\/en\/wp-json\/wp\/v2\/comments?post=5023"}],"wp:featuredmedia":[{"embeddable":true,"href":"https:\/\/dexotic.com\/en\/wp-json\/wp\/v2\/media\/5274"}],"wp:attachment":[{"href":"https:\/\/dexotic.com\/en\/wp-json\/wp\/v2\/media?parent=5023"}],"wp:term":[{"taxonomy":"product_brand","embeddable":true,"href":"https:\/\/dexotic.com\/en\/wp-json\/wp\/v2\/product_brand?post=5023"},{"taxonomy":"product_cat","embeddable":true,"href":"https:\/\/dexotic.com\/en\/wp-json\/wp\/v2\/product_cat?post=5023"},{"taxonomy":"product_tag","embeddable":true,"href":"https:\/\/dexotic.com\/en\/wp-json\/wp\/v2\/product_tag?post=5023"}],"curies":[{"name":"wp","href":"https:\/\/api.w.org\/{rel}","templated":true}]}}