{"id":5021,"date":"2022-01-17T10:09:42","date_gmt":"2022-01-17T13:09:42","guid":{"rendered":"http:\/\/dexotic.com\/?post_type=product&#038;p=5021"},"modified":"2026-03-23T22:45:35","modified_gmt":"2026-03-24T01:45:35","slug":"ushuaia-tren-del-fin-del-mundo","status":"publish","type":"product","link":"https:\/\/dexotic.com\/en\/tours-in-argentina\/ushuaia-tren-del-fin-del-mundo\/","title":{"rendered":"Tren del Fin del Mundo"},"content":{"rendered":"<p><span style=\"font-weight: 400\">El <\/span><b>Tren del Fin del Mundo<\/b><span style=\"font-weight: 400\"> es un recorrido <\/span><b>OPCIONAL<\/b><span style=\"font-weight: 400\"> a la <a href=\"https:\/\/dexotic.com\/en\/tours-in-argentina\/ushuaia-parque-nacional-tierra-del-fuego\/\">excursi\u00f3n de Parque Nacional Tierra del Fuego<\/a>. <\/span>Si quiere agregar esta actividad, puede agregar al carrito las excursiones de su preferencia desde el formulario de &#8220;Reserva Online&#8221;<a href=\"http:\/\/dexotic.com\/wp-content\/uploads\/2022\/01\/tren-del-fin-del-mundo-1.jpg\"><img decoding=\"async\" class=\"size-medium wp-image-5420 alignright\" src=\"http:\/\/dexotic.com\/wp-content\/uploads\/2022\/01\/tren-del-fin-del-mundo-1-300x200.jpg\" alt=\"\" width=\"300\" height=\"200\" srcset=\"https:\/\/dexotic.com\/wp-content\/uploads\/2022\/01\/tren-del-fin-del-mundo-1-300x200.jpg 300w, https:\/\/dexotic.com\/wp-content\/uploads\/2022\/01\/tren-del-fin-del-mundo-1-768x512.jpg 768w, https:\/\/dexotic.com\/wp-content\/uploads\/2022\/01\/tren-del-fin-del-mundo-1-531x354.jpg 531w, https:\/\/dexotic.com\/wp-content\/uploads\/2022\/01\/tren-del-fin-del-mundo-1-600x400.jpg 600w, https:\/\/dexotic.com\/wp-content\/uploads\/2022\/01\/tren-del-fin-del-mundo-1-180x120.jpg 180w, https:\/\/dexotic.com\/wp-content\/uploads\/2022\/01\/tren-del-fin-del-mundo-1-135x90.jpg 135w, https:\/\/dexotic.com\/wp-content\/uploads\/2022\/01\/tren-del-fin-del-mundo-1-360x240.jpg 360w, https:\/\/dexotic.com\/wp-content\/uploads\/2022\/01\/tren-del-fin-del-mundo-1-270x180.jpg 270w, https:\/\/dexotic.com\/wp-content\/uploads\/2022\/01\/tren-del-fin-del-mundo-1-720x480.jpg 720w, https:\/\/dexotic.com\/wp-content\/uploads\/2022\/01\/tren-del-fin-del-mundo-1.jpg 800w\" sizes=\"(max-width: 300px) 100vw, 300px\" \/><\/a><\/p>\n<p><span style=\"font-weight: 400\">El tren inicia su m\u00edtico recorrido de <strong>1 hora aproximadamente partiendo de la estaci\u00f3n del Fin del Mundo<\/strong>, sobre el mismo terrapl\u00e9n que recorrieron los presos 100 a\u00f1os atr\u00e1s.<\/span><\/p>\n<h2>Iniciando el recorrido del Tren del fin del Mundo<\/h2>\n<p><span style=\"font-weight: 400\">Se interna en el\u00a0<\/span><b>Ca\u00f1ad\u00f3n del Toro<\/b><span style=\"font-weight: 400\">, cruza el r\u00edo Pipo sobre el \u201cpuente quemado\u201d desde donde se podr\u00e1n observar las ruinas de madera del viejo puente bajo las nuevas v\u00edas. <\/span><\/p>\n<p><span style=\"font-weight: 400\">La primer parada del Tren del fin del Mundo es en la <\/span><b>Estaci\u00f3n \u201cCascada La Macarena\u201d<\/b><span style=\"font-weight: 400\">, desde aqu\u00ed es posible ascender hasta un mirador que ofrece una fabulosa vista del valle del r\u00edo Pipo y desde el cual es posible observar la naciente de la cascada \u201cLa Macarena\u201d. <\/span><\/p>\n<p><span style=\"font-weight: 400\">El tren contin\u00faa su marcha siguiendo el curso del R\u00edo Pipo, atravesando sectores donde es posible observar la huella dejada por el accionar de los presos.<\/span><\/p>\n<h2>Terminando el recorrido<\/h2>\n<p><span style=\"font-weight: 400\">El recorrido finaliza en la\u00a0<\/span><b>Estaci\u00f3n \u201cdel Parque\u201d<\/b><span style=\"font-weight: 400\">.<\/span><\/p>\n<p><span style=\"font-weight: 400\">A partir de este punto,\u00a0se puede continuar la visita al <\/span><b>Parque Nacional <\/b><span style=\"font-weight: 400\">uni\u00e9ndose al grupo en caso de haber contratado la <a href=\"https:\/\/dexotic.com\/en\/tours-in-argentina\/ushuaia-parque-nacional-tierra-del-fuego\/\">excursi\u00f3n Parque Nacional Tierra del Fuego<\/a> o regresar a la estaci\u00f3n del Fin del Mundo.<\/span><\/p>\n<table class=\"table table-bordered tours-tabs__table\" style=\"height: 233px;width: 87.3848%\" width=\"862\">\n<tbody>\n<tr>\n<td style=\"width: 35.0407%\"><strong>LUGAR DE SALIDA Y REGRESO<\/strong><\/td>\n<td style=\"width: 64.151%\"><span style=\"font-weight: 400\">Si usted desea agregar esta actividad a la excursi\u00f3n <\/span><a href=\"https:\/\/dexotic.com\/en\/tours-in-argentina\/ushuaia-parque-nacional-tierra-del-fuego\/\">Parque Nacional Tierra del Fuego<\/a><b>, <\/b><span style=\"font-weight: 400\">\u00a0el punto de encuentro, ser\u00e1 en tu alojamiento.<\/span>\n<p><span style=\"font-weight: 400\">En el caso de comprar solamente el ticket del Tren, debe presentarse por su cuenta en la Estaci\u00f3n del Tren, a unos 8km de la ciudad (ver <a href=\"https:\/\/g.page\/eltrendelfindelmundo?share\">ac\u00e1<\/a>)<\/span><\/p><\/td>\n<\/tr>\n<tr>\n<td style=\"width: 35.0407%\"><strong>HORARIOS DE SALIDA DEL TREN<\/strong><\/td>\n<td style=\"width: 64.151%\"><span style=\"font-weight: 400\">9.30 hs. (Septiembre a Abril).<br \/>\n10:00 hs. (Mayo a Agosto).<br \/>\nConsultar otros horarios.<\/span><\/td>\n<\/tr>\n<tr>\n<td style=\"width: 35.0407%\"><b>VESTIMENTA RECOMENDADA<\/b><\/td>\n<td style=\"width: 64.151%\"><span style=\"font-weight: 400\">Chaqueta impermeable + chaqueta polar. Zapatos o zapatillas impermeables con buena tracci\u00f3n. En los meses de verano sombrero o gorro, protector solar y anteojos de sol.<\/span><\/td>\n<\/tr>\n<tr>\n<td style=\"width: 35.0407%\"><strong>INCLUIDO<\/strong><\/td>\n<td style=\"width: 64.151%\">\n<table class=\"table table-bordered\" style=\"height: 62px;width: 60.4129%\" width=\"300\">\n<tbody>\n<tr>\n<td style=\"width: 43.9597%\"><i class=\"fa fa-check icon-tick icon-tick--on\"><\/i><span style=\"font-weight: 400\">Ticket clase turista.\u00a0<\/span><\/td>\n<td style=\"width: 66.1074%\"><i class=\"fa fa-check icon-tick icon-tick--on\"><\/i><span style=\"font-weight: 400\">Audiogu\u00eda en diferentes idiomas.<\/span><\/td>\n<\/tr>\n<\/tbody>\n<\/table>\n<\/td>\n<\/tr>\n<tr>\n<td style=\"width: 35.0407%\"><b>NO INCLUIDO<\/b><\/td>\n<td style=\"width: 64.151%\">\n<table class=\"table table-bordered\" style=\"height: 62px;width: 67.7262%\" width=\"300\">\n<tbody>\n<tr>\n<td style=\"width: 100%\"><i class=\"fa fa-times icon-tick icon-tick--off\"><\/i><span style=\"font-weight: 400\">Comidas y bebidas.<\/span><\/td>\n<\/tr>\n<tr>\n<td style=\"width: 100%\"><i class=\"fa fa-times icon-tick icon-tick--off\"><\/i><span style=\"font-weight: 400\">Excursi\u00f3n <a href=\"https:\/\/dexotic.com\/en\/tours-in-argentina\/ushuaia-parque-nacional-tierra-del-fuego\/\">Parque Nacional Tierra del Fuego<\/a>.<\/span><\/td>\n<\/tr>\n<tr>\n<td style=\"width: 100%\"><span style=\"font-weight: 400\"><i class=\"fa fa-times icon-tick icon-tick--off\"><\/i>Traslado a estaci\u00f3n de tren.<\/span><\/td>\n<\/tr>\n<tr>\n<td style=\"width: 100%\"><span style=\"font-weight: 400\"><i class=\"fa fa-times icon-tick icon-tick--off\"><\/i>Ticket de ingreso a Parque Nacional.\u00a0<\/span><\/td>\n<\/tr>\n<\/tbody>\n<\/table>\n<\/td>\n<\/tr>\n<\/tbody>\n<\/table>\n<p>&nbsp;<\/p>\n","protected":false},"excerpt":{"rendered":"<p>Este tren inicia su m\u00edtico recorrido de 1 hora aproximadamente partiendo de la estaci\u00f3n del Fin del Mundo, sobre el mismo terrapl\u00e9n que recorrieron los presos 100 a\u00f1os atr\u00e1s.<\/p>\n","protected":false},"featured_media":5420,"comment_status":"open","ping_status":"closed","template":"","meta":{"_joinchat":null},"product_brand":[],"product_cat":[207],"product_tag":[],"class_list":{"0":"post-5021","1":"product","2":"type-product","3":"status-publish","4":"has-post-thumbnail","6":"product_cat-sin-categorizar","7":"pa_duracion-1-hr-de-ida","8":"pa_edad-todas-las-edades","9":"pa_requerimiento-fisico-bajo","10":"pa_salidas-todo-el-ano","11":"tour_category-excursiones-desde-ushuaia","12":"tour_category-patagonia","14":"first","15":"instock","16":"shipping-taxable","17":"purchasable","18":"product-type-tour","19":"has-default-attributes"},"yoast_head":"<!-- This site is optimized with the Yoast SEO Premium plugin v27.1 (Yoast SEO v27.1.1) - https:\/\/yoast.com\/product\/yoast-seo-premium-wordpress\/ -->\n<title>Tren del Fin del Mundo - Compr\u00e1 los boletos en Dexotic<\/title>\n<meta name=\"description\" content=\"El Tren tiene un recorrido de 1 hora aprox, partiendo de la estaci\u00f3n del Fin del Mundo, sobre el mismo terrapl\u00e9n que recorrieron los presos 100 a\u00f1os atr\u00e1s.\" \/>\n<meta name=\"robots\" content=\"index, follow, max-snippet:-1, max-image-preview:large, max-video-preview:-1\" \/>\n<link rel=\"canonical\" href=\"https:\/\/dexotic.com\/en\/tours-in-argentina\/ushuaia-tren-del-fin-del-mundo\/\" \/>\n<meta property=\"og:locale\" content=\"en_US\" \/>\n<meta property=\"og:type\" content=\"article\" \/>\n<meta property=\"og:title\" content=\"Tren del Fin del Mundo\" \/>\n<meta property=\"og:description\" content=\"El Tren tiene un recorrido de 1 hora aprox, partiendo de la estaci\u00f3n del Fin del Mundo, sobre el mismo terrapl\u00e9n que recorrieron los presos 100 a\u00f1os atr\u00e1s.\" \/>\n<meta property=\"og:url\" content=\"https:\/\/dexotic.com\/en\/tours-in-argentina\/ushuaia-tren-del-fin-del-mundo\/\" \/>\n<meta property=\"og:site_name\" content=\"Dexotic\" \/>\n<meta property=\"article:publisher\" content=\"https:\/\/www.facebook.com\/excursiones.noa\/\" \/>\n<meta property=\"article:modified_time\" content=\"2026-03-24T01:45:35+00:00\" \/>\n<meta property=\"og:image\" content=\"https:\/\/dexotic.com\/wp-content\/uploads\/2022\/01\/tren-del-fin-del-mundo-1.jpg\" \/>\n\t<meta property=\"og:image:width\" content=\"800\" \/>\n\t<meta property=\"og:image:height\" content=\"533\" \/>\n\t<meta property=\"og:image:type\" content=\"image\/jpeg\" \/>\n<meta name=\"twitter:card\" content=\"summary_large_image\" \/>\n<meta name=\"twitter:site\" content=\"@dexotic_ok\" \/>\n<meta name=\"twitter:label1\" content=\"Est. reading time\" \/>\n\t<meta name=\"twitter:data1\" content=\"4 minutes\" \/>\n<script type=\"application\/ld+json\" class=\"yoast-schema-graph\">{\"@context\":\"https:\/\/schema.org\",\"@graph\":[{\"@type\":[\"WebPage\",\"ItemPage\"],\"@id\":\"https:\/\/dexotic.com\/en\/tours-in-argentina\/ushuaia-tren-del-fin-del-mundo\/\",\"url\":\"https:\/\/dexotic.com\/en\/tours-in-argentina\/ushuaia-tren-del-fin-del-mundo\/\",\"name\":\"Tren del Fin del Mundo - Compr\u00e1 los boletos en Dexotic\",\"isPartOf\":{\"@id\":\"https:\/\/dexotic.com\/en\/#website\"},\"primaryImageOfPage\":{\"@id\":\"https:\/\/dexotic.com\/en\/tours-in-argentina\/ushuaia-tren-del-fin-del-mundo\/#primaryimage\"},\"image\":{\"@id\":\"https:\/\/dexotic.com\/en\/tours-in-argentina\/ushuaia-tren-del-fin-del-mundo\/#primaryimage\"},\"thumbnailUrl\":\"https:\/\/dexotic.com\/wp-content\/uploads\/2022\/01\/tren-del-fin-del-mundo-1.jpg\",\"datePublished\":\"2022-01-17T13:09:42+00:00\",\"dateModified\":\"2026-03-24T01:45:35+00:00\",\"description\":\"El Tren tiene un recorrido de 1 hora aprox, partiendo de la estaci\u00f3n del Fin del Mundo, sobre el mismo terrapl\u00e9n que recorrieron los presos 100 a\u00f1os atr\u00e1s.\",\"breadcrumb\":{\"@id\":\"https:\/\/dexotic.com\/en\/tours-in-argentina\/ushuaia-tren-del-fin-del-mundo\/#breadcrumb\"},\"inLanguage\":\"en-US\",\"potentialAction\":[{\"@type\":\"ReadAction\",\"target\":[\"https:\/\/dexotic.com\/en\/tours-in-argentina\/ushuaia-tren-del-fin-del-mundo\/\"]}]},{\"@type\":\"ImageObject\",\"inLanguage\":\"en-US\",\"@id\":\"https:\/\/dexotic.com\/en\/tours-in-argentina\/ushuaia-tren-del-fin-del-mundo\/#primaryimage\",\"url\":\"https:\/\/dexotic.com\/wp-content\/uploads\/2022\/01\/tren-del-fin-del-mundo-1.jpg\",\"contentUrl\":\"https:\/\/dexotic.com\/wp-content\/uploads\/2022\/01\/tren-del-fin-del-mundo-1.jpg\",\"width\":800,\"height\":533},{\"@type\":\"BreadcrumbList\",\"@id\":\"https:\/\/dexotic.com\/en\/tours-in-argentina\/ushuaia-tren-del-fin-del-mundo\/#breadcrumb\",\"itemListElement\":[{\"@type\":\"ListItem\",\"position\":1,\"name\":\"Portada\",\"item\":\"https:\/\/dexotic.com\/en\/\"},{\"@type\":\"ListItem\",\"position\":2,\"name\":\"Shop\",\"item\":\"https:\/\/dexotic.com\/en\/shop\/\"},{\"@type\":\"ListItem\",\"position\":3,\"name\":\"Tren del Fin del Mundo\"}]},{\"@type\":\"WebSite\",\"@id\":\"https:\/\/dexotic.com\/en\/#website\",\"url\":\"https:\/\/dexotic.com\/en\/\",\"name\":\"Dexotic\",\"description\":\"Excursiones en Salta, Jujuy y Patagonia Argentina\",\"potentialAction\":[{\"@type\":\"SearchAction\",\"target\":{\"@type\":\"EntryPoint\",\"urlTemplate\":\"https:\/\/dexotic.com\/en\/?s={search_term_string}\"},\"query-input\":{\"@type\":\"PropertyValueSpecification\",\"valueRequired\":true,\"valueName\":\"search_term_string\"}}],\"inLanguage\":\"en-US\"}]}<\/script>\n<!-- \/ Yoast SEO Premium plugin. -->","yoast_head_json":{"title":"Tren del Fin del Mundo - Compr\u00e1 los boletos en Dexotic","description":"El Tren tiene un recorrido de 1 hora aprox, partiendo de la estaci\u00f3n del Fin del Mundo, sobre el mismo terrapl\u00e9n que recorrieron los presos 100 a\u00f1os atr\u00e1s.","robots":{"index":"index","follow":"follow","max-snippet":"max-snippet:-1","max-image-preview":"max-image-preview:large","max-video-preview":"max-video-preview:-1"},"canonical":"https:\/\/dexotic.com\/en\/tours-in-argentina\/ushuaia-tren-del-fin-del-mundo\/","og_locale":"en_US","og_type":"article","og_title":"Tren del Fin del Mundo","og_description":"El Tren tiene un recorrido de 1 hora aprox, partiendo de la estaci\u00f3n del Fin del Mundo, sobre el mismo terrapl\u00e9n que recorrieron los presos 100 a\u00f1os atr\u00e1s.","og_url":"https:\/\/dexotic.com\/en\/tours-in-argentina\/ushuaia-tren-del-fin-del-mundo\/","og_site_name":"Dexotic","article_publisher":"https:\/\/www.facebook.com\/excursiones.noa\/","article_modified_time":"2026-03-24T01:45:35+00:00","og_image":[{"width":800,"height":533,"url":"https:\/\/dexotic.com\/wp-content\/uploads\/2022\/01\/tren-del-fin-del-mundo-1.jpg","type":"image\/jpeg"}],"twitter_card":"summary_large_image","twitter_site":"@dexotic_ok","twitter_misc":{"Est. reading time":"4 minutes"},"schema":{"@context":"https:\/\/schema.org","@graph":[{"@type":["WebPage","ItemPage"],"@id":"https:\/\/dexotic.com\/en\/tours-in-argentina\/ushuaia-tren-del-fin-del-mundo\/","url":"https:\/\/dexotic.com\/en\/tours-in-argentina\/ushuaia-tren-del-fin-del-mundo\/","name":"Tren del Fin del Mundo - Compr\u00e1 los boletos en Dexotic","isPartOf":{"@id":"https:\/\/dexotic.com\/en\/#website"},"primaryImageOfPage":{"@id":"https:\/\/dexotic.com\/en\/tours-in-argentina\/ushuaia-tren-del-fin-del-mundo\/#primaryimage"},"image":{"@id":"https:\/\/dexotic.com\/en\/tours-in-argentina\/ushuaia-tren-del-fin-del-mundo\/#primaryimage"},"thumbnailUrl":"https:\/\/dexotic.com\/wp-content\/uploads\/2022\/01\/tren-del-fin-del-mundo-1.jpg","datePublished":"2022-01-17T13:09:42+00:00","dateModified":"2026-03-24T01:45:35+00:00","description":"El Tren tiene un recorrido de 1 hora aprox, partiendo de la estaci\u00f3n del Fin del Mundo, sobre el mismo terrapl\u00e9n que recorrieron los presos 100 a\u00f1os atr\u00e1s.","breadcrumb":{"@id":"https:\/\/dexotic.com\/en\/tours-in-argentina\/ushuaia-tren-del-fin-del-mundo\/#breadcrumb"},"inLanguage":"en-US","potentialAction":[{"@type":"ReadAction","target":["https:\/\/dexotic.com\/en\/tours-in-argentina\/ushuaia-tren-del-fin-del-mundo\/"]}]},{"@type":"ImageObject","inLanguage":"en-US","@id":"https:\/\/dexotic.com\/en\/tours-in-argentina\/ushuaia-tren-del-fin-del-mundo\/#primaryimage","url":"https:\/\/dexotic.com\/wp-content\/uploads\/2022\/01\/tren-del-fin-del-mundo-1.jpg","contentUrl":"https:\/\/dexotic.com\/wp-content\/uploads\/2022\/01\/tren-del-fin-del-mundo-1.jpg","width":800,"height":533},{"@type":"BreadcrumbList","@id":"https:\/\/dexotic.com\/en\/tours-in-argentina\/ushuaia-tren-del-fin-del-mundo\/#breadcrumb","itemListElement":[{"@type":"ListItem","position":1,"name":"Portada","item":"https:\/\/dexotic.com\/en\/"},{"@type":"ListItem","position":2,"name":"Shop","item":"https:\/\/dexotic.com\/en\/shop\/"},{"@type":"ListItem","position":3,"name":"Tren del Fin del Mundo"}]},{"@type":"WebSite","@id":"https:\/\/dexotic.com\/en\/#website","url":"https:\/\/dexotic.com\/en\/","name":"Dexotic","description":"Excursiones en Salta, Jujuy y Patagonia Argentina","potentialAction":[{"@type":"SearchAction","target":{"@type":"EntryPoint","urlTemplate":"https:\/\/dexotic.com\/en\/?s={search_term_string}"},"query-input":{"@type":"PropertyValueSpecification","valueRequired":true,"valueName":"search_term_string"}}],"inLanguage":"en-US"}]}},"_links":{"self":[{"href":"https:\/\/dexotic.com\/en\/wp-json\/wp\/v2\/product\/5021","targetHints":{"allow":["GET"]}}],"collection":[{"href":"https:\/\/dexotic.com\/en\/wp-json\/wp\/v2\/product"}],"about":[{"href":"https:\/\/dexotic.com\/en\/wp-json\/wp\/v2\/types\/product"}],"replies":[{"embeddable":true,"href":"https:\/\/dexotic.com\/en\/wp-json\/wp\/v2\/comments?post=5021"}],"wp:featuredmedia":[{"embeddable":true,"href":"https:\/\/dexotic.com\/en\/wp-json\/wp\/v2\/media\/5420"}],"wp:attachment":[{"href":"https:\/\/dexotic.com\/en\/wp-json\/wp\/v2\/media?parent=5021"}],"wp:term":[{"taxonomy":"product_brand","embeddable":true,"href":"https:\/\/dexotic.com\/en\/wp-json\/wp\/v2\/product_brand?post=5021"},{"taxonomy":"product_cat","embeddable":true,"href":"https:\/\/dexotic.com\/en\/wp-json\/wp\/v2\/product_cat?post=5021"},{"taxonomy":"product_tag","embeddable":true,"href":"https:\/\/dexotic.com\/en\/wp-json\/wp\/v2\/product_tag?post=5021"}],"curies":[{"name":"wp","href":"https:\/\/api.w.org\/{rel}","templated":true}]}}