{"id":5020,"date":"2022-01-17T16:38:57","date_gmt":"2022-01-17T19:38:57","guid":{"rendered":"http:\/\/dexotic.com\/?post_type=product&#038;p=5020"},"modified":"2026-03-23T22:46:13","modified_gmt":"2026-03-24T01:46:13","slug":"ushuaia-parque-nacional-tierra-del-fuego","status":"publish","type":"product","link":"https:\/\/dexotic.com\/en\/tours-in-argentina\/ushuaia-parque-nacional-tierra-del-fuego\/","title":{"rendered":"Parque Nacional Tierra del Fuego"},"content":{"rendered":"<p><span style=\"font-weight: 400\">Saliendo de la <a href=\"https:\/\/dexotic.com\/en\/tours-in-argentina\/city-tour-ushuaia\/\">ciudad de Ushuaia<\/a> en direcci\u00f3n sudoeste, transitaremos la ruta nacional Nro. 3 hacia el <strong>Parque Nacional Tierra del Fuego<\/strong>.<a href=\"http:\/\/dexotic.com\/wp-content\/uploads\/2022\/01\/parque-nacional-tierra-del-fuego-1-15.jpg\"><img decoding=\"async\" class=\"size-medium wp-image-5105 alignright\" src=\"http:\/\/dexotic.com\/wp-content\/uploads\/2022\/01\/parque-nacional-tierra-del-fuego-1-15-300x200.jpg\" alt=\"Parque Nacional Tierra del Fuego\" width=\"300\" height=\"200\" srcset=\"https:\/\/dexotic.com\/wp-content\/uploads\/2022\/01\/parque-nacional-tierra-del-fuego-1-15-300x200.jpg 300w, https:\/\/dexotic.com\/wp-content\/uploads\/2022\/01\/parque-nacional-tierra-del-fuego-1-15-768x512.jpg 768w, https:\/\/dexotic.com\/wp-content\/uploads\/2022\/01\/parque-nacional-tierra-del-fuego-1-15-531x354.jpg 531w, https:\/\/dexotic.com\/wp-content\/uploads\/2022\/01\/parque-nacional-tierra-del-fuego-1-15-600x400.jpg 600w, https:\/\/dexotic.com\/wp-content\/uploads\/2022\/01\/parque-nacional-tierra-del-fuego-1-15-180x120.jpg 180w, https:\/\/dexotic.com\/wp-content\/uploads\/2022\/01\/parque-nacional-tierra-del-fuego-1-15-360x240.jpg 360w, https:\/\/dexotic.com\/wp-content\/uploads\/2022\/01\/parque-nacional-tierra-del-fuego-1-15.jpg 800w\" sizes=\"(max-width: 300px) 100vw, 300px\" \/><\/a><\/span><\/p>\n<p>En los once kil\u00f3metros que separan la portada del parque de la ciudad de Ushuaia, nos detendremos en inmediaciones del Centro H\u00edpico, donde tendremos excelentes <strong>vistas panor\u00e1micas del <a href=\"https:\/\/dexotic.com\/en\/tours-in-argentina\/ushuaia-navegacion-canal-de-beagle-con-faro\/\">Canal de Beagle<\/a>, la pen\u00ednsula Ushuaia y los archipi\u00e9lagos Bridges, Willie y Les Eclauriers.<\/strong><\/p>\n<p><span style=\"font-weight: 400\">Luego de cruzar el puente del R\u00edo Pipo junto al Golf Club Ushuaia, llegaremos a la <strong>estaci\u00f3n del Ferrocarril Austral Fueguino, el Tren del Fin del Mundo.<\/strong> <\/span><\/p>\n<p><span style=\"font-weight: 400\">Visitaremos esta pintoresca estaci\u00f3n para aprender un poco de la historia de este m\u00edtico tren; aquellos pasajeros que deseen abordar el <a href=\"https:\/\/dexotic.com\/en\/tours-in-argentina\/ushuaia-tren-del-fin-del-mundo\/\">Tren del Fin del Mundo<\/a> en forma opcional podr\u00e1n hacerlo. <\/span><\/p>\n<blockquote><p><span style=\"font-weight: 400\">Haga click en link<\/span>\u00a0para agregar esta actividad <a href=\"https:\/\/dexotic.com\/en\/tours-in-argentina\/ushuaia-tren-del-fin-del-mundo\/\">http:\/\/dexotic.com\/excursiones-argentina\/ushuaia-tren-del-fin-del-mundo\/<\/a>\u00a0o consultar por whatsapp.<\/p><\/blockquote>\n<p><span style=\"font-weight: 400\">El paseo contin\u00faa el recorrido 2 kil\u00f3metros m\u00e1s e ingresa al Parque Nacional, \u00e1rea reservada para la protecci\u00f3n del Bosque Subant\u00e1rtico, flora y fauna aut\u00f3ctona. <\/span><\/p>\n<p><span style=\"font-weight: 400\">Visitamos <strong>Bah\u00eda Ensenada<\/strong> desde donde tendremos excelentes vistas panor\u00e1micas del Canal Beagle y sus Islas y luego nos dirigimos a la Estaci\u00f3n Terminal del Tren donde nos volvemos a reunir con el resto del grupo. <\/span><\/p>\n<p><span style=\"font-weight: 400\"><a href=\"http:\/\/dexotic.com\/wp-content\/uploads\/2022\/01\/parque-nacional-tierra-del-fuego-1-18.jpg\"><img decoding=\"async\" class=\"size-medium wp-image-5111 alignleft\" src=\"http:\/\/dexotic.com\/wp-content\/uploads\/2022\/01\/parque-nacional-tierra-del-fuego-1-18-300x200.jpg\" alt=\"Parque Nacional Tierra del Fuego\" width=\"300\" height=\"200\" srcset=\"https:\/\/dexotic.com\/wp-content\/uploads\/2022\/01\/parque-nacional-tierra-del-fuego-1-18-300x200.jpg 300w, https:\/\/dexotic.com\/wp-content\/uploads\/2022\/01\/parque-nacional-tierra-del-fuego-1-18-768x512.jpg 768w, https:\/\/dexotic.com\/wp-content\/uploads\/2022\/01\/parque-nacional-tierra-del-fuego-1-18-531x354.jpg 531w, https:\/\/dexotic.com\/wp-content\/uploads\/2022\/01\/parque-nacional-tierra-del-fuego-1-18-600x400.jpg 600w, https:\/\/dexotic.com\/wp-content\/uploads\/2022\/01\/parque-nacional-tierra-del-fuego-1-18-180x120.jpg 180w, https:\/\/dexotic.com\/wp-content\/uploads\/2022\/01\/parque-nacional-tierra-del-fuego-1-18.jpg 800w\" sizes=\"(max-width: 300px) 100vw, 300px\" \/><\/a>En este lugar tambi\u00e9n contamos con servicios sanitarios.<\/span><\/p>\n<p><span style=\"font-weight: 400\">Por el camino rodeado de bosques de lengas y turbales llegaremos hasta el <strong>Lago Acigami<\/strong> (antes Lago Roca), lago de origen glaciario enmarcado por monta\u00f1as y bosques, donde es posible avistar ejemplares de aves aut\u00f3ctonas.<\/span><\/p>\n<p><span style=\"font-weight: 400\">A pocos minutos del lago Acigami haremos una parada en el Centro de Visitantes Alakush donde dispondremos de tiempo libre. <\/span><\/p>\n<p><span style=\"font-weight: 400\">El mismo cuenta con servicios de cafeter\u00eda, restaurante, ba\u00f1os, tienda de souvenirs y un peque\u00f1o museo.<\/span><\/p>\n<p><span style=\"font-weight: 400\">El \u00faltimo tramo de la excursi\u00f3n nos lleva hasta <strong>Bah\u00eda Lapataia<\/strong>, en la cual <\/span><span style=\"font-weight: 400\">adem\u00e1s de la costa marina, rica en moluscos y mejillones, encontraremos vestigios del antiguo pueblo aborigen que habitaba la regi\u00f3n. <\/span><\/p>\n<p><span style=\"font-weight: 400\">All\u00ed tendremos tiempo para recorrer la pasarela desde la cual podremos tomar fotograf\u00edas y disfrutar de la sensaci\u00f3n de estar en el <strong>fin del mundo.<\/strong><\/span><\/p>\n<p><span style=\"font-weight: 400\">Desde este lugar, final de la Ruta Nacional Nro. 3, iniciaremos el regreso a la <a href=\"https:\/\/dexotic.com\/en\/tours-in-argentina\/city-tour-ushuaia\/\">ciudad de Ushuaia<\/a>.<\/span><\/p>\n<table class=\"table table-bordered tours-tabs__table\" style=\"height: 233px;width: 87.3848%\" width=\"862\">\n<tbody>\n<tr>\n<td style=\"width: 32.627%\"><strong>LUGAR DE SALIDA<\/strong><\/td>\n<td style=\"width: 66.5647%\">Hoteles de zona c\u00e9ntrica de la ciudad de Ushuaia.<\/td>\n<\/tr>\n<tr>\n<td style=\"width: 32.627%\"><strong>LUGAR DE REGRESO<\/strong><\/td>\n<td style=\"width: 66.5647%\">Hoteles de zona c\u00e9ntrica de la ciudad de Ushuaia.<\/td>\n<\/tr>\n<tr>\n<td style=\"width: 32.627%\"><strong>HORARIO DE SALIDA<\/strong><\/td>\n<td style=\"width: 66.5647%\"><span style=\"font-weight: 400\">A partir de las 07.30 hs.<\/span><\/td>\n<\/tr>\n<tr>\n<td style=\"width: 32.627%\"><strong>HORARIO DE REGRESO<\/strong><\/td>\n<td style=\"width: 66.5647%\"><span style=\"font-weight: 400\">A partir de 14 hs.<\/span><\/td>\n<\/tr>\n<tr>\n<td style=\"width: 32.627%\"><b>VESTIMENTA RECOMENDADA<\/b><\/td>\n<td style=\"width: 66.5647%\"><span style=\"font-weight: 400\">Chaqueta impermeable + chaqueta polar. Zapatos o zapatillas impermeables con buena tracci\u00f3n. En los meses de verano sombrero o gorro, protector solar y anteojos de sol.<\/span><\/td>\n<\/tr>\n<tr>\n<td style=\"width: 32.627%\"><strong>INCLUIDO<\/strong><\/td>\n<td style=\"width: 66.5647%\">\n<table class=\"table table-bordered\" style=\"height: 62px\" width=\"300\">\n<tbody>\n<tr>\n<td><i class=\"fa fa-check icon-tick icon-tick--on\"><\/i>Traslados<\/td>\n<td><i class=\"fa fa-check icon-tick icon-tick--on\"><\/i>Gu\u00eda bilingue<\/td>\n<\/tr>\n<tr>\n<td><i class=\"fa fa-check icon-tick icon-tick--on\"><\/i>Seguros<\/td>\n<td><i class=\"fa fa-check icon-tick icon-tick--on\"><\/i>Pickup por hotel c\u00e9ntrico<\/td>\n<\/tr>\n<\/tbody>\n<\/table>\n<\/td>\n<\/tr>\n<tr>\n<td style=\"width: 32.627%\"><b>NO INCLUIDO<\/b><\/td>\n<td style=\"width: 66.5647%\">\n<table class=\"table table-bordered\" style=\"height: 62px\" width=\"300\">\n<tbody>\n<tr>\n<td><i class=\"fa fa-times icon-tick icon-tick--off\"><\/i>Comidas y bebidas<\/td>\n<\/tr>\n<tr>\n<td><i class=\"fa fa-times icon-tick icon-tick--off\"><\/i>Ticket de ingreso al parque nacional<\/td>\n<\/tr>\n<tr>\n<td><i class=\"fa fa-times icon-tick icon-tick--off\"><\/i><a href=\"https:\/\/dexotic.com\/en\/tours-in-argentina\/ushuaia-tren-del-fin-del-mundo\/\">Ticket al tren del fin del mundo<\/a><\/td>\n<\/tr>\n<\/tbody>\n<\/table>\n<\/td>\n<\/tr>\n<\/tbody>\n<\/table>\n<p><b>NOTA IMPORTANTE: <\/b>Todos los descriptivos e itinerarios son ilustrativos: los tiempos de las actividades, el orden de las mismas y los atractivos visitados pueden variar, de acuerdo a la evaluaci\u00f3n del gu\u00eda y las caracter\u00edsticas del grupo.<\/p>\n<p>&nbsp;<\/p>\n","protected":false},"excerpt":{"rendered":"<p><span style=\"font-weight: 400\">Saliendo de la ciudad de Ushuaia en direcci\u00f3n sudoeste, transitaremos la ruta nacional Nro. 3 hacia el <strong>Parque Nacional Tierra del Fuego<\/strong>.<\/span><\/p>\n","protected":false},"featured_media":5422,"comment_status":"open","ping_status":"closed","template":"","meta":{"_joinchat":null},"product_brand":[],"product_cat":[207],"product_tag":[],"class_list":{"0":"post-5020","1":"product","2":"type-product","3":"status-publish","4":"has-post-thumbnail","6":"product_cat-sin-categorizar","7":"pa_duracion-5-hs-y-1-2-aprox","8":"pa_edad-todas-las-edades","9":"pa_region-patagonia","10":"pa_requerimiento-fisico-bajo","11":"pa_salidas-todo-el-ano","12":"tour_category-excursiones-desde-ushuaia","13":"tour_category-patagonia","15":"first","16":"instock","17":"shipping-taxable","18":"purchasable","19":"product-type-tour","20":"has-default-attributes"},"yoast_head":"<!-- This site is optimized with the Yoast SEO Premium plugin v27.1 (Yoast SEO v27.1.1) - https:\/\/yoast.com\/product\/yoast-seo-premium-wordpress\/ -->\n<title>Parque Nacional Tierra del Fuego - Vis\u00edtalo con Dexotic<\/title>\n<meta name=\"description\" content=\"Saliendo de la ciudad de Ushuaia en direcci\u00f3n sudoeste, transitaremos la ruta nacional Nro. 3 hacia el Parque Nacional Tierra del Fuego.\" \/>\n<meta name=\"robots\" content=\"index, follow, max-snippet:-1, max-image-preview:large, max-video-preview:-1\" \/>\n<link rel=\"canonical\" href=\"https:\/\/dexotic.com\/en\/tours-in-argentina\/ushuaia-parque-nacional-tierra-del-fuego\/\" \/>\n<meta property=\"og:locale\" content=\"en_US\" \/>\n<meta property=\"og:type\" content=\"article\" \/>\n<meta property=\"og:title\" content=\"Parque Nacional Tierra del Fuego\" \/>\n<meta property=\"og:description\" content=\"Saliendo de la ciudad de Ushuaia en direcci\u00f3n sudoeste, transitaremos la ruta nacional Nro. 3 hacia el Parque Nacional Tierra del Fuego.\" \/>\n<meta property=\"og:url\" content=\"https:\/\/dexotic.com\/en\/tours-in-argentina\/ushuaia-parque-nacional-tierra-del-fuego\/\" \/>\n<meta property=\"og:site_name\" content=\"Dexotic\" \/>\n<meta property=\"article:publisher\" content=\"https:\/\/www.facebook.com\/excursiones.noa\/\" \/>\n<meta property=\"article:modified_time\" content=\"2026-03-24T01:46:13+00:00\" \/>\n<meta property=\"og:image\" content=\"https:\/\/dexotic.com\/wp-content\/uploads\/2022\/01\/parque-nacional-tierra-del-fuego-1-18.jpg\" \/>\n\t<meta property=\"og:image:width\" content=\"800\" \/>\n\t<meta property=\"og:image:height\" content=\"533\" \/>\n\t<meta property=\"og:image:type\" content=\"image\/jpeg\" \/>\n<meta name=\"twitter:card\" content=\"summary_large_image\" \/>\n<meta name=\"twitter:site\" content=\"@dexotic_ok\" \/>\n<meta name=\"twitter:label1\" content=\"Est. reading time\" \/>\n\t<meta name=\"twitter:data1\" content=\"7 minutes\" \/>\n<script type=\"application\/ld+json\" class=\"yoast-schema-graph\">{\"@context\":\"https:\/\/schema.org\",\"@graph\":[{\"@type\":[\"WebPage\",\"ItemPage\"],\"@id\":\"https:\/\/dexotic.com\/en\/tours-in-argentina\/ushuaia-parque-nacional-tierra-del-fuego\/\",\"url\":\"https:\/\/dexotic.com\/en\/tours-in-argentina\/ushuaia-parque-nacional-tierra-del-fuego\/\",\"name\":\"Parque Nacional Tierra del Fuego - Vis\u00edtalo con Dexotic\",\"isPartOf\":{\"@id\":\"https:\/\/dexotic.com\/en\/#website\"},\"primaryImageOfPage\":{\"@id\":\"https:\/\/dexotic.com\/en\/tours-in-argentina\/ushuaia-parque-nacional-tierra-del-fuego\/#primaryimage\"},\"image\":{\"@id\":\"https:\/\/dexotic.com\/en\/tours-in-argentina\/ushuaia-parque-nacional-tierra-del-fuego\/#primaryimage\"},\"thumbnailUrl\":\"https:\/\/dexotic.com\/wp-content\/uploads\/2022\/01\/tierra-del-fuego.jpg\",\"datePublished\":\"2022-01-17T19:38:57+00:00\",\"dateModified\":\"2026-03-24T01:46:13+00:00\",\"description\":\"Saliendo de la ciudad de Ushuaia en direcci\u00f3n sudoeste, transitaremos la ruta nacional Nro. 3 hacia el Parque Nacional Tierra del Fuego.\",\"breadcrumb\":{\"@id\":\"https:\/\/dexotic.com\/en\/tours-in-argentina\/ushuaia-parque-nacional-tierra-del-fuego\/#breadcrumb\"},\"inLanguage\":\"en-US\",\"potentialAction\":[{\"@type\":\"ReadAction\",\"target\":[\"https:\/\/dexotic.com\/en\/tours-in-argentina\/ushuaia-parque-nacional-tierra-del-fuego\/\"]}]},{\"@type\":\"ImageObject\",\"inLanguage\":\"en-US\",\"@id\":\"https:\/\/dexotic.com\/en\/tours-in-argentina\/ushuaia-parque-nacional-tierra-del-fuego\/#primaryimage\",\"url\":\"https:\/\/dexotic.com\/wp-content\/uploads\/2022\/01\/tierra-del-fuego.jpg\",\"contentUrl\":\"https:\/\/dexotic.com\/wp-content\/uploads\/2022\/01\/tierra-del-fuego.jpg\",\"width\":800,\"height\":533},{\"@type\":\"BreadcrumbList\",\"@id\":\"https:\/\/dexotic.com\/en\/tours-in-argentina\/ushuaia-parque-nacional-tierra-del-fuego\/#breadcrumb\",\"itemListElement\":[{\"@type\":\"ListItem\",\"position\":1,\"name\":\"Portada\",\"item\":\"https:\/\/dexotic.com\/en\/\"},{\"@type\":\"ListItem\",\"position\":2,\"name\":\"Shop\",\"item\":\"https:\/\/dexotic.com\/en\/shop\/\"},{\"@type\":\"ListItem\",\"position\":3,\"name\":\"Parque Nacional Tierra del Fuego\"}]},{\"@type\":\"WebSite\",\"@id\":\"https:\/\/dexotic.com\/en\/#website\",\"url\":\"https:\/\/dexotic.com\/en\/\",\"name\":\"Dexotic\",\"description\":\"Excursiones en Salta, Jujuy y Patagonia Argentina\",\"potentialAction\":[{\"@type\":\"SearchAction\",\"target\":{\"@type\":\"EntryPoint\",\"urlTemplate\":\"https:\/\/dexotic.com\/en\/?s={search_term_string}\"},\"query-input\":{\"@type\":\"PropertyValueSpecification\",\"valueRequired\":true,\"valueName\":\"search_term_string\"}}],\"inLanguage\":\"en-US\"}]}<\/script>\n<!-- \/ Yoast SEO Premium plugin. -->","yoast_head_json":{"title":"Parque Nacional Tierra del Fuego - Vis\u00edtalo con Dexotic","description":"Saliendo de la ciudad de Ushuaia en direcci\u00f3n sudoeste, transitaremos la ruta nacional Nro. 3 hacia el Parque Nacional Tierra del Fuego.","robots":{"index":"index","follow":"follow","max-snippet":"max-snippet:-1","max-image-preview":"max-image-preview:large","max-video-preview":"max-video-preview:-1"},"canonical":"https:\/\/dexotic.com\/en\/tours-in-argentina\/ushuaia-parque-nacional-tierra-del-fuego\/","og_locale":"en_US","og_type":"article","og_title":"Parque Nacional Tierra del Fuego","og_description":"Saliendo de la ciudad de Ushuaia en direcci\u00f3n sudoeste, transitaremos la ruta nacional Nro. 3 hacia el Parque Nacional Tierra del Fuego.","og_url":"https:\/\/dexotic.com\/en\/tours-in-argentina\/ushuaia-parque-nacional-tierra-del-fuego\/","og_site_name":"Dexotic","article_publisher":"https:\/\/www.facebook.com\/excursiones.noa\/","article_modified_time":"2026-03-24T01:46:13+00:00","og_image":[{"width":800,"height":533,"url":"https:\/\/dexotic.com\/wp-content\/uploads\/2022\/01\/parque-nacional-tierra-del-fuego-1-18.jpg","type":"image\/jpeg"}],"twitter_card":"summary_large_image","twitter_site":"@dexotic_ok","twitter_misc":{"Est. reading time":"7 minutes"},"schema":{"@context":"https:\/\/schema.org","@graph":[{"@type":["WebPage","ItemPage"],"@id":"https:\/\/dexotic.com\/en\/tours-in-argentina\/ushuaia-parque-nacional-tierra-del-fuego\/","url":"https:\/\/dexotic.com\/en\/tours-in-argentina\/ushuaia-parque-nacional-tierra-del-fuego\/","name":"Parque Nacional Tierra del Fuego - Vis\u00edtalo con Dexotic","isPartOf":{"@id":"https:\/\/dexotic.com\/en\/#website"},"primaryImageOfPage":{"@id":"https:\/\/dexotic.com\/en\/tours-in-argentina\/ushuaia-parque-nacional-tierra-del-fuego\/#primaryimage"},"image":{"@id":"https:\/\/dexotic.com\/en\/tours-in-argentina\/ushuaia-parque-nacional-tierra-del-fuego\/#primaryimage"},"thumbnailUrl":"https:\/\/dexotic.com\/wp-content\/uploads\/2022\/01\/tierra-del-fuego.jpg","datePublished":"2022-01-17T19:38:57+00:00","dateModified":"2026-03-24T01:46:13+00:00","description":"Saliendo de la ciudad de Ushuaia en direcci\u00f3n sudoeste, transitaremos la ruta nacional Nro. 3 hacia el Parque Nacional Tierra del Fuego.","breadcrumb":{"@id":"https:\/\/dexotic.com\/en\/tours-in-argentina\/ushuaia-parque-nacional-tierra-del-fuego\/#breadcrumb"},"inLanguage":"en-US","potentialAction":[{"@type":"ReadAction","target":["https:\/\/dexotic.com\/en\/tours-in-argentina\/ushuaia-parque-nacional-tierra-del-fuego\/"]}]},{"@type":"ImageObject","inLanguage":"en-US","@id":"https:\/\/dexotic.com\/en\/tours-in-argentina\/ushuaia-parque-nacional-tierra-del-fuego\/#primaryimage","url":"https:\/\/dexotic.com\/wp-content\/uploads\/2022\/01\/tierra-del-fuego.jpg","contentUrl":"https:\/\/dexotic.com\/wp-content\/uploads\/2022\/01\/tierra-del-fuego.jpg","width":800,"height":533},{"@type":"BreadcrumbList","@id":"https:\/\/dexotic.com\/en\/tours-in-argentina\/ushuaia-parque-nacional-tierra-del-fuego\/#breadcrumb","itemListElement":[{"@type":"ListItem","position":1,"name":"Portada","item":"https:\/\/dexotic.com\/en\/"},{"@type":"ListItem","position":2,"name":"Shop","item":"https:\/\/dexotic.com\/en\/shop\/"},{"@type":"ListItem","position":3,"name":"Parque Nacional Tierra del Fuego"}]},{"@type":"WebSite","@id":"https:\/\/dexotic.com\/en\/#website","url":"https:\/\/dexotic.com\/en\/","name":"Dexotic","description":"Excursiones en Salta, Jujuy y Patagonia Argentina","potentialAction":[{"@type":"SearchAction","target":{"@type":"EntryPoint","urlTemplate":"https:\/\/dexotic.com\/en\/?s={search_term_string}"},"query-input":{"@type":"PropertyValueSpecification","valueRequired":true,"valueName":"search_term_string"}}],"inLanguage":"en-US"}]}},"_links":{"self":[{"href":"https:\/\/dexotic.com\/en\/wp-json\/wp\/v2\/product\/5020","targetHints":{"allow":["GET"]}}],"collection":[{"href":"https:\/\/dexotic.com\/en\/wp-json\/wp\/v2\/product"}],"about":[{"href":"https:\/\/dexotic.com\/en\/wp-json\/wp\/v2\/types\/product"}],"replies":[{"embeddable":true,"href":"https:\/\/dexotic.com\/en\/wp-json\/wp\/v2\/comments?post=5020"}],"wp:featuredmedia":[{"embeddable":true,"href":"https:\/\/dexotic.com\/en\/wp-json\/wp\/v2\/media\/5422"}],"wp:attachment":[{"href":"https:\/\/dexotic.com\/en\/wp-json\/wp\/v2\/media?parent=5020"}],"wp:term":[{"taxonomy":"product_brand","embeddable":true,"href":"https:\/\/dexotic.com\/en\/wp-json\/wp\/v2\/product_brand?post=5020"},{"taxonomy":"product_cat","embeddable":true,"href":"https:\/\/dexotic.com\/en\/wp-json\/wp\/v2\/product_cat?post=5020"},{"taxonomy":"product_tag","embeddable":true,"href":"https:\/\/dexotic.com\/en\/wp-json\/wp\/v2\/product_tag?post=5020"}],"curies":[{"name":"wp","href":"https:\/\/api.w.org\/{rel}","templated":true}]}}