{"id":5019,"date":"2022-01-17T10:04:05","date_gmt":"2022-01-17T13:04:05","guid":{"rendered":"http:\/\/dexotic.com\/?post_type=product&#038;p=5019"},"modified":"2026-03-23T22:47:48","modified_gmt":"2026-03-24T01:47:48","slug":"city-tour-ushuaia","status":"publish","type":"product","link":"https:\/\/dexotic.com\/en\/tours-in-argentina\/city-tour-ushuaia\/","title":{"rendered":"City Tour Ushuaia"},"content":{"rendered":"<p><span style=\"font-weight: 400\">Paseo ideal para el d\u00eda de llegada a Ushuaia y as\u00ed tener un primer acercamiento a la historia y a los paisajes de esta bella ciudad austral de la Patagonia argentina.<\/span><\/p>\n<table class=\"table table-bordered tours-tabs__table\" style=\"height: 412px;width: 87.3848%\" width=\"862\">\n<tbody>\n<tr style=\"height: 24px\">\n<td style=\"width: 35.7304%;height: 24px\"><strong>LUGAR DE SALIDA<\/strong><\/td>\n<td style=\"width: 63.4613%;height: 24px\">Hoteles de zona c\u00e9ntrica de la ciudad de Ushuaia.<\/td>\n<\/tr>\n<tr style=\"height: 72px\">\n<td style=\"width: 35.7304%;height: 72px\"><strong>LUGAR DE REGRESO<\/strong><\/td>\n<td style=\"width: 63.4613%;height: 72px\"><span style=\"font-weight: 400\">Hotel o museo mar\u00edtimo o museo del fin del mundo (entradas no incluidas). En el caso de optar por visitar alguno de los museos, el traslado de regreso al hotel ser\u00e1 por cuenta del pasajero.<\/span><\/td>\n<\/tr>\n<tr style=\"height: 24px\">\n<td style=\"width: 35.7304%;height: 24px\"><strong>HORARIO DE SALIDA<\/strong><\/td>\n<td style=\"width: 63.4613%;height: 24px\"><span style=\"font-weight: 400\">A partir de 15.00 horas.<\/span><\/td>\n<\/tr>\n<tr style=\"height: 24px\">\n<td style=\"width: 35.7304%;height: 24px\"><strong>HORARIO DE REGRESO<\/strong><\/td>\n<td style=\"width: 63.4613%;height: 24px\"><span style=\"font-weight: 400\">A partir de 16.45 horas<\/span><\/td>\n<\/tr>\n<tr style=\"height: 24px\">\n<td style=\"width: 35.7304%;height: 24px\"><b>VESTIMENTA RECOMENDADA<\/b><\/td>\n<td style=\"width: 63.4613%;height: 24px\"><span style=\"font-weight: 400\">Ropa c\u00f3moda. Abrigo. Zapatos o zapatillas impermeables.\u00a0<\/span><\/td>\n<\/tr>\n<tr style=\"height: 158px\">\n<td style=\"width: 35.7304%;height: 158px\"><strong>INCLUIDO<\/strong><\/td>\n<td style=\"width: 63.4613%;height: 158px\">\n<table class=\"table table-bordered\" style=\"height: 62px\" width=\"300\">\n<tbody>\n<tr>\n<td><i class=\"fa fa-check icon-tick icon-tick--on\"><\/i>Traslados<\/td>\n<td><i class=\"fa fa-check icon-tick icon-tick--on\"><\/i>Gu\u00eda bilingue<\/td>\n<\/tr>\n<tr>\n<td><i class=\"fa fa-check icon-tick icon-tick--on\"><\/i>Seguros<\/td>\n<td><i class=\"fa fa-check icon-tick icon-tick--on\"><\/i>B\u00fasqueda por alojamiento c\u00e9ntrico<\/td>\n<\/tr>\n<\/tbody>\n<\/table>\n<\/td>\n<\/tr>\n<tr style=\"height: 86px\">\n<td style=\"width: 35.7304%;height: 86px\"><b>NO INCLUIDO<\/b><\/td>\n<td style=\"width: 63.4613%;height: 86px\">\n<table class=\"table table-bordered\" style=\"height: 62px\" width=\"300\">\n<tbody>\n<tr>\n<td><i class=\"fa fa-times icon-tick icon-tick--off\"><\/i>Comidas y bebidas<\/td>\n<\/tr>\n<tr>\n<td><i class=\"fa fa-times icon-tick icon-tick--off\"><\/i>Entradas a museos<\/td>\n<\/tr>\n<\/tbody>\n<\/table>\n<\/td>\n<\/tr>\n<\/tbody>\n<\/table>\n<p>El recorrido por la ciudad de Ushuaia se inicia en el Muelle tur\u00edstico (desde donde sale tambi\u00e9n las embarcaciones para <a href=\"https:\/\/dexotic.com\/en\/tours-in-argentina\/ushuaia-navegacion-canal-de-beagle-con-faro\/\">navegar el Canal de Beagle<\/a>).<span style=\"font-weight: 400\"><img decoding=\"async\" class=\"size-medium wp-image-5062 alignright\" src=\"http:\/\/dexotic.com\/wp-content\/uploads\/2022\/01\/city-tour-ushuaia-5-300x200.jpg\" alt=\"City Tour Ushuaia\" width=\"300\" height=\"200\" srcset=\"https:\/\/dexotic.com\/wp-content\/uploads\/2022\/01\/city-tour-ushuaia-5-300x200.jpg 300w, https:\/\/dexotic.com\/wp-content\/uploads\/2022\/01\/city-tour-ushuaia-5-768x512.jpg 768w, https:\/\/dexotic.com\/wp-content\/uploads\/2022\/01\/city-tour-ushuaia-5-531x354.jpg 531w, https:\/\/dexotic.com\/wp-content\/uploads\/2022\/01\/city-tour-ushuaia-5-600x400.jpg 600w, https:\/\/dexotic.com\/wp-content\/uploads\/2022\/01\/city-tour-ushuaia-5-180x120.jpg 180w, https:\/\/dexotic.com\/wp-content\/uploads\/2022\/01\/city-tour-ushuaia-5.jpg 800w\" sizes=\"(max-width: 300px) 100vw, 300px\" \/><\/span><\/p>\n<p><span style=\"font-weight: 400\">A lo largo de la Avenida Maip\u00fa <strong>observaremos diferentes atractivos<\/strong> como la Plaza C\u00edvica (lugar donde se enarbol\u00f3 por primera vez la Bandera Nacional), la Antigua Casa de Gobierno, el Almac\u00e9n de Ramos Generales y el Antiguo Templo de Nuestra Se\u00f1ora de la Merced, todos edificios destacados por su historia y arquitectura.<\/span><\/p>\n<p><span style=\"font-weight: 400\">Antes de cruzar la Pasarela Fique observaremos el <strong>Monumento a las Islas Malvinas<\/strong>.<\/span><\/p>\n<p><span style=\"font-weight: 400\">Desde el antiguo Aeropuerto, tendremos una vista panor\u00e1mica de la ciudad y del cord\u00f3n monta\u00f1oso que la rodea.<\/span><\/p>\n<p><span style=\"font-weight: 400\">Continuando por el barrio La Misi\u00f3n, nuestro pr\u00f3ximo punto de inter\u00e9s ser\u00e1 el Barrio Solier, primer asentamiento de inmigrantes italianos.<\/span><\/p>\n<p><span style=\"font-weight: 400\">Luego, el paseo contin\u00faa hacia el Barrio Andino para dirigirnos hasta el Mirador del Hotel Las Hayas.<\/span><\/p>\n<p><span style=\"font-weight: 400\">Desde all\u00ed tendremos <strong>vistas panor\u00e1micas de la Bah\u00eda de Ushuaia, el Canal de Beagle, el puerto y la pen\u00ednsula de Ushuaia y el Barrio Industrial.<\/strong><\/span><\/p>\n<p><span style=\"font-weight: 400\">El Paseo del Centenario nos recuerda a los diferentes grupos que dieron origen a la poblaci\u00f3n de Ushuaia.<a href=\"http:\/\/dexotic.com\/wp-content\/uploads\/2022\/01\/city-tour-ushuaia-11.jpg\"><img decoding=\"async\" class=\"size-medium wp-image-5074 alignright\" src=\"http:\/\/dexotic.com\/wp-content\/uploads\/2022\/01\/city-tour-ushuaia-11-300x200.jpg\" alt=\"City Tour Ushuaia\" width=\"300\" height=\"200\" srcset=\"https:\/\/dexotic.com\/wp-content\/uploads\/2022\/01\/city-tour-ushuaia-11-300x200.jpg 300w, https:\/\/dexotic.com\/wp-content\/uploads\/2022\/01\/city-tour-ushuaia-11-768x512.jpg 768w, https:\/\/dexotic.com\/wp-content\/uploads\/2022\/01\/city-tour-ushuaia-11-531x354.jpg 531w, https:\/\/dexotic.com\/wp-content\/uploads\/2022\/01\/city-tour-ushuaia-11-600x400.jpg 600w, https:\/\/dexotic.com\/wp-content\/uploads\/2022\/01\/city-tour-ushuaia-11-180x120.jpg 180w, https:\/\/dexotic.com\/wp-content\/uploads\/2022\/01\/city-tour-ushuaia-11.jpg 800w\" sizes=\"(max-width: 300px) 100vw, 300px\" \/><\/a><\/span><\/p>\n<p><span style=\"font-weight: 400\">La calle principal de la ciudad, Avenida San Mart\u00edn, nos muestra adem\u00e1s de los principales comercios, edificios hist\u00f3ricos como la Antigua Casa de Pioneros, el Nuevo Templo Nuestra Sra. De la Merced, la Secretar\u00eda de Turismo, la actual Casa de Gobierno, la Municipalidad, el Bar Ideal y el Correo.<\/span><\/p>\n<p><span style=\"font-weight: 400\">Al final de la calle encontraremos las instalaciones de la Base Naval Almirante Berisso y del Antiguo Presidio y C\u00e1rcel de Reincidentes.<\/span><\/p>\n<p><span style=\"font-weight: 400\">Retomando luego nuevamente la Avenida Maip\u00fa <strong>finalizamos la experiencia en el Museo del Fin del Mundo.<\/strong><\/span><\/p>\n<p><b>NOTA IMPORTANTE: <\/b>Todos los descriptivos e itinerarios son ilustrativos: los tiempos de las actividades, el orden de las mismas y los atractivos visitados pueden variar, de acuerdo a la evaluaci\u00f3n del gu\u00eda y las caracter\u00edsticas del grupo.<\/p>\n","protected":false},"excerpt":{"rendered":"<p><span style=\"font-weight: 400\">Paseo ideal para el d\u00eda de llegada a Ushuaia y as\u00ed tener un primer acercamiento a la historia y a los paisajes de esta bella ciudad austral de la Patagonia argentina.<\/span><\/p>\n","protected":false},"featured_media":5389,"comment_status":"open","ping_status":"closed","template":"","meta":{"_joinchat":null},"product_brand":[],"product_cat":[207],"product_tag":[3692],"class_list":{"0":"post-5019","1":"product","2":"type-product","3":"status-publish","4":"has-post-thumbnail","6":"product_cat-sin-categorizar","7":"product_tag-patagonia","8":"pa_duracion-130-hs","9":"pa_edad-todas-las-edades","10":"pa_region-patagonia","11":"pa_requerimiento-fisico-bajo","12":"pa_salidas-martes-jueves-y-sabados","13":"tour_category-excursiones-desde-ushuaia","14":"tour_category-patagonia","16":"first","17":"instock","18":"shipping-taxable","19":"purchasable","20":"product-type-tour","21":"has-default-attributes"},"yoast_head":"<!-- This site is optimized with the Yoast SEO Premium plugin v27.1 (Yoast SEO v27.1.1) - https:\/\/yoast.com\/product\/yoast-seo-premium-wordpress\/ -->\n<title>City Tour Ushuaia - Dexotic<\/title>\n<meta name=\"description\" content=\"Paseo ideal para el d\u00eda de llegada a Ushuaia para conocer los paisajes de esta bella ciudad austral de la Patagonia argentina.\" \/>\n<meta name=\"robots\" content=\"index, follow, max-snippet:-1, max-image-preview:large, max-video-preview:-1\" \/>\n<link rel=\"canonical\" href=\"https:\/\/dexotic.com\/en\/tours-in-argentina\/city-tour-ushuaia\/\" \/>\n<meta property=\"og:locale\" content=\"en_US\" \/>\n<meta property=\"og:type\" content=\"article\" \/>\n<meta property=\"og:title\" content=\"City Tour Ushuaia\" \/>\n<meta property=\"og:description\" content=\"Paseo ideal para el d\u00eda de llegada a Ushuaia para conocer los paisajes de esta bella ciudad austral de la Patagonia argentina.\" \/>\n<meta property=\"og:url\" content=\"https:\/\/dexotic.com\/en\/tours-in-argentina\/city-tour-ushuaia\/\" \/>\n<meta property=\"og:site_name\" content=\"Dexotic\" \/>\n<meta property=\"article:publisher\" content=\"https:\/\/www.facebook.com\/excursiones.noa\/\" \/>\n<meta property=\"article:modified_time\" content=\"2026-03-24T01:47:48+00:00\" \/>\n<meta property=\"og:image\" content=\"https:\/\/dexotic.com\/wp-content\/uploads\/2022\/01\/ushuaia-17.jpg\" \/>\n\t<meta property=\"og:image:width\" content=\"800\" \/>\n\t<meta property=\"og:image:height\" content=\"533\" \/>\n\t<meta property=\"og:image:type\" content=\"image\/jpeg\" \/>\n<meta name=\"twitter:card\" content=\"summary_large_image\" \/>\n<meta name=\"twitter:site\" content=\"@dexotic_ok\" \/>\n<meta name=\"twitter:label1\" content=\"Est. reading time\" \/>\n\t<meta name=\"twitter:data1\" content=\"7 minutes\" \/>\n<script type=\"application\/ld+json\" class=\"yoast-schema-graph\">{\"@context\":\"https:\/\/schema.org\",\"@graph\":[{\"@type\":[\"WebPage\",\"ItemPage\"],\"@id\":\"https:\/\/dexotic.com\/en\/tours-in-argentina\/city-tour-ushuaia\/\",\"url\":\"https:\/\/dexotic.com\/en\/tours-in-argentina\/city-tour-ushuaia\/\",\"name\":\"City Tour Ushuaia - Dexotic\",\"isPartOf\":{\"@id\":\"https:\/\/dexotic.com\/en\/#website\"},\"primaryImageOfPage\":{\"@id\":\"https:\/\/dexotic.com\/en\/tours-in-argentina\/city-tour-ushuaia\/#primaryimage\"},\"image\":{\"@id\":\"https:\/\/dexotic.com\/en\/tours-in-argentina\/city-tour-ushuaia\/#primaryimage\"},\"thumbnailUrl\":\"https:\/\/dexotic.com\/wp-content\/uploads\/2022\/01\/ushuaia-4.jpg\",\"datePublished\":\"2022-01-17T13:04:05+00:00\",\"dateModified\":\"2026-03-24T01:47:48+00:00\",\"description\":\"Paseo ideal para el d\u00eda de llegada a Ushuaia para conocer los paisajes de esta bella ciudad austral de la Patagonia argentina.\",\"breadcrumb\":{\"@id\":\"https:\/\/dexotic.com\/en\/tours-in-argentina\/city-tour-ushuaia\/#breadcrumb\"},\"inLanguage\":\"en-US\",\"potentialAction\":[{\"@type\":\"ReadAction\",\"target\":[\"https:\/\/dexotic.com\/en\/tours-in-argentina\/city-tour-ushuaia\/\"]}]},{\"@type\":\"ImageObject\",\"inLanguage\":\"en-US\",\"@id\":\"https:\/\/dexotic.com\/en\/tours-in-argentina\/city-tour-ushuaia\/#primaryimage\",\"url\":\"https:\/\/dexotic.com\/wp-content\/uploads\/2022\/01\/ushuaia-4.jpg\",\"contentUrl\":\"https:\/\/dexotic.com\/wp-content\/uploads\/2022\/01\/ushuaia-4.jpg\",\"width\":800,\"height\":533},{\"@type\":\"BreadcrumbList\",\"@id\":\"https:\/\/dexotic.com\/en\/tours-in-argentina\/city-tour-ushuaia\/#breadcrumb\",\"itemListElement\":[{\"@type\":\"ListItem\",\"position\":1,\"name\":\"Portada\",\"item\":\"https:\/\/dexotic.com\/en\/\"},{\"@type\":\"ListItem\",\"position\":2,\"name\":\"Shop\",\"item\":\"https:\/\/dexotic.com\/en\/shop\/\"},{\"@type\":\"ListItem\",\"position\":3,\"name\":\"City Tour Ushuaia\"}]},{\"@type\":\"WebSite\",\"@id\":\"https:\/\/dexotic.com\/en\/#website\",\"url\":\"https:\/\/dexotic.com\/en\/\",\"name\":\"Dexotic\",\"description\":\"Excursiones en Salta, Jujuy y Patagonia Argentina\",\"potentialAction\":[{\"@type\":\"SearchAction\",\"target\":{\"@type\":\"EntryPoint\",\"urlTemplate\":\"https:\/\/dexotic.com\/en\/?s={search_term_string}\"},\"query-input\":{\"@type\":\"PropertyValueSpecification\",\"valueRequired\":true,\"valueName\":\"search_term_string\"}}],\"inLanguage\":\"en-US\"}]}<\/script>\n<!-- \/ Yoast SEO Premium plugin. -->","yoast_head_json":{"title":"City Tour Ushuaia - Dexotic","description":"Paseo ideal para el d\u00eda de llegada a Ushuaia para conocer los paisajes de esta bella ciudad austral de la Patagonia argentina.","robots":{"index":"index","follow":"follow","max-snippet":"max-snippet:-1","max-image-preview":"max-image-preview:large","max-video-preview":"max-video-preview:-1"},"canonical":"https:\/\/dexotic.com\/en\/tours-in-argentina\/city-tour-ushuaia\/","og_locale":"en_US","og_type":"article","og_title":"City Tour Ushuaia","og_description":"Paseo ideal para el d\u00eda de llegada a Ushuaia para conocer los paisajes de esta bella ciudad austral de la Patagonia argentina.","og_url":"https:\/\/dexotic.com\/en\/tours-in-argentina\/city-tour-ushuaia\/","og_site_name":"Dexotic","article_publisher":"https:\/\/www.facebook.com\/excursiones.noa\/","article_modified_time":"2026-03-24T01:47:48+00:00","og_image":[{"width":800,"height":533,"url":"https:\/\/dexotic.com\/wp-content\/uploads\/2022\/01\/ushuaia-17.jpg","type":"image\/jpeg"}],"twitter_card":"summary_large_image","twitter_site":"@dexotic_ok","twitter_misc":{"Est. reading time":"7 minutes"},"schema":{"@context":"https:\/\/schema.org","@graph":[{"@type":["WebPage","ItemPage"],"@id":"https:\/\/dexotic.com\/en\/tours-in-argentina\/city-tour-ushuaia\/","url":"https:\/\/dexotic.com\/en\/tours-in-argentina\/city-tour-ushuaia\/","name":"City Tour Ushuaia - Dexotic","isPartOf":{"@id":"https:\/\/dexotic.com\/en\/#website"},"primaryImageOfPage":{"@id":"https:\/\/dexotic.com\/en\/tours-in-argentina\/city-tour-ushuaia\/#primaryimage"},"image":{"@id":"https:\/\/dexotic.com\/en\/tours-in-argentina\/city-tour-ushuaia\/#primaryimage"},"thumbnailUrl":"https:\/\/dexotic.com\/wp-content\/uploads\/2022\/01\/ushuaia-4.jpg","datePublished":"2022-01-17T13:04:05+00:00","dateModified":"2026-03-24T01:47:48+00:00","description":"Paseo ideal para el d\u00eda de llegada a Ushuaia para conocer los paisajes de esta bella ciudad austral de la Patagonia argentina.","breadcrumb":{"@id":"https:\/\/dexotic.com\/en\/tours-in-argentina\/city-tour-ushuaia\/#breadcrumb"},"inLanguage":"en-US","potentialAction":[{"@type":"ReadAction","target":["https:\/\/dexotic.com\/en\/tours-in-argentina\/city-tour-ushuaia\/"]}]},{"@type":"ImageObject","inLanguage":"en-US","@id":"https:\/\/dexotic.com\/en\/tours-in-argentina\/city-tour-ushuaia\/#primaryimage","url":"https:\/\/dexotic.com\/wp-content\/uploads\/2022\/01\/ushuaia-4.jpg","contentUrl":"https:\/\/dexotic.com\/wp-content\/uploads\/2022\/01\/ushuaia-4.jpg","width":800,"height":533},{"@type":"BreadcrumbList","@id":"https:\/\/dexotic.com\/en\/tours-in-argentina\/city-tour-ushuaia\/#breadcrumb","itemListElement":[{"@type":"ListItem","position":1,"name":"Portada","item":"https:\/\/dexotic.com\/en\/"},{"@type":"ListItem","position":2,"name":"Shop","item":"https:\/\/dexotic.com\/en\/shop\/"},{"@type":"ListItem","position":3,"name":"City Tour Ushuaia"}]},{"@type":"WebSite","@id":"https:\/\/dexotic.com\/en\/#website","url":"https:\/\/dexotic.com\/en\/","name":"Dexotic","description":"Excursiones en Salta, Jujuy y Patagonia Argentina","potentialAction":[{"@type":"SearchAction","target":{"@type":"EntryPoint","urlTemplate":"https:\/\/dexotic.com\/en\/?s={search_term_string}"},"query-input":{"@type":"PropertyValueSpecification","valueRequired":true,"valueName":"search_term_string"}}],"inLanguage":"en-US"}]}},"_links":{"self":[{"href":"https:\/\/dexotic.com\/en\/wp-json\/wp\/v2\/product\/5019","targetHints":{"allow":["GET"]}}],"collection":[{"href":"https:\/\/dexotic.com\/en\/wp-json\/wp\/v2\/product"}],"about":[{"href":"https:\/\/dexotic.com\/en\/wp-json\/wp\/v2\/types\/product"}],"replies":[{"embeddable":true,"href":"https:\/\/dexotic.com\/en\/wp-json\/wp\/v2\/comments?post=5019"}],"wp:featuredmedia":[{"embeddable":true,"href":"https:\/\/dexotic.com\/en\/wp-json\/wp\/v2\/media\/5389"}],"wp:attachment":[{"href":"https:\/\/dexotic.com\/en\/wp-json\/wp\/v2\/media?parent=5019"}],"wp:term":[{"taxonomy":"product_brand","embeddable":true,"href":"https:\/\/dexotic.com\/en\/wp-json\/wp\/v2\/product_brand?post=5019"},{"taxonomy":"product_cat","embeddable":true,"href":"https:\/\/dexotic.com\/en\/wp-json\/wp\/v2\/product_cat?post=5019"},{"taxonomy":"product_tag","embeddable":true,"href":"https:\/\/dexotic.com\/en\/wp-json\/wp\/v2\/product_tag?post=5019"}],"curies":[{"name":"wp","href":"https:\/\/api.w.org\/{rel}","templated":true}]}}