{"id":5018,"date":"2022-01-17T10:06:56","date_gmt":"2022-01-17T13:06:56","guid":{"rendered":"http:\/\/dexotic.com\/?post_type=product&#038;p=5018"},"modified":"2026-03-23T22:47:37","modified_gmt":"2026-03-24T01:47:37","slug":"ushuaia-navegacion-canal-de-beagle-con-faro","status":"publish","type":"product","link":"https:\/\/dexotic.com\/en\/tours-in-argentina\/ushuaia-navegacion-canal-de-beagle-con-faro\/","title":{"rendered":"Navegando el Canal de Beagle hasta el Faro"},"content":{"rendered":"<p><span style=\"font-family: georgia, palatino, serif\">La navegaci\u00f3n comienza saliendo desde el <strong>Muelle Tur\u00edstico de la ciudad en direcci\u00f3n al Canal Beagle<\/strong>, disfrutando a medida que nos alejamos de la vista panor\u00e1mica de la costa de Ushuaia y divisando los edificios m\u00e1s importantes: Museo Mar\u00edtimo (antiguo presidio), Museo del Fin del Mundo, el \u00e1rea industrial, y los montes Olivia y Cinco Hermanos.<a href=\"http:\/\/dexotic.com\/wp-content\/uploads\/2022\/01\/navegacion-canal-beagle-hacia-el-faro-1.jpg\"><img decoding=\"async\" class=\"size-medium wp-image-5140 alignright\" src=\"http:\/\/dexotic.com\/wp-content\/uploads\/2022\/01\/navegacion-canal-beagle-hacia-el-faro-1-300x201.jpg\" alt=\"Navegacion por el canal de Beagle\" width=\"300\" height=\"201\" srcset=\"https:\/\/dexotic.com\/wp-content\/uploads\/2022\/01\/navegacion-canal-beagle-hacia-el-faro-1-300x201.jpg 300w, https:\/\/dexotic.com\/wp-content\/uploads\/2022\/01\/navegacion-canal-beagle-hacia-el-faro-1-531x354.jpg 531w, https:\/\/dexotic.com\/wp-content\/uploads\/2022\/01\/navegacion-canal-beagle-hacia-el-faro-1-180x120.jpg 180w, https:\/\/dexotic.com\/wp-content\/uploads\/2022\/01\/navegacion-canal-beagle-hacia-el-faro-1-360x240.jpg 360w, https:\/\/dexotic.com\/wp-content\/uploads\/2022\/01\/navegacion-canal-beagle-hacia-el-faro-1.jpg 600w\" sizes=\"(max-width: 300px) 100vw, 300px\" \/><\/a><\/span><\/p>\n<p><span style=\"font-family: georgia, palatino, serif\">Nos dirigimos entonces hacia las <strong>Islas Bridges<\/strong>, donde realizaremos nuestra parada y descenso. <\/span><\/p>\n<p><span style=\"font-family: georgia, palatino, serif\">Es importante destacar que la caminata que se hace durante esta visita no reviste ninguna dificultad y est\u00e1 al alcance de cualquier persona. <\/span><\/p>\n<p><span style=\"font-family: georgia, palatino, serif\">Adem\u00e1s de tener la experiencia de caminar en una peque\u00f1a isla en medio del Canal Beagle, el objetivo es apreciar algunos de los atractivos fundamentales de la isla. <\/span><\/p>\n<p><span style=\"font-family: georgia, palatino, serif\">A pocos metros del muelle se encuentran restos arqueol\u00f3gicos de los asentamientos de los Y\u00e1manas o Yaganes (habitantes originarios de la zona) y sus concheros, y a partir de las explicaciones del gu\u00eda nos imaginaremos c\u00f3mo viv\u00edan. <\/span><\/p>\n<p><span style=\"font-family: georgia, palatino, serif\">Adem\u00e1s, un corte en la pared del conchero nos permitir\u00e1 entender mejor y observar la estratificaci\u00f3n de las valvas de los mejillones. <\/span><\/p>\n<p><span style=\"font-family: georgia, palatino, serif\">Para poder interpretar algo de la flora particular de la isla en medio del <strong>Canal de Beagle<\/strong>, recorreremos el circuito de interpretaci\u00f3n y as\u00ed apreciar el desarrollo particular que plantas, flores y frutos alcanzan en este ecosistema especial. <\/span><\/p>\n<p><span style=\"font-family: georgia, palatino, serif\">Volvemos a embarcar y navegamos hacia el sudoeste acerc\u00e1ndonos a la <strong>Isla de Los Lobos<\/strong>, donde desde la embarcaci\u00f3n podremos disfrutar de la vista de ejemplares de lobos marinos, observando su h\u00e1bitat permanente inmersos en un escenario maravilloso. <\/span><\/p>\n<p><span style=\"font-family: georgia, palatino, serif\">Continuando la navegaci\u00f3n, nos dirigiremos hacia la <strong>Isla de Los P\u00e1jaros<\/strong>, h\u00e1bitat de Cormoranes Magall\u00e1nicos y Cormoranes Imperiales y sector privilegiado para divisar ejemplares de la avifauna marina. <\/span><\/p>\n<p><span style=\"font-family: georgia, palatino, serif\">Continuamos hacia el <strong>Faro Les Eclaireurs<\/strong> en el archipi\u00e9lago del mismo nombre, donde naufrag\u00f3 el buque Monte Cervantes en el a\u00f1o 1930. En todos estos puntos de inter\u00e9s, el catamar\u00e1n se detendr\u00e1 y har\u00e1 varios giros para facilitar que los pasajeros tomen las mejores fotograf\u00edas. <\/span><\/p>\n<p><span style=\"font-family: georgia, palatino, serif\">El regreso ser\u00e1 a trav\u00e9s del <strong>Paso Chico<\/strong>, divisand<span style=\"font-size: 12pt\">o las Estancias T\u00fanel y Fique; y acerc\u00e1ndonos nuevamente al muelle tur\u00edstico tendremos una vista del imponente marco que le da a la ciudad el <strong>Monte Martial y el glaciar del mismo nombre.<\/strong><\/span><\/span><\/p>\n<table class=\"table table-bordered tours-tabs__table\" style=\"height: 233px;width: 87.3848%\" width=\"862\">\n<tbody>\n<tr>\n<td style=\"width: 32.627%\"><strong>LUGAR DE SALIDA<\/strong><\/td>\n<td style=\"width: 66.5647%\">Muelle Tur\u00edstico de la ciudad de Ushuaia.<br \/>\n<strong>Importante<\/strong>: Para el embarque, el pasajero se presenta por su cuenta media hora antes de la salida en la casilla azul.<\/td>\n<\/tr>\n<tr>\n<td style=\"width: 32.627%\"><strong>LUGAR DE REGRESO<\/strong><\/td>\n<td style=\"width: 66.5647%\">Muelle Tur\u00edstico de la ciudad de Ushuaia.<\/td>\n<\/tr>\n<tr>\n<td style=\"width: 32.627%\"><strong>HORARIOS DE SALIDA DE LA EMBARCACI\u00d3N<\/strong><\/td>\n<td style=\"width: 66.5647%\"><strong>Octubre a Marzo<\/strong>: 9.30 y 15.30 hs.<br \/>\n<strong>Abril a Septiembre<\/strong>: 10 y 15 hs.<\/td>\n<\/tr>\n<tr>\n<td style=\"width: 32.627%\"><strong>HORARIO DE REGRESO DE LA EMBARCACI\u00d3N<\/strong><\/td>\n<td style=\"width: 66.5647%\">12.30, 13:00, 18:00 y 18.30 hs.<\/td>\n<\/tr>\n<tr>\n<td style=\"width: 32.627%\"><b>VESTIMENTA RECOMENDADA<\/b><\/td>\n<td style=\"width: 66.5647%\">Chaqueta impermeable + chaqueta polar. Zapatos o zapatillas impermeables con buena tracci\u00f3n. Sombrero o gorro. Anteojos de sol.<\/td>\n<\/tr>\n<tr>\n<td style=\"width: 32.627%\"><strong>INCLUIDO<\/strong><\/td>\n<td style=\"width: 66.5647%\">\n<table class=\"table table-bordered\" style=\"height: 62px\" width=\"300\">\n<tbody>\n<tr>\n<td><i class=\"fa fa-check icon-tick icon-tick--on\"><\/i>Tasa de puerto<\/td>\n<td><i class=\"fa fa-check icon-tick icon-tick--on\"><\/i>Gu\u00eda bilingue<\/td>\n<\/tr>\n<tr>\n<td><i class=\"fa fa-check icon-tick icon-tick--on\"><\/i>Seguros<\/td>\n<td><\/td>\n<\/tr>\n<\/tbody>\n<\/table>\n<\/td>\n<\/tr>\n<tr>\n<td style=\"width: 32.627%\"><b>NO INCLUIDO<\/b><\/td>\n<td style=\"width: 66.5647%\">\n<table class=\"table table-bordered\" style=\"height: 62px\" width=\"300\">\n<tbody>\n<tr>\n<td><i class=\"fa fa-times icon-tick icon-tick--off\"><\/i>Comidas y bebidas<\/td>\n<\/tr>\n<tr>\n<td><i class=\"fa fa-times icon-tick icon-tick--off\"><\/i>Traslado a muelle tur\u00edstico<\/td>\n<\/tr>\n<\/tbody>\n<\/table>\n<\/td>\n<\/tr>\n<\/tbody>\n<\/table>\n<p><span style=\"font-size: 12pt\"><strong>Nota:<\/strong> Traves\u00eda Mar\u00edtima sujeta a condiciones climatol\u00f3gicas que pueden alterar su recorrido o duraci\u00f3n.<\/span><\/p>\n","protected":false},"excerpt":{"rendered":"<p><span style=\"font-weight: 400\">Navegaci\u00f3n desde el puerto de Ushuaia, saliendo desde el Muelle Tur\u00edstico, en direcci\u00f3n al Canal Beagle.<\/span><\/p>\n","protected":false},"featured_media":5387,"comment_status":"open","ping_status":"closed","template":"","meta":{"_joinchat":null},"product_brand":[],"product_cat":[207],"product_tag":[3692],"class_list":{"0":"post-5018","1":"product","2":"type-product","3":"status-publish","4":"has-post-thumbnail","6":"product_cat-sin-categorizar","7":"product_tag-patagonia","8":"pa_duracion-3-hs","9":"pa_edad-todas-las-edades","10":"pa_region-patagonia","11":"pa_requerimiento-fisico-bajo","12":"pa_salidas-todo-el-ano","13":"tour_category-excursiones-desde-ushuaia","14":"tour_category-patagonia","16":"first","17":"instock","18":"shipping-taxable","19":"purchasable","20":"product-type-tour","21":"has-default-attributes"},"yoast_head":"<!-- This site is optimized with the Yoast SEO Premium plugin v27.1 (Yoast SEO v27.1.1) - https:\/\/yoast.com\/product\/yoast-seo-premium-wordpress\/ -->\n<title>Navegando el Canal de Beagle hasta el Faro - Dexotic<\/title>\n<meta name=\"description\" content=\"Navegaci\u00f3n desde el puerto de Ushuaia, saliendo desde el Muelle Tur\u00edstico, en direcci\u00f3n al Canal Beagle con visita al Faro del fin de mundo.\" \/>\n<meta name=\"robots\" content=\"index, follow, max-snippet:-1, max-image-preview:large, max-video-preview:-1\" \/>\n<link rel=\"canonical\" href=\"https:\/\/dexotic.com\/en\/tours-in-argentina\/ushuaia-navegacion-canal-de-beagle-con-faro\/\" \/>\n<meta property=\"og:locale\" content=\"en_US\" \/>\n<meta property=\"og:type\" content=\"article\" \/>\n<meta property=\"og:title\" content=\"Navegando el Canal de Beagle hasta el Faro\" \/>\n<meta property=\"og:description\" content=\"Navegaci\u00f3n desde el puerto de Ushuaia, saliendo desde el Muelle Tur\u00edstico, en direcci\u00f3n al Canal Beagle con visita al Faro del fin de mundo.\" \/>\n<meta property=\"og:url\" content=\"https:\/\/dexotic.com\/en\/tours-in-argentina\/ushuaia-navegacion-canal-de-beagle-con-faro\/\" \/>\n<meta property=\"og:site_name\" content=\"Dexotic\" \/>\n<meta property=\"article:publisher\" content=\"https:\/\/www.facebook.com\/excursiones.noa\/\" \/>\n<meta property=\"article:modified_time\" content=\"2026-03-24T01:47:37+00:00\" \/>\n<meta property=\"og:image\" content=\"https:\/\/dexotic.com\/wp-content\/uploads\/2022\/01\/Navegacion-canal-beagle-patagonia-turismo.jpg\" \/>\n\t<meta property=\"og:image:width\" content=\"768\" \/>\n\t<meta property=\"og:image:height\" content=\"431\" \/>\n\t<meta property=\"og:image:type\" content=\"image\/jpeg\" \/>\n<meta name=\"twitter:card\" content=\"summary_large_image\" \/>\n<meta name=\"twitter:site\" content=\"@dexotic_ok\" \/>\n<meta name=\"twitter:label1\" content=\"Est. reading time\" \/>\n\t<meta name=\"twitter:data1\" content=\"5 minutes\" \/>\n<script type=\"application\/ld+json\" class=\"yoast-schema-graph\">{\"@context\":\"https:\/\/schema.org\",\"@graph\":[{\"@type\":[\"WebPage\",\"ItemPage\"],\"@id\":\"https:\/\/dexotic.com\/en\/tours-in-argentina\/ushuaia-navegacion-canal-de-beagle-con-faro\/\",\"url\":\"https:\/\/dexotic.com\/en\/tours-in-argentina\/ushuaia-navegacion-canal-de-beagle-con-faro\/\",\"name\":\"Navegando el Canal de Beagle hasta el Faro - Dexotic\",\"isPartOf\":{\"@id\":\"https:\/\/dexotic.com\/en\/#website\"},\"primaryImageOfPage\":{\"@id\":\"https:\/\/dexotic.com\/en\/tours-in-argentina\/ushuaia-navegacion-canal-de-beagle-con-faro\/#primaryimage\"},\"image\":{\"@id\":\"https:\/\/dexotic.com\/en\/tours-in-argentina\/ushuaia-navegacion-canal-de-beagle-con-faro\/#primaryimage\"},\"thumbnailUrl\":\"https:\/\/dexotic.com\/wp-content\/uploads\/2022\/01\/ushuaia-3.jpg\",\"datePublished\":\"2022-01-17T13:06:56+00:00\",\"dateModified\":\"2026-03-24T01:47:37+00:00\",\"description\":\"Navegaci\u00f3n desde el puerto de Ushuaia, saliendo desde el Muelle Tur\u00edstico, en direcci\u00f3n al Canal Beagle con visita al Faro del fin de mundo.\",\"breadcrumb\":{\"@id\":\"https:\/\/dexotic.com\/en\/tours-in-argentina\/ushuaia-navegacion-canal-de-beagle-con-faro\/#breadcrumb\"},\"inLanguage\":\"en-US\",\"potentialAction\":[{\"@type\":\"ReadAction\",\"target\":[\"https:\/\/dexotic.com\/en\/tours-in-argentina\/ushuaia-navegacion-canal-de-beagle-con-faro\/\"]}]},{\"@type\":\"ImageObject\",\"inLanguage\":\"en-US\",\"@id\":\"https:\/\/dexotic.com\/en\/tours-in-argentina\/ushuaia-navegacion-canal-de-beagle-con-faro\/#primaryimage\",\"url\":\"https:\/\/dexotic.com\/wp-content\/uploads\/2022\/01\/ushuaia-3.jpg\",\"contentUrl\":\"https:\/\/dexotic.com\/wp-content\/uploads\/2022\/01\/ushuaia-3.jpg\",\"width\":800,\"height\":533},{\"@type\":\"BreadcrumbList\",\"@id\":\"https:\/\/dexotic.com\/en\/tours-in-argentina\/ushuaia-navegacion-canal-de-beagle-con-faro\/#breadcrumb\",\"itemListElement\":[{\"@type\":\"ListItem\",\"position\":1,\"name\":\"Portada\",\"item\":\"https:\/\/dexotic.com\/en\/\"},{\"@type\":\"ListItem\",\"position\":2,\"name\":\"Shop\",\"item\":\"https:\/\/dexotic.com\/en\/shop\/\"},{\"@type\":\"ListItem\",\"position\":3,\"name\":\"Navegando el Canal de Beagle hasta el Faro\"}]},{\"@type\":\"WebSite\",\"@id\":\"https:\/\/dexotic.com\/en\/#website\",\"url\":\"https:\/\/dexotic.com\/en\/\",\"name\":\"Dexotic\",\"description\":\"Excursiones en Salta, Jujuy y Patagonia Argentina\",\"potentialAction\":[{\"@type\":\"SearchAction\",\"target\":{\"@type\":\"EntryPoint\",\"urlTemplate\":\"https:\/\/dexotic.com\/en\/?s={search_term_string}\"},\"query-input\":{\"@type\":\"PropertyValueSpecification\",\"valueRequired\":true,\"valueName\":\"search_term_string\"}}],\"inLanguage\":\"en-US\"}]}<\/script>\n<!-- \/ Yoast SEO Premium plugin. -->","yoast_head_json":{"title":"Navegando el Canal de Beagle hasta el Faro - Dexotic","description":"Navegaci\u00f3n desde el puerto de Ushuaia, saliendo desde el Muelle Tur\u00edstico, en direcci\u00f3n al Canal Beagle con visita al Faro del fin de mundo.","robots":{"index":"index","follow":"follow","max-snippet":"max-snippet:-1","max-image-preview":"max-image-preview:large","max-video-preview":"max-video-preview:-1"},"canonical":"https:\/\/dexotic.com\/en\/tours-in-argentina\/ushuaia-navegacion-canal-de-beagle-con-faro\/","og_locale":"en_US","og_type":"article","og_title":"Navegando el Canal de Beagle hasta el Faro","og_description":"Navegaci\u00f3n desde el puerto de Ushuaia, saliendo desde el Muelle Tur\u00edstico, en direcci\u00f3n al Canal Beagle con visita al Faro del fin de mundo.","og_url":"https:\/\/dexotic.com\/en\/tours-in-argentina\/ushuaia-navegacion-canal-de-beagle-con-faro\/","og_site_name":"Dexotic","article_publisher":"https:\/\/www.facebook.com\/excursiones.noa\/","article_modified_time":"2026-03-24T01:47:37+00:00","og_image":[{"width":768,"height":431,"url":"https:\/\/dexotic.com\/wp-content\/uploads\/2022\/01\/Navegacion-canal-beagle-patagonia-turismo.jpg","type":"image\/jpeg"}],"twitter_card":"summary_large_image","twitter_site":"@dexotic_ok","twitter_misc":{"Est. reading time":"5 minutes"},"schema":{"@context":"https:\/\/schema.org","@graph":[{"@type":["WebPage","ItemPage"],"@id":"https:\/\/dexotic.com\/en\/tours-in-argentina\/ushuaia-navegacion-canal-de-beagle-con-faro\/","url":"https:\/\/dexotic.com\/en\/tours-in-argentina\/ushuaia-navegacion-canal-de-beagle-con-faro\/","name":"Navegando el Canal de Beagle hasta el Faro - Dexotic","isPartOf":{"@id":"https:\/\/dexotic.com\/en\/#website"},"primaryImageOfPage":{"@id":"https:\/\/dexotic.com\/en\/tours-in-argentina\/ushuaia-navegacion-canal-de-beagle-con-faro\/#primaryimage"},"image":{"@id":"https:\/\/dexotic.com\/en\/tours-in-argentina\/ushuaia-navegacion-canal-de-beagle-con-faro\/#primaryimage"},"thumbnailUrl":"https:\/\/dexotic.com\/wp-content\/uploads\/2022\/01\/ushuaia-3.jpg","datePublished":"2022-01-17T13:06:56+00:00","dateModified":"2026-03-24T01:47:37+00:00","description":"Navegaci\u00f3n desde el puerto de Ushuaia, saliendo desde el Muelle Tur\u00edstico, en direcci\u00f3n al Canal Beagle con visita al Faro del fin de mundo.","breadcrumb":{"@id":"https:\/\/dexotic.com\/en\/tours-in-argentina\/ushuaia-navegacion-canal-de-beagle-con-faro\/#breadcrumb"},"inLanguage":"en-US","potentialAction":[{"@type":"ReadAction","target":["https:\/\/dexotic.com\/en\/tours-in-argentina\/ushuaia-navegacion-canal-de-beagle-con-faro\/"]}]},{"@type":"ImageObject","inLanguage":"en-US","@id":"https:\/\/dexotic.com\/en\/tours-in-argentina\/ushuaia-navegacion-canal-de-beagle-con-faro\/#primaryimage","url":"https:\/\/dexotic.com\/wp-content\/uploads\/2022\/01\/ushuaia-3.jpg","contentUrl":"https:\/\/dexotic.com\/wp-content\/uploads\/2022\/01\/ushuaia-3.jpg","width":800,"height":533},{"@type":"BreadcrumbList","@id":"https:\/\/dexotic.com\/en\/tours-in-argentina\/ushuaia-navegacion-canal-de-beagle-con-faro\/#breadcrumb","itemListElement":[{"@type":"ListItem","position":1,"name":"Portada","item":"https:\/\/dexotic.com\/en\/"},{"@type":"ListItem","position":2,"name":"Shop","item":"https:\/\/dexotic.com\/en\/shop\/"},{"@type":"ListItem","position":3,"name":"Navegando el Canal de Beagle hasta el Faro"}]},{"@type":"WebSite","@id":"https:\/\/dexotic.com\/en\/#website","url":"https:\/\/dexotic.com\/en\/","name":"Dexotic","description":"Excursiones en Salta, Jujuy y Patagonia Argentina","potentialAction":[{"@type":"SearchAction","target":{"@type":"EntryPoint","urlTemplate":"https:\/\/dexotic.com\/en\/?s={search_term_string}"},"query-input":{"@type":"PropertyValueSpecification","valueRequired":true,"valueName":"search_term_string"}}],"inLanguage":"en-US"}]}},"_links":{"self":[{"href":"https:\/\/dexotic.com\/en\/wp-json\/wp\/v2\/product\/5018","targetHints":{"allow":["GET"]}}],"collection":[{"href":"https:\/\/dexotic.com\/en\/wp-json\/wp\/v2\/product"}],"about":[{"href":"https:\/\/dexotic.com\/en\/wp-json\/wp\/v2\/types\/product"}],"replies":[{"embeddable":true,"href":"https:\/\/dexotic.com\/en\/wp-json\/wp\/v2\/comments?post=5018"}],"wp:featuredmedia":[{"embeddable":true,"href":"https:\/\/dexotic.com\/en\/wp-json\/wp\/v2\/media\/5387"}],"wp:attachment":[{"href":"https:\/\/dexotic.com\/en\/wp-json\/wp\/v2\/media?parent=5018"}],"wp:term":[{"taxonomy":"product_brand","embeddable":true,"href":"https:\/\/dexotic.com\/en\/wp-json\/wp\/v2\/product_brand?post=5018"},{"taxonomy":"product_cat","embeddable":true,"href":"https:\/\/dexotic.com\/en\/wp-json\/wp\/v2\/product_cat?post=5018"},{"taxonomy":"product_tag","embeddable":true,"href":"https:\/\/dexotic.com\/en\/wp-json\/wp\/v2\/product_tag?post=5018"}],"curies":[{"name":"wp","href":"https:\/\/api.w.org\/{rel}","templated":true}]}}