{"id":2462,"date":"2018-06-19T14:36:28","date_gmt":"2018-06-19T14:36:28","guid":{"rendered":"http:\/\/dexotic.com\/?post_type=product&#038;p=2462"},"modified":"2026-01-14T11:14:05","modified_gmt":"2026-01-14T14:14:05","slug":"tour-package-cafayate-cachi","status":"publish","type":"product","link":"https:\/\/dexotic.com\/en\/tours-in-argentina\/tour-package-cafayate-cachi\/","title":{"rendered":"2 days Pack Calchaqu\u00ed Valley"},"content":{"rendered":"<p>This promotional tour package\u00a0<strong>is set for those who want to know the Calchaqu\u00ed Valleys<\/strong>. It consist of 2 excursions to the most emblematic sites in the Calchaqu\u00ed Valley.<\/p>\n<p><!--more--><\/p>\n<h2>Characteristics of this tour package in Salta to visit Cafayate and Cachi in the Calchaqui Valley<\/h2>\n<table class=\"table table-bordered tours-tabs__table\" style=\"height: 662px;\" width=\"862\">\n<tbody>\n<tr style=\"height: 54px;\">\n<td style=\"height: 54px; width: 192px;\"><strong><b>TOURS INCLUDED<\/b><\/strong><\/td>\n<td style=\"height: 54px; width: 654px;\"><span style=\"font-size: 14pt;\"><i class=\"fa fa-check icon-tick icon-tick--on\"><\/i><a href=\"https:\/\/dexotic.com\/en\/tours-in-argentina\/salta-cafayate\/\">Tour to Cafayate<\/a>\u00a0<i class=\"fa fa-check icon-tick icon-tick--on\"><\/i><a href=\"https:\/\/dexotic.com\/en\/tours-in-argentina\/cachi-tour\/\">Tour to Cachi<\/a><\/span><\/td>\n<\/tr>\n<tr style=\"height: 48px;\">\n<td style=\"height: 48px; width: 192px;\"><strong>PICKUP\/DROPOFF POINT<\/strong><\/td>\n<td style=\"height: 48px; width: 654px;\">Every day, from accommodations in downtown area of Salta City.<\/td>\n<\/tr>\n<tr style=\"height: 72px;\">\n<td style=\"height: 72px; width: 192px;\"><strong>DURATION<\/strong><\/td>\n<td style=\"height: 72px; width: 654px;\">This package consists of 2 one-day trips, each of which leaves from and returns to Salta on the same day. You need be available 2 full days, albeit not necessarily consecutive days.<\/td>\n<\/tr>\n<tr style=\"height: 72px;\">\n<td style=\"height: 72px; width: 192px;\"><strong>DEPARTURE\/RETURN TIMES<\/strong><\/td>\n<td style=\"height: 72px; width: 654px;\">The two days, pickup is between 7 and 7.45 am, and return between 6 and 7 pm approximately.<\/td>\n<\/tr>\n<tr style=\"height: 48px;\">\n<td style=\"height: 48px; width: 192px;\"><strong>WHAT TO BRING?<\/strong><\/td>\n<td style=\"height: 48px; width: 654px;\">\n<ul>\n<li>Comfortable sportswear;<\/li>\n<li>Slippers with good sole;<\/li>\n<li>Cap, sunglasses and sunscreen;<\/li>\n<li>A coat;<\/li>\n<li>Carry 1.5 liters of water per person;<\/li>\n<li>Do not forget the voucher and always carry a document (ID or passport).<\/li>\n<\/ul>\n<\/td>\n<\/tr>\n<tr style=\"height: 184px;\">\n<td style=\"height: 184px; width: 192px;\"><strong>INCLUDES<\/strong><\/td>\n<td style=\"height: 184px; width: 654px;\">\n<table class=\"table table-bordered\" style=\"height: 62px;\" width=\"300\">\n<tbody>\n<tr>\n<td><i class=\"fa fa-check icon-tick icon-tick--on\"><\/i>Transfers<\/td>\n<td><i class=\"fa fa-check icon-tick icon-tick--on\"><\/i>Bilingual Guide<\/td>\n<\/tr>\n<tr>\n<td><i class=\"fa fa-check icon-tick icon-tick--on\"><\/i>Insurance<\/td>\n<td><i class=\"fa fa-check icon-tick icon-tick--on\"><\/i>Pickup at your place<\/td>\n<\/tr>\n<\/tbody>\n<\/table>\n<\/td>\n<\/tr>\n<tr style=\"height: 112px;\">\n<td style=\"height: 112px; width: 192px;\"><strong>NOT INCLUDED<\/strong><\/td>\n<td style=\"height: 112px; width: 654px;\">\n<table class=\"table table-bordered\" style=\"height: 62px;\" width=\"300\">\n<tbody>\n<tr>\n<td><i class=\"fa fa-times icon-tick icon-tick--off\"><\/i>Food and drink<\/td>\n<\/tr>\n<tr>\n<td><i class=\"fa fa-times icon-tick icon-tick--off\"><\/i>Tickets to museums<\/td>\n<\/tr>\n<\/tbody>\n<\/table>\n<\/td>\n<\/tr>\n<\/tbody>\n<\/table>\n<h1>Excursions included in the tour package in Salta<\/h1>\n<h2><a href=\"https:\/\/dexotic.com\/en\/tours-in-argentina\/salta-cafayate\/\"><span style=\"font-size: 18pt;\">Day trip to Cafayate<\/span><\/a><\/h2>\n<figure id=\"attachment_2009\" aria-describedby=\"caption-attachment-2009\" style=\"width: 300px\" class=\"wp-caption alignleft\"><img decoding=\"async\" class=\"wp-image-2009 size-medium\" title=\"Camino a Cafayate\" src=\"https:\/\/www.dexotic.com\/wp-content\/uploads\/2015\/07\/tres-cruces-camino-cafayate-300x200.jpg\" alt=\"Mirador Tres Cruces\" width=\"300\" height=\"200\" srcset=\"https:\/\/dexotic.com\/wp-content\/uploads\/2015\/07\/tres-cruces-camino-cafayate-300x200.jpg 300w, https:\/\/dexotic.com\/wp-content\/uploads\/2015\/07\/tres-cruces-camino-cafayate-768x512.jpg 768w, https:\/\/dexotic.com\/wp-content\/uploads\/2015\/07\/tres-cruces-camino-cafayate-1024x683.jpg 1024w, https:\/\/dexotic.com\/wp-content\/uploads\/2015\/07\/tres-cruces-camino-cafayate-531x354.jpg 531w, https:\/\/dexotic.com\/wp-content\/uploads\/2015\/07\/tres-cruces-camino-cafayate-600x400.jpg 600w, https:\/\/dexotic.com\/wp-content\/uploads\/2015\/07\/tres-cruces-camino-cafayate-180x120.jpg 180w, https:\/\/dexotic.com\/wp-content\/uploads\/2015\/07\/tres-cruces-camino-cafayate.jpg 1140w\" sizes=\"(max-width: 300px) 100vw, 300px\" \/><figcaption id=\"caption-attachment-2009\" class=\"wp-caption-text\">Formaciones rocosas de colores colorados.<\/figcaption><\/figure>\n<p><strong>Famous for its vineyards, its excellent wines<\/strong>\u00a0(the grape Torront\u00e9s is cultivated here) and its wineries known as \u201cbodegas\u201d.<\/p>\n<p>It is the most important city within the tour to the Calchaqui Valleys.<\/p>\n<p>This excursion will take you from the south of Salta through the Lerma Valley, at its widest point, learning about the tobacco cultivation and the colonial architecture, connected to the Argentine Independence Movement.<\/p>\n<p>Afterwards, we enter the \u201cQuebrada del R\u00edo las Conchas\u201d (Shells or Cafayate Canyon), enjoying amazing and whimsical sceneries, like the \u201cGarganta del Diablo\u201d (the Devil\u00b4s Throat) and the \u201cAnfiteatro\u201d (the Amfitheatre), results of years of erosion by wind and water.<\/p>\n<h2><\/h2>\n<h2><a href=\"https:\/\/dexotic.com\/en\/tours-in-argentina\/cachi-tour\/\">Tour to Cachi<\/a><\/h2>\n<figure id=\"attachment_2003\" aria-describedby=\"caption-attachment-2003\" style=\"width: 300px\" class=\"wp-caption alignleft\"><img decoding=\"async\" class=\"wp-image-2003 size-medium\" title=\"Mirador del Nevado de Cachi\" src=\"https:\/\/www.dexotic.com\/wp-content\/uploads\/2015\/07\/mirador-nevado-cachi-300x200.jpg\" alt=\"Mirador del Nevado de Cachi\" width=\"300\" height=\"200\" srcset=\"https:\/\/dexotic.com\/wp-content\/uploads\/2015\/07\/mirador-nevado-cachi-300x200.jpg 300w, https:\/\/dexotic.com\/wp-content\/uploads\/2015\/07\/mirador-nevado-cachi-768x512.jpg 768w, https:\/\/dexotic.com\/wp-content\/uploads\/2015\/07\/mirador-nevado-cachi-1024x683.jpg 1024w, https:\/\/dexotic.com\/wp-content\/uploads\/2015\/07\/mirador-nevado-cachi-531x354.jpg 531w, https:\/\/dexotic.com\/wp-content\/uploads\/2015\/07\/mirador-nevado-cachi-600x400.jpg 600w, https:\/\/dexotic.com\/wp-content\/uploads\/2015\/07\/mirador-nevado-cachi-180x120.jpg 180w, https:\/\/dexotic.com\/wp-content\/uploads\/2015\/07\/mirador-nevado-cachi.jpg 1140w\" sizes=\"(max-width: 300px) 100vw, 300px\" \/><figcaption id=\"caption-attachment-2003\" class=\"wp-caption-text\">Una pasajera posa con una postal incre\u00edble de la monta\u00f1a m\u00e1s alta del Valle Calchaqui.<\/figcaption><\/figure>\n<p><strong>A lovely village, situated at the North East of the Calchaqui Valley<\/strong>.<\/p>\n<p>It rests on the eastern flank of \u201cNevado de Cachi\u201d, a peak of 6729m and is sided by the banks of the crystalline Calchaqu\u00ed River, which has its source not far from there, on the heights of the &#8220;Nevado de Acay&#8221;, another peak of 5950m.<\/p>\n<p>Its name derives from a misunderstanding amongst the native population, who mistook the snowcapped top of the mountain for a salt mine.<\/p>\n<p>This is not entirely ridiculous, taken into account that this is a region abundant of salt flats. Moreover, its top had never been reached by then (or at least no reports existed at that time).<\/p>\n<p>&nbsp;<\/p>\n","protected":false},"excerpt":{"rendered":"<p>2 tours to the Calchaqu\u00edes Valleys. One day to Cafayate through the Quebrada de las Conchas and another day to Cachi along the Cuesta del Obispo.<\/p>\n","protected":false},"featured_media":9963,"comment_status":"open","ping_status":"closed","template":"","meta":{"_joinchat":{"message_text":"\ud83c\udf04\ud83d\ude90 Explore the incredible Calchaqu\u00ed Valleys with two day trips! \ud83c\udf1e\n\nIncludes:\n\n\ud83d\udccd Excursion to Cafayate\n\ud83d\udccd Excursion to Cachi\n\n\ud83d\udcbb Book now on our website or \ud83d\udcf2 message us on WhatsApp for more details!\n\nWe look forward to giving you a unique experience! \ud83d\ude0a"}},"product_brand":[],"product_cat":[377],"product_tag":[534,535,536],"class_list":{"0":"post-2462","1":"product","2":"type-product","3":"status-publish","4":"has-post-thumbnail","6":"product_cat-salta-en","7":"product_tag-packages","8":"product_tag-packs-en","9":"product_tag-promotions","10":"pa_duracion-2-days","11":"pa_edad-all-ages","12":"pa_region-calchaqui-valley","13":"pa_requerimiento-fisico-low","14":"pa_salidas-all-round-year","15":"tour_category-northwest-argentina","16":"tour_category-tour-packages-north-argentina","18":"first","19":"instock","20":"featured","21":"shipping-taxable","22":"purchasable","23":"product-type-tour","24":"has-default-attributes"},"yoast_head":"<!-- This site is optimized with the Yoast SEO Premium plugin v27.1 (Yoast SEO v27.1.1) - https:\/\/yoast.com\/product\/yoast-seo-premium-wordpress\/ -->\n<title>2 days Pack Calchaqu\u00ed Valley - 2 days to Cafayate and Cachi<\/title>\n<meta name=\"description\" content=\"Tour package to the Calchaqu\u00edes Valleys. One day to Cafayate through the Quebrada de las Conchas and another day to Cachi along the Cuesta del Obispo.\" \/>\n<meta name=\"robots\" content=\"index, follow, max-snippet:-1, max-image-preview:large, max-video-preview:-1\" \/>\n<link rel=\"canonical\" href=\"https:\/\/dexotic.com\/en\/tours-in-argentina\/tour-package-cafayate-cachi\/\" \/>\n<meta property=\"og:locale\" content=\"en_US\" \/>\n<meta property=\"og:type\" content=\"article\" \/>\n<meta property=\"og:title\" content=\"2 days Pack Calchaqu\u00ed Valley\" \/>\n<meta property=\"og:description\" content=\"Tour package to the Calchaqu\u00edes Valleys. One day to Cafayate through the Quebrada de las Conchas and another day to Cachi along the Cuesta del Obispo.\" \/>\n<meta property=\"og:url\" content=\"https:\/\/dexotic.com\/en\/tours-in-argentina\/tour-package-cafayate-cachi\/\" \/>\n<meta property=\"og:site_name\" content=\"Dexotic\" \/>\n<meta property=\"article:publisher\" content=\"https:\/\/www.facebook.com\/excursiones.noa\/\" \/>\n<meta property=\"article:modified_time\" content=\"2026-01-14T14:14:05+00:00\" \/>\n<meta property=\"og:image\" content=\"https:\/\/dexotic.com\/wp-content\/uploads\/2018\/06\/pack-valles-calchaquies-galeria.jpg\" \/>\n\t<meta property=\"og:image:width\" content=\"800\" \/>\n\t<meta property=\"og:image:height\" content=\"533\" \/>\n\t<meta property=\"og:image:type\" content=\"image\/jpeg\" \/>\n<meta name=\"twitter:card\" content=\"summary_large_image\" \/>\n<meta name=\"twitter:site\" content=\"@dexotic_ok\" \/>\n<meta name=\"twitter:label1\" content=\"Est. reading time\" \/>\n\t<meta name=\"twitter:data1\" content=\"7 minutes\" \/>\n<script type=\"application\/ld+json\" class=\"yoast-schema-graph\">{\"@context\":\"https:\/\/schema.org\",\"@graph\":[{\"@type\":[\"WebPage\",\"ItemPage\"],\"@id\":\"https:\/\/dexotic.com\/en\/tours-in-argentina\/tour-package-cafayate-cachi\/\",\"url\":\"https:\/\/dexotic.com\/en\/tours-in-argentina\/tour-package-cafayate-cachi\/\",\"name\":\"2 days Pack Calchaqu\u00ed Valley - 2 days to Cafayate and Cachi\",\"isPartOf\":{\"@id\":\"https:\/\/dexotic.com\/en\/#website\"},\"primaryImageOfPage\":{\"@id\":\"https:\/\/dexotic.com\/en\/tours-in-argentina\/tour-package-cafayate-cachi\/#primaryimage\"},\"image\":{\"@id\":\"https:\/\/dexotic.com\/en\/tours-in-argentina\/tour-package-cafayate-cachi\/#primaryimage\"},\"thumbnailUrl\":\"https:\/\/dexotic.com\/wp-content\/uploads\/2018\/06\/pack-valles-calchaquies-galeria.jpg\",\"datePublished\":\"2018-06-19T14:36:28+00:00\",\"dateModified\":\"2026-01-14T14:14:05+00:00\",\"description\":\"Tour package to the Calchaqu\u00edes Valleys. One day to Cafayate through the Quebrada de las Conchas and another day to Cachi along the Cuesta del Obispo.\",\"breadcrumb\":{\"@id\":\"https:\/\/dexotic.com\/en\/tours-in-argentina\/tour-package-cafayate-cachi\/#breadcrumb\"},\"inLanguage\":\"en-US\",\"potentialAction\":[{\"@type\":\"ReadAction\",\"target\":[\"https:\/\/dexotic.com\/en\/tours-in-argentina\/tour-package-cafayate-cachi\/\"]}]},{\"@type\":\"ImageObject\",\"inLanguage\":\"en-US\",\"@id\":\"https:\/\/dexotic.com\/en\/tours-in-argentina\/tour-package-cafayate-cachi\/#primaryimage\",\"url\":\"https:\/\/dexotic.com\/wp-content\/uploads\/2018\/06\/pack-valles-calchaquies-galeria.jpg\",\"contentUrl\":\"https:\/\/dexotic.com\/wp-content\/uploads\/2018\/06\/pack-valles-calchaquies-galeria.jpg\",\"width\":800,\"height\":533,\"caption\":\"El Pack Valles Calchaqu\u00edes, incluye excursiones a Cafayate y a Cachi\"},{\"@type\":\"BreadcrumbList\",\"@id\":\"https:\/\/dexotic.com\/en\/tours-in-argentina\/tour-package-cafayate-cachi\/#breadcrumb\",\"itemListElement\":[{\"@type\":\"ListItem\",\"position\":1,\"name\":\"Portada\",\"item\":\"https:\/\/dexotic.com\/en\/\"},{\"@type\":\"ListItem\",\"position\":2,\"name\":\"Shop\",\"item\":\"https:\/\/dexotic.com\/en\/shop\/\"},{\"@type\":\"ListItem\",\"position\":3,\"name\":\"2 days Pack Calchaqu\u00ed Valley\"}]},{\"@type\":\"WebSite\",\"@id\":\"https:\/\/dexotic.com\/en\/#website\",\"url\":\"https:\/\/dexotic.com\/en\/\",\"name\":\"Dexotic\",\"description\":\"Excursiones en Salta, Jujuy y Patagonia Argentina\",\"potentialAction\":[{\"@type\":\"SearchAction\",\"target\":{\"@type\":\"EntryPoint\",\"urlTemplate\":\"https:\/\/dexotic.com\/en\/?s={search_term_string}\"},\"query-input\":{\"@type\":\"PropertyValueSpecification\",\"valueRequired\":true,\"valueName\":\"search_term_string\"}}],\"inLanguage\":\"en-US\"}]}<\/script>\n<!-- \/ Yoast SEO Premium plugin. -->","yoast_head_json":{"title":"2 days Pack Calchaqu\u00ed Valley - 2 days to Cafayate and Cachi","description":"Tour package to the Calchaqu\u00edes Valleys. One day to Cafayate through the Quebrada de las Conchas and another day to Cachi along the Cuesta del Obispo.","robots":{"index":"index","follow":"follow","max-snippet":"max-snippet:-1","max-image-preview":"max-image-preview:large","max-video-preview":"max-video-preview:-1"},"canonical":"https:\/\/dexotic.com\/en\/tours-in-argentina\/tour-package-cafayate-cachi\/","og_locale":"en_US","og_type":"article","og_title":"2 days Pack Calchaqu\u00ed Valley","og_description":"Tour package to the Calchaqu\u00edes Valleys. One day to Cafayate through the Quebrada de las Conchas and another day to Cachi along the Cuesta del Obispo.","og_url":"https:\/\/dexotic.com\/en\/tours-in-argentina\/tour-package-cafayate-cachi\/","og_site_name":"Dexotic","article_publisher":"https:\/\/www.facebook.com\/excursiones.noa\/","article_modified_time":"2026-01-14T14:14:05+00:00","og_image":[{"width":800,"height":533,"url":"https:\/\/dexotic.com\/wp-content\/uploads\/2018\/06\/pack-valles-calchaquies-galeria.jpg","type":"image\/jpeg"}],"twitter_card":"summary_large_image","twitter_site":"@dexotic_ok","twitter_misc":{"Est. reading time":"7 minutes"},"schema":{"@context":"https:\/\/schema.org","@graph":[{"@type":["WebPage","ItemPage"],"@id":"https:\/\/dexotic.com\/en\/tours-in-argentina\/tour-package-cafayate-cachi\/","url":"https:\/\/dexotic.com\/en\/tours-in-argentina\/tour-package-cafayate-cachi\/","name":"2 days Pack Calchaqu\u00ed Valley - 2 days to Cafayate and Cachi","isPartOf":{"@id":"https:\/\/dexotic.com\/en\/#website"},"primaryImageOfPage":{"@id":"https:\/\/dexotic.com\/en\/tours-in-argentina\/tour-package-cafayate-cachi\/#primaryimage"},"image":{"@id":"https:\/\/dexotic.com\/en\/tours-in-argentina\/tour-package-cafayate-cachi\/#primaryimage"},"thumbnailUrl":"https:\/\/dexotic.com\/wp-content\/uploads\/2018\/06\/pack-valles-calchaquies-galeria.jpg","datePublished":"2018-06-19T14:36:28+00:00","dateModified":"2026-01-14T14:14:05+00:00","description":"Tour package to the Calchaqu\u00edes Valleys. One day to Cafayate through the Quebrada de las Conchas and another day to Cachi along the Cuesta del Obispo.","breadcrumb":{"@id":"https:\/\/dexotic.com\/en\/tours-in-argentina\/tour-package-cafayate-cachi\/#breadcrumb"},"inLanguage":"en-US","potentialAction":[{"@type":"ReadAction","target":["https:\/\/dexotic.com\/en\/tours-in-argentina\/tour-package-cafayate-cachi\/"]}]},{"@type":"ImageObject","inLanguage":"en-US","@id":"https:\/\/dexotic.com\/en\/tours-in-argentina\/tour-package-cafayate-cachi\/#primaryimage","url":"https:\/\/dexotic.com\/wp-content\/uploads\/2018\/06\/pack-valles-calchaquies-galeria.jpg","contentUrl":"https:\/\/dexotic.com\/wp-content\/uploads\/2018\/06\/pack-valles-calchaquies-galeria.jpg","width":800,"height":533,"caption":"El Pack Valles Calchaqu\u00edes, incluye excursiones a Cafayate y a Cachi"},{"@type":"BreadcrumbList","@id":"https:\/\/dexotic.com\/en\/tours-in-argentina\/tour-package-cafayate-cachi\/#breadcrumb","itemListElement":[{"@type":"ListItem","position":1,"name":"Portada","item":"https:\/\/dexotic.com\/en\/"},{"@type":"ListItem","position":2,"name":"Shop","item":"https:\/\/dexotic.com\/en\/shop\/"},{"@type":"ListItem","position":3,"name":"2 days Pack Calchaqu\u00ed Valley"}]},{"@type":"WebSite","@id":"https:\/\/dexotic.com\/en\/#website","url":"https:\/\/dexotic.com\/en\/","name":"Dexotic","description":"Excursiones en Salta, Jujuy y Patagonia Argentina","potentialAction":[{"@type":"SearchAction","target":{"@type":"EntryPoint","urlTemplate":"https:\/\/dexotic.com\/en\/?s={search_term_string}"},"query-input":{"@type":"PropertyValueSpecification","valueRequired":true,"valueName":"search_term_string"}}],"inLanguage":"en-US"}]}},"_links":{"self":[{"href":"https:\/\/dexotic.com\/en\/wp-json\/wp\/v2\/product\/2462","targetHints":{"allow":["GET"]}}],"collection":[{"href":"https:\/\/dexotic.com\/en\/wp-json\/wp\/v2\/product"}],"about":[{"href":"https:\/\/dexotic.com\/en\/wp-json\/wp\/v2\/types\/product"}],"replies":[{"embeddable":true,"href":"https:\/\/dexotic.com\/en\/wp-json\/wp\/v2\/comments?post=2462"}],"wp:featuredmedia":[{"embeddable":true,"href":"https:\/\/dexotic.com\/en\/wp-json\/wp\/v2\/media\/9963"}],"wp:attachment":[{"href":"https:\/\/dexotic.com\/en\/wp-json\/wp\/v2\/media?parent=2462"}],"wp:term":[{"taxonomy":"product_brand","embeddable":true,"href":"https:\/\/dexotic.com\/en\/wp-json\/wp\/v2\/product_brand?post=2462"},{"taxonomy":"product_cat","embeddable":true,"href":"https:\/\/dexotic.com\/en\/wp-json\/wp\/v2\/product_cat?post=2462"},{"taxonomy":"product_tag","embeddable":true,"href":"https:\/\/dexotic.com\/en\/wp-json\/wp\/v2\/product_tag?post=2462"}],"curies":[{"name":"wp","href":"https:\/\/api.w.org\/{rel}","templated":true}]}}