{"id":1699,"date":"2018-06-13T14:23:35","date_gmt":"2018-06-13T14:23:35","guid":{"rendered":"http:\/\/dexotic.com\/?post_type=product&#038;p=1699"},"modified":"2026-01-21T04:18:38","modified_gmt":"2026-01-21T07:18:38","slug":"trekking-yungas-long","status":"publish","type":"product","link":"https:\/\/dexotic.com\/en\/tours-in-argentina\/trekking-yungas-long\/","title":{"rendered":"Trekking Yungas Long"},"content":{"rendered":"<p><strong>Trekking long in Salta in the Yungas area<\/strong> (cloud forest) that surrounds Salta city.<\/p>\n<p>In this\u00a0<strong>adventure activity<\/strong>, participants will have the opportunity to experience the lush vegetation of the\u00a0<strong>mountains in the Pre-Andes region. <\/strong>Will see the city of Salta and its valley from\u00a0natural viewpoints.<\/p>\n<p>We leave early from Salta city in a westerly direction.\u00a0<strong>After a short trip by car, we get to a natural reserve<\/strong>\u00a0where the hike begins.<br \/>\nThe first part is a steep climb. Then we enter in the forest along old path covered with vegetation used by the few pastors in the area.<\/p>\n<p>In the first part of the way,\u00a0<strong>there are domestic animals living in semi-freedom<\/strong>. This means that have owners, but they leave them free and alone looking for food and water.<br \/>\nInside the forest, hopefully\u00a0<strong>we can find wild animals like Pavas del Monte, various species of birds, Corzuelas (a kind of small deer), among others<\/strong>.<\/p>\n<h2>Characteristics of the long Trekking in Salta Yungas Largo (full day)<\/h2>\n<p>En una mochila peque\u00f1a: 1,5 litros de agua (m\u00ednimo) por persona, 1 rompeviento, repelente de insecto, protector solar y c\u00e1mara de fotos.<\/p>\n<table class=\"table table-bordered tours-tabs__table\" style=\"height: 233px;\" width=\"862\">\n<tbody>\n<tr>\n<td><strong>DEPARTURE \/ RETURN<\/strong><\/td>\n<td>Accommodations in the downtown area of Salta city.<\/td>\n<\/tr>\n<tr>\n<td><strong>DEPARTURE TIME<\/strong><\/td>\n<td>pickup 9 am at your place<\/td>\n<\/tr>\n<tr>\n<td><strong>RETURN TIME<\/strong><\/td>\n<td>Between 5 and 6 pm.<\/td>\n<\/tr>\n<tr>\n<td><strong>ALTITUDE<\/strong><\/td>\n<td><strong>min<\/strong>:\u00a01.368\u00a0masl,\u00a0<strong>max<\/strong>:\u00a02.000 masl approx.<\/td>\n<\/tr>\n<tr>\n<td><strong>DIFFICULTY<\/strong><\/td>\n<td><strong>MEDIUM<\/strong>. People can participate, with a good physical condition and a minimum technical ability to walk on narrow paths.<\/td>\n<\/tr>\n<tr>\n<td><strong>WHAT TO BRING<\/strong><\/td>\n<td><strong>Clothing<\/strong>: Long trousers (preferably demountable), trekking or sport shoes with socks (no sandals), hat and sunglasses.<br \/>\n<strong>In a small backpack<\/strong>: 1,5 lts of water (minimum) per person, 1 windbreak, insect repellent, sunscreen and photo camera.<\/td>\n<\/tr>\n<tr>\n<td><strong>REGION<\/strong><\/td>\n<td>Lerma\u00b4s Valley \/ Selva Montana \/ Cordillera Oriental or Pre-cordillera.<\/td>\n<\/tr>\n<tr>\n<td><strong>TREKKING DISTANCE<\/strong><\/td>\n<td>20 km. approx.<\/td>\n<\/tr>\n<tr>\n<td><strong>RECOMMENDED CLOTHING<\/strong><\/td>\n<td>Long pants (preferably removable), Trekking or sports shoes with socks (we do not recommend sandals), hat and sunglasses.<\/td>\n<\/tr>\n<tr>\n<td><strong>INCLUDE<\/strong><\/td>\n<td>\n<table class=\"table table-bordered\" style=\"height: 62px;\" width=\"300\">\n<tbody>\n<tr>\n<td><i class=\"fa fa-check icon-tick icon-tick--on\"><\/i>Transfers<\/td>\n<td><i class=\"fa fa-check icon-tick icon-tick--on\"><\/i>Guide<\/td>\n<td><i class=\"fa fa-check icon-tick icon-tick--on\"><\/i>Trekking sticks<\/td>\n<\/tr>\n<tr>\n<td><i class=\"fa fa-check icon-tick icon-tick--on\"><\/i>Insurance<\/td>\n<td><i class=\"fa fa-check icon-tick icon-tick--on\"><\/i>Pickup at your place<\/td>\n<td><i class=\"fa fa-check icon-tick icon-tick--on\"><\/i>Picnic lunch<\/td>\n<\/tr>\n<tr>\n<td><i class=\"fa fa-check icon-tick icon-tick--on\"><\/i>Water<\/td>\n<td><i class=\"fa fa-check icon-tick icon-tick--on\"><\/i>Snacks<\/td>\n<td><\/td>\n<\/tr>\n<\/tbody>\n<\/table>\n<\/td>\n<\/tr>\n<\/tbody>\n<\/table>\n<p>For those who have less time to do the activity, or do not want to walk for long periods, we also have an <a href=\"https:\/\/dexotic.com\/en\/tours-in-argentina\/trekking-yungas-short\/\">1\/2 day option of trekking in the Yungas<\/a>.<\/p>\n","protected":false},"excerpt":{"rendered":"<p>1-day trek in the jungle near the city of Salta known as Yungas or Selva Montana. A region rich in flora and fauna that the guide will show in the best way.<\/p>\n","protected":false},"featured_media":9996,"comment_status":"open","ping_status":"closed","template":"","meta":{"_joinchat":{"message_text":"\ud83e\udd7e\ud83c\udf3f The best trekking near Salta! \ud83c\udfd4\ufe0f\n\nDiscover the incredible biodiversity of the Yungas jungle on a unique adventure.\n\n\ud83d\udcf2 Check availability and book through WhatsApp.\n\nWe can\u2019t wait to explore with you! \ud83d\ude0a"}},"product_brand":[],"product_cat":[377],"product_tag":[3704,3719,3721,1550],"class_list":{"0":"post-1699","1":"product","2":"type-product","3":"status-publish","4":"has-post-thumbnail","6":"product_cat-salta-en","7":"product_tag-hiking-en","8":"product_tag-san-lorenzo-en","9":"product_tag-trekking-en","10":"product_tag-yungas-en","11":"pa_duracion-1-day","12":"pa_region-yungas-en","13":"pa_requerimiento-fisico-medium","14":"pa_salidas-all-round-year","15":"tour_category-northwest-argentina","16":"tour_category-salta-adventure-trips-tours-from-salta","17":"tour_category-trekking-tours-in-salta","19":"first","20":"instock","21":"virtual","22":"purchasable","23":"product-type-tour"},"yoast_head":"<!-- This site is optimized with the Yoast SEO Premium plugin v27.1 (Yoast SEO v27.1.1) - https:\/\/yoast.com\/product\/yoast-seo-premium-wordpress\/ -->\n<title>Trekking in Salta - Trekking Yungas Long - Dexotic<\/title>\n<meta name=\"description\" content=\"1-day trekking long in Salta known as Yungas or Selva Montana. A rich region in flora and fauna that the guide will show in the best way.\" \/>\n<meta name=\"robots\" content=\"index, follow, max-snippet:-1, max-image-preview:large, max-video-preview:-1\" \/>\n<link rel=\"canonical\" href=\"https:\/\/dexotic.com\/en\/tours-in-argentina\/trekking-yungas-long\/\" \/>\n<meta property=\"og:locale\" content=\"en_US\" \/>\n<meta property=\"og:type\" content=\"article\" \/>\n<meta property=\"og:title\" content=\"Trekking Yungas Long\" \/>\n<meta property=\"og:description\" content=\"1-day trekking long in Salta known as Yungas or Selva Montana. A rich region in flora and fauna that the guide will show in the best way.\" \/>\n<meta property=\"og:url\" content=\"https:\/\/dexotic.com\/en\/tours-in-argentina\/trekking-yungas-long\/\" \/>\n<meta property=\"og:site_name\" content=\"Dexotic\" \/>\n<meta property=\"article:publisher\" content=\"https:\/\/www.facebook.com\/excursiones.noa\/\" \/>\n<meta property=\"article:modified_time\" content=\"2026-01-21T07:18:38+00:00\" \/>\n<meta property=\"og:image\" content=\"https:\/\/dexotic.com\/wp-content\/uploads\/2018\/06\/trekking-yungas-salta-galeria.jpg\" \/>\n\t<meta property=\"og:image:width\" content=\"800\" \/>\n\t<meta property=\"og:image:height\" content=\"533\" \/>\n\t<meta property=\"og:image:type\" content=\"image\/jpeg\" \/>\n<meta name=\"twitter:card\" content=\"summary_large_image\" \/>\n<meta name=\"twitter:site\" content=\"@dexotic_ok\" \/>\n<meta name=\"twitter:label1\" content=\"Est. reading time\" \/>\n\t<meta name=\"twitter:data1\" content=\"4 minutes\" \/>\n<script type=\"application\/ld+json\" class=\"yoast-schema-graph\">{\"@context\":\"https:\/\/schema.org\",\"@graph\":[{\"@type\":[\"WebPage\",\"ItemPage\"],\"@id\":\"https:\/\/dexotic.com\/en\/tours-in-argentina\/trekking-yungas-long\/\",\"url\":\"https:\/\/dexotic.com\/en\/tours-in-argentina\/trekking-yungas-long\/\",\"name\":\"Trekking in Salta - Trekking Yungas Long - Dexotic\",\"isPartOf\":{\"@id\":\"https:\/\/dexotic.com\/en\/#website\"},\"primaryImageOfPage\":{\"@id\":\"https:\/\/dexotic.com\/en\/tours-in-argentina\/trekking-yungas-long\/#primaryimage\"},\"image\":{\"@id\":\"https:\/\/dexotic.com\/en\/tours-in-argentina\/trekking-yungas-long\/#primaryimage\"},\"thumbnailUrl\":\"https:\/\/dexotic.com\/wp-content\/uploads\/2018\/06\/trekking-yungas-salta-galeria.jpg\",\"datePublished\":\"2018-06-13T14:23:35+00:00\",\"dateModified\":\"2026-01-21T07:18:38+00:00\",\"description\":\"1-day trekking long in Salta known as Yungas or Selva Montana. A rich region in flora and fauna that the guide will show in the best way.\",\"breadcrumb\":{\"@id\":\"https:\/\/dexotic.com\/en\/tours-in-argentina\/trekking-yungas-long\/#breadcrumb\"},\"inLanguage\":\"en-US\",\"potentialAction\":[{\"@type\":\"ReadAction\",\"target\":[\"https:\/\/dexotic.com\/en\/tours-in-argentina\/trekking-yungas-long\/\"]}]},{\"@type\":\"ImageObject\",\"inLanguage\":\"en-US\",\"@id\":\"https:\/\/dexotic.com\/en\/tours-in-argentina\/trekking-yungas-long\/#primaryimage\",\"url\":\"https:\/\/dexotic.com\/wp-content\/uploads\/2018\/06\/trekking-yungas-salta-galeria.jpg\",\"contentUrl\":\"https:\/\/dexotic.com\/wp-content\/uploads\/2018\/06\/trekking-yungas-salta-galeria.jpg\",\"width\":800,\"height\":533,\"caption\":\"Trekking por las yungas de Salta\"},{\"@type\":\"BreadcrumbList\",\"@id\":\"https:\/\/dexotic.com\/en\/tours-in-argentina\/trekking-yungas-long\/#breadcrumb\",\"itemListElement\":[{\"@type\":\"ListItem\",\"position\":1,\"name\":\"Portada\",\"item\":\"https:\/\/dexotic.com\/en\/\"},{\"@type\":\"ListItem\",\"position\":2,\"name\":\"Shop\",\"item\":\"https:\/\/dexotic.com\/en\/shop\/\"},{\"@type\":\"ListItem\",\"position\":3,\"name\":\"Trekking Yungas Long\"}]},{\"@type\":\"WebSite\",\"@id\":\"https:\/\/dexotic.com\/en\/#website\",\"url\":\"https:\/\/dexotic.com\/en\/\",\"name\":\"Dexotic\",\"description\":\"Excursiones en Salta, Jujuy y Patagonia Argentina\",\"potentialAction\":[{\"@type\":\"SearchAction\",\"target\":{\"@type\":\"EntryPoint\",\"urlTemplate\":\"https:\/\/dexotic.com\/en\/?s={search_term_string}\"},\"query-input\":{\"@type\":\"PropertyValueSpecification\",\"valueRequired\":true,\"valueName\":\"search_term_string\"}}],\"inLanguage\":\"en-US\"}]}<\/script>\n<!-- \/ Yoast SEO Premium plugin. -->","yoast_head_json":{"title":"Trekking in Salta - Trekking Yungas Long - Dexotic","description":"1-day trekking long in Salta known as Yungas or Selva Montana. A rich region in flora and fauna that the guide will show in the best way.","robots":{"index":"index","follow":"follow","max-snippet":"max-snippet:-1","max-image-preview":"max-image-preview:large","max-video-preview":"max-video-preview:-1"},"canonical":"https:\/\/dexotic.com\/en\/tours-in-argentina\/trekking-yungas-long\/","og_locale":"en_US","og_type":"article","og_title":"Trekking Yungas Long","og_description":"1-day trekking long in Salta known as Yungas or Selva Montana. A rich region in flora and fauna that the guide will show in the best way.","og_url":"https:\/\/dexotic.com\/en\/tours-in-argentina\/trekking-yungas-long\/","og_site_name":"Dexotic","article_publisher":"https:\/\/www.facebook.com\/excursiones.noa\/","article_modified_time":"2026-01-21T07:18:38+00:00","og_image":[{"width":800,"height":533,"url":"https:\/\/dexotic.com\/wp-content\/uploads\/2018\/06\/trekking-yungas-salta-galeria.jpg","type":"image\/jpeg"}],"twitter_card":"summary_large_image","twitter_site":"@dexotic_ok","twitter_misc":{"Est. reading time":"4 minutes"},"schema":{"@context":"https:\/\/schema.org","@graph":[{"@type":["WebPage","ItemPage"],"@id":"https:\/\/dexotic.com\/en\/tours-in-argentina\/trekking-yungas-long\/","url":"https:\/\/dexotic.com\/en\/tours-in-argentina\/trekking-yungas-long\/","name":"Trekking in Salta - Trekking Yungas Long - Dexotic","isPartOf":{"@id":"https:\/\/dexotic.com\/en\/#website"},"primaryImageOfPage":{"@id":"https:\/\/dexotic.com\/en\/tours-in-argentina\/trekking-yungas-long\/#primaryimage"},"image":{"@id":"https:\/\/dexotic.com\/en\/tours-in-argentina\/trekking-yungas-long\/#primaryimage"},"thumbnailUrl":"https:\/\/dexotic.com\/wp-content\/uploads\/2018\/06\/trekking-yungas-salta-galeria.jpg","datePublished":"2018-06-13T14:23:35+00:00","dateModified":"2026-01-21T07:18:38+00:00","description":"1-day trekking long in Salta known as Yungas or Selva Montana. A rich region in flora and fauna that the guide will show in the best way.","breadcrumb":{"@id":"https:\/\/dexotic.com\/en\/tours-in-argentina\/trekking-yungas-long\/#breadcrumb"},"inLanguage":"en-US","potentialAction":[{"@type":"ReadAction","target":["https:\/\/dexotic.com\/en\/tours-in-argentina\/trekking-yungas-long\/"]}]},{"@type":"ImageObject","inLanguage":"en-US","@id":"https:\/\/dexotic.com\/en\/tours-in-argentina\/trekking-yungas-long\/#primaryimage","url":"https:\/\/dexotic.com\/wp-content\/uploads\/2018\/06\/trekking-yungas-salta-galeria.jpg","contentUrl":"https:\/\/dexotic.com\/wp-content\/uploads\/2018\/06\/trekking-yungas-salta-galeria.jpg","width":800,"height":533,"caption":"Trekking por las yungas de Salta"},{"@type":"BreadcrumbList","@id":"https:\/\/dexotic.com\/en\/tours-in-argentina\/trekking-yungas-long\/#breadcrumb","itemListElement":[{"@type":"ListItem","position":1,"name":"Portada","item":"https:\/\/dexotic.com\/en\/"},{"@type":"ListItem","position":2,"name":"Shop","item":"https:\/\/dexotic.com\/en\/shop\/"},{"@type":"ListItem","position":3,"name":"Trekking Yungas Long"}]},{"@type":"WebSite","@id":"https:\/\/dexotic.com\/en\/#website","url":"https:\/\/dexotic.com\/en\/","name":"Dexotic","description":"Excursiones en Salta, Jujuy y Patagonia Argentina","potentialAction":[{"@type":"SearchAction","target":{"@type":"EntryPoint","urlTemplate":"https:\/\/dexotic.com\/en\/?s={search_term_string}"},"query-input":{"@type":"PropertyValueSpecification","valueRequired":true,"valueName":"search_term_string"}}],"inLanguage":"en-US"}]}},"_links":{"self":[{"href":"https:\/\/dexotic.com\/en\/wp-json\/wp\/v2\/product\/1699","targetHints":{"allow":["GET"]}}],"collection":[{"href":"https:\/\/dexotic.com\/en\/wp-json\/wp\/v2\/product"}],"about":[{"href":"https:\/\/dexotic.com\/en\/wp-json\/wp\/v2\/types\/product"}],"replies":[{"embeddable":true,"href":"https:\/\/dexotic.com\/en\/wp-json\/wp\/v2\/comments?post=1699"}],"wp:featuredmedia":[{"embeddable":true,"href":"https:\/\/dexotic.com\/en\/wp-json\/wp\/v2\/media\/9996"}],"wp:attachment":[{"href":"https:\/\/dexotic.com\/en\/wp-json\/wp\/v2\/media?parent=1699"}],"wp:term":[{"taxonomy":"product_brand","embeddable":true,"href":"https:\/\/dexotic.com\/en\/wp-json\/wp\/v2\/product_brand?post=1699"},{"taxonomy":"product_cat","embeddable":true,"href":"https:\/\/dexotic.com\/en\/wp-json\/wp\/v2\/product_cat?post=1699"},{"taxonomy":"product_tag","embeddable":true,"href":"https:\/\/dexotic.com\/en\/wp-json\/wp\/v2\/product_tag?post=1699"}],"curies":[{"name":"wp","href":"https:\/\/api.w.org\/{rel}","templated":true}]}}